{"id":45,"date":"2010-06-09T18:34:27","date_gmt":"2010-06-09T18:34:27","guid":{"rendered":"http:\/\/blog.espol.edu.ec\/jpzavala\/?page_id=45"},"modified":"2010-06-09T18:37:49","modified_gmt":"2010-06-09T18:37:49","slug":"deportes","status":"publish","type":"page","link":"https:\/\/blog.espol.edu.ec\/jpzavala\/deportes\/","title":{"rendered":"Deportes"},"content":{"rendered":"<p style=\"text-align: justify\"><a href=\"http:\/\/blog.espol.edu.ec\/jpzavala\/files\/2010\/06\/deportes-de-riesgo.jpg\"><span style=\"color: #0000ff\"><span style=\"color: #ffffff\"><strong><img loading=\"lazy\" decoding=\"async\" class=\"alignleft size-medium wp-image-46\" title=\"deportes-de-riesgo\" src=\"http:\/\/blog.espol.edu.ec\/jpzavala\/files\/2010\/06\/deportes-de-riesgo-300x173.jpg\" alt=\"\" width=\"300\" height=\"173\" srcset=\"https:\/\/blog.espol.edu.ec\/jpzavala\/files\/2010\/06\/deportes-de-riesgo-300x173.jpg 300w, https:\/\/blog.espol.edu.ec\/jpzavala\/files\/2010\/06\/deportes-de-riesgo.jpg 519w\" sizes=\"auto, (max-width: 300px) 100vw, 300px\" \/><\/strong><\/span><\/span><\/a><\/p>\n<p style=\"text-align: justify\"><span style=\"color: #0000ff\"><span style=\"color: #ffffff\"><strong>Los deportes extremos son todos aquellos <\/strong><\/span><\/span><a title=\"Deporte\" href=\"http:\/\/es.wikipedia.org\/wiki\/Deporte\"><span style=\"color: #0000ff\"><span style=\"color: #ffffff\"><strong>deportes<\/strong><\/span><\/span><\/a><span style=\"color: #0000ff\"><span style=\"color: #ffffff\"><strong> o actividades de ocio con alg\u00fan componente deportivo que comportan una real o aparente peligrosidad por las condiciones dif\u00edciles o extremas en las que se practican. Los deportes extremos son todos aquellos que comportan una real o aparente peligrosidad.<\/strong><\/span><\/span><\/p>\n<p style=\"text-align: justify\"><span style=\"color: #0000ff\"><span style=\"color: #ffffff\"><strong>Bajo este concepto se agrupan muchos deportes ya existentes que implican cierta dosis de exigencia f\u00edsica y muy peligroso, sobre todo, mental. Por ejemplo, se incluyen los deportes m\u00e1s exigentes dentro del excursionismo (<\/strong><\/span><\/span><a title=\"Escalada en hielo\" href=\"http:\/\/es.wikipedia.org\/wiki\/Escalada_en_hielo\"><span style=\"color: #0000ff\"><span style=\"color: #ffffff\"><strong>escalada en hielo<\/strong><\/span><\/span><\/a><span style=\"color: #0000ff\"><span style=\"color: #ffffff\"><strong>, escalada en roca, etc.), y otros de reciente creaci\u00f3n como (bungee, snowboard, etc.). Un deporte, no considerado extremo, se puede definir as\u00ed si se practica bajo condiciones especiales o circunstancias particulares no habituales en el. Por ejemplo, la escalada en roca a unos cent\u00edmetros del suelo (<\/strong><\/span><\/span><a title=\"Bulder\" href=\"http:\/\/es.wikipedia.org\/wiki\/Bulder\"><span style=\"color: #0000ff\"><span style=\"color: #ffffff\"><strong>bulder<\/strong><\/span><\/span><\/a><span style=\"color: #0000ff\"><span style=\"color: #ffffff\"><strong>) no se considera \"deporte extremo\", pero si se realiza en una pared vertical rocosa a varios cientos de metros de altura, entonces s\u00ed se le aplica el t\u00e9rmino.<\/strong><\/span><\/span><\/p>\n<p style=\"text-align: justify\"><span style=\"color: #0000ff\"><span style=\"color: #ffffff\"><strong>Se puede considerar que una persona practica un \"deporte extremo\" cuando lo hace por primera vez. Por ejemplo, el <\/strong><\/span><\/span><a title=\"Descenso de r\u00edos\" href=\"http:\/\/es.wikipedia.org\/wiki\/Descenso_de_r%C3%ADos\"><span style=\"color: #0000ff\"><span style=\"color: #ffffff\"><strong>descenso de un r\u00edo<\/strong><\/span><\/span><\/a><span style=\"color: #0000ff\"><span style=\"color: #ffffff\"><strong> de clase IV es bastante extremo para quienes nunca antes se hab\u00edan subido a una balsa y lo sentir\u00e1n como muy por encima de sus capacidades personales. El hecho de salir vivos de esa experiencia les har\u00e1 pensar que son unos buenos deportistas, mientras que su gu\u00eda queda relegado a un \u00faltimo plano, aun cuando es \u00e9l quien ha solucionado la gran mayor\u00eda de los problemas del descenso.<\/strong><\/span><\/span><\/p>\n<p style=\"text-align: justify\"><span style=\"color: #0000ff\"><span style=\"color: #ffffff\"><strong>El t\u00e9rmino \"deporte extremo\" no es adecuado aplicarlo cuando se realiza simplemente una actividad recreativa o turismo alternativo, ni tampoco debe estar definido por las condiciones medioambientales, algo bastante subjetivo y dependiente del grado de preparaci\u00f3n. En cambio, el t\u00e9rmino puede aplicarse cuando se practica un deporte en los l\u00edmites actuales de desarrollo, sea monta\u00f1ismo, atletismo, gimnasia o cualquier otro.<\/strong><\/span><\/span><\/p>\n<p style=\"text-align: justify\"><span style=\"color: #0000ff\"><span style=\"color: #ffffff\"><strong>Sin embargo, no parece que el t\u00e9rmino vaya a ser eliminado (pese a la falta de l\u00f3gica) de su actual connotaci\u00f3n, ya que es del agrado del p\u00fablico y de los comercializadores de <\/strong><\/span><\/span><a title=\"Bebida\" href=\"http:\/\/es.wikipedia.org\/wiki\/Bebida\"><span style=\"color: #0000ff\"><span style=\"color: #ffffff\"><strong>bebidas<\/strong><\/span><\/span><\/a><span style=\"color: #0000ff\"><span style=\"color: #ffffff\"><strong>, <\/strong><\/span><\/span><a title=\"Alimento\" href=\"http:\/\/es.wikipedia.org\/wiki\/Alimento\"><span style=\"color: #0000ff\"><span style=\"color: #ffffff\"><strong>alimentos<\/strong><\/span><\/span><\/a><span style=\"color: #0000ff\"><span style=\"color: #ffffff\"><strong>, <\/strong><\/span><\/span><a title=\"Complemento alimenticio (a\u00fan no redactado)\" href=\"http:\/\/es.wikipedia.org\/w\/index.php?title=Complemento_alimenticio&amp;action=edit&amp;redlink=1\"><span style=\"color: #0000ff\"><span style=\"color: #ffffff\"><strong>complementos alimenticios<\/strong><\/span><\/span><\/a><span style=\"color: #0000ff\"><span style=\"color: #ffffff\"><strong> o incluso para las empresas de <\/strong><\/span><\/span><a title=\"Tabaco\" href=\"http:\/\/es.wikipedia.org\/wiki\/Tabaco\"><span style=\"color: #0000ff\"><span style=\"color: #ffffff\"><strong>tabaco<\/strong><\/span><\/span><\/a><span style=\"color: #0000ff\"><span style=\"color: #ffffff\"><strong>.<\/strong><\/span><\/span><\/p>\n<p style=\"text-align: justify\"><span style=\"color: #0000ff\"><span style=\"color: #ffffff\"><strong>Actualmente, en algunos pa\u00edses se empieza a utilizar el t\u00e9rmino \"deporte de aventura\" cuando se practican deportes de m\u00e1s alto riesgo de lo normal sin ser profesionales. Un ejemplo de esto es la diferencia que existe entre \"espeleolog\u00eda\" y \"espele\u00edsmo\": el primero se refiere a una actividad cient\u00edfica, mientras que el segundo hace referencia a aquellas personas que lo practican por deporte.<\/strong><\/span><\/span><\/p>\n<p style=\"text-align: justify\"><span style=\"color: #0000ff\"><span style=\"color: #ffffff\"><strong>Pr\u00e1cticamente cualquier actividad f\u00edsica que re\u00fana estas caracter\u00edsticas ser\u00e1 considerada deporte extremo:<\/strong><\/span><\/span><\/p>\n<ul style=\"text-align: justify\">\n<li><span style=\"color: #0000ff\"><span style=\"color: #ffffff\"><strong>Considerar su pr\u00e1ctica como un riesgo f\u00edsico.<\/strong><\/span><\/span><\/li>\n<li><span style=\"color: #0000ff\"><span style=\"color: #ffffff\"><strong>Mucha adrenalina involucrada.<\/strong><\/span><\/span><\/li>\n<li><span style=\"color: #0000ff\"><span style=\"color: #ffffff\"><strong>Normalmente, de ejecuci\u00f3n individual.<\/strong><\/span><\/span><\/li>\n<\/ul>\n<p style=\"text-align: justify\"><span style=\"color: #0000ff\"><span style=\"color: #ffffff\"><strong>Entre estos deportes podemos encontrar:<\/strong><\/span><\/span><\/p>\n<ul style=\"text-align: justify\">\n<li><a title=\"Surf\" href=\"http:\/\/es.wikipedia.org\/wiki\/Surf\"><span style=\"color: #0000ff\"><span style=\"color: #ffffff\"><strong>Surf<\/strong><\/span><\/span><\/a><\/li>\n<li><a title=\"Slackline\" href=\"http:\/\/es.wikipedia.org\/wiki\/Slackline\"><span style=\"color: #0000ff\"><span style=\"color: #ffffff\"><strong>Slackline<\/strong><\/span><\/span><\/a><\/li>\n<li><a title=\"Barranquismo\" href=\"http:\/\/es.wikipedia.org\/wiki\/Barranquismo\"><span style=\"color: #0000ff\"><span style=\"color: #ffffff\"><strong>Barranquismo<\/strong><\/span><\/span><\/a><\/li>\n<li><a title=\"Beach Run\" href=\"http:\/\/es.wikipedia.org\/wiki\/Beach_Run\"><span style=\"color: #0000ff\"><span style=\"color: #ffffff\"><strong>Beach Run<\/strong><\/span><\/span><\/a><\/li>\n<li><span style=\"color: #0000ff\"><span style=\"color: #ffffff\"><strong>Bungee<\/strong><\/span><\/span><\/li>\n<li><a title=\"Bodyboard\" href=\"http:\/\/es.wikipedia.org\/wiki\/Bodyboard\"><span style=\"color: #0000ff\"><span style=\"color: #ffffff\"><strong>Bodyboard<\/strong><\/span><\/span><\/a><\/li>\n<li><a title=\"Carreras de supervivencia (a\u00fan no redactado)\" href=\"http:\/\/es.wikipedia.org\/w\/index.php?title=Carreras_de_supervivencia&amp;action=edit&amp;redlink=1\"><span style=\"color: #0000ff\"><span style=\"color: #ffffff\"><strong>Carreras de supervivencia<\/strong><\/span><\/span><\/a><\/li>\n<li><a title=\"Descenso de r\u00edos\" href=\"http:\/\/es.wikipedia.org\/wiki\/Descenso_de_r%C3%ADos\"><span style=\"color: #0000ff\"><span style=\"color: #ffffff\"><strong>Descenso de r\u00edos<\/strong><\/span><\/span><\/a><span style=\"color: #0000ff\"><span style=\"color: #ffffff\"><strong> o <\/strong><\/span><\/span><a title=\"Hydrospeed\" href=\"http:\/\/es.wikipedia.org\/wiki\/Hydrospeed\"><span style=\"color: #0000ff\"><span style=\"color: #ffffff\"><strong>hydrospeed<\/strong><\/span><\/span><\/a><\/li>\n<li><a title=\"Escalada\" href=\"http:\/\/es.wikipedia.org\/wiki\/Escalada\"><span style=\"color: #0000ff\"><span style=\"color: #ffffff\"><strong>Escalada<\/strong><\/span><\/span><\/a><\/li>\n<li><a title=\"Paracaidismo\" href=\"http:\/\/es.wikipedia.org\/wiki\/Paracaidismo\"><span style=\"color: #0000ff\"><span style=\"color: #ffffff\"><strong>Paracaidismo<\/strong><\/span><\/span><\/a><\/li>\n<li><span style=\"color: #0000ff\"><span style=\"color: #ffffff\"><strong>Salto base<\/strong><\/span><\/span><\/li>\n<li><a title=\"Esqu\u00ed\" href=\"http:\/\/es.wikipedia.org\/wiki\/Esqu%C3%AD\"><span style=\"color: #0000ff\"><span style=\"color: #ffffff\"><strong>Esqu\u00ed extremo<\/strong><\/span><\/span><\/a><\/li>\n<li><a title=\"Kite jumping (a\u00fan no redactado)\" href=\"http:\/\/es.wikipedia.org\/w\/index.php?title=Kite_jumping&amp;action=edit&amp;redlink=1\"><span style=\"color: #0000ff\"><span style=\"color: #ffffff\"><strong>Kite jumping<\/strong><\/span><\/span><\/a><\/li>\n<li><a title=\"StreetSurfing (a\u00fan no redactado)\" href=\"http:\/\/es.wikipedia.org\/w\/index.php?title=StreetSurfing&amp;action=edit&amp;redlink=1\"><span style=\"color: #0000ff\"><span style=\"color: #ffffff\"><strong>StreetSurfing<\/strong><\/span><\/span><\/a><\/li>\n<li><a title=\"Salto con p\u00e9rtiga\" href=\"http:\/\/es.wikipedia.org\/wiki\/Salto_con_p%C3%A9rtiga\"><span style=\"color: #0000ff\"><span style=\"color: #ffffff\"><strong>Salto con p\u00e9rtiga<\/strong><\/span><\/span><\/a><\/li>\n<li><a title=\"Sandboard\" href=\"http:\/\/es.wikipedia.org\/wiki\/Sandboard\"><span style=\"color: #0000ff\"><span style=\"color: #ffffff\"><strong>Sandboard<\/strong><\/span><\/span><\/a><\/li>\n<li><span style=\"color: #0000ff\"><span style=\"color: #ffffff\"><strong>Snowboard<\/strong><\/span><\/span><\/li>\n<li><a title=\"Parapente\" href=\"http:\/\/es.wikipedia.org\/wiki\/Parapente\"><span style=\"color: #0000ff\"><span style=\"color: #ffffff\"><strong>Parapente<\/strong><\/span><\/span><\/a><\/li>\n<li><a title=\"Patinaje agresivo\" href=\"http:\/\/es.wikipedia.org\/wiki\/Patinaje_agresivo\"><span style=\"color: #0000ff\"><span style=\"color: #ffffff\"><strong>Patinaje agresivo<\/strong><\/span><\/span><\/a><\/li>\n<li><a title=\"Pu\u00e9nting\" href=\"http:\/\/es.wikipedia.org\/wiki\/Pu%C3%A9nting\"><span style=\"color: #0000ff\"><span style=\"color: #ffffff\"><strong>Pu\u00e9nting<\/strong><\/span><\/span><\/a><\/li>\n<li><a title=\"Street stunts\" href=\"http:\/\/es.wikipedia.org\/wiki\/Street_stunts\"><span style=\"color: #0000ff\"><span style=\"color: #ffffff\"><strong>Street stunts<\/strong><\/span><\/span><\/a><\/li>\n<li><a title=\"Downhill (a\u00fan no redactado)\" href=\"http:\/\/es.wikipedia.org\/w\/index.php?title=Downhill&amp;action=edit&amp;redlink=1\"><span style=\"color: #0000ff\"><span style=\"color: #ffffff\"><strong>Downhill<\/strong><\/span><\/span><\/a><\/li>\n<li><a title=\"Freeride\" href=\"http:\/\/es.wikipedia.org\/wiki\/Freeride\"><span style=\"color: #0000ff\"><span style=\"color: #ffffff\"><strong>Freeride<\/strong><\/span><\/span><\/a><\/li>\n<li><a title=\"Cross County (a\u00fan no redactado)\" href=\"http:\/\/es.wikipedia.org\/w\/index.php?title=Cross_County&amp;action=edit&amp;redlink=1\"><span style=\"color: #0000ff\"><span style=\"color: #ffffff\"><strong>Cross County<\/strong><\/span><\/span><\/a><\/li>\n<li><a title=\"Up Hill (a\u00fan no redactado)\" href=\"http:\/\/es.wikipedia.org\/w\/index.php?title=Up_Hill&amp;action=edit&amp;redlink=1\"><span style=\"color: #0000ff\"><span style=\"color: #ffffff\"><strong>Up Hill<\/strong><\/span><\/span><\/a><\/li>\n<li><span style=\"color: #0000ff\"><span style=\"color: #ffffff\"><strong>Bmx<\/strong><\/span><\/span><\/li>\n<li><a title=\"Carreras de Aventura (a\u00fan no redactado)\" href=\"http:\/\/es.wikipedia.org\/w\/index.php?title=Carreras_de_Aventura&amp;action=edit&amp;redlink=1\"><span style=\"color: #0000ff\"><span style=\"color: #ffffff\"><strong>Carreras de Aventura<\/strong><\/span><\/span><\/a><\/li>\n<li><a title=\"Skateboarding\" href=\"http:\/\/es.wikipedia.org\/wiki\/Skateboarding\"><span style=\"color: #0000ff\"><span style=\"color: #ffffff\"><strong>Skateboarding<\/strong><\/span><\/span><\/a><\/li>\n<li><a title=\"Street luge (a\u00fan no redactado)\" href=\"http:\/\/es.wikipedia.org\/w\/index.php?title=Street_luge&amp;action=edit&amp;redlink=1\"><span style=\"color: #0000ff\"><span style=\"color: #ffffff\"><strong>Street luge<\/strong><\/span><\/span><\/a><\/li>\n<li><a title=\"Airsoft\" href=\"http:\/\/es.wikipedia.org\/wiki\/Airsoft\"><span style=\"color: #0000ff\"><span style=\"color: #ffffff\"><strong>Airsoft<\/strong><\/span><\/span><\/a><\/li>\n<li><a title=\"Paintball\" href=\"http:\/\/es.wikipedia.org\/wiki\/Paintball\"><span style=\"color: #0000ff\"><span style=\"color: #ffffff\"><strong>Paintball<\/strong><\/span><\/span><\/a><\/li>\n<li><a title=\"Carving\" href=\"http:\/\/es.wikipedia.org\/wiki\/Carving\"><span style=\"color: #0000ff\"><span style=\"color: #ffffff\"><strong>Carving<\/strong><\/span><\/span><\/a><\/li>\n<li><span style=\"color: #0000ff\"><span style=\"color: #ffffff\"><strong>Longboard<\/strong><\/span><\/span><\/li>\n<li><a title=\"Motocross\" href=\"http:\/\/es.wikipedia.org\/wiki\/Motocross\"><span style=\"color: #0000ff\"><span style=\"color: #ffffff\"><strong>Motocross<\/strong><\/span><\/span><\/a><\/li>\n<li><a title=\"Supercross\" href=\"http:\/\/es.wikipedia.org\/wiki\/Supercross\"><span style=\"color: #0000ff\"><span style=\"color: #ffffff\"><strong>Supercross<\/strong><\/span><\/span><\/a><\/li>\n<\/ul>\n<p style=\"text-align: justify\"><span style=\"color: #ffffff\"><strong>\u00a0<\/strong><\/span><\/p>\n<p><span style=\"color: #ffffff\"><strong><object style=\"width: 425px;height: 344px\" classid=\"clsid:d27cdb6e-ae6d-11cf-96b8-444553540000\" width=\"100\" height=\"100\"><param name=\"allowFullScreen\" value=\"true\" \/><param name=\"allowScriptAccess\" value=\"always\" \/><param name=\"src\" value=\"http:\/\/www.youtube.com\/v\/ewiHTUDFxag\" \/><param name=\"allowfullscreen\" value=\"true\" \/><embed style=\"width: 425px;height: 344px\" type=\"application\/x-shockwave-flash\" width=\"100\" height=\"100\" src=\"http:\/\/www.youtube.com\/v\/ewiHTUDFxag\" allowfullscreen=\"true\" allowscriptaccess=\"always\"><\/embed><\/object><\/strong><\/span><\/p>\n","protected":false},"excerpt":{"rendered":"<p>Los deportes extremos son todos aquellos deportes o actividades de ocio con alg\u00fan componente deportivo que comportan una real o aparente peligrosidad por las condiciones dif\u00edciles o extremas en las que se practican. Los deportes extremos son todos aquellos que comportan una real o aparente peligrosidad. Bajo este concepto se agrupan muchos deportes ya existentes [&hellip;]<\/p>\n","protected":false},"author":4205,"featured_media":0,"parent":0,"menu_order":0,"comment_status":"open","ping_status":"open","template":"","meta":{"footnotes":""},"class_list":["post-45","page","type-page","status-publish","hentry"],"_links":{"self":[{"href":"https:\/\/blog.espol.edu.ec\/jpzavala\/wp-json\/wp\/v2\/pages\/45","targetHints":{"allow":["GET"]}}],"collection":[{"href":"https:\/\/blog.espol.edu.ec\/jpzavala\/wp-json\/wp\/v2\/pages"}],"about":[{"href":"https:\/\/blog.espol.edu.ec\/jpzavala\/wp-json\/wp\/v2\/types\/page"}],"author":[{"embeddable":true,"href":"https:\/\/blog.espol.edu.ec\/jpzavala\/wp-json\/wp\/v2\/users\/4205"}],"replies":[{"embeddable":true,"href":"https:\/\/blog.espol.edu.ec\/jpzavala\/wp-json\/wp\/v2\/comments?post=45"}],"version-history":[{"count":2,"href":"https:\/\/blog.espol.edu.ec\/jpzavala\/wp-json\/wp\/v2\/pages\/45\/revisions"}],"predecessor-version":[{"id":48,"href":"https:\/\/blog.espol.edu.ec\/jpzavala\/wp-json\/wp\/v2\/pages\/45\/revisions\/48"}],"wp:attachment":[{"href":"https:\/\/blog.espol.edu.ec\/jpzavala\/wp-json\/wp\/v2\/media?parent=45"}],"curies":[{"name":"wp","href":"https:\/\/api.w.org\/{rel}","templated":true}]}}