{"id":32,"date":"2014-11-10T21:16:44","date_gmt":"2014-11-11T02:16:44","guid":{"rendered":"http:\/\/blog.espol.edu.ec\/jrgambar\/?page_id=32"},"modified":"2014-11-10T22:07:00","modified_gmt":"2014-11-11T03:07:00","slug":"juegosindies","status":"publish","type":"page","link":"https:\/\/blog.espol.edu.ec\/jrgambar\/juegosindies\/","title":{"rendered":"Juegos Indies"},"content":{"rendered":"<p>Juegos Indies<\/p>\n<p>Los videojuegos indies\u00a0o\u00a0<b>videojuegos independientes<\/b>\u00a0son videojuegos\u00a0elaborados por personas o peque\u00f1os grupos, sin ningun tipo de apoyo financiero. Estos videojuegos siempre andan buscando la innovaci\u00f3n y subsisten con la distribuci\u00f3n digital.<\/p>\n<p>No es posible determinar que juegos son indies o no, y esto conlleva a que no se pueda definir correctamente estos videojuegos, pero se puede decir que son compa\u00f1ias independientes los que crean estos juegos. Debido a esto y por no tener el apoyo de compa\u00f1oas distribuidoras, es que los desarrolladores encuentran limitaciones para crear gr\u00e1ficos, y tampoco necesitan una aprobaci\u00f3n, por lo que no generan tanto impacto, y no son tan reconocidas. Es por eso que se basan mucho en la innovaci\u00f3n con nuevos modos de juego.<\/p>\n<p>Hay videojuegos que lograron un gran \u00e9xito con su estilo de juego como es el caso de Minecraft y Outlast<\/p>\n<p><strong>Minecraft<\/strong><\/p>\n<p><iframe loading=\"lazy\" title=\"Minecraft - Trailer - Subtitulado al Espa\u00f1ol\" width=\"640\" height=\"360\" src=\"https:\/\/www.youtube.com\/embed\/kobFwRJsvQE?feature=oembed\" frameborder=\"0\" allow=\"accelerometer; autoplay; clipboard-write; encrypted-media; gyroscope; picture-in-picture; web-share\" referrerpolicy=\"strict-origin-when-cross-origin\" allowfullscreen><\/iframe><\/p>\n<p>&nbsp;<\/p>\n<p><strong>Outlast<\/strong><\/p>\n<p><iframe loading=\"lazy\" src=\"\/\/www.youtube.com\/embed\/rDMtNUR90BQ\" width=\"560\" height=\"315\" frameborder=\"0\" allowfullscreen=\"allowfullscreen\"><\/iframe><br \/>\nLos juegos indie han visto un aumento en los \u00faltimos a\u00f1os, principalmente debido a los nuevos m\u00e9todos de distribuci\u00f3n en l\u00ednea y herramientas de desarrollo.<\/p>\n","protected":false},"excerpt":{"rendered":"<p>Juegos Indies Los videojuegos indies\u00a0o\u00a0videojuegos independientes\u00a0son videojuegos\u00a0elaborados por personas o peque\u00f1os grupos, sin ningun tipo de apoyo financiero. Estos videojuegos siempre andan buscando la innovaci\u00f3n y subsisten con la distribuci\u00f3n digital. No es posible determinar que juegos son indies o &hellip; <a href=\"https:\/\/blog.espol.edu.ec\/jrgambar\/juegosindies\/\">Sigue leyendo <span class=\"meta-nav\">&rarr;<\/span><\/a><\/p>\n","protected":false},"author":9378,"featured_media":0,"parent":0,"menu_order":0,"comment_status":"open","ping_status":"open","template":"","meta":{"footnotes":""},"class_list":["post-32","page","type-page","status-publish","hentry"],"_links":{"self":[{"href":"https:\/\/blog.espol.edu.ec\/jrgambar\/wp-json\/wp\/v2\/pages\/32","targetHints":{"allow":["GET"]}}],"collection":[{"href":"https:\/\/blog.espol.edu.ec\/jrgambar\/wp-json\/wp\/v2\/pages"}],"about":[{"href":"https:\/\/blog.espol.edu.ec\/jrgambar\/wp-json\/wp\/v2\/types\/page"}],"author":[{"embeddable":true,"href":"https:\/\/blog.espol.edu.ec\/jrgambar\/wp-json\/wp\/v2\/users\/9378"}],"replies":[{"embeddable":true,"href":"https:\/\/blog.espol.edu.ec\/jrgambar\/wp-json\/wp\/v2\/comments?post=32"}],"version-history":[{"count":5,"href":"https:\/\/blog.espol.edu.ec\/jrgambar\/wp-json\/wp\/v2\/pages\/32\/revisions"}],"predecessor-version":[{"id":37,"href":"https:\/\/blog.espol.edu.ec\/jrgambar\/wp-json\/wp\/v2\/pages\/32\/revisions\/37"}],"wp:attachment":[{"href":"https:\/\/blog.espol.edu.ec\/jrgambar\/wp-json\/wp\/v2\/media?parent=32"}],"curies":[{"name":"wp","href":"https:\/\/api.w.org\/{rel}","templated":true}]}}