{"id":296,"date":"2010-08-06T20:09:04","date_gmt":"2010-08-07T00:09:04","guid":{"rendered":"http:\/\/blog.espol.edu.ec\/jsanga\/?page_id=296"},"modified":"2013-03-06T11:12:36","modified_gmt":"2013-03-06T15:12:36","slug":"materias-espol","status":"publish","type":"page","link":"https:\/\/blog.espol.edu.ec\/jsanga\/materias-espol\/","title":{"rendered":"Materias ESPOL"},"content":{"rendered":"<p><strong>BUENO, DEDICAR\u00c9 ESTA P\u00c1GINA, Y LA IR\u00c9 AUMENTANDO CONFORME PAS\u00c9 LAS MATERIAS EN LA ESPOL.<\/strong><\/p>\n<p>En total he pasado 16 materias hasta el momento, y van 5 m\u00e1s en camino... Jejejeje... Quiero mostrarles el nivel de dificultad de cada materia. Las he dividido en 2 grupos. Las turritas, y las pepas...<br \/>\n-<br \/>\nLas materias pepas est\u00e1n aqu\u00ed: <a href=\"http:\/\/blog.espol.edu.ec\/jsanga\/materias-pepas\/\">S\u00faper_Materias<\/a><br \/>\n-<\/p>\n<p>Entre las turritas tengo:<\/p>\n<p>-<\/p>\n<p>1.) Tec. De Expresi\u00f3n Oral y Escrita<\/p>\n<p>2.) Herramientas de Col. Digital<\/p>\n<p>3.) Biolog\u00eda<\/p>\n<p>4.) Ecolog\u00eda<\/p>\n<p>5.) Ingl\u00e9s B\u00e1sico \"A\"<\/p>\n<p>6.) Ingl\u00e9s B\u00e1sico \"B\"<\/p>\n<p>7.) Comp. y Soc<\/p>\n<p>8.) Matem\u00e1ticas Discretas<\/p>\n<p>9.) Se\u00f1ales y Sistemas<\/p>\n<p>-<\/p>\n<p>Y as\u00ed...<\/p>\n<p>-<\/p>\n<p>Buenop, seg\u00fan estas materias, yo pondr\u00eda el ranking de dificultad algo as\u00ed:<\/p>\n<p>Desde la m\u00e1s dif\u00edcil, hasta la m\u00e1s f\u00e1cil.<\/p>\n<p>-<\/p>\n<p>1.) Tec. De Exp. Oral y Escrita<\/p>\n<p>Descripci\u00f3n: (NO COJAN CON MARTHA AGUILAR) Una vieja conchuda, a la cual, en el primer parcial, por sobrado, no le hice casi nada de lo que la man ped\u00eda, ni su tonta mesa redonda, por eso me fue muy mal en el primer parcial, en el segundo me dej\u00f3 para mejoramiento, aunque le hice su est\u00fapido viaje y le hicimos un s\u00faper informe, bien arrecho y todo. En el tercero le pas\u00e9, pero con las justas. Vieja p...<\/p>\n<p>-<\/p>\n<p>2.) Emprendimiento e Innovaci\u00f3n Tecnol\u00f3gica<\/p>\n<p>&nbsp;<\/p>\n<p>-<\/p>\n<p>2.) Comp. y Soc.<\/p>\n<p>Descripci\u00f3n: Para esta materia s\u00f3lo se abri\u00f3 un profesor, un trolo que vale japi. Esta materia la cog\u00ed en el tercer semestre, y estaba cansado de que me pongan malas notas en estas materias de mi\u00e9rcoles, por eso decid\u00ed hacer todo lo que este trolo ped\u00eda. En fin, vino el examen, pero antes de esto, el man dijo que las preguntas eran objetivas, de pensamient libre, y pongas lo que pongas con tu idea basta para que tengas 100.<\/p>\n<p>Chuta, con un profesor as\u00ed cualquiera. Pues no.!!! Este trolo en el examen, nos mete un poco de cosas que ni Ana Tapia pone en sus ex\u00e1menes. trolo hp. aunque us\u00e9 mi sharingan no pude sacarle una buena nota en el examen. Su pregunta de 40 puntos era muy abstracta, y hasta creo que el la hizo mal, para confundirnos a\u00fan m\u00e1s. La cosa es que nadie sac\u00f3 la nota que se esperaba que sacaramos. Vale repija ese man.<\/p>\n<p>-<\/p>\n<p>3.) Sistemas de Informaci\u00f3n<\/p>\n<p>Esta materia la cog\u00ed por estar con mi sra. y no quer\u00eda sentirme solito. A veces las clases eran ch\u00e9veres, cuando el profe nos contaba historias vakanes... Aunque cuando daba clases nunca le par\u00e9 bola porque la materia en s\u00ed era s\u00faper aburrida. En fin, val\u00ed pija y el profesor termin\u00f3 ayud\u00e1ndome. u.u ( PD. No aprend\u00ed nada D: )<\/p>\n<p>-<\/p>\n<p>3.) Microeconom\u00eda<\/p>\n<p>Uffff... Esta materia la cog\u00ed por seguir a mi sra. al igual que hice con Sistemas de Informaci\u00f3n. Pensaba que esta materia la iba a pasar con 100 ya que el chino la hab\u00eda cogido anteriormente y no la pas\u00f3 tan mal. El primer d\u00eda se presenta el profe The Walking Dead, y desde entonces me cay\u00f3 mal. Sus clases eran s\u00faper aburridas y eternas, siempre ten\u00eda que salirme a respirar algo de aire, ya que me sent\u00eda asfixiado. Este man s\u00f3lo avivaba m\u00e1s la pena que ten\u00eda al haber perdido a la que es hoy la mujer de mis sue\u00f1os. En fin, di gracias a Dios por haberla pasado, aunque sea con 6, desde ese entonces ya no me importaba el promedio. \u00a1Lo que quiero es salir! En fin, nos hizo leer un libro interesante al menos. De ah\u00ed odi\u00e9 la materia, aunque vi cosas interesantes. Espero no ver algo parecido en mi vida. :S<\/p>\n<p>3.) Ingl\u00e9s B\u00e1sico \"B\"<\/p>\n<p>Descripci\u00f3n: En el momento de inscribirme, no me quedaba de otra m\u00e1s que coger con esta vieja. Le v\u00ed las notas en el CENACAD (Del cual cada vez desconf\u00edo m\u00e1s por su inexactitud), y me parec\u00edan muy buenas, un promedio de 94... As\u00ed que dije, ok... Cojamos, por que ya me estaba atrasando con los ingl\u00e9ses... Y as\u00ed fue, cog\u00ed con ella... Yo pensaba que iba a ser s\u00faper ch\u00e9vere, c\u00f3mo en B\u00e1sico \"A\" (Lea descripci\u00f3n abajo), nunca me imagin\u00e9 que fuera as\u00ed... Lleg\u00f3 la primera lecci\u00f3n, la cual toma una cada 2 semanas... La d\u00ed bien confiado, ni si quiera hab\u00eda hecho bien el workbook, y no estudi\u00e9 nadita... La condenada, me sale poniendo 7.5 y 3.5 sobre 15, a\u00fan as\u00ed no quer\u00eda aceptar que era media machetera para calificar.<\/p>\n<p>As\u00ed pasaron de lecci\u00f3n en lecci\u00f3n, hasta que vino el d\u00eda del examen... Estaba un chance jodido, lo peor fue el Listening, no entend\u00ed ni un pito en Ingl\u00e9s, y a\u00fan as\u00ed pensaba que me iba a ir bien en el examen, es decir, mejor de lo que me fue... Vieja condenada, me puso bien bajo, desde ah\u00ed le cog\u00ed pica, y ahora le estudio para las lecciones, y que chu... le voy a hacer polla, c\u00f3mo esa materia ni me interesa en lo m\u00e1s m\u00ednimo, que m\u00e1s d\u00e1...<\/p>\n<p>4.) Ingl\u00e9s Avanzado B<\/p>\n<p>Creo que fue el \u00fanico Ingl\u00e9s al cu\u00e1l fui a todas las clases. Me gust\u00f3 el horario (7:30-9:30), este semestre \u00a1me encant\u00f3! No s\u00e9 si fue porque la volv\u00ed a tener conmigo, o no s\u00e9... S\u00f3lo s\u00e9 que fue el mejor que he tenido, o al menos, el \u00fanico en el que realmente me he sentido feliz. Ah, si... Volv\u00ed a coger con la miss Allison, y la pas\u00e9 igualito que el Avanzado A. De los Ingleses no me voy a quejar, no fueron tan dif\u00edciles; lo \u00fanico que me deja un mal sabor de boca es el hecho de que no aprend\u00ed mucho, me siento s\u00f3lo como un nivel intermedio. ._.<\/p>\n<p>-<\/p>\n<p>5.) Ingl\u00e9s Avanzado A<\/p>\n<p>En este semestre cog\u00ed por primera vez con la miss Allison, en este semestre no me gust\u00f3 para nada el ingl\u00e9s, me imagino por el horario (15:30-17:30). Eso y adem\u00e1s que conoc\u00ed a cierta persona con la cu\u00e1l la tuve, la perd\u00ed, y me la pasaba extra\u00f1\u00e1ndola todo el rato... He ah\u00ed el motivo de que desde cuando te recuper\u00e9 \u00a1no te dejo ni respirar!, porque tengo que recuperar el tiempo perdido. Bueno, la pas\u00e9 y punto. u.u<\/p>\n<p>-<\/p>\n<p>6.) Ingl\u00e9s Intermedio B<\/p>\n<p>Volv\u00ed a coger con la miss Janella, fue exactamente igual que Intermedio A, me gust\u00f3 mucho y esperaba poder coger con ella Ingl\u00e9s Avanzado A, aunque el siguiente semestre no dio. Que pena, se la extra\u00f1\u00f3. \ud83d\ude41<\/p>\n<p>-<\/p>\n<p>7.) Ingl\u00e9s Intermedio A<\/p>\n<p>Ingl\u00e9s Intermedio A la cog\u00ed con la miss Janella, \u00a1que gran profesora! , es la m\u00e1s ch\u00e9vere en Ingl\u00e9s que me he topado, aunque la miss de B\u00e1sico A fue un encanto con la miss Janella realmente aprend\u00ed. Igual no me fue tan bien, porque casi no le par\u00e9 bola al Ingl\u00e9s en mi vida en la Espol.<\/p>\n<p>-<\/p>\n<p>4.) Ecolog\u00eda<\/p>\n<p>Descripci\u00f3n: En esta materia cog\u00ed con un viejo trolo con el cual mi hermano hab\u00eda cogido, y hab\u00eda pasado bien... Bueno, yo esperaba lo mismo, el veterano era dato... Con sus chistes agrios y todo... Jejejeje... Lo que no sab\u00eda del man es que le encanta que le participen, que le hagan exposiciones y esas cosas... Buenop, yo quer\u00eda hacerlo tambi\u00e9n, la cosa era con qui\u00e9n.??? Todo el mundo era del ICHE, y quiero generalizar esto: \"Todos los del ICHE valen pija\", me ca\u00edan mal, todos eran cre\u00eddos, tirados a ani\u00f1ados, y cosas as\u00ed, por eso en cada clase me sent\u00eda inc\u00f3modo, pues eramos s\u00f3lo 3 personas de ingenier\u00eda de verdad... A la final no le hice nada... Y el condenado se desquita conmigo en la nota del primer parcial... Mi\u00e9rcoles, me fue baj\u00edsimo... Uffffffff... Lo mismo hice para el segundo parcial, pero esta vez si le estudi\u00e9 para el examen por que toma las preguntas m\u00e1s dif\u00edciles de todos sus folletitos que manda a leer... De igual no me fue bien... Chuta... Me toc\u00f3 irme pal mejoramiento, ya estaba cabreado, as\u00ed que cog\u00ed ese puto cuaderno y sus folletitos y me los le\u00ed de pie a cabeza... Y me fue un aceptable 88 en el tercero... Viejo trolo, era de que me valla 100.!!!<\/p>\n<p>-<br \/>\n5.) Matem\u00e1ticas Discretas<br \/>\nDescripci\u00f3n: Jejeje... Era la tercera vez que cog\u00ed con Ana Tapia, as\u00ed que ya iba preparado para todo... Jajajaja... xD<br \/>\nDecid\u00ed coger con ella, ya que siempre me la recomendaron para esta materia (Creo que yo tambi\u00e9n la recomiendo... =P)<br \/>\nLa profesora, como siempre, se portaba s\u00faper dato... Tanto, que comenzaba a pensar que esta vez realmente se iba a portar s\u00faper dato, jejeje... Vinieron las proposiciones, y demostraciones, ufffff... Que molesto... Pero wuenu, no le par\u00e9 bola en todo el benito parcial, solo me dedicaba a copiar, y luego en el examen leia m\u00e1s o menos lo que escrib\u00ed... Estaba s\u00faper confiado, as\u00ed hasta que nos di\u00f3 la nota del parcial... Visijue... Saqu\u00e9 67, vaya, s\u00f3lo en los C\u00e1lculos hab\u00eda sacado una nota as\u00ed de baja... Jejeje... Y cuando fui a la revisi\u00f3n del examen, vi todos los benditos errores infantiles que comet\u00ed... Como siempre, no se hab\u00eda equivocado con calificarnos... Wuenu, lo acept\u00e9, y pens\u00e9 que era una materia mejorable, jejeje... Cabe recalcar que en el primer parcial me dedicaba a hacer otras cosas, en vez de estudiar (Por eso mi nota s\u00faper baja en Redes, ='( ). En fin... El segundo parcial fue f\u00e1cil, ya que antes de ver esta materia hab\u00eda cogido Estructuras de Datos, que es una materia en la que vemos m\u00e1s profundamente las cosas que vemos en Matem\u00e1ticas Discretas un poco m\u00e1s superficialmente... En todo caso, me fue s\u00faper bien, jijijiji... Saqu\u00e9 85, wow... 85 a Ana Tapia.!! Jejeje... Fui al mejoramiento, porque deb\u00eda mejorar ese 67.!!! x(, tom\u00f3 un examen s\u00faper f\u00e1cil, y si hubiera leido un poco m\u00e1s mis apuntes, tranquilamente le sacaba el 100.!!! Jejeje... No ocurri\u00f3, pero bueno, el 88 no me cay\u00f3 mal... xD<br \/>\nQuise coger con ella An\u00e1lisis de Algoritmos, porque como ya habr\u00e1n de suponerse, me conoc\u00eda mejor que nadie en la ESPOL, jejeje... Le pregunt\u00e9 si exist\u00eda la posibilidad de que ella d\u00e9 la materia el siguiente semestre, \u00f3 tal vez el siguiente... Pero, lastimosamente... Me dijo que esa posibilidad era de 0... Que pena, yo realmente quer\u00eda coger con ella la materia... Al fin de cuentas, pude ver a trav\u00e9s de ella... No era tan mala como la pintaban... xD<br \/>\nMe dijo que no era posible que d\u00e9 esa materia, ni otra materia, ya que se iba a hacer su masterado en el extranjero... Lo \u00faltimo que me dijo, fue que regresar\u00eda al pa\u00eds tal vez cuando yo tenga mi t\u00edtulo en mis manos... Y me dese\u00f3 \u00e9xitos en mi vida... Igualmente... Le deseo lo mejor... Ya que es una de los mejores profesores de la ESPOL. Adi\u00f3s... =)<\/p>\n<p>-<\/p>\n<p>6.) Se\u00f1ales y Sistemas<br \/>\nDescripci\u00f3n: Esta materia la cog\u00ed con un gordito... Jejeje... El gordito era dato, me gustaba cuando empezaba a hablar sobre el filtro Chevychev... Jajaja... Que gracioso... En fin, el examen fue s\u00faper f\u00e1cil, los 2 primeros... Solo que en las lecciones no me puso tan buena nota... Yo siempre me qued\u00e9 con las dudas de saber en que fallaba, por que las lecciones, y los ex\u00e1menes eran a cuaderno abierto... Pero bueno, el man cuando dijo que era dato, ten\u00eda raz\u00f3n, porque lo es... No como el trolo de Luzardo, que al principio dio que era dato, y fue un pobre y triste condenado... En fin, en los 2 parciales saqu\u00e9 81... Fui a dar mejoramiento, para ver si mejoraba algo... Y el gordito se me revela, y me pone 75... ='(<br \/>\nEn fin, no la pas\u00e9 mal, pero pude sacar m\u00e1s... Uffffffff... Pereza estudiar esa vaina... Jajajaja... xD<\/p>\n<p>-<\/p>\n<p>7.) Herramientas de Col. Dig.<\/p>\n<p>Descripci\u00f3n: En esta materia me toc\u00f3 con un profe vak\u00e1n, aunque casi nunca le paraba bola a sus clases, pues siempre me la pasaba leyendo el peri\u00f3dico o jugando un cuarentazo.com Jejejeje... Pero, despu\u00e9s se desquitaba, con sus lecciones de mi\u00e9rcoles... Que notas para m\u00e1s bajas en esas lecciones... Pensaba que me iba a ir baj\u00edsimo, chuta estaba bien asustado... Cuando mandaba sus deberes de Excel, no me quedaba de otra que pedirle ayuda a mis panas... En fin, ni si quiera eso me ense\u00f1aron en el cole, hasta ah\u00ed estaba asustado, ya pensaba en que me iba a ir baj\u00edsimo... Hasta que envi\u00f3 un excel con las notas de todos ponderado sobre 80. Ten\u00eda 58... Ufffff... A s\u00f3lo 2 puntos para pasar... Que alivio... Jejejeje... Le estudi\u00e9 m\u00e1s o menos al veterano, y me fue 82... =)<\/p>\n<p>-<\/p>\n<p>8.) Biolog\u00eda<\/p>\n<p>Descripci\u00f3n: Se supon\u00eda que esta materia deb\u00eda ser s\u00faper f\u00e1cil, y lo fue, pero, c\u00f3mo siempre (Una mala costumbre de todos los profesores contra m\u00ed, es que me hacen asustar), me hizo asustar. El primer parcial sin estudiar me fue 82, eso s\u00ed, le cuid\u00e9 sus lombrices y todo... Jejejeje...<\/p>\n<p>Pero el segundo parcial si que mizo asustar de verdad... Esa vieja condenada, me dej\u00f3 para mejoramiento... Todav\u00eda no lo puedo creer, con un 82.!!! Eso s\u00ed que fue l\u00e1mpara... Se nos revel\u00f3... En fin, se vino el tercer examen, le estudi\u00e9 toditas sus preguntas pendejas sobre lobrices, y ah\u00ed reci\u00e9n vi los frutos de mi esfuerzo. Me puso 86, bueno, no ten\u00eda todas las respuestas, porque esa man nos mand\u00f3 a resolver los cuestionarios, que vaina... En fin, no me fue tan mal...<\/p>\n<p>-<\/p>\n<p>Fotograf\u00eda<\/p>\n<p>Esta materia s\u00ed fue ch\u00e9vere. Me gust\u00f3 mucho. El profe era s\u00faper buen dato aunque al momento de calificar dejaba algo de desear (Yo quer\u00eda pasarla con 100 xD), en fin en este semestre la cog\u00ed de relleno ya que hab\u00eda cogido otras 6 m\u00e1s as\u00ed que estaba full. Oh, s\u00ed, durante este semestre estaba vac\u00edamente feliz sin nadie m\u00e1s que s\u00f3lo yo y la Espol... xD \/\/ Naaaaaahhh... No me quejo de estar con la m\u00eda. \u00a1S\u00ed puedo con todo! \ud83d\ude00<\/p>\n<p>-<\/p>\n<p>9.) Ingl\u00e9s B\u00e1sico \"A\"<\/p>\n<p>Descripci\u00f3n: Me toc\u00f3 la profesora con m\u00e1s paciencia hasta ahora. Lo digo todo as\u00ed: nunca le estudi\u00e9, le hac\u00eda los deberes a media, siempre llegaba tarde, y a\u00fan as\u00ed me recib\u00eda en su clase con una sonrisa... =)<\/p>\n<p>En fin, la cosa es que me port\u00e9 turro con ella, y a\u00fan as\u00ed... Me fue bien... Me hubiera gustado much\u00edsimo que d\u00e9 Ingl\u00e9s b\u00e1sico \"B\", por que la vieja antes mencionada me cae mal... La falla... =(<\/p>\n","protected":false},"excerpt":{"rendered":"<p>BUENO, DEDICAR\u00c9 ESTA P\u00c1GINA, Y LA IR\u00c9 AUMENTANDO CONFORME PAS\u00c9 LAS MATERIAS EN LA ESPOL. En total he pasado 16 materias hasta el momento, y van 5 m\u00e1s en camino... Jejejeje... Quiero mostrarles el nivel de dificultad de cada materia. Las he dividido en 2 grupos. Las turritas, y las pepas... - Las materias pepas [&hellip;]<\/p>\n","protected":false},"author":1640,"featured_media":0,"parent":0,"menu_order":0,"comment_status":"open","ping_status":"open","template":"","meta":{"footnotes":""},"class_list":["post-296","page","type-page","status-publish","hentry"],"_links":{"self":[{"href":"https:\/\/blog.espol.edu.ec\/jsanga\/wp-json\/wp\/v2\/pages\/296","targetHints":{"allow":["GET"]}}],"collection":[{"href":"https:\/\/blog.espol.edu.ec\/jsanga\/wp-json\/wp\/v2\/pages"}],"about":[{"href":"https:\/\/blog.espol.edu.ec\/jsanga\/wp-json\/wp\/v2\/types\/page"}],"author":[{"embeddable":true,"href":"https:\/\/blog.espol.edu.ec\/jsanga\/wp-json\/wp\/v2\/users\/1640"}],"replies":[{"embeddable":true,"href":"https:\/\/blog.espol.edu.ec\/jsanga\/wp-json\/wp\/v2\/comments?post=296"}],"version-history":[{"count":27,"href":"https:\/\/blog.espol.edu.ec\/jsanga\/wp-json\/wp\/v2\/pages\/296\/revisions"}],"predecessor-version":[{"id":298,"href":"https:\/\/blog.espol.edu.ec\/jsanga\/wp-json\/wp\/v2\/pages\/296\/revisions\/298"}],"wp:attachment":[{"href":"https:\/\/blog.espol.edu.ec\/jsanga\/wp-json\/wp\/v2\/media?parent=296"}],"curies":[{"name":"wp","href":"https:\/\/api.w.org\/{rel}","templated":true}]}}