{"id":36,"date":"2016-11-28T14:49:16","date_gmt":"2016-11-28T14:49:16","guid":{"rendered":"http:\/\/blog.espol.edu.ec\/jsbalsec\/?page_id=36"},"modified":"2016-11-28T14:55:19","modified_gmt":"2016-11-28T14:55:19","slug":"informacion-de-fluidos","status":"publish","type":"page","link":"https:\/\/blog.espol.edu.ec\/jsbalsec\/informacion-de-fluidos\/","title":{"rendered":"Informaci\u00f3n de fluidos"},"content":{"rendered":"<p><a href=\"https:\/\/curiosoando.com\/que-es-un-fluido-no-newtoniano\">https:\/\/curiosoando.com\/que-es-un-fluido-no-newtoniano<\/a><\/p>\n<div style=\"width: 480px\" class=\"wp-caption aligncenter\"><img loading=\"lazy\" decoding=\"async\" class=\"size-medium\" src=\"http:\/\/userscontent2.emaze.com\/images\/8781729b-a227-45ff-8216-a704eec39138\/7bef5735-d118-4521-b31c-b350d6eee6ec.png\" alt=\"La magia de los fluidos no newtonianos\" width=\"470\" height=\"260\" \/><p class=\"wp-caption-text\">\u00a0 \u00a0 \u00a0 \u00a0 \u00a0 \u00a0 \u00a0 \u00a0 \u00a0 \u00a0 \u00a0 \u00a0 \u00a0 \u00a0 \u00a0 \u00a0 \u00a0La magia de los fluidos no newtonianos<\/p><\/div>\n<p>Un fluido no newtoniano es aquel que <strong>no tiene una viscosidad definida y constante<\/strong> como un fluido newtoniano, sino que var\u00eda en funci\u00f3n de la temperatura y <strong>fuerza cortante<\/strong> a la que est\u00e9 sometido. Por el contrario, en los fluidos newtonianos la viscosidad puede describirse en funci\u00f3n de la temperatura y la presi\u00f3n sin que intervengan otras fuerzas.<\/p>\n<p>El agua es uno de los mejores ejemplos de fluido newtoniano; como fluidos no newtonianos podemos citar la miel, sangre, geles, pintura, etc.<\/p>\n<h2>Caracter\u00edsticas m\u00e1s destacadas<\/h2>\n<p>Un fluido no-newtoniano <strong>en reposo se comporta como un l\u00edquido<\/strong> mientras que si se somete a fuerzas de estr\u00e9s aumenta su viscosidad. Si golpeas sobre la superficie de un fluido no newtoniano, el estr\u00e9s introducido por la fuerza entrante hace que los \u00e1tomos que componen el fluido se reorganicen aumentando la viscosidad, incluso hasta <strong>comportarse como un s\u00f3lido por un instante<\/strong>. Tu mano no penetrar\u00e1 en el fluido.<\/p>\n<p>Pero si vas introduciendo la mano en el fluido lentamente, sin embargo, podr\u00e1s meterla en el fluido sin problemas. Y si la mano est\u00e1 dentro e intentas sacarla r\u00e1pidamente, el fluido se volver\u00e1 a comportar como un s\u00f3lido y podr\u00e1s sacar el fluido del contenedor junto a tu mano. A mayor fuerza aplicada mayor viscosidad. Este efecto suele durar s\u00f3lo mientras la fuerza es aplicada.<\/p>\n<p>Entre los fluidos no-newtonianos podemos encontrar los siguientes grandes grupos:<\/p>\n<ul>\n<li>Pl\u00e1sticos<\/li>\n<li>Fluidos que siguen la ley de las potencias<\/li>\n<li>Fluidos viscoel\u00e1sticos<\/li>\n<li>Fluidos sobre cuya viscosidad influye tambi\u00e9n el tiempo<\/li>\n<\/ul>\n<h2>V\u00eddeo<\/h2>\n<p>Uno de los fluidos no-newtonianos m\u00e1s utilizados como ejemplo, al ser barato y no t\u00f3xico, es el fluido formado por la suspensi\u00f3n de harina de ma\u00edz en agua. En el siguiente v\u00eddeo puedes ver este ejemplo.<\/p>\n<p><iframe loading=\"lazy\" title=\"C\u00f3mo hacer fluido no newtoniano - Experimento con maicena (Experimentos Caseros)\" width=\"500\" height=\"281\" src=\"https:\/\/www.youtube.com\/embed\/ZPBCdp6oORw?feature=oembed\" frameborder=\"0\" allow=\"accelerometer; autoplay; clipboard-write; encrypted-media; gyroscope; picture-in-picture; web-share\" referrerpolicy=\"strict-origin-when-cross-origin\" allowfullscreen><\/iframe><\/p>\n","protected":false},"excerpt":{"rendered":"<p>https:\/\/curiosoando.com\/que-es-un-fluido-no-newtoniano Un fluido no newtoniano es aquel que no tiene una viscosidad definida y constante como un fluido newtoniano, sino que var\u00eda en funci\u00f3n de la temperatura y fuerza cortante a la que est\u00e9 sometido. Por el contrario, en los fluidos newtonianos la viscosidad puede describirse en funci\u00f3n de la temperatura y la presi\u00f3n sin [&hellip;]<\/p>\n","protected":false},"author":10791,"featured_media":0,"parent":0,"menu_order":0,"comment_status":"closed","ping_status":"closed","template":"","meta":{"footnotes":""},"class_list":["post-36","page","type-page","status-publish","hentry"],"aioseo_notices":[],"_links":{"self":[{"href":"https:\/\/blog.espol.edu.ec\/jsbalsec\/wp-json\/wp\/v2\/pages\/36","targetHints":{"allow":["GET"]}}],"collection":[{"href":"https:\/\/blog.espol.edu.ec\/jsbalsec\/wp-json\/wp\/v2\/pages"}],"about":[{"href":"https:\/\/blog.espol.edu.ec\/jsbalsec\/wp-json\/wp\/v2\/types\/page"}],"author":[{"embeddable":true,"href":"https:\/\/blog.espol.edu.ec\/jsbalsec\/wp-json\/wp\/v2\/users\/10791"}],"replies":[{"embeddable":true,"href":"https:\/\/blog.espol.edu.ec\/jsbalsec\/wp-json\/wp\/v2\/comments?post=36"}],"version-history":[{"count":4,"href":"https:\/\/blog.espol.edu.ec\/jsbalsec\/wp-json\/wp\/v2\/pages\/36\/revisions"}],"predecessor-version":[{"id":44,"href":"https:\/\/blog.espol.edu.ec\/jsbalsec\/wp-json\/wp\/v2\/pages\/36\/revisions\/44"}],"wp:attachment":[{"href":"https:\/\/blog.espol.edu.ec\/jsbalsec\/wp-json\/wp\/v2\/media?parent=36"}],"curies":[{"name":"wp","href":"https:\/\/api.w.org\/{rel}","templated":true}]}}