{"id":29,"date":"2015-06-29T16:19:40","date_gmt":"2015-06-29T16:19:40","guid":{"rendered":"http:\/\/blog.espol.edu.ec\/jstorres\/?page_id=29"},"modified":"2015-06-29T16:19:40","modified_gmt":"2015-06-29T16:19:40","slug":"datos-generales","status":"publish","type":"page","link":"https:\/\/blog.espol.edu.ec\/jstorres\/datos-generales\/","title":{"rendered":"Datos generales"},"content":{"rendered":"<table class=\"infobox\">\n<tbody>\n<tr>\n<th scope=\"row\">Nombre completo<\/th>\n<td colspan=\"2\"><a class=\"image\" href=\"https:\/\/commons.wikimedia.org\/wiki\/File:%C3%8Dcono_de_Barcelona_Sporting_Club_(aurinegro).svg\"><img loading=\"lazy\" decoding=\"async\" src=\"https:\/\/upload.wikimedia.org\/wikipedia\/commons\/thumb\/c\/c0\/%C3%8Dcono_de_Barcelona_Sporting_Club_%28aurinegro%29.svg\/22px-%C3%8Dcono_de_Barcelona_Sporting_Club_%28aurinegro%29.svg.png\" alt=\"\u00cdcono de Barcelona Sporting Club (aurinegro).svg\" width=\"22\" height=\"22\" \/><\/a> <b>Barcelona Sporting Club<\/b><\/td>\n<\/tr>\n<tr>\n<th scope=\"row\">Apodo(s)<\/th>\n<td colspan=\"2\"><i>Toreros<\/i><br \/>\n<i>Canarios<\/i><br \/>\n<i>\u00cddolo del Ecuador<\/i><br \/>\n<i>\u00cddolo del Astillero<\/i><br \/>\n<i>Amarillos<\/i><\/td>\n<\/tr>\n<tr>\n<th scope=\"row\">Fundaci\u00f3n<\/th>\n<td colspan=\"2\"><a title=\"1 de mayo\" href=\"https:\/\/es.wikipedia.org\/wiki\/1_de_mayo\">1 de mayo<\/a> de <a title=\"1925\" href=\"https:\/\/es.wikipedia.org\/wiki\/1925\">1925<\/a> (90\u00a0a\u00f1os)<\/td>\n<\/tr>\n<tr>\n<th scope=\"row\">Presidente<\/th>\n<td colspan=\"2\"><span class=\"flagicon\"><img loading=\"lazy\" decoding=\"async\" class=\"thumbborder\" title=\"Bandera de Ecuador\" src=\"https:\/\/upload.wikimedia.org\/wikipedia\/commons\/thumb\/e\/e8\/Flag_of_Ecuador.svg\/20px-Flag_of_Ecuador.svg.png\" alt=\"Bandera de Ecuador\" width=\"20\" height=\"13\" \/><\/span> <a title=\"Antonio Noboa\" href=\"https:\/\/es.wikipedia.org\/wiki\/Antonio_Noboa\">Antonio Noboa<\/a><\/td>\n<\/tr>\n<tr>\n<th scope=\"row\">Presidente Honorario<\/th>\n<td colspan=\"2\"><span class=\"flagicon\"><img loading=\"lazy\" decoding=\"async\" class=\"thumbborder\" title=\"Bandera de Ecuador\" src=\"https:\/\/upload.wikimedia.org\/wikipedia\/commons\/thumb\/e\/e8\/Flag_of_Ecuador.svg\/20px-Flag_of_Ecuador.svg.png\" alt=\"Bandera de Ecuador\" width=\"20\" height=\"13\" \/><\/span> <a title=\"Jaime Nebot\" href=\"https:\/\/es.wikipedia.org\/wiki\/Jaime_Nebot\">Jaime Nebot<\/a><\/td>\n<\/tr>\n<tr>\n<th scope=\"row\">Entrenador<\/th>\n<td colspan=\"2\"><span class=\"flagicon\"><img loading=\"lazy\" decoding=\"async\" class=\"thumbborder\" title=\"Bandera de Uruguay\" src=\"https:\/\/upload.wikimedia.org\/wikipedia\/commons\/thumb\/f\/fe\/Flag_of_Uruguay.svg\/20px-Flag_of_Uruguay.svg.png\" alt=\"Bandera de Uruguay\" width=\"20\" height=\"13\" \/><\/span> <a title=\"Guillermo Almada\" href=\"https:\/\/es.wikipedia.org\/wiki\/Guillermo_Almada\">Guillermo Almada<\/a><\/td>\n<\/tr>\n<\/tbody>\n<\/table>\n","protected":false},"excerpt":{"rendered":"<p>Nombre completo Barcelona Sporting Club Apodo(s) Toreros Canarios \u00cddolo del Ecuador \u00cddolo del Astillero Amarillos Fundaci\u00f3n 1 de mayo de 1925 (90\u00a0a\u00f1os) Presidente Antonio Noboa Presidente Honorario Jaime Nebot Entrenador Guillermo Almada<\/p>\n","protected":false},"author":9836,"featured_media":0,"parent":0,"menu_order":0,"comment_status":"open","ping_status":"open","template":"","meta":{"footnotes":""},"class_list":["post-29","page","type-page","status-publish","hentry"],"_links":{"self":[{"href":"https:\/\/blog.espol.edu.ec\/jstorres\/wp-json\/wp\/v2\/pages\/29","targetHints":{"allow":["GET"]}}],"collection":[{"href":"https:\/\/blog.espol.edu.ec\/jstorres\/wp-json\/wp\/v2\/pages"}],"about":[{"href":"https:\/\/blog.espol.edu.ec\/jstorres\/wp-json\/wp\/v2\/types\/page"}],"author":[{"embeddable":true,"href":"https:\/\/blog.espol.edu.ec\/jstorres\/wp-json\/wp\/v2\/users\/9836"}],"replies":[{"embeddable":true,"href":"https:\/\/blog.espol.edu.ec\/jstorres\/wp-json\/wp\/v2\/comments?post=29"}],"version-history":[{"count":1,"href":"https:\/\/blog.espol.edu.ec\/jstorres\/wp-json\/wp\/v2\/pages\/29\/revisions"}],"predecessor-version":[{"id":30,"href":"https:\/\/blog.espol.edu.ec\/jstorres\/wp-json\/wp\/v2\/pages\/29\/revisions\/30"}],"wp:attachment":[{"href":"https:\/\/blog.espol.edu.ec\/jstorres\/wp-json\/wp\/v2\/media?parent=29"}],"curies":[{"name":"wp","href":"https:\/\/api.w.org\/{rel}","templated":true}]}}