{"id":31,"date":"2015-06-29T16:19:29","date_gmt":"2015-06-29T16:19:29","guid":{"rendered":"http:\/\/blog.espol.edu.ec\/jstorres\/?page_id=31"},"modified":"2015-06-29T16:19:29","modified_gmt":"2015-06-29T16:19:29","slug":"datos-curioso","status":"publish","type":"page","link":"https:\/\/blog.espol.edu.ec\/jstorres\/datos-curioso\/","title":{"rendered":"Datos curioso"},"content":{"rendered":"<h2>Curiosidades Monumental<\/h2>\n<div class=\"entry\">\n<p>-En su inauguraci\u00f3n muchas estrellas del f\u00fatbol fueron invitadas, entre ellas Edson Arantes do Nascimento, m\u00e1s conocido como Pel\u00e9, quien mostr\u00f3 su asombro al compararlo por su majestuosidad con el Maracan\u00e1.<\/p>\n<p>\u201cSe o Maracan\u00e3 \u00e9 o maior est\u00e1dio do mundo, Monumental \u00e9 um dos m\u00e1is belos do mundo\u201d.<\/p>\n<div><a title=\"Edson Arantes do Nascimento\" href=\"http:\/\/es.wikipedia.org\/wiki\/Edson_Arantes_do_Nascimento\"><em>Pel\u00e9<\/em><\/a><\/div>\n<p>-En la final del a\u00f1o\u00a0<a title=\"1997\" href=\"http:\/\/es.wikipedia.org\/wiki\/1997\">1997<\/a> en el Estadio Monumental tuvo su mayor capacidad ante 91.230 hinchas que colmaron el Coloso del Salado para el \u00faltimo campeonato del Barcelona Sporting Club.<\/p>\n<p>-En\u00a0<a title=\"2008\" href=\"http:\/\/es.wikipedia.org\/wiki\/2008\">2008<\/a>, el nombre comercial fue cambiado a\u00a0<strong>Estadio Monumental Banco Pichincha<\/strong> por cuatro a\u00f1os.<\/p>\n<p>-En ese mismo a\u00f1o se colocan vallas electr\u00f3nicas, siendo el primer equipo de f\u00fatbol ecuatoriano en utilizarlas.<\/p>\n<p><a href=\"http:\/\/blog.espol.edu.ec\/ottosantos\/files\/2011\/06\/monumental1.jpg\"><img loading=\"lazy\" decoding=\"async\" class=\"aligncenter size-full wp-image-17\" title=\"Monumental\" src=\"http:\/\/blog.espol.edu.ec\/ottosantos\/files\/2011\/06\/monumental1.jpg\" alt=\"\" width=\"275\" height=\"183\" \/><\/a><\/p>\n<\/div>\n","protected":false},"excerpt":{"rendered":"<p>Curiosidades Monumental -En su inauguraci\u00f3n muchas estrellas del f\u00fatbol fueron invitadas, entre ellas Edson Arantes do Nascimento, m\u00e1s conocido como Pel\u00e9, quien mostr\u00f3 su asombro al compararlo por su majestuosidad con el Maracan\u00e1. \u201cSe o Maracan\u00e3 \u00e9 o maior est\u00e1dio do mundo, Monumental \u00e9 um dos m\u00e1is belos do mundo\u201d. Pel\u00e9 -En la final del [&hellip;]<\/p>\n","protected":false},"author":9836,"featured_media":0,"parent":0,"menu_order":0,"comment_status":"open","ping_status":"open","template":"","meta":{"footnotes":""},"class_list":["post-31","page","type-page","status-publish","hentry"],"_links":{"self":[{"href":"https:\/\/blog.espol.edu.ec\/jstorres\/wp-json\/wp\/v2\/pages\/31","targetHints":{"allow":["GET"]}}],"collection":[{"href":"https:\/\/blog.espol.edu.ec\/jstorres\/wp-json\/wp\/v2\/pages"}],"about":[{"href":"https:\/\/blog.espol.edu.ec\/jstorres\/wp-json\/wp\/v2\/types\/page"}],"author":[{"embeddable":true,"href":"https:\/\/blog.espol.edu.ec\/jstorres\/wp-json\/wp\/v2\/users\/9836"}],"replies":[{"embeddable":true,"href":"https:\/\/blog.espol.edu.ec\/jstorres\/wp-json\/wp\/v2\/comments?post=31"}],"version-history":[{"count":1,"href":"https:\/\/blog.espol.edu.ec\/jstorres\/wp-json\/wp\/v2\/pages\/31\/revisions"}],"predecessor-version":[{"id":32,"href":"https:\/\/blog.espol.edu.ec\/jstorres\/wp-json\/wp\/v2\/pages\/31\/revisions\/32"}],"wp:attachment":[{"href":"https:\/\/blog.espol.edu.ec\/jstorres\/wp-json\/wp\/v2\/media?parent=31"}],"curies":[{"name":"wp","href":"https:\/\/api.w.org\/{rel}","templated":true}]}}