{"id":53,"date":"2015-07-02T13:59:28","date_gmt":"2015-07-02T13:59:28","guid":{"rendered":"http:\/\/blog.espol.edu.ec\/jstorres\/?page_id=53"},"modified":"2015-07-02T19:43:27","modified_gmt":"2015-07-02T19:43:27","slug":"damian-diaz-en-barcelona","status":"publish","type":"page","link":"https:\/\/blog.espol.edu.ec\/jstorres\/damian-diaz-en-barcelona\/","title":{"rendered":"Goleada hist\u00f3rica"},"content":{"rendered":"<p style=\"text-align: center\"><em>El <b>Cl\u00e1sico del Astillero<\/b> es un partido de f\u00fatbol en el que se enfrentan los dos equipos m\u00e1s populares del f\u00fatbol ecuatoriano, el Barcelona Sporting Club y el Club Sport Emelec,\u00a0ambos de la ciudad de <a title=\"Guayaquil\" href=\"https:\/\/es.wikipedia.org\/wiki\/Guayaquil\">Guayaquil<\/a>. Este partido concentra la atenci\u00f3n de grandes masas en todo el pa\u00eds, siendo el encuentro m\u00e1s tradicional del Ecuador.<\/em><\/p>\n<p style=\"text-align: center\"><em>La FIFA en su art\u00edculo lo describe: \"No importa qu\u00e9 otro partido aspire serlo, el derbi del f\u00fatbol ecuatoriano siempre ser\u00e1 Barcelona - Emelec\", \"un sentimiento generalizado en aquel pa\u00eds: ning\u00fan duelo ecuatoriano se compara al de estos dos equipos\".<\/em><\/p>\n<p>&nbsp;<\/p>\n<p><iframe loading=\"lazy\" title=\"Resumen: Barcelona 5-0 Emelec\" width=\"500\" height=\"375\" src=\"https:\/\/www.youtube.com\/embed\/BcTd0J9R5Ug?feature=oembed\" frameborder=\"0\" allow=\"accelerometer; autoplay; clipboard-write; encrypted-media; gyroscope; picture-in-picture; web-share\" referrerpolicy=\"strict-origin-when-cross-origin\" allowfullscreen><\/iframe><\/p>\n","protected":false},"excerpt":{"rendered":"<p>El Cl\u00e1sico del Astillero es un partido de f\u00fatbol en el que se enfrentan los dos equipos m\u00e1s populares del f\u00fatbol ecuatoriano, el Barcelona Sporting Club y el Club Sport Emelec,\u00a0ambos de la ciudad de Guayaquil. Este partido concentra la atenci\u00f3n de grandes masas en todo el pa\u00eds, siendo el encuentro m\u00e1s tradicional del Ecuador. [&hellip;]<\/p>\n","protected":false},"author":9836,"featured_media":0,"parent":0,"menu_order":0,"comment_status":"open","ping_status":"open","template":"","meta":{"footnotes":""},"class_list":["post-53","page","type-page","status-publish","hentry"],"_links":{"self":[{"href":"https:\/\/blog.espol.edu.ec\/jstorres\/wp-json\/wp\/v2\/pages\/53","targetHints":{"allow":["GET"]}}],"collection":[{"href":"https:\/\/blog.espol.edu.ec\/jstorres\/wp-json\/wp\/v2\/pages"}],"about":[{"href":"https:\/\/blog.espol.edu.ec\/jstorres\/wp-json\/wp\/v2\/types\/page"}],"author":[{"embeddable":true,"href":"https:\/\/blog.espol.edu.ec\/jstorres\/wp-json\/wp\/v2\/users\/9836"}],"replies":[{"embeddable":true,"href":"https:\/\/blog.espol.edu.ec\/jstorres\/wp-json\/wp\/v2\/comments?post=53"}],"version-history":[{"count":4,"href":"https:\/\/blog.espol.edu.ec\/jstorres\/wp-json\/wp\/v2\/pages\/53\/revisions"}],"predecessor-version":[{"id":59,"href":"https:\/\/blog.espol.edu.ec\/jstorres\/wp-json\/wp\/v2\/pages\/53\/revisions\/59"}],"wp:attachment":[{"href":"https:\/\/blog.espol.edu.ec\/jstorres\/wp-json\/wp\/v2\/media?parent=53"}],"curies":[{"name":"wp","href":"https:\/\/api.w.org\/{rel}","templated":true}]}}