{"id":32,"date":"2014-11-10T20:07:10","date_gmt":"2014-11-10T20:07:10","guid":{"rendered":"http:\/\/blog.espol.edu.ec\/jtgomez\/?page_id=32"},"modified":"2014-11-10T20:07:10","modified_gmt":"2014-11-10T20:07:10","slug":"tecnicas-arranque-y-envion","status":"publish","type":"page","link":"https:\/\/blog.espol.edu.ec\/jtgomez\/tecnicas-arranque-y-envion\/","title":{"rendered":"TECNICAS ARRANQUE Y ENVI\u00d3N"},"content":{"rendered":"<p><em>ES IMPORTANTE MENCIONAR QUE PARA UNA CORRECTA EJECUCI\u00d3N DE LAS DOS MODALIDADES DE ARRANQUE Y ENVI\u00d3N, SE TOMA MUCHO EN CUENTA LA POSICI\u00d3N INICIAL<\/em><\/p>\n<p style=\"text-align: center\"><strong>ARRANQUE O ARRANCADA<\/strong><br \/>\nConsiste en levantar la barra desde el suelo hasta por encima de la cabeza con una completa extensi\u00f3n de los brazos en una sentadilla, todo en un solo movimiento. Este ejercicio es el m\u00e1s t\u00e9cnico dentro el levantamiento de pesas.<br \/>\nLa barra estar\u00e1 colocada horizontalmente delante de las piernas del levantador. Ser\u00e1 agarrada, manos en pronaci\u00f3n, y alzada en un solo movimiento desde la plataforma hasta la completa extensi\u00f3n de ambos brazos verticalmente sobre la cabeza, mientras se desplazan las piernas en tierra o se flexionan. La barra pasar\u00e1 con un movimiento continuo a lo largo del cuerpo, del cual ninguna parte, a excepci\u00f3n de los pies, puede tocar la tarima durante la ejecuci\u00f3n del levantamiento.<br \/>\nLa extensi\u00f3n (hacia atr\u00e1s) de la mu\u00f1eca no deber\u00e1 efectuarse hasta que la barra haya sobrepasado la cabeza del levantador.<br \/>\nEl levantador puede recuperarse utilizando el tiempo que necesite del split o squat y colocar los pies en la misma l\u00ednea, paralelos al plano de su tronco y de la barra. El juez dar\u00e1 la se\u00f1al tan pronto como el levantador est\u00e9 totalmente inm\u00f3vil en todas las partes de su cuerpo. El peso levantado debe ser mantenido en la posici\u00f3n final de inmovilidad, permaneciendo los brazos y piernas extendidos. Los pies en la misma l\u00ednea, paralelos al plano de su tronco y de la barra, hasta que el juez d\u00e9 la se\u00f1al de \"tierra\".<br \/>\nLa se\u00f1al de tierra debe ser audible y visible y debe estar colocada al lado del juez central (frente al levantador).<\/p>\n<p><a href=\"http:\/\/blog.espol.edu.ec\/jtgomez\/files\/2014\/11\/856198_136259236541100_974828416_o.jpg\"><img loading=\"lazy\" decoding=\"async\" class=\"alignnone size-medium wp-image-30 alignleft\" src=\"http:\/\/blog.espol.edu.ec\/jtgomez\/files\/2014\/11\/856198_136259236541100_974828416_o-300x225.jpg\" alt=\"856198_136259236541100_974828416_o\" width=\"300\" height=\"225\" srcset=\"https:\/\/blog.espol.edu.ec\/jtgomez\/files\/2014\/11\/856198_136259236541100_974828416_o-300x225.jpg 300w, https:\/\/blog.espol.edu.ec\/jtgomez\/files\/2014\/11\/856198_136259236541100_974828416_o-1024x768.jpg 1024w, https:\/\/blog.espol.edu.ec\/jtgomez\/files\/2014\/11\/856198_136259236541100_974828416_o.jpg 2048w\" sizes=\"auto, (max-width: 300px) 100vw, 300px\" \/><\/a><\/p>\n<p><a href=\"http:\/\/blog.espol.edu.ec\/jtgomez\/files\/2014\/11\/181213_170502016450155_120950677_n1.jpg\"><img loading=\"lazy\" decoding=\"async\" class=\"alignnone size-medium wp-image-33\" src=\"http:\/\/blog.espol.edu.ec\/jtgomez\/files\/2014\/11\/181213_170502016450155_120950677_n1-300x225.jpg\" alt=\"181213_170502016450155_120950677_n\" width=\"300\" height=\"225\" srcset=\"https:\/\/blog.espol.edu.ec\/jtgomez\/files\/2014\/11\/181213_170502016450155_120950677_n1-300x225.jpg 300w, https:\/\/blog.espol.edu.ec\/jtgomez\/files\/2014\/11\/181213_170502016450155_120950677_n1.jpg 640w\" sizes=\"auto, (max-width: 300px) 100vw, 300px\" \/><\/a><\/p>\n<p>&nbsp;<\/p>\n<p>&nbsp;<\/p>\n<p>&nbsp;<\/p>\n<p style=\"text-align: center\"><strong>ENVI\u00d3N O DOS TIEMPO<\/strong><\/p>\n<p>Este <a class=\"mw-redirect\" title=\"Ejercicio\" href=\"http:\/\/es.wikipedia.org\/wiki\/Ejercicio\">ejercicio<\/a> consiste en levantar la barra desde el suelo hasta los hombros con una sentadilla. Posteriormente se recupera en posici\u00f3n de pie, para iniciar la segunda fase denominada <i>jerk<\/i>, realizando una flexi\u00f3n de las piernas empujando la barra por encima de la cabeza con una tijera al mismo tiempo, posteriormente se recupera colocando los<a class=\"mw-redirect\" title=\"Pies\" href=\"http:\/\/es.wikipedia.org\/wiki\/Pies\">pies<\/a> en paralelo para poder descender la barra al suelo.<\/p>\n<p>Hay dos fases diferentes en este movimiento: en la primera (<i>clean<\/i> o cargada), el competidor levanta la barra desde el suelo realizando un tir\u00f3n y sentadilla para colocarse bajo la misma. Luego se levanta erguido sujetando la barra a la altura de los hombros; en la segunda (<i>jerk<\/i> o envi\u00f3n), doblando m\u00ednimamente las rodillas, levanta la barra por encima de la cabeza, tomando impulso con las piernas y extendiendo los brazos por completo. El levantador debe mantener los pies en el mismo plano durante todo el proceso y extender en la segunda fase las piernas completamente.<\/p>\n<p>Hay una variante de la modalidad de dos tiempos (<i>push yerk<\/i>) en la que est\u00e1 permitido colocar los pies en diferente plano y mantener las piernas flexionadas. La mayor\u00eda de los levantadores realizan el segundo movimiento flexionando un poco las piernas y las estiran de repente, provocando un efecto muelle, momento en el que bajan el cuerpo para colocarse debajo de la barra, completando as\u00ed el levantamiento.<\/p>\n<p><a href=\"http:\/\/blog.espol.edu.ec\/jtgomez\/files\/2014\/11\/887234_143032192530471_2060461114_o.jpg\"><img loading=\"lazy\" decoding=\"async\" class=\"alignnone size-medium wp-image-34\" src=\"http:\/\/blog.espol.edu.ec\/jtgomez\/files\/2014\/11\/887234_143032192530471_2060461114_o-300x225.jpg\" alt=\"887234_143032192530471_2060461114_o\" width=\"300\" height=\"225\" srcset=\"https:\/\/blog.espol.edu.ec\/jtgomez\/files\/2014\/11\/887234_143032192530471_2060461114_o-300x225.jpg 300w, https:\/\/blog.espol.edu.ec\/jtgomez\/files\/2014\/11\/887234_143032192530471_2060461114_o-1024x768.jpg 1024w, https:\/\/blog.espol.edu.ec\/jtgomez\/files\/2014\/11\/887234_143032192530471_2060461114_o.jpg 2048w\" sizes=\"auto, (max-width: 300px) 100vw, 300px\" \/><\/a> <a href=\"http:\/\/blog.espol.edu.ec\/jtgomez\/files\/2014\/11\/225398_143030882530602_1551014724_n1.jpg\"><img loading=\"lazy\" decoding=\"async\" class=\"alignnone size-medium wp-image-35\" src=\"http:\/\/blog.espol.edu.ec\/jtgomez\/files\/2014\/11\/225398_143030882530602_1551014724_n1-300x224.jpg\" alt=\"225398_143030882530602_1551014724_n\" width=\"300\" height=\"224\" srcset=\"https:\/\/blog.espol.edu.ec\/jtgomez\/files\/2014\/11\/225398_143030882530602_1551014724_n1-300x224.jpg 300w, https:\/\/blog.espol.edu.ec\/jtgomez\/files\/2014\/11\/225398_143030882530602_1551014724_n1.jpg 370w\" sizes=\"auto, (max-width: 300px) 100vw, 300px\" \/><\/a> <a href=\"http:\/\/blog.espol.edu.ec\/jtgomez\/files\/2014\/11\/861263_143032009197156_730058975_o.jpg\"><img loading=\"lazy\" decoding=\"async\" class=\"alignnone size-medium wp-image-36\" src=\"http:\/\/blog.espol.edu.ec\/jtgomez\/files\/2014\/11\/861263_143032009197156_730058975_o-300x225.jpg\" alt=\"861263_143032009197156_730058975_o\" width=\"300\" height=\"225\" srcset=\"https:\/\/blog.espol.edu.ec\/jtgomez\/files\/2014\/11\/861263_143032009197156_730058975_o-300x225.jpg 300w, https:\/\/blog.espol.edu.ec\/jtgomez\/files\/2014\/11\/861263_143032009197156_730058975_o-1024x768.jpg 1024w, https:\/\/blog.espol.edu.ec\/jtgomez\/files\/2014\/11\/861263_143032009197156_730058975_o.jpg 2048w\" sizes=\"auto, (max-width: 300px) 100vw, 300px\" \/><\/a><\/p>\n<p>&nbsp;<\/p>\n","protected":false},"excerpt":{"rendered":"<p>ES IMPORTANTE MENCIONAR QUE PARA UNA CORRECTA EJECUCI\u00d3N DE LAS DOS MODALIDADES DE ARRANQUE Y ENVI\u00d3N, SE TOMA MUCHO EN CUENTA LA POSICI\u00d3N INICIAL ARRANQUE O ARRANCADA Consiste en levantar la barra desde el suelo hasta por encima de la cabeza con una completa extensi\u00f3n de los brazos en una sentadilla, todo en un solo [&hellip;]<\/p>\n","protected":false},"author":9395,"featured_media":0,"parent":0,"menu_order":0,"comment_status":"open","ping_status":"open","template":"","meta":{"footnotes":""},"class_list":["post-32","page","type-page","status-publish","hentry"],"_links":{"self":[{"href":"https:\/\/blog.espol.edu.ec\/jtgomez\/wp-json\/wp\/v2\/pages\/32","targetHints":{"allow":["GET"]}}],"collection":[{"href":"https:\/\/blog.espol.edu.ec\/jtgomez\/wp-json\/wp\/v2\/pages"}],"about":[{"href":"https:\/\/blog.espol.edu.ec\/jtgomez\/wp-json\/wp\/v2\/types\/page"}],"author":[{"embeddable":true,"href":"https:\/\/blog.espol.edu.ec\/jtgomez\/wp-json\/wp\/v2\/users\/9395"}],"replies":[{"embeddable":true,"href":"https:\/\/blog.espol.edu.ec\/jtgomez\/wp-json\/wp\/v2\/comments?post=32"}],"version-history":[{"count":1,"href":"https:\/\/blog.espol.edu.ec\/jtgomez\/wp-json\/wp\/v2\/pages\/32\/revisions"}],"predecessor-version":[{"id":37,"href":"https:\/\/blog.espol.edu.ec\/jtgomez\/wp-json\/wp\/v2\/pages\/32\/revisions\/37"}],"wp:attachment":[{"href":"https:\/\/blog.espol.edu.ec\/jtgomez\/wp-json\/wp\/v2\/media?parent=32"}],"curies":[{"name":"wp","href":"https:\/\/api.w.org\/{rel}","templated":true}]}}