{"id":45,"date":"2016-11-14T05:10:10","date_gmt":"2016-11-14T05:10:10","guid":{"rendered":"http:\/\/blog.espol.edu.ec\/jtmartin\/?page_id=45"},"modified":"2025-08-29T22:15:53","modified_gmt":"2025-08-29T22:15:53","slug":"26-especies-de-felinos-que-corren-peligro-de-extinguirse","status":"publish","type":"page","link":"https:\/\/blog.espol.edu.ec\/jtmartin\/26-especies-de-felinos-que-corren-peligro-de-extinguirse\/","title":{"rendered":"26 especies de felinos que corren peligro de extinguirse"},"content":{"rendered":"<p>Los felinos son una familia animal de lo m\u00e1s fascinante que <strong>van desde grandes ejemplares<\/strong>, que dan un poco de miedo y respeto, <strong>hasta los m\u00e1s peque\u00f1os y adorables<\/strong>.<\/p>\n<p>Veamos <strong>26 de las especies de felinos m\u00e1s perseguidas<\/strong> y que m\u00e1s peligro corren para desaparecer de la vida salvaje:<\/p>\n<p>&nbsp;<\/p>\n<h3>1. Guepardo asi\u00e1tico<\/h3>\n<p>Una vez poblaron Oriente Medio, Asia Central, la zona m\u00e1s al norte de Kazajist\u00e1n y el sureste de la India.<\/p>\n<p>Actualmente solo quedan entre 70 y 110 guepardos asi\u00e1ticos en estado salvaje, debido principalmente a la destrucci\u00f3n de su h\u00e1bitat y la caza furtiva, tanto de ellos como de sus presas. Todos ocupan la \u00e1rida meseta central de Ir\u00e1n.<\/p>\n<h3>2. Leopardo de las nieves<\/h3>\n<p>Estos bellos ejemplares viven en las escarpadas monta\u00f1as de Asia Central, perfectamente adaptados al fr\u00edo, al \u00e1rido paisaje y a las zonas de mucha altitud.<\/p>\n<p>Por desgracia, su piel es muy codiciada por los cazadores furtivos lo que provoca que sean tan perseguidos. Actualmente quedan entre 4000 y 6500 leopardos de las nieves en estado salvaje.<\/p>\n<h3>3. Gato pescador<\/h3>\n<p>A diferencia de mi gato, el cual odia mojarse, el gato pescador es un experto nadador que vive en los r\u00edos, arroyos y manglares.<\/p>\n<p>En 2008, esta especie de felinos fue declarada en peligro de extinci\u00f3n, ya que viven principalmente en h\u00e1bitats de humedales, que est\u00e1n siendo erradicados, degradados y transformados a un ritmo alarmante.<\/p>\n<h3>4. Gato de Borneo<\/h3>\n<p>Tambi\u00e9n conocido como el gato de la bah\u00eda o gato rojo de Borneo, es un felino end\u00e9mico de la isla de Borneo que habita en selvas y en las \u00e1reas pr\u00f3ximas a ella. La explotaci\u00f3n forestal est\u00e1 amenazando las \u00e1reas tropicales de estos gatos, por lo que su especie ha sido catalogada en peligro de extinci\u00f3n por la Uni\u00f3n Internacional para la Conservaci\u00f3n de la Naturaleza. Esta es una de las pocas fotos de alta calidad que existen de este bello animal.<\/p>\n<h3>5. Gato de cabeza plana<\/h3>\n<p>De cuerpo esbelto y cabeza exclusiva, se pensaba que este gato se hab\u00eda extinguido a mediados de los 80. Sin embargo, fue redescubierto en los 90, sobreviviendo en algunas selvas de la pen\u00ednsula de Malaca y en Sumatra. Su poblaci\u00f3n actual se estima que est\u00e1 por debajo de los 2500 ejemplares, debido a la destrucci\u00f3n de su h\u00e1bitat.<\/p>\n<h3>6. Gato andino<\/h3>\n<p>Tambi\u00e9n conocido como gato lince u osjo, el gato andino es la especie m\u00e1s amenazada dentro del continente americano. Aunque vive solo en zonas de alta monta\u00f1a, los valles habitados por humanos act\u00faan como barreras, fragmentando considerablemente su poblaci\u00f3n. Esto implica que aunque haya bajos niveles de caza furtiva, esta puede ser devastadora. Suele cazarse mucho en Chile y Bolivia por motivos supersticiosos.<\/p>\n<h3>7. Lince ib\u00e9rico<\/h3>\n<p>Considerado como la especie de felinos m\u00e1s amenazados del mundo, el lince ib\u00e9rico es uno de los mam\u00edferos m\u00e1s raros y bellos que pueblan nuestro planeta actualmente.<\/p>\n<p>Su caza furtiva y los atropellos, sumados a una enfermedad llamada mixomatosis, que diezm\u00f3 la poblaci\u00f3n de conejos (su principal fuente de alimento) en la d\u00e9cada de los 50, han provocado que solo queden alrededor de 300 linces en su h\u00e1bitat natural.<\/p>\n<h3>8. Gato de pallas<\/h3>\n<p>A estos bellos ejemplares les encanta pasar el rato en las cuevas, grietas entre las rocas o en las madrigueras de marmota. Solo salen por la tarde para comenzar su caza. Desde el a\u00f1o 2002, esta especie se encuentra amenazada por la destrucci\u00f3n de su h\u00e1bitat, la disminuci\u00f3n de sus presas y la caza.<\/p>\n<h3>9. Margay<\/h3>\n<p>El margay est\u00e1 dise\u00f1ado perfectamente para llevar una vida en los \u00e1rboles. Se trata del \u00fanico felino que puede girar sus patas traseras 180\u00ba, lo que le permite desplazarse por los \u00e1rboles como si fuese una ardilla. Incluso pueden colgarse de una rama de una sola pata. Unos 14.000 ejemplares son asesinados cada a\u00f1o solo por su piel. Esto ha diezmado much\u00edsimo su poblaci\u00f3n, ya que solo se reproducen una vez cada dos a\u00f1os, y ha provocado que su tasa de mortalidad aumente un 50 por ciento.<\/p>\n<h3>10. Serval<\/h3>\n<p>A este felino le encanta vagar por las sabanas africanas. Posee un rasgo muy caracter\u00edstico, y es que es el felino con las patas m\u00e1s largas (en relaci\u00f3n con el tama\u00f1o de su cuerpo) del mundo. Desgraciadamente son cazados innecesariamente por su pelaje, que es vendido a los turistas m\u00e1s desprevenidos como si fuese piel de guepardo o leopardo.<\/p>\n<h3>11. Caracal<\/h3>\n<p>Tambi\u00e9n conocido como el linde del desierto, este felino puede producir un sonido semejante a un ladrido, que usar\u00e1 como advertencia. Esta especie se encuentra amenazada en el norte de \u00c1frica, y es extremadamente raro en Asia Central e India.<\/p>\n<h3>12. Gato dorado africano<\/h3>\n<p>Estos ejemplares son muy evasivos y dif\u00edciles de encontrar en estado salvaje. Esta foto fue tomada no hace tanto por unos conservacionistas.<\/p>\n<p>Este felino es dos veces m\u00e1s grande que un gato dom\u00e9stico. Aunque su vida en la naturaleza es casi desconocida, en cautiverio pueden vivir hasta 12 a\u00f1os.<\/p>\n<h3>13. Gato dorado asi\u00e1tico<\/h3>\n<p>Viven en el Sudeste asi\u00e1tico, T\u00edbet, Nepal, sur de China, India y Sumatra. Prefiere h\u00e1bitats selv\u00e1ticos con \u00e1reas rocosas, aunque ocasionalmente aparece en bosques caducifolios y subtropicales. Rara vez ha sido hallado en terrenos abiertos. La deforestaci\u00f3n y la caza por su piel y huesos son las razones de este felino se encuentre amenazado.<\/p>\n<h3>14. Gato de las arenas<\/h3>\n<p>Este es el felino mejor adaptado a los desiertos arenosos. Su cabeza es notablemente ancha y sus orejas son muy amplias, lo que mejora su audici\u00f3n y la p\u00e9rdida del exceso de calor. Este gato se encuentra en la lista de especies amenazadas, cuya caza est\u00e1 prohibida en muchos pa\u00edses.<\/p>\n<h3>15. Leopardo del Amur<\/h3>\n<p>Debido a la extensa p\u00e9rdida de su h\u00e1bitat y el conflicto con la raza humana, los leopardos del Amur se encuentran en peligro cr\u00edtico, existiendo solo entre 25 y 34 ejemplares en libertad.<\/p>\n<h3>16. Tigre de Sumatra<\/h3>\n<p>El de Sumatra es el \u00faltimo de los tigres de Indonesia que sobreviven en el medio silvestre.<\/p>\n<p>Pese al aumento de las pol\u00edticas de aplicaci\u00f3n de la ley contra su caza furtiva, est\u00e1n siendo cazados hasta la extinci\u00f3n, para saciar a los mercados mundiales. Actualmente existen menos de 400 ejemplares.<\/p>\n<h3>17. Leopardo nublado<\/h3>\n<p>Se considera que esta especie es un v\u00ednculo evolutivo entre los grandes felinos y los peque\u00f1os. Estos leopardos se encuentran amenazados por la p\u00e9rdida de su h\u00e1bitat, provocada por la deforestaci\u00f3n a gran escala, y la caza furtiva. Se sospecha que su poblaci\u00f3n podr\u00eda estar por debajo de los 10.000 ejemplares maduros.<\/p>\n<h3>18. Gato jaspeado<\/h3>\n<p>A menudo confundido con el leopardo nublado, este gato es mucho m\u00e1s peque\u00f1o y tiene una cola mucho m\u00e1s distintiva. Se cree que la mayor amenaza de este gato es la destrucci\u00f3n de su h\u00e1bitat forestal en todo el Sudeste Asi\u00e1tico, que se est\u00e1 produciendo a un ritmo alarmante, y que no solo afecta a esta especie, sino tambi\u00e9n a sus presas.<\/p>\n<h3>19. Gato bengal\u00ed<\/h3>\n<p>El color de este gato puede variar de gris a rojo, con el vientre blanco o muy claro. Es el primer gato salvaje que se utiliz\u00f3 con \u00e9xito en un programa de cr\u00eda h\u00edbrida dom\u00e9stico-salvaje, que lo convierten en un gato adorable y perfecto para la compa\u00f1\u00eda.<\/p>\n<h3>20. Tigre malt\u00e9s<\/h3>\n<p>Tambi\u00e9n conocido como tigre azul, el malt\u00e9s es un ejemplar tan raro que es casi m\u00edtico. El termino de tigre azul se refiere a una sospechada mutaci\u00f3n del color del pelaje que pudieron tener algunos tigres, principalmente \u201cavistados\u201d en la provincia China de Fujian. Se dice que poseen una piel azulada con rayas de un tono gris oscuro, aunque se piensa que esta mutaci\u00f3n podr\u00eda haber desaparecido.<\/p>\n<h3>21. Tigre dorado<\/h3>\n<p>El tigre dorado no es una especie distinta de tigre, solo que su nombre se refiere a una desviaci\u00f3n de color. A menudo, estos ejemplares son el resultado de la cr\u00eda en cautividad, pero en la India se poseen registros de tigres dorados salvajes que se remontan a principios del s.XX.<\/p>\n<h3>22. Le\u00f3n blanco<\/h3>\n<p>Aunque pueda dar lugar a equ\u00edvoco, estos leones no son albinos. Se trata de una mutaci\u00f3n poco frecuente de color en el \u00e1rea de Timbavati. Los leones blancos son los mismos leones africanos rojizos. En las creencias africanas este precioso animal es considerado como sagrado. En estado salvaje no pueden sobrevivir mucho tiempo, ya que por su pelaje blanco, no tiene el camuflaje indicado que a los leones normales les permite cazar sin ning\u00fan tipo de problema. Por eso se suele criar en cautividad.<\/p>\n<h3>23. Leopardo de Anatolia<\/h3>\n<p>Durante m\u00e1s de 30 a\u00f1os se pens\u00f3 que este leopardo turco se hab\u00eda extinguido en cautividad. En el a\u00f1o 2013, un pastor de la provincia suroriental de Diyarbakir, mat\u00f3 a un gran felino que amenaza su reba\u00f1o. M\u00e1s tarde, los bi\u00f3logos confirmaron que se trataba de un leopardo de Anatolia. Aunque es una triste historia, da esperanza de que esta especie todav\u00eda podr\u00eda existir.<\/p>\n<h3>24. Gato herrumbroso<\/h3>\n<p>Este es el gato m\u00e1s peque\u00f1o del mundo en estado salvaje, que habita en las zonas de Sri Lanka y el sur de la India. Por desgracia, el gato herrumbroso aparece como una especie \u201cvulnerable\u201d porque gran parte de su h\u00e1bitat natural se ha convertido en campos de cultivo.<\/p>\n<h3>25. Gato salvaje escoc\u00e9s<\/h3>\n<p>Tambi\u00e9n conocido como \u201cel tigre de la sierra\u201d, el gato salvaje escoc\u00e9s se encuentra en peligro de extinci\u00f3n cr\u00edtico, con una poblaci\u00f3n estimada de menos de 400 ejemplares.<\/p>\n<h3>26. Gato patinegro<\/h3>\n<p>Es el gato m\u00e1s peque\u00f1o de todos los gatos salvajes africanos. Esta especie tiene un pelaje negro en las patas para protegerse del calor del desierto. Mucha de su poblaci\u00f3n ha sido diezmada por cebos envenenados y trampas para otros animales.<\/p>\n<p>Fuente:\u00a0http:\/\/lavozdelmuro.net\/26-magnificos-felinos-que-quizas-no-conocias-y-que-estan-desapareciendo-de-la-vida-salvaje-1\/<\/p>\n","protected":false},"excerpt":{"rendered":"<p>Los felinos son una familia animal de lo m\u00e1s fascinante que van desde grandes ejemplares, que dan un poco de miedo y respeto, hasta los m\u00e1s peque\u00f1os y adorables. Veamos 26 de las especies de felinos m\u00e1s perseguidas y que m\u00e1s peligro corren para desaparecer de la vida salvaje: &nbsp; 1. Guepardo asi\u00e1tico Una vez &hellip; <\/p>\n<p><a class=\"more-link btn\" href=\"https:\/\/blog.espol.edu.ec\/jtmartin\/26-especies-de-felinos-que-corren-peligro-de-extinguirse\/\">Seguir leyendo<\/a><\/p>\n","protected":false},"author":10639,"featured_media":0,"parent":0,"menu_order":0,"comment_status":"closed","ping_status":"closed","template":"","meta":{"footnotes":""},"class_list":["post-45","page","type-page","status-publish","hentry","nodate","item-wrap"],"_links":{"self":[{"href":"https:\/\/blog.espol.edu.ec\/jtmartin\/wp-json\/wp\/v2\/pages\/45","targetHints":{"allow":["GET"]}}],"collection":[{"href":"https:\/\/blog.espol.edu.ec\/jtmartin\/wp-json\/wp\/v2\/pages"}],"about":[{"href":"https:\/\/blog.espol.edu.ec\/jtmartin\/wp-json\/wp\/v2\/types\/page"}],"author":[{"embeddable":true,"href":"https:\/\/blog.espol.edu.ec\/jtmartin\/wp-json\/wp\/v2\/users\/10639"}],"replies":[{"embeddable":true,"href":"https:\/\/blog.espol.edu.ec\/jtmartin\/wp-json\/wp\/v2\/comments?post=45"}],"version-history":[{"count":2,"href":"https:\/\/blog.espol.edu.ec\/jtmartin\/wp-json\/wp\/v2\/pages\/45\/revisions"}],"predecessor-version":[{"id":57,"href":"https:\/\/blog.espol.edu.ec\/jtmartin\/wp-json\/wp\/v2\/pages\/45\/revisions\/57"}],"wp:attachment":[{"href":"https:\/\/blog.espol.edu.ec\/jtmartin\/wp-json\/wp\/v2\/media?parent=45"}],"curies":[{"name":"wp","href":"https:\/\/api.w.org\/{rel}","templated":true}]}}