{"id":48,"date":"2016-11-14T15:20:15","date_gmt":"2016-11-14T15:20:15","guid":{"rendered":"http:\/\/blog.espol.edu.ec\/jtmartin\/?page_id=48"},"modified":"2016-11-14T15:20:15","modified_gmt":"2016-11-14T15:20:15","slug":"razas-de-gatos","status":"publish","type":"page","link":"https:\/\/blog.espol.edu.ec\/jtmartin\/razas-de-gatos\/","title":{"rendered":"Razas de gatos"},"content":{"rendered":"<h2>Existen en la actualidad 10 razas base de las cuales nacen las dem\u00e1s.<\/h2>\n<p>&nbsp;<\/p>\n<p><strong><b>GATO ABSINIO<\/b><\/strong><b>\u00a0<\/b><\/p>\n<p>Aunque el origen exacto del abisinio es desconocido, se cree que est\u00e1 raza procede de Etiop\u00eda. Este gato es probablemente uno de los descendientes directos del gato sagrado de <a id=\"autolink\" class=\"autolink\" href=\"http:\/\/www.monografias.com\/trabajos\/culturaegipcia\/culturaegipcia.shtml\">Egipto<\/a>.<\/p>\n<p>Es una de las razas m\u00e1s antiguas de gato domestico.<\/p>\n<p>Caracter\u00edsticas: Figura estilizada, cuerpo \u00e1gil y musculoso, extremidades largas y delgadas, ojos amarillos, verdes o casta\u00f1os, intenso pelaje.<\/p>\n<p><img loading=\"lazy\" decoding=\"async\" src=\"http:\/\/www.monografias.com\/trabajos65\/felinos-gatos\/felinos-gatos_image015.jpg\" alt=\"Gato absinio\" width=\"156\" height=\"159\" align=\"middle\" hspace=\"10\" vspace=\"5\" \/><\/p>\n<p>GATO BOBTAIL JAPON\u00e9S<\/p>\n<p>Estamos ante una raza muy antigua en su pa\u00eds de origen, el <a id=\"autolink\" class=\"autolink\" href=\"http:\/\/www.monografias.com\/trabajos13\/japoayer\/japoayer.shtml\">Jap\u00f3n<\/a>. Su nombre, \" bobtail\" (rab\u00f3n) es porque su rabo \u00fanicamente mide unos 10-12 cm. Adem\u00e1s \u00a0como est\u00e1 enroscado, con abundante pelo en todas direcciones<\/p>\n<p>Caracter\u00edsticas:<\/p>\n<p>Cuerpo delgado, buena musculatura, longitud media de pelo, hocico redondeado, orejas anchas, ojos ovalados de cualquier color que convine con el pelaje<\/p>\n<p align=\"center\"><img loading=\"lazy\" decoding=\"async\" src=\"http:\/\/www.monografias.com\/trabajos65\/felinos-gatos\/felinos-gatos_image016.jpg\" alt=\"Gato Bobtail Japon\u00e9s\" width=\"138\" height=\"162\" align=\"middle\" hspace=\"10\" vspace=\"5\" \/><\/p>\n<p>\u00a0GATO HIMALAYO<b>\u00a0<\/b><\/p>\n<p>El nombre de esta raza proviene del gran parecido que presenta su patr\u00f3n de color con el encontrado en el conejo Himalayo. Esta raza es el resultado de un cruce de gato siam\u00e9s con persa.<\/p>\n<p>Caracter\u00edsticas:<\/p>\n<p>Cabeza redonda, cuello corto y ancho, hocico ancho y chato, orejas peque\u00f1as, cuerpo ancho, patas cortas, ojos celestes.<\/p>\n<p align=\"center\"><img loading=\"lazy\" decoding=\"async\" src=\"http:\/\/www.monografias.com\/trabajos65\/felinos-gatos\/felinos-gatos_image017.jpg\" alt=\"raza gato himalayo\" width=\"180\" height=\"118\" align=\"middle\" hspace=\"10\" vspace=\"5\" \/><\/p>\n<p>GATO SPHYNX<\/p>\n<p>Es, sin dudas, la raza m\u00e1s ins\u00f3lita que existe. Es la \u00fanica variedad sin pelo. Apareci\u00f3 por 1\u00ba vez en Canad\u00e1.<\/p>\n<p>Caracter\u00edsticas:<\/p>\n<p>Tama\u00f1o medio, musculoso, cola larga, orejas grandes, piel arrugada, calida y suave, con manchas, pelaje muy corto, casi imperceptible.<\/p>\n<p align=\"center\"><img loading=\"lazy\" decoding=\"async\" src=\"http:\/\/www.monografias.com\/trabajos65\/felinos-gatos\/felinos-gatos_image018.jpg\" alt=\"sphynx\" width=\"180\" height=\"135\" align=\"middle\" hspace=\"10\" vspace=\"5\" \/><\/p>\n<p>GATO TURCO ANGORA<b>\u00a0<\/b><\/p>\n<p>El origen del Angora es Turqu\u00eda.<\/p>\n<p>Para el pueblo turco son verdaderos tesoros nacionales.<\/p>\n<p>Caracter\u00edsticas:<\/p>\n<p>Cuerpo delgado y musculoso, cola ancha y peluda, cabeza peque\u00f1a, hocico puntiagudo, orejas grandes y puntiagudas, ojos grandes y ovalados.<\/p>\n<p align=\"center\"><img loading=\"lazy\" decoding=\"async\" src=\"http:\/\/www.monografias.com\/trabajos65\/felinos-gatos\/felinos-gatos_image019.jpg\" width=\"115\" height=\"166\" align=\"middle\" hspace=\"10\" vspace=\"5\" \/><\/p>\n<p><strong><b>GATO CHARTREUX<\/b><\/strong><\/p>\n<p>Estos gatos se usaban para controlar la plaga de ratas de los monasterios y hospitales. Durante la Segunda <a id=\"autolink\" class=\"autolink\" href=\"http:\/\/www.monografias.com\/trabajos11\/artguerr\/artguerr.shtml\">Guerra<\/a> Mundial la raza casi se extingui\u00f3, pero se recupero, cruzando\u00a0<em><i>persas<\/i><\/em>\u00a0con azul brit\u00e1nico.<\/p>\n<p>Caracter\u00edsticas:<\/p>\n<p>Gato grande, musculoso, patas grandes, cabeza ancha, nariz corta, ojos color <a id=\"autolink\" class=\"autolink\" href=\"http:\/\/www.monografias.com\/trabajos13\/tramat\/tramat.shtml#COBRE\">cobre<\/a>.<\/p>\n<p align=\"center\"><img loading=\"lazy\" decoding=\"async\" src=\"http:\/\/www.monografias.com\/trabajos65\/felinos-gatos\/felinos-gatos_image020.jpg\" alt=\"gato chartreux\" width=\"180\" height=\"136\" align=\"middle\" hspace=\"10\" vspace=\"5\" \/><\/p>\n<p><strong><b>\u00a0<\/b><\/strong><strong><b>GATO MAINE COON<\/b><\/strong><\/p>\n<p>Su nombre proviene del estado de d\u00f3nde es nativo, <a id=\"autolink\" class=\"autolink\" href=\"http:\/\/www.monografias.com\/trabajos12\/elorigest\/elorigest.shtml\">el estado<\/a> de Maine. Y es que la raza Maine Coon es la \u00fanica nativa de Estados Unidos.<\/p>\n<p>Caracter\u00edsticas:<\/p>\n<p>Pelo grueso, corto en patas delanteras, largo en el estomago y en las patas posteriores, tiene un collar de pelos en el cuello, gato fuerte y musculoso, pecho ancho, cola larga y ancha, puede pesar 14kg, cabeza ancha, orejas grandes y puntiagudas, ojos grandes, pueden ser verdes, <a id=\"autolink\" class=\"autolink\" href=\"http:\/\/www.monografias.com\/trabajos35\/oferta-demanda-oro\/oferta-demanda-oro.shtml\">oro<\/a>, azules o uno de cada color.<\/p>\n<p align=\"center\"><img loading=\"lazy\" decoding=\"async\" src=\"http:\/\/www.monografias.com\/trabajos65\/felinos-gatos\/felinos-gatos_image021.jpg\" alt=\"gato maine coon\" width=\"143\" height=\"166\" align=\"middle\" hspace=\"10\" vspace=\"5\" \/><\/p>\n<p>GATO BALIN\u00e9S<\/p>\n<p>El primer ejemplar de gato balin\u00e9s apareci\u00f3 en <a id=\"autolink\" class=\"autolink\" href=\"http:\/\/www.monografias.com\/trabajos7\/esun\/esun.shtml\">Estados Unidos<\/a>. Su nacimiento se atribuye al cruce de dos siameses portadores del gen de pelo largo, probablemente heredado de un antepasado Angora.<\/p>\n<p>Caracter\u00edsticas:<\/p>\n<p>Cuerpo largo, buena musculatura, extremidades delgadas, pelo corto y fino, cabeza larga, cr\u00e1neo plano, hocico estrecho, orejas anchas y puntiagudas, ojos almendrados azules, cola larga y fina.<\/p>\n<p align=\"center\"><img loading=\"lazy\" decoding=\"async\" src=\"http:\/\/www.monografias.com\/trabajos65\/felinos-gatos\/felinos-gatos_image022.jpg\" alt=\"Gato balines\" width=\"149\" height=\"211\" align=\"middle\" hspace=\"10\" vspace=\"5\" \/><\/p>\n<p><strong><b>GATO DEVON REX<\/b><\/strong><b>\u00a0<\/b><\/p>\n<p>Es una raza que surge de una mutaci\u00f3n de pelo rizado ocurrida en Devon. A diferencia del Sphynx, del Devon Rex presenta por todo el cuerpo una pelusilla.<\/p>\n<p>Caracter\u00edsticas:<\/p>\n<p>Cuerpo similar al Siam\u00e9s, flaco, ligero pero musculoso, espalda arqueada, patas largas y delgadas, cabeza triangular con rasgos muy marcados, cola larga y delgada, pelo fino, corto y rizado.<\/p>\n<p align=\"center\"><img loading=\"lazy\" decoding=\"async\" src=\"http:\/\/www.monografias.com\/trabajos65\/felinos-gatos\/felinos-gatos_image023.jpg\" alt=\"Devon Rex\" width=\"168\" height=\"168\" align=\"middle\" hspace=\"10\" vspace=\"5\" \/><\/p>\n<p><strong><b>GATO MANX<\/b><\/strong><\/p>\n<p>Esta raza recibe el nombre en honor a la Isla de Man, en el mar irland\u00e9s entre Inglaterra, e Irlanda, de d\u00f3nde es originario. Existen varias leyendas que narran como la raza Manx perdi\u00f3 su cola. Considerando las historias alrededor del Manx, no es una sorpresa que este gato aparezca como una de las razas m\u00e1s antiguas.<\/p>\n<p>Caracter\u00edsticas: No tiene cola, cuerpo musculoso, espalda corta, garras finas y redondas, cabeza redonda con mejillas prominentes, nariz ancha, hocico firme, orejas anchas y redondeadas, pelaje corto y doble.<\/p>\n<p align=\"center\"><img loading=\"lazy\" decoding=\"async\" src=\"http:\/\/www.monografias.com\/trabajos65\/felinos-gatos\/felinos-gatos_image024.jpg\" alt=\"Gato Manx\" width=\"168\" height=\"164\" align=\"middle\" hspace=\"10\" vspace=\"5\" \/><\/p>\n<p>GATO PERSA<\/p>\n<p>El gato persa desciende del gato turco de angora; y geogr\u00e1ficamente su origen se sit\u00faa en la zona de la antigua Persia (actualmente <a id=\"autolink\" class=\"autolink\" href=\"http:\/\/www.monografias.com\/trabajos55\/iran-contemporaneo\/iran-contemporaneo.shtml\">Ir\u00e1n<\/a>) y Ankara en Turqu\u00eda. De ah\u00ed su nombre. Tal y como la conocemos hoy en d\u00eda es una raza creada artificialmente.<\/p>\n<p>Caracter\u00edsticas:<\/p>\n<p>Cuerpo compacto, redondeado y musculoso, robusto, patas cortas y gruesas, pelaje espeso, abundante, largo, sedoso, cola con mucho pelo, cabeza grande, ancha y redonda, nariz achatada, orejas peque\u00f1as y redondeadas, ojos redondos y grandes, gran variedad de colores.<\/p>\n<p align=\"center\"><img loading=\"lazy\" decoding=\"async\" src=\"http:\/\/www.monografias.com\/trabajos65\/felinos-gatos\/felinos-gatos_image025.jpg\" alt=\" persa\" width=\"204\" height=\"149\" align=\"middle\" hspace=\"10\" vspace=\"5\" \/><\/p>\n<p>GATO SIAM\u00e9S<\/p>\n<p>Los gatos Siameses sol\u00edan tener un papel importante en los funerales de los reyes tailandeses en siglos pasados.<\/p>\n<p>Caracter\u00edsticas:<\/p>\n<p>Tama\u00f1o mediano, cuerpo y patas largas y esbeltas, cola larga y estrecha en la punta, cabeza larga y bien proporcionada, orejas erguidas y grandes, ojos almendrados y azules intenso, pelo corto, lustroso y suave.<\/p>\n<p align=\"center\"><img loading=\"lazy\" decoding=\"async\" src=\"http:\/\/www.monografias.com\/trabajos65\/felinos-gatos\/felinos-gatos_image026.jpg\" width=\"168\" height=\"151\" align=\"middle\" hspace=\"12\" \/><\/p>\n<p>Leer m\u00e1s: <a href=\"http:\/\/www.monografias.com\/trabajos65\/felinos-gatos\/felinos-gatos2.shtml#xrazas#ixzz4PzrE8aOL\">http:\/\/www.monografias.com\/trabajos65\/felinos-gatos\/felinos-gatos2.shtml#xrazas#ixzz4PzrE8aOL<\/a><\/p>\n","protected":false},"excerpt":{"rendered":"<p>Existen en la actualidad 10 razas base de las cuales nacen las dem\u00e1s. &nbsp; GATO ABSINIO\u00a0 Aunque el origen exacto del abisinio es desconocido, se cree que est\u00e1 raza procede de Etiop\u00eda. Este gato es probablemente uno de los descendientes directos del gato sagrado de Egipto. Es una de las razas m\u00e1s antiguas de gato &hellip; <\/p>\n<p><a class=\"more-link btn\" href=\"https:\/\/blog.espol.edu.ec\/jtmartin\/razas-de-gatos\/\">Seguir leyendo<\/a><\/p>\n","protected":false},"author":10639,"featured_media":0,"parent":0,"menu_order":0,"comment_status":"closed","ping_status":"closed","template":"","meta":{"footnotes":""},"class_list":["post-48","page","type-page","status-publish","hentry","nodate","item-wrap"],"_links":{"self":[{"href":"https:\/\/blog.espol.edu.ec\/jtmartin\/wp-json\/wp\/v2\/pages\/48","targetHints":{"allow":["GET"]}}],"collection":[{"href":"https:\/\/blog.espol.edu.ec\/jtmartin\/wp-json\/wp\/v2\/pages"}],"about":[{"href":"https:\/\/blog.espol.edu.ec\/jtmartin\/wp-json\/wp\/v2\/types\/page"}],"author":[{"embeddable":true,"href":"https:\/\/blog.espol.edu.ec\/jtmartin\/wp-json\/wp\/v2\/users\/10639"}],"replies":[{"embeddable":true,"href":"https:\/\/blog.espol.edu.ec\/jtmartin\/wp-json\/wp\/v2\/comments?post=48"}],"version-history":[{"count":1,"href":"https:\/\/blog.espol.edu.ec\/jtmartin\/wp-json\/wp\/v2\/pages\/48\/revisions"}],"predecessor-version":[{"id":49,"href":"https:\/\/blog.espol.edu.ec\/jtmartin\/wp-json\/wp\/v2\/pages\/48\/revisions\/49"}],"wp:attachment":[{"href":"https:\/\/blog.espol.edu.ec\/jtmartin\/wp-json\/wp\/v2\/media?parent=48"}],"curies":[{"name":"wp","href":"https:\/\/api.w.org\/{rel}","templated":true}]}}