{"id":51,"date":"2016-11-14T15:24:40","date_gmt":"2016-11-14T15:24:40","guid":{"rendered":"http:\/\/blog.espol.edu.ec\/jtmartin\/?page_id=51"},"modified":"2016-11-14T15:24:40","modified_gmt":"2016-11-14T15:24:40","slug":"apariencia-sentidos-y-comunicacion","status":"publish","type":"page","link":"https:\/\/blog.espol.edu.ec\/jtmartin\/apariencia-sentidos-y-comunicacion\/","title":{"rendered":"Apariencia, sentidos y comunicaci\u00f3n"},"content":{"rendered":"<p><strong>PELAJE:<\/strong><\/p>\n<p>Respecto de colores, pueden ser de un solo color, de dos colores, como blanco y negro, blanco y naranja, pardo y blanco o gris y blanco. Los gatos tricolores o de hasta 4 colores son exclusivamente hembras, o bien si son machos, son est\u00e9riles.<\/p>\n<p>El tipo de pelo va desde el muy corto, el rizado, el pelo corto normal con 1 solo color o con las puntas de otro color, el pelo semilargo, hasta el pelo m\u00e1s largo procedente de cruces con bosque de noruega, persa o cualquier otra raza de pelo largo.<\/p>\n<p align=\"center\"><img loading=\"lazy\" decoding=\"async\" src=\"http:\/\/www.monografias.com\/trabajos65\/felinos-gatos\/felinos-gatos_image004.jpg\" width=\"139\" height=\"188\" align=\"middle\" hspace=\"12\" \/><\/p>\n<p><strong>OREJAS:<\/strong><\/p>\n<p>Treinta y dos <a id=\"autolink\" class=\"autolink\" href=\"http:\/\/www.monografias.com\/trabajos57\/sistema-muscular\/sistema-muscular.shtml\">m\u00fasculos<\/a> individuales en la oreja le permiten o\u00edr direccionalmente. Puede mover cada oreja independientemente de la otra. La mayor\u00eda posee orejas rectas y erguidas.\u00a0 Cuando est\u00e1 enojado o atemorizado, instintivamente reclinar\u00e1 sus orejas hacia atr\u00e1s, cubriendo los canales auditivos.<\/p>\n<p><strong>METABOLISMO:<\/strong><\/p>\n<p>Conservan la energ\u00eda\u00a0durmiendo\u00a0m\u00e1s que cualquier otro animal. Es com\u00fan en ellos las largas siestas, usualmente de 13 a 14 horas como promedio de duraci\u00f3n. Algunos pueden dormir hasta 20 horas ininterrumpidas.<\/p>\n<p>Su temperamento puede variar dependiendo de la raza y la sociabilidad del animal. Los de pelo corto tienden a ser delgados y <a id=\"autolink\" class=\"autolink\" href=\"http:\/\/www.monografias.com\/trabajos11\/contabm\/contabm.shtml\">activos<\/a>, mientras que los de pelo largo generalmente son m\u00e1s pesados y menos en\u00e9rgicos.<\/p>\n<p>Normalmente, su <a id=\"autolink\" class=\"autolink\" href=\"http:\/\/www.monografias.com\/trabajos\/termodinamica\/termodinamica.shtml\">temperatura<\/a> corporal ronda entre los 38 y 39\u00a0\u00baC\u00a0Se considera que tiene\u00a0<a id=\"autolink\" class=\"autolink\" href=\"http:\/\/www.monografias.com\/trabajos38\/fiebre\/fiebre.shtml\">fiebre<\/a>\u00a0si su temperatura es mayor o igual a los 39,5 \u00baC, o bajo\u00a0hipotermia\u00a0si es menor a los 37.5 \u00baC.<\/p>\n<p align=\"center\"><img loading=\"lazy\" decoding=\"async\" src=\"http:\/\/www.monografias.com\/trabajos65\/felinos-gatos\/felinos-gatos_image005.jpg\" width=\"213\" height=\"160\" align=\"middle\" hspace=\"12\" \/><\/p>\n<p><strong>PATAS:<\/strong><\/p>\n<p>Una creencia popular sostiene que siempre aterrizan sobre sus patas, lo cual hacen generalmente, pero no siempre: durante una ca\u00edda, un gato puede girar y enderezar por reflejo su cuerpo utilizando su sentido del equilibro y su gran flexibilidad. Este reflejo se denomina de enderezamiento.<\/p>\n<p>Al igual que los <a id=\"autolink\" class=\"autolink\" href=\"http:\/\/www.monografias.com\/trabajos12\/perro\/perro.shtml\">perros<\/a>, son\u00a0digit\u00edgrados: caminan directamente sobre los dedos de sus patas. Son capaces de caminar minuciosamente.<\/p>\n<p align=\"center\"><img loading=\"lazy\" decoding=\"async\" src=\"http:\/\/www.monografias.com\/trabajos65\/felinos-gatos\/felinos-gatos_image006.jpg\" width=\"164\" height=\"124\" align=\"middle\" hspace=\"12\" \/><\/p>\n<p>Como muchos\u00a0depredadores, tienen garras retr\u00e1ctiles. Este t\u00e9rmino es err\u00f3neo debido a que, en una posici\u00f3n relajada, las garras est\u00e1n cubiertas por la <a id=\"autolink\" class=\"autolink\" href=\"http:\/\/www.monografias.com\/trabajos10\/protoco\/protoco.shtml#CINCO\">piel<\/a> que rodea las almohadillas de los dedos. Esto es para conservar filosas las garras, previniendo el desgaste por contacto con el terreno. S\u00f3lo estirando o golpeando a la presa con las patas logran tensar los tendones que las operan, forzando as\u00ed la extensi\u00f3n de las garras.<\/p>\n<p align=\"center\"><img loading=\"lazy\" decoding=\"async\" src=\"http:\/\/www.monografias.com\/trabajos65\/felinos-gatos\/felinos-gatos_image007.jpg\" width=\"211\" height=\"156\" align=\"middle\" hspace=\"12\" \/><\/p>\n<p style=\"text-align: center\"><em><strong>SENTIDOS:<\/strong><\/em><\/p>\n<p><strong>VISI\u00d3N:<\/strong><\/p>\n<p align=\"center\"><img loading=\"lazy\" decoding=\"async\" src=\"http:\/\/www.monografias.com\/trabajos65\/felinos-gatos\/felinos-gatos_image008.jpg\" width=\"226\" height=\"93\" align=\"middle\" hspace=\"12\" \/><\/p>\n<p align=\"center\">Diferentes <a id=\"autolink\" class=\"autolink\" href=\"http:\/\/www.monografias.com\/trabajos11\/metods\/metods.shtml#ANALIT\">an\u00e1lisis<\/a> indican que su visi\u00f3n es superior, durante la\u00a0noche, a la de los humanos, e inferior a la de \u00e9stos durante el\u00a0d\u00eda. Como los perros, poseen un\u00a0<i>tapetum lucidum<\/i>\u00a0que refleja la luz adicional hacia la retina.<\/p>\n<p>El gato tiene la capacidad de utilizar al m\u00e1ximo la tenue luz visible y adem\u00e1s existe la certeza de que pueden ver en el\u00a0infrarrojo\u00a0cercano. En promedio posee un campo visual estimado de 200\u00ba, mientras que en los humanos es de 180\u00ba. La capacidad de su campo visual depende del emplazamiento de los ojos, aunque tambi\u00e9n podr\u00eda estar relacionado con las caracter\u00edsticas f\u00edsicas del ojo. En vez de una\u00a0f\u00f3vea\u00a0<a id=\"autolink\" class=\"autolink\" href=\"http:\/\/www.monografias.com\/trabajos14\/opticatp\/opticatp.shtml\">\u00f3ptica<\/a>, la cual le otorga agudeza visual a los humanos, poseen una banda central conocida como\u00a0<i>raya visual.<\/i><\/p>\n<p>Poseen un tercer p\u00e1rpado, la\u00a0membrana nictitante: una delgada l\u00e1mina opaca que act\u00faa como protecci\u00f3n adicional. Esta membrana se cierra parcialmente si est\u00e1 enfermo; sin embargo, cuando est\u00e1 somnoliento \u00e9sta tambi\u00e9n puede ser visible.<\/p>\n<p><strong>AUDICI\u00d3N:<\/strong><\/p>\n<p align=\"center\"><img loading=\"lazy\" decoding=\"async\" src=\"http:\/\/www.monografias.com\/trabajos65\/felinos-gatos\/felinos-gatos_image009.jpg\" width=\"201\" height=\"150\" align=\"middle\" hspace=\"12\" \/><\/p>\n<p>Los humanos y los gatos poseen un rango de audici\u00f3n similar. Sin embargo, los gatos pueden o\u00edr sonidos a tonos mucho m\u00e1s altos, incluso mejor que los perros. Pueden escuchar 2\u00a0octavas\u00a0m\u00e1s alto que los humanos.<\/p>\n<p>Cuando est\u00e1n escuchando algo, sus orejas rotan en esa <a id=\"autolink\" class=\"autolink\" href=\"http:\/\/www.monografias.com\/trabajos15\/direccion\/direccion.shtml\">direcci\u00f3n<\/a>. Cuando detectan un <a id=\"autolink\" class=\"autolink\" href=\"http:\/\/www.monografias.com\/trabajos5\/elso\/elso.shtml\">sonido<\/a> fuerte es muy probable que salgan asustados y si no llega a ser tan fuerte simplemente repliegan las orejas hacia la nuca.<\/p>\n<p><strong>OLFATO:<\/strong><\/p>\n<p>El sentido del olfato en el gato dom\u00e9stico es catorce veces m\u00e1s fino que el del humano, adem\u00e1s de poseer el doble de <a id=\"autolink\" class=\"autolink\" href=\"http:\/\/www.monografias.com\/trabajos\/celula\/celula.shtml\">c\u00e9lulas<\/a> olfativas en sus narices que una <a id=\"autolink\" class=\"autolink\" href=\"http:\/\/www.monografias.com\/trabajos7\/perde\/perde.shtml\">persona<\/a> promedio. Tambi\u00e9n poseen un\u00a0\u00f3rgano\u00a0sensitivo en el paladar llamado\u00a0<i>\u00f3rgano de Jacobson<\/i><\/p>\n<p>Utiliza un <a id=\"autolink\" class=\"autolink\" href=\"http:\/\/www.monografias.com\/trabajos15\/kinesiologia-biomecanica\/kinesiologia-biomecanica.shtml\">movimiento<\/a> facial caracter\u00edstico llamado\u00a0<i>reflejo de Flehmen<\/i>\u00a0para enviar compuestos qu\u00edmicos a este \u00f3rgano.<\/p>\n<p align=\"center\"><img loading=\"lazy\" decoding=\"async\" src=\"http:\/\/www.monografias.com\/trabajos65\/felinos-gatos\/felinos-gatos_image010.jpg\" width=\"112\" height=\"151\" align=\"middle\" hspace=\"12\" \/><\/p>\n<p><strong>TACTO:<\/strong><\/p>\n<p>Poseen cerca de una docena de cerdas sensitivas denominadas \"vibrisas\" en el labio superior y algunos en las mejillas, sobre los ojos y en el ment\u00f3n<\/p>\n<p>Estas cerdas transmiten impulsos el\u00e9ctricos relacionados con impresiones t\u00e1ctiles a la regi\u00f3n somato sensorial de la corteza\u00a0cerebral<\/p>\n<p align=\"center\"><img loading=\"lazy\" decoding=\"async\" src=\"http:\/\/www.monografias.com\/trabajos65\/felinos-gatos\/felinos-gatos_image011.jpg\" width=\"181\" height=\"136\" align=\"middle\" hspace=\"12\" \/><\/p>\n<p>\u00a0Las vibrisas pueden detectar peque\u00f1as variaciones en el\u00a0viento, permiti\u00e9ndole saber si se encuentra ante alg\u00fan obst\u00e1culo, sin necesidad de visualizarlo. La longitud de las vibrisas, al superar el ancho y la altura del cuerpo del animal, le permiten saber si pueden atravesar una abertura con el tama\u00f1o de su cuerpo.<\/p>\n<p>La posici\u00f3n de las vibrisas indican su estado de animo: apuntan hacia adelante si su <a id=\"autolink\" class=\"autolink\" href=\"http:\/\/www.monografias.com\/trabajos5\/psicoso\/psicoso.shtml#acti\">actitud<\/a> es amigable y curiosa; y se posicionan hacia atr\u00e1s -sobre su cara- si su actitud es agresiva o defensiva.<\/p>\n<p>Adem\u00e1s se ha demostrado que tambi\u00e9n utilizan las vibrisas para determinar si la presa que han mordido est\u00e1 ya muerta<\/p>\n<p><strong>GUSTO:<\/strong><\/p>\n<p>No pueden percibir el sabor dulce de los <a id=\"autolink\" class=\"autolink\" href=\"http:\/\/www.monografias.com\/trabajos7\/alim\/alim.shtml\">alimentos<\/a> debido a la falta de un gen receptor. Algunos cient\u00edficos creen que esta caracter\u00edstica est\u00e1 relacionada con su dieta, la cual es naturalmente alta en <a id=\"autolink\" class=\"autolink\" href=\"http:\/\/www.monografias.com\/trabajos10\/compo\/compo.shtml\">prote\u00ednas<\/a>; sin embargo, todav\u00eda es incierta la causa o el resultado de esta particularidad.<\/p>\n<p align=\"center\"><img loading=\"lazy\" decoding=\"async\" src=\"http:\/\/www.monografias.com\/trabajos65\/felinos-gatos\/felinos-gatos_image012.jpg\" width=\"108\" height=\"144\" align=\"middle\" hspace=\"12\" \/><\/p>\n<p style=\"text-align: center\"><em><strong>COMUNICACI\u00d3N:<\/strong><\/em><\/p>\n<p><strong>MAULLIDO:<\/strong><\/p>\n<p align=\"center\"><img loading=\"lazy\" decoding=\"async\" src=\"http:\/\/www.monografias.com\/trabajos65\/felinos-gatos\/felinos-gatos_image013.jpg\" width=\"191\" height=\"143\" align=\"middle\" hspace=\"12\" \/><\/p>\n<p>Es el sonido t\u00edpico que caracteriza a un gato. La pronunciaci\u00f3n de esta llamada var\u00eda significativamente dependiendo de su prop\u00f3sito. Usualmente vocalizan indicando sufrimiento, solicitando <a id=\"autolink\" class=\"autolink\" href=\"http:\/\/www.monografias.com\/trabajos14\/deficitsuperavit\/deficitsuperavit.shtml\">atenci\u00f3n<\/a> humana o como un saludo.<\/p>\n<p>Son capaces de emitir cerca de 100 tipos de vocalizaciones diferentes, incluyendo sonidos que se asemejan al\u00a0lenguaje humano. Los machos tienen una voz m\u00e1s fuerte y grave que las hembras<\/p>\n<p>Existen varios tipos de maullidos. El maullido que emiten los cachorros cuando acaban de nacer o de ser molestados mientras duermen es para que la madre los identifique. Otro maullido que utiliza el gato es el de llamar a la gata o al gato<\/p>\n<p>Tambi\u00e9n se comunican a trav\u00e9s de un gru\u00f1ido que utilizan cuando se pelean, para intimidar a su rival. A la vez levantan el pelo para parecerle m\u00e1s grande. Y para demostrar afecto, ronronean. Normalmente, las hembras lo hacen tambi\u00e9n cuando amamantan a la camada.<\/p>\n<p><strong>RONRONEO:<\/strong><\/p>\n<p>Puede\u00a0<i>ronronear<\/i>, indicando t\u00edpicamente que el animal est\u00e1 bajo un estado de placidez. Sin embargo, tambi\u00e9n puede significar que est\u00e1 angustiado, afligido o experimentando dolor. Ronronean ante la presencia de otros gatos. Actualmente se cree que el ronroneo es el resultado de impulsos r\u00edtmicos hacia su\u00a0laringe.<\/p>\n<p>Puede ronronear y maullar simult\u00e1neamente. Adicionalmente al ronroneo, en estado de relajaci\u00f3n pueden parpadear lentamente o cerrar parcialmente sus ojos, indicando tranquilidad. De todas maneras, el ronroneo puede ser una forma para calmarse a s\u00ed mismo, por ejemplo, cuando est\u00e1n lastimados<\/p>\n<p align=\"center\"><img loading=\"lazy\" decoding=\"async\" src=\"http:\/\/www.monografias.com\/trabajos65\/felinos-gatos\/felinos-gatos_image014.jpg\" width=\"235\" height=\"174\" align=\"middle\" hspace=\"12\" \/><\/p>\n<p>Leer m\u00e1s: <a href=\"http:\/\/www.monografias.com\/trabajos65\/felinos-gatos\/felinos-gatos2.shtml#xrazas#ixzz4PzsGxM4O\">http:\/\/www.monografias.com\/trabajos65\/felinos-gatos\/felinos-gatos2.shtml#xrazas#ixzz4PzsGxM4O<\/a><\/p>\n","protected":false},"excerpt":{"rendered":"<p>PELAJE: Respecto de colores, pueden ser de un solo color, de dos colores, como blanco y negro, blanco y naranja, pardo y blanco o gris y blanco. Los gatos tricolores o de hasta 4 colores son exclusivamente hembras, o bien si son machos, son est\u00e9riles. El tipo de pelo va desde el muy corto, el &hellip; <\/p>\n<p><a class=\"more-link btn\" href=\"https:\/\/blog.espol.edu.ec\/jtmartin\/apariencia-sentidos-y-comunicacion\/\">Seguir leyendo<\/a><\/p>\n","protected":false},"author":10639,"featured_media":0,"parent":0,"menu_order":0,"comment_status":"closed","ping_status":"closed","template":"","meta":{"footnotes":""},"class_list":["post-51","page","type-page","status-publish","hentry","nodate","item-wrap"],"_links":{"self":[{"href":"https:\/\/blog.espol.edu.ec\/jtmartin\/wp-json\/wp\/v2\/pages\/51","targetHints":{"allow":["GET"]}}],"collection":[{"href":"https:\/\/blog.espol.edu.ec\/jtmartin\/wp-json\/wp\/v2\/pages"}],"about":[{"href":"https:\/\/blog.espol.edu.ec\/jtmartin\/wp-json\/wp\/v2\/types\/page"}],"author":[{"embeddable":true,"href":"https:\/\/blog.espol.edu.ec\/jtmartin\/wp-json\/wp\/v2\/users\/10639"}],"replies":[{"embeddable":true,"href":"https:\/\/blog.espol.edu.ec\/jtmartin\/wp-json\/wp\/v2\/comments?post=51"}],"version-history":[{"count":1,"href":"https:\/\/blog.espol.edu.ec\/jtmartin\/wp-json\/wp\/v2\/pages\/51\/revisions"}],"predecessor-version":[{"id":52,"href":"https:\/\/blog.espol.edu.ec\/jtmartin\/wp-json\/wp\/v2\/pages\/51\/revisions\/52"}],"wp:attachment":[{"href":"https:\/\/blog.espol.edu.ec\/jtmartin\/wp-json\/wp\/v2\/media?parent=51"}],"curies":[{"name":"wp","href":"https:\/\/api.w.org\/{rel}","templated":true}]}}