{"id":2,"date":"2016-05-13T18:53:23","date_gmt":"2016-05-13T18:53:23","guid":{"rendered":"http:\/\/blog.espol.edu.ec\/juajtriv\/?page_id=2"},"modified":"2016-05-24T03:12:58","modified_gmt":"2016-05-24T03:12:58","slug":"costa","status":"publish","type":"page","link":"https:\/\/blog.espol.edu.ec\/juajtriv\/costa\/","title":{"rendered":"Costa"},"content":{"rendered":"<p style=\"text-align: center\"><strong>Salinas<\/strong><\/p>\n<p>&nbsp;<\/p>\n<p><b>Salinas<\/b> es una <a title=\"Ciudad\" href=\"https:\/\/es.wikipedia.org\/wiki\/Ciudad\">ciudad<\/a> <a title=\"Ecuador\" href=\"https:\/\/es.wikipedia.org\/wiki\/Ecuador\">ecuatoriana<\/a>, de la <a title=\"Provincia de Santa Elena\" href=\"https:\/\/es.wikipedia.org\/wiki\/Provincia_de_Santa_Elena\">Provincia de Santa Elena<\/a>. Es la cabecera cantonal del <a title=\"Cant\u00f3n Salinas\" href=\"https:\/\/es.wikipedia.org\/wiki\/Cant%C3%B3n_Salinas\">Cant\u00f3n Salinas<\/a>. Tiene una poblaci\u00f3n de 34 719 habitantes y su superficial urbana se divide en 4 parroquias. Est\u00e1 ubicada al extremo occidental del pa\u00eds; formando parte del conglomerado urbano de la puntilla de Santa Elena, junto con <a title=\"La Libertad (Ecuador)\" href=\"https:\/\/es.wikipedia.org\/wiki\/La_Libertad_(Ecuador)\">La Libertad<\/a>, <a title=\"Santa Elena (Ecuador)\" href=\"https:\/\/es.wikipedia.org\/wiki\/Santa_Elena_(Ecuador)\">Santa Elena<\/a>, Jos\u00e9 Luis Tamayo y Ballenita. Es conocida por sus <a title=\"Playa\" href=\"https:\/\/es.wikipedia.org\/wiki\/Playa\">playas<\/a>, por lo que la ciudad es considerada el <a title=\"Balneario\" href=\"https:\/\/es.wikipedia.org\/wiki\/Balneario\">balneario<\/a> m\u00e1s importante del pa\u00eds.<\/p>\n<p><a href=\"https:\/\/es.wikipedia.org\/wiki\/Salinas_(Ecuador)\" target=\"_blank\">https:\/\/es.wikipedia.org\/wiki\/Salinas_(Ecuador)<\/a><\/p>\n<p>&nbsp;<\/p>\n<p><img loading=\"lazy\" decoding=\"async\" class=\"aligncenter size-medium wp-image-23\" src=\"http:\/\/blog.espol.edu.ec\/juajtriv\/files\/2016\/05\/Chipipe-Beach-and-Salinas-Bay-300x109.gif\" alt=\"Chipipe-Beach-and-Salinas-Bay\" width=\"300\" height=\"109\" srcset=\"https:\/\/blog.espol.edu.ec\/juajtriv\/files\/2016\/05\/Chipipe-Beach-and-Salinas-Bay-300x109.gif 300w, https:\/\/blog.espol.edu.ec\/juajtriv\/files\/2016\/05\/Chipipe-Beach-and-Salinas-Bay-768x280.gif 768w\" sizes=\"auto, (max-width: 300px) 100vw, 300px\" \/><\/p>\n<p><img loading=\"lazy\" decoding=\"async\" class=\"size-medium wp-image-24 aligncenter\" src=\"http:\/\/blog.espol.edu.ec\/juajtriv\/files\/2016\/05\/de-sal1-300x181.jpg\" alt=\"Playas de Ecuador\" width=\"300\" height=\"181\" srcset=\"https:\/\/blog.espol.edu.ec\/juajtriv\/files\/2016\/05\/de-sal1-300x181.jpg 300w, https:\/\/blog.espol.edu.ec\/juajtriv\/files\/2016\/05\/de-sal1-768x464.jpg 768w, https:\/\/blog.espol.edu.ec\/juajtriv\/files\/2016\/05\/de-sal1.jpg 850w\" sizes=\"auto, (max-width: 300px) 100vw, 300px\" \/><\/p>\n<p>&nbsp;<\/p>\n<p style=\"text-align: center\"><strong>Playas<\/strong><\/p>\n<p style=\"text-align: left\">\n<p><b>General Villamil<\/b>, mejor conocida como <b>Playas<\/b>, es una ciudad de la <a title=\"Provincias de Ecuador\" href=\"https:\/\/es.wikipedia.org\/wiki\/Provincias_de_Ecuador\">provincia<\/a> del <a class=\"mw-redirect\" title=\"Guayas\" href=\"https:\/\/es.wikipedia.org\/wiki\/Guayas\">Guayas<\/a> en la <a title=\"Ecuador\" href=\"https:\/\/es.wikipedia.org\/wiki\/Ecuador\">Rep\u00fablica del Ecuador<\/a>. Est\u00e1 situada en el sudoeste del pa\u00eds, a orillas del <a title=\"Oc\u00e9ano Pac\u00edfico\" href=\"https:\/\/es.wikipedia.org\/wiki\/Oc%C3%A9ano_Pac%C3%ADfico\">oc\u00e9ano Pac\u00edfico<\/a>, a unos 96 kil\u00f3metros de la ciudad de <a title=\"Guayaquil\" href=\"https:\/\/es.wikipedia.org\/wiki\/Guayaquil\">Guayaquil<\/a>. Su poblaci\u00f3n es de 34.409 habitantes hasta el a\u00f1o(2010), aunque esta cifra aumenta en <a title=\"Verano\" href=\"https:\/\/es.wikipedia.org\/wiki\/Verano\">verano<\/a> por la presencia de tur\u00edstas, debido a su condici\u00f3n de <a title=\"Balneario\" href=\"https:\/\/es.wikipedia.org\/wiki\/Balneario\">balneario<\/a>.<\/p>\n<p>Desde su fundaci\u00f3n, Playas fue un importante puerto para <a class=\"mw-redirect\" title=\"Pescador\" href=\"https:\/\/es.wikipedia.org\/wiki\/Pescador\">pescadores<\/a>, condici\u00f3n que mantiene hasta la actualidad. A comienzos del <a title=\"Siglo XX\" href=\"https:\/\/es.wikipedia.org\/wiki\/Siglo_XX\">siglo XX<\/a>, la inversi\u00f3n de personas con cierto poder pol\u00edtico de Guayaquil, impuls\u00f3 el proyecto de convertir a Playas en un balneario. Para <a title=\"1910\" href=\"https:\/\/es.wikipedia.org\/wiki\/1910\">1910<\/a>, Playas se constituy\u00f3 como <a title=\"Parroquia (civil)\" href=\"https:\/\/es.wikipedia.org\/wiki\/Parroquia_(civil)\">parroquia<\/a> rural y finalmente en <a title=\"1989\" href=\"https:\/\/es.wikipedia.org\/wiki\/1989\">1989<\/a> alcanz\u00f3 su<a class=\"mw-redirect\" title=\"Cantones de Ecuador\" href=\"https:\/\/es.wikipedia.org\/wiki\/Cantones_de_Ecuador\">cantonizaci\u00f3n<\/a>, dejando de ser parroquia del Cant\u00f3n Guayaquil. Despu\u00e9s de la creaci\u00f3n de la provincia de <a class=\"mw-redirect\" title=\"Santa Elena (cant\u00f3n)\" href=\"https:\/\/es.wikipedia.org\/wiki\/Santa_Elena_(cant%C3%B3n)\">Santa Elena<\/a> en el<a title=\"2007\" href=\"https:\/\/es.wikipedia.org\/wiki\/2007\">2007<\/a>, el Cant\u00f3n Playas se constituy\u00f3 como el \u00fanico balneario de provincia del <a class=\"mw-redirect\" title=\"Provincia de Guayas\" href=\"https:\/\/es.wikipedia.org\/wiki\/Provincia_de_Guayas\">Guayas<\/a>, lo cual proporcion\u00f3 una mejor inversi\u00f3n sobre esta ciudad en su infraestructura tur\u00edstica.<\/p>\n<p><a href=\"https:\/\/es.wikipedia.org\/wiki\/General_Villamil\" target=\"_blank\">https:\/\/es.wikipedia.org\/wiki\/General_Villamil<\/a><\/p>\n<p>&nbsp;<\/p>\n<p style=\"text-align: center\"><img loading=\"lazy\" decoding=\"async\" class=\"aligncenter size-medium wp-image-31\" src=\"http:\/\/blog.espol.edu.ec\/juajtriv\/files\/2016\/05\/60463583-300x191.jpg\" alt=\"60463583\" width=\"300\" height=\"191\" srcset=\"https:\/\/blog.espol.edu.ec\/juajtriv\/files\/2016\/05\/60463583-300x191.jpg 300w, https:\/\/blog.espol.edu.ec\/juajtriv\/files\/2016\/05\/60463583-768x488.jpg 768w, https:\/\/blog.espol.edu.ec\/juajtriv\/files\/2016\/05\/60463583-1024x651.jpg 1024w, https:\/\/blog.espol.edu.ec\/juajtriv\/files\/2016\/05\/60463583.jpg 1200w\" sizes=\"auto, (max-width: 300px) 100vw, 300px\" \/><\/p>\n<p style=\"text-align: center\"><img loading=\"lazy\" decoding=\"async\" class=\"aligncenter size-medium wp-image-32\" src=\"http:\/\/blog.espol.edu.ec\/juajtriv\/files\/2016\/05\/General-Villamil-02-300x109.jpg\" alt=\"General-Villamil-02\" width=\"300\" height=\"109\" srcset=\"https:\/\/blog.espol.edu.ec\/juajtriv\/files\/2016\/05\/General-Villamil-02-300x109.jpg 300w, https:\/\/blog.espol.edu.ec\/juajtriv\/files\/2016\/05\/General-Villamil-02-768x279.jpg 768w, https:\/\/blog.espol.edu.ec\/juajtriv\/files\/2016\/05\/General-Villamil-02.jpg 960w\" sizes=\"auto, (max-width: 300px) 100vw, 300px\" \/><\/p>\n<p style=\"text-align: center\">\n<p style=\"text-align: center\"><strong>Monta\u00f1ita<\/strong><\/p>\n<p style=\"text-align: center\">\n<p><b>Monta\u00f1ita<\/b> es una zona no delimitada de <a title=\"Comuna\" href=\"https:\/\/es.wikipedia.org\/wiki\/Comuna\">comuna<\/a> de pescadores de la Parroquia Manglaralto, en las costas <a title=\"Ecuador\" href=\"https:\/\/es.wikipedia.org\/wiki\/Ecuador\">ecuatorianas<\/a> y en el cant\u00f3n<a title=\"Provincia de Santa Elena\" href=\"https:\/\/es.wikipedia.org\/wiki\/Provincia_de_Santa_Elena\">Santa Elena<\/a> de la provincia del mismo nombre en el <a title=\"Ecuador\" href=\"https:\/\/es.wikipedia.org\/wiki\/Ecuador\">Ecuador<\/a> y por donde pasa la carretera de la <a title=\"Ruta del Sol\" href=\"https:\/\/es.wikipedia.org\/wiki\/Ruta_del_Sol\">Ruta del Sol<\/a> o \"Ruta del Spondylus\". Se encuentra a solamente 200 <a class=\"mw-redirect\" title=\"Km\" href=\"https:\/\/es.wikipedia.org\/wiki\/Km\">Km<\/a> de la ciudad de <a title=\"Guayaquil\" href=\"https:\/\/es.wikipedia.org\/wiki\/Guayaquil\">Guayaquil<\/a>, frente a la costa del <a title=\"Oc\u00e9ano Pac\u00edfico\" href=\"https:\/\/es.wikipedia.org\/wiki\/Oc%C3%A9ano_Pac%C3%ADfico\">Oc\u00e9ano Pac\u00edfico<\/a>, en la costa occidental de <a title=\"Am\u00e9rica del Sur\" href=\"https:\/\/es.wikipedia.org\/wiki\/Am%C3%A9rica_del_Sur\">Am\u00e9rica del Sur.<\/a><\/p>\n<p>Monta\u00f1ita toma su nombre por estar ubicada en una ensenada rodeada por cerros y vegetaci\u00f3n al pie del mar, como un valle con una playa extensa, actualmente es un balneario tur\u00edstico internacional visitado por j\u00f3venes que practican el turismo de aventura y surfistas, sus olas derechas perfectas que llegan hasta los 2.5 <a title=\"Metro\" href=\"https:\/\/es.wikipedia.org\/wiki\/Metro\">m<\/a> atraen a turistas de todo el mundo.<\/p>\n<p><a href=\"https:\/\/es.wikipedia.org\/wiki\/Monta%C3%B1ita\" target=\"_blank\">https:\/\/es.wikipedia.org\/wiki\/Monta%C3%B1ita<\/a><\/p>\n<p>&nbsp;<\/p>\n<p style=\"text-align: center\"><img loading=\"lazy\" decoding=\"async\" class=\"aligncenter size-medium wp-image-33\" src=\"http:\/\/blog.espol.edu.ec\/juajtriv\/files\/2016\/05\/montanita-4-300x225.jpg\" alt=\"montanita-4\" width=\"300\" height=\"225\" srcset=\"https:\/\/blog.espol.edu.ec\/juajtriv\/files\/2016\/05\/montanita-4-300x225.jpg 300w, https:\/\/blog.espol.edu.ec\/juajtriv\/files\/2016\/05\/montanita-4-768x576.jpg 768w, https:\/\/blog.espol.edu.ec\/juajtriv\/files\/2016\/05\/montanita-4-1024x768.jpg 1024w, https:\/\/blog.espol.edu.ec\/juajtriv\/files\/2016\/05\/montanita-4.jpg 2048w\" sizes=\"auto, (max-width: 300px) 100vw, 300px\" \/><\/p>\n<p style=\"text-align: center\"><img loading=\"lazy\" decoding=\"async\" class=\"aligncenter size-medium wp-image-34\" src=\"http:\/\/blog.espol.edu.ec\/juajtriv\/files\/2016\/05\/montanita-10-300x134.jpg\" alt=\"montanita-10\" width=\"300\" height=\"134\" srcset=\"https:\/\/blog.espol.edu.ec\/juajtriv\/files\/2016\/05\/montanita-10-300x134.jpg 300w, https:\/\/blog.espol.edu.ec\/juajtriv\/files\/2016\/05\/montanita-10-768x343.jpg 768w, https:\/\/blog.espol.edu.ec\/juajtriv\/files\/2016\/05\/montanita-10.jpg 1007w\" sizes=\"auto, (max-width: 300px) 100vw, 300px\" \/><\/p>\n<p style=\"text-align: center\">\n<p style=\"text-align: center\"><strong>Guayaquil<\/strong><\/p>\n<p style=\"text-align: center\">\n<p style=\"text-align: left\"><b>Guayaquil<\/b>, (oficialmente <b>Santiago de Guayaquil<\/b>) es la ciudad m\u00e1s poblada y la m\u00e1s grande de la <a title=\"Ecuador\" href=\"https:\/\/es.wikipedia.org\/wiki\/Ecuador\">Rep\u00fablica del Ecuador<\/a>; con una poblaci\u00f3n en su <a title=\"\u00c1rea metropolitana\" href=\"https:\/\/es.wikipedia.org\/wiki\/%C3%81rea_metropolitana\">\u00e1rea metropolitana<\/a> cercana a los 3.113.725 habitantes. El <a title=\"Conurbaci\u00f3n de Guayaquil\" href=\"https:\/\/es.wikipedia.org\/wiki\/Conurbaci%C3%B3n_de_Guayaquil\">\u00e1rea urbana de Guayaquil<\/a>, tambi\u00e9n conocido como <b>Gran Guayaquil<\/b>, se alinea entre las <a class=\"mw-redirect\" title=\"Anexo:Ciudades m\u00e1s grandes del mundo\" href=\"https:\/\/es.wikipedia.org\/wiki\/Anexo:Ciudades_m%C3%A1s_grandes_del_mundo\">ciudades m\u00e1s grandes de Am\u00e9rica Latina<\/a>. Es adem\u00e1s un importante centro de comercio con influencia a nivel regional en el \u00e1mbito <a title=\"Comercio\" href=\"https:\/\/es.wikipedia.org\/wiki\/Comercio\">comercial<\/a>, de <a title=\"Finanzas\" href=\"https:\/\/es.wikipedia.org\/wiki\/Finanzas\">finanzas<\/a>, <a title=\"Pol\u00edtica\" href=\"https:\/\/es.wikipedia.org\/wiki\/Pol%C3%ADtica\">pol\u00edtico<\/a>, <a title=\"Cultura\" href=\"https:\/\/es.wikipedia.org\/wiki\/Cultura\">cultural<\/a> y de <a title=\"Entretenimiento\" href=\"https:\/\/es.wikipedia.org\/wiki\/Entretenimiento\">entretenimiento<\/a>. La ciudad es la<a title=\"Cabecera cantonal\" href=\"https:\/\/es.wikipedia.org\/wiki\/Cabecera_cantonal\">cabecera cantonal<\/a> del <a class=\"mw-redirect\" title=\"Guayaquil (cant\u00f3n)\" href=\"https:\/\/es.wikipedia.org\/wiki\/Guayaquil_(cant%C3%B3n)\">cant\u00f3n hom\u00f3nimo<\/a> y la capital de la provincia del <a class=\"mw-redirect\" title=\"Provincia de Guayas\" href=\"https:\/\/es.wikipedia.org\/wiki\/Provincia_de_Guayas\">Guayas<\/a>. Localizada en la <a title=\"Oc\u00e9ano Pac\u00edfico\" href=\"https:\/\/es.wikipedia.org\/wiki\/Oc%C3%A9ano_Pac%C3%ADfico\">costa del Pac\u00edfico<\/a> en la <a class=\"mw-redirect\" title=\"Regi\u00f3n Litoral del Ecuador\" href=\"https:\/\/es.wikipedia.org\/wiki\/Regi%C3%B3n_Litoral_del_Ecuador\">regi\u00f3n litoral<\/a> de <a title=\"Ecuador\" href=\"https:\/\/es.wikipedia.org\/wiki\/Ecuador\">Ecuador<\/a>, el este de la ciudad est\u00e1 a orillas del <a title=\"R\u00edo Guayas\" href=\"https:\/\/es.wikipedia.org\/wiki\/R%C3%ADo_Guayas\">r\u00edo Guayas<\/a>, a unos 20 kil\u00f3metros de su desembocadura en el <a title=\"Oc\u00e9ano Pac\u00edfico\" href=\"https:\/\/es.wikipedia.org\/wiki\/Oc%C3%A9ano_Pac%C3%ADfico\">Oc\u00e9ano Pac\u00edfico<\/a>, mientras est\u00e1 rodeada por el <a title=\"Estero Salado\" href=\"https:\/\/es.wikipedia.org\/wiki\/Estero_Salado\">Estero Salado<\/a> en su parte suroccidental y el inicio de la <a class=\"mw-redirect\" title=\"Cordillera Chong\u00f3n Colonche\" href=\"https:\/\/es.wikipedia.org\/wiki\/Cordillera_Chong%C3%B3n_Colonche\">Cordillera Chong\u00f3n-Colonche<\/a>, una cadena de monta\u00f1as de media altitud, en el noroeste. El <a title=\"Golfo de Guayaquil\" href=\"https:\/\/es.wikipedia.org\/wiki\/Golfo_de_Guayaquil\">golfo de Guayaquil<\/a> es la entrante de agua m\u00e1s grande del <a title=\"Oc\u00e9ano Pac\u00edfico\" href=\"https:\/\/es.wikipedia.org\/wiki\/Oc%C3%A9ano_Pac%C3%ADfico\">Oc\u00e9ano Pac\u00edfico<\/a> en <a class=\"mw-redirect\" title=\"Sudam\u00e9rica\" href=\"https:\/\/es.wikipedia.org\/wiki\/Sudam%C3%A9rica\">Sudam\u00e9rica<\/a>. Sus salientes extremas se fijan en <a title=\"Cabo Blanco (Talara)\" href=\"https:\/\/es.wikipedia.org\/wiki\/Cabo_Blanco_(Talara)\">Cabo Blanco<\/a> en el <a title=\"Per\u00fa\" href=\"https:\/\/es.wikipedia.org\/wiki\/Per%C3%BA\">Per\u00fa<\/a> y la <a title=\"Provincia de Santa Elena\" href=\"https:\/\/es.wikipedia.org\/wiki\/Provincia_de_Santa_Elena\">Provincia de Santa Elena<\/a> en <a title=\"Ecuador\" href=\"https:\/\/es.wikipedia.org\/wiki\/Ecuador\">Ecuador<\/a>, cubriendo una distancia de 230 km.<\/p>\n<p style=\"text-align: left\"><a href=\"https:\/\/es.wikipedia.org\/wiki\/Guayaquil\" target=\"_blank\">https:\/\/es.wikipedia.org\/wiki\/Guayaquil<\/a><\/p>\n<p style=\"text-align: left\">\n<p style=\"text-align: center\"><img loading=\"lazy\" decoding=\"async\" class=\"aligncenter size-medium wp-image-35\" src=\"http:\/\/blog.espol.edu.ec\/juajtriv\/files\/2016\/05\/guayaquil-300x225.jpg\" alt=\"guayaquil\" width=\"300\" height=\"225\" srcset=\"https:\/\/blog.espol.edu.ec\/juajtriv\/files\/2016\/05\/guayaquil-300x225.jpg 300w, https:\/\/blog.espol.edu.ec\/juajtriv\/files\/2016\/05\/guayaquil.jpg 450w\" sizes=\"auto, (max-width: 300px) 100vw, 300px\" \/><\/p>\n<p style=\"text-align: center\"><img loading=\"lazy\" decoding=\"async\" class=\"aligncenter size-medium wp-image-36\" src=\"http:\/\/blog.espol.edu.ec\/juajtriv\/files\/2016\/05\/guitarr-300x181.jpg\" alt=\"guitarr\" width=\"300\" height=\"181\" srcset=\"https:\/\/blog.espol.edu.ec\/juajtriv\/files\/2016\/05\/guitarr-300x181.jpg 300w, https:\/\/blog.espol.edu.ec\/juajtriv\/files\/2016\/05\/guitarr.jpg 640w\" sizes=\"auto, (max-width: 300px) 100vw, 300px\" \/><\/p>\n<p style=\"text-align: center\"><img loading=\"lazy\" decoding=\"async\" class=\"aligncenter size-medium wp-image-37\" src=\"http:\/\/blog.espol.edu.ec\/juajtriv\/files\/2016\/05\/IMG_6447-300x166.jpg\" alt=\"IMG_6447\" width=\"300\" height=\"166\" srcset=\"https:\/\/blog.espol.edu.ec\/juajtriv\/files\/2016\/05\/IMG_6447-300x166.jpg 300w, https:\/\/blog.espol.edu.ec\/juajtriv\/files\/2016\/05\/IMG_6447-768x424.jpg 768w, https:\/\/blog.espol.edu.ec\/juajtriv\/files\/2016\/05\/IMG_6447.jpg 963w\" sizes=\"auto, (max-width: 300px) 100vw, 300px\" \/><\/p>\n<p style=\"text-align: center\">\n<p style=\"text-align: center\"><strong>Pedernales<\/strong><\/p>\n<p style=\"text-align: center\">\n<p style=\"text-align: left\"><b>Pedernales<\/b> es un cant\u00f3n de la <a title=\"Provincia de Manab\u00ed\" href=\"https:\/\/es.wikipedia.org\/wiki\/Provincia_de_Manab%C3%AD\">provincia de Manab\u00ed<\/a> en <a title=\"Ecuador\" href=\"https:\/\/es.wikipedia.org\/wiki\/Ecuador\">Ecuador<\/a>, tiene una poblaci\u00f3n de 55.128 habitantes.<sup id=\"cite_ref-1\" class=\"reference\"><a href=\"https:\/\/es.wikipedia.org\/wiki\/Cant%C3%B3n_Pedernales#cite_note-1\">1<\/a><\/sup> Su cabecera cantonal es la ciudad de <a class=\"new\" title=\"Pedernales (Ecuador) (a\u00fan no redactado)\" href=\"https:\/\/es.wikipedia.org\/w\/index.php?title=Pedernales_(Ecuador)&amp;action=edit&amp;redlink=1\">Pedernales<\/a>. El alcalde actual para el per\u00edodo 2014 - 2019 es Gabriel Alcivar Robles. La mayor\u00eda de la poblaci\u00f3n se dedica al turismo, ya que posee playas por ubicarse en la costa del <a title=\"Oc\u00e9ano Pac\u00edfico\" href=\"https:\/\/es.wikipedia.org\/wiki\/Oc%C3%A9ano_Pac%C3%ADfico\">oc\u00e9ano Pac\u00edfico<\/a>.<\/p>\n<p style=\"text-align: left\"><a href=\"https:\/\/es.wikipedia.org\/wiki\/Cant%C3%B3n_Pedernales\" target=\"_blank\">https:\/\/es.wikipedia.org\/wiki\/Cant%C3%B3n_Pedernales<\/a><\/p>\n<p style=\"text-align: left\">\n<p style=\"text-align: center\"><img loading=\"lazy\" decoding=\"async\" class=\"aligncenter size-medium wp-image-38\" src=\"http:\/\/blog.espol.edu.ec\/juajtriv\/files\/2016\/05\/Playas-pedernales-300x225.jpg\" alt=\"Playas-pedernales\" width=\"300\" height=\"225\" srcset=\"https:\/\/blog.espol.edu.ec\/juajtriv\/files\/2016\/05\/Playas-pedernales-300x225.jpg 300w, https:\/\/blog.espol.edu.ec\/juajtriv\/files\/2016\/05\/Playas-pedernales.jpg 501w\" sizes=\"auto, (max-width: 300px) 100vw, 300px\" \/><\/p>\n<p style=\"text-align: center\"><img loading=\"lazy\" decoding=\"async\" class=\"aligncenter size-medium wp-image-39\" src=\"http:\/\/blog.espol.edu.ec\/juajtriv\/files\/2016\/05\/turismo-y-aventura-en-la-playa-de-pedernales-300x224.jpg\" alt=\"turismo y aventura en la playa de pedernales\" width=\"300\" height=\"224\" srcset=\"https:\/\/blog.espol.edu.ec\/juajtriv\/files\/2016\/05\/turismo-y-aventura-en-la-playa-de-pedernales-300x224.jpg 300w, https:\/\/blog.espol.edu.ec\/juajtriv\/files\/2016\/05\/turismo-y-aventura-en-la-playa-de-pedernales.jpg 500w\" sizes=\"auto, (max-width: 300px) 100vw, 300px\" \/><\/p>\n<p style=\"text-align: center\">\n<p style=\"text-align: center\"><strong>Atacames<\/strong><\/p>\n<p style=\"text-align: center\">\n<p><b>Atacames<\/b> es una <a title=\"Ciudad\" href=\"https:\/\/es.wikipedia.org\/wiki\/Ciudad\">ciudad<\/a> <a class=\"mw-redirect\" title=\"Ecuatoriana\" href=\"https:\/\/es.wikipedia.org\/wiki\/Ecuatoriana\">ecuatoriana<\/a>, capital del <a title=\"Cant\u00f3n Atacames\" href=\"https:\/\/es.wikipedia.org\/wiki\/Cant%C3%B3n_Atacames\">cant\u00f3n Atacames<\/a> en la <a title=\"Provincia de Esmeraldas\" href=\"https:\/\/es.wikipedia.org\/wiki\/Provincia_de_Esmeraldas\">Provincia de Esmeraldas<\/a>. Est\u00e1 ubicada en la zona occidental de la provincia, al noroeste del pa\u00eds, con una poblaci\u00f3n de 15.463 habitantes, siendo la cuarta ciudad m\u00e1s poblada de la provincia.<\/p>\n<p>Atacames es famosa en todo el Ecuador por poseer la playa natural m\u00e1s grande del Ecuador y una de las m\u00e1s cercanas a Quito; por lo que la mayor\u00eda de los habitantes de esta ciudad hacen de este balneario uno de los m\u00e1s concurridos y populares del pa\u00eds. Cuenta con la planta hotelera m\u00e1s grande del pa\u00eds. Muchos quite\u00f1os visitan sus playas el fin de semana y en la \u00e9poca de <a title=\"Verano\" href=\"https:\/\/es.wikipedia.org\/wiki\/Verano\">verano<\/a>, sobre todo en la <a title=\"Parroquia (civil)\" href=\"https:\/\/es.wikipedia.org\/wiki\/Parroquia_(civil)\">parroquia<\/a> de <a class=\"new\" title=\"Tonsupa (a\u00fan no redactado)\" href=\"https:\/\/es.wikipedia.org\/w\/index.php?title=Tonsupa&amp;action=edit&amp;redlink=1\">Tonsupa<\/a>, en donde se encuentran docenas de exclusivas torres con sus apartamentos de veraneo. La afluencia de extranjeros es constante durante casi todo el a\u00f1o.<\/p>\n<p><a href=\"https:\/\/es.wikipedia.org\/wiki\/Atacames\" target=\"_blank\">https:\/\/es.wikipedia.org\/wiki\/Atacames<\/a><\/p>\n<p>&nbsp;<\/p>\n<p style=\"text-align: center\"><img loading=\"lazy\" decoding=\"async\" class=\"aligncenter size-medium wp-image-40\" src=\"http:\/\/blog.espol.edu.ec\/juajtriv\/files\/2016\/05\/Atacames-River-Estuary-300x109.gif\" alt=\"Atacames-River-Estuary\" width=\"300\" height=\"109\" srcset=\"https:\/\/blog.espol.edu.ec\/juajtriv\/files\/2016\/05\/Atacames-River-Estuary-300x109.gif 300w, https:\/\/blog.espol.edu.ec\/juajtriv\/files\/2016\/05\/Atacames-River-Estuary-768x280.gif 768w\" sizes=\"auto, (max-width: 300px) 100vw, 300px\" \/><\/p>\n<p style=\"text-align: center\"><img loading=\"lazy\" decoding=\"async\" class=\"aligncenter size-medium wp-image-41\" src=\"http:\/\/blog.espol.edu.ec\/juajtriv\/files\/2016\/05\/Ecuador_Esmeraldas-300x225.jpg\" alt=\"Ecuador_Esmeraldas\" width=\"300\" height=\"225\" srcset=\"https:\/\/blog.espol.edu.ec\/juajtriv\/files\/2016\/05\/Ecuador_Esmeraldas-300x225.jpg 300w, https:\/\/blog.espol.edu.ec\/juajtriv\/files\/2016\/05\/Ecuador_Esmeraldas-768x576.jpg 768w, https:\/\/blog.espol.edu.ec\/juajtriv\/files\/2016\/05\/Ecuador_Esmeraldas.jpg 800w\" sizes=\"auto, (max-width: 300px) 100vw, 300px\" \/><\/p>\n<p style=\"text-align: center\">\n<p style=\"text-align: center\"><strong>Manta<\/strong><\/p>\n<p style=\"text-align: left\"><b>Manta<\/b>, denominada oficialmente como <b>San Pablo de Manta<\/b>, localizada en la provincia de <a class=\"mw-redirect\" title=\"Manab\u00ed\" href=\"https:\/\/es.wikipedia.org\/wiki\/Manab%C3%AD\">Manab\u00ed<\/a>, es la cabecera cantonal del <a title=\"Cant\u00f3n Manta\" href=\"https:\/\/es.wikipedia.org\/wiki\/Cant%C3%B3n_Manta\">cant\u00f3n hom\u00f3nimo<\/a> . Est\u00e1 asentada en una bah\u00eda, que le ha dado la caracter\u00edstica de puerto internacional en la costa del <a title=\"Oc\u00e9ano Pac\u00edfico\" href=\"https:\/\/es.wikipedia.org\/wiki\/Oc%C3%A9ano_Pac%C3%ADfico\">Oc\u00e9ano Pac\u00edfico<\/a>.<\/p>\n<p style=\"text-align: left\"><a href=\"https:\/\/es.wikipedia.org\/wiki\/Manta_(Ecuador)\" target=\"_blank\">https:\/\/es.wikipedia.org\/wiki\/Manta_(Ecuador)<\/a><\/p>\n<p style=\"text-align: left\">\n<p style=\"text-align: center\"><img loading=\"lazy\" decoding=\"async\" class=\"aligncenter size-medium wp-image-42\" src=\"http:\/\/blog.espol.edu.ec\/juajtriv\/files\/2016\/05\/cruceros-turistas-llegan-manta-guayaquil-ecuador-300x185.jpg\" alt=\"cruceros-turistas-llegan-manta-guayaquil-ecuador\" width=\"300\" height=\"185\" srcset=\"https:\/\/blog.espol.edu.ec\/juajtriv\/files\/2016\/05\/cruceros-turistas-llegan-manta-guayaquil-ecuador-300x185.jpg 300w, https:\/\/blog.espol.edu.ec\/juajtriv\/files\/2016\/05\/cruceros-turistas-llegan-manta-guayaquil-ecuador-768x474.jpg 768w, https:\/\/blog.espol.edu.ec\/juajtriv\/files\/2016\/05\/cruceros-turistas-llegan-manta-guayaquil-ecuador.jpg 1024w\" sizes=\"auto, (max-width: 300px) 100vw, 300px\" \/><\/p>\n<p style=\"text-align: center\"><img loading=\"lazy\" decoding=\"async\" class=\"aligncenter size-medium wp-image-43\" src=\"http:\/\/blog.espol.edu.ec\/juajtriv\/files\/2016\/05\/MantaSpanish-300x137.jpg\" alt=\"MantaSpanish\" width=\"300\" height=\"137\" srcset=\"https:\/\/blog.espol.edu.ec\/juajtriv\/files\/2016\/05\/MantaSpanish-300x137.jpg 300w, https:\/\/blog.espol.edu.ec\/juajtriv\/files\/2016\/05\/MantaSpanish.jpg 700w\" sizes=\"auto, (max-width: 300px) 100vw, 300px\" \/><\/p>\n","protected":false},"excerpt":{"rendered":"<p>Salinas &nbsp; Salinas es una ciudad ecuatoriana, de la Provincia de Santa Elena. Es la cabecera cantonal del Cant\u00f3n Salinas. Tiene una poblaci\u00f3n de 34 719 habitantes y su superficial urbana se divide en 4 parroquias. Est\u00e1 ubicada al extremo occidental del pa\u00eds; formando parte del conglomerado urbano de la puntilla de Santa Elena, junto [&hellip;]<\/p>\n","protected":false},"author":10264,"featured_media":0,"parent":0,"menu_order":0,"comment_status":"closed","ping_status":"open","template":"","meta":{"footnotes":""},"class_list":["post-2","page","type-page","status-publish","hentry"],"_links":{"self":[{"href":"https:\/\/blog.espol.edu.ec\/juajtriv\/wp-json\/wp\/v2\/pages\/2","targetHints":{"allow":["GET"]}}],"collection":[{"href":"https:\/\/blog.espol.edu.ec\/juajtriv\/wp-json\/wp\/v2\/pages"}],"about":[{"href":"https:\/\/blog.espol.edu.ec\/juajtriv\/wp-json\/wp\/v2\/types\/page"}],"author":[{"embeddable":true,"href":"https:\/\/blog.espol.edu.ec\/juajtriv\/wp-json\/wp\/v2\/users\/10264"}],"replies":[{"embeddable":true,"href":"https:\/\/blog.espol.edu.ec\/juajtriv\/wp-json\/wp\/v2\/comments?post=2"}],"version-history":[{"count":6,"href":"https:\/\/blog.espol.edu.ec\/juajtriv\/wp-json\/wp\/v2\/pages\/2\/revisions"}],"predecessor-version":[{"id":44,"href":"https:\/\/blog.espol.edu.ec\/juajtriv\/wp-json\/wp\/v2\/pages\/2\/revisions\/44"}],"wp:attachment":[{"href":"https:\/\/blog.espol.edu.ec\/juajtriv\/wp-json\/wp\/v2\/media?parent=2"}],"curies":[{"name":"wp","href":"https:\/\/api.w.org\/{rel}","templated":true}]}}