{"id":65,"date":"2016-05-24T03:55:42","date_gmt":"2016-05-24T03:55:42","guid":{"rendered":"http:\/\/blog.espol.edu.ec\/juajtriv\/?page_id=65"},"modified":"2016-05-24T03:55:42","modified_gmt":"2016-05-24T03:55:42","slug":"region-insular","status":"publish","type":"page","link":"https:\/\/blog.espol.edu.ec\/juajtriv\/region-insular\/","title":{"rendered":"Regi\u00f3n insular"},"content":{"rendered":"<p style=\"text-align: center\"><strong>Islas Gal\u00e1pagos<\/strong><\/p>\n<p>Las <b>islas Gal\u00e1pagos<\/b><sup id=\"cite_ref-:0_1-0\" class=\"reference\"><a href=\"https:\/\/es.wikipedia.org\/wiki\/Islas_Gal%C3%A1pagos#cite_note-:0-1\">1<\/a><\/sup> (tambi\u00e9n <b>islas de los Gal\u00e1pagos<\/b> y oficialmente <b>archipi\u00e9lago de Col\u00f3n<\/b><sup id=\"cite_ref-:0_1-1\" class=\"reference\"><a href=\"https:\/\/es.wikipedia.org\/wiki\/Islas_Gal%C3%A1pagos#cite_note-:0-1\">1<\/a><\/sup> <b>o Archipi\u00e9lago de Gal\u00e1pagos<\/b><sup id=\"cite_ref-2\" class=\"reference\"><a href=\"https:\/\/es.wikipedia.org\/wiki\/Islas_Gal%C3%A1pagos#cite_note-2\">2<\/a><\/sup> ) constituyen un <a title=\"Archipi\u00e9lago\" href=\"https:\/\/es.wikipedia.org\/wiki\/Archipi%C3%A9lago\">archipi\u00e9lago<\/a> del <a title=\"Oc\u00e9ano Pac\u00edfico\" href=\"https:\/\/es.wikipedia.org\/wiki\/Oc%C3%A9ano_Pac%C3%ADfico\">oc\u00e9ano Pac\u00edfico<\/a> ubicado a 972\u00a0km de la costa de <a title=\"Ecuador\" href=\"https:\/\/es.wikipedia.org\/wiki\/Ecuador\">Ecuador<\/a>. Est\u00e1 conformado por 13\u00a0<a title=\"Isla\" href=\"https:\/\/es.wikipedia.org\/wiki\/Isla\">islas<\/a> grandes con una superficie mayor a 10\u00a0km\u00b2, 6\u00a0islas medianas con una superficie de 1\u00a0km\u00b2 a 10\u00a0km\u00b2 y otros 215 <a title=\"Islote\" href=\"https:\/\/es.wikipedia.org\/wiki\/Islote\">islotes<\/a>de tama\u00f1o peque\u00f1o, adem\u00e1s de promontorios rocosos de pocos metros cuadrados, distribuidas alrededor de la l\u00ednea del<a title=\"Ecuador terrestre\" href=\"https:\/\/es.wikipedia.org\/wiki\/Ecuador_terrestre\">ecuador terrestre<\/a>.<\/p>\n<p>Las islas fueron declaradas Patrimonio de la Humanidad en <a title=\"1978\" href=\"https:\/\/es.wikipedia.org\/wiki\/1978\">1978<\/a> por la <a title=\"Unesco\" href=\"https:\/\/es.wikipedia.org\/wiki\/Unesco\">Unesco<\/a>. El archipi\u00e9lago tiene como mayor fuente de ingresos el turismo y recibe 200 000 turistas al a\u00f1o.<sup id=\"cite_ref-3\" class=\"reference\"><a href=\"https:\/\/es.wikipedia.org\/wiki\/Islas_Gal%C3%A1pagos#cite_note-3\">3<\/a><\/sup> Tambi\u00e9n se ha desarrollado el turismo ecol\u00f3gico con el fin de preservar las especies. La regi\u00f3n fue el h\u00e1bitat de <a title=\"El Solitario George\" href=\"https:\/\/es.wikipedia.org\/wiki\/El_Solitario_George\">El Solitario George<\/a>, el \u00faltimo esp\u00e9cimen de la especie <a class=\"mw-redirect\" title=\"Tortuga gigante de Pinta\" href=\"https:\/\/es.wikipedia.org\/wiki\/Tortuga_gigante_de_Pinta\">Tortuga gigante de Pinta<\/a>, extinta el 24 de junio del <a title=\"2012\" href=\"https:\/\/es.wikipedia.org\/wiki\/2012\">2012<\/a>.<sup id=\"cite_ref-4\" class=\"reference\"><a href=\"https:\/\/es.wikipedia.org\/wiki\/Islas_Gal%C3%A1pagos#cite_note-4\">4<\/a><\/sup> Las islas tambi\u00e9n son h\u00e1bitat de especies como <a title=\"Cheloniidae\" href=\"https:\/\/es.wikipedia.org\/wiki\/Cheloniidae\">tortugas marinas<\/a>, <a title=\"Iguana (g\u00e9nero)\" href=\"https:\/\/es.wikipedia.org\/wiki\/Iguana_(g%C3%A9nero)\">iguanas<\/a>, <a title=\"Iguanidae\" href=\"https:\/\/es.wikipedia.org\/wiki\/Iguanidae\">lagartos<\/a>, <a title=\"Phalacrocoracidae\" href=\"https:\/\/es.wikipedia.org\/wiki\/Phalacrocoracidae\">cormoranes<\/a>,<a title=\"Diomedeidae\" href=\"https:\/\/es.wikipedia.org\/wiki\/Diomedeidae\">albatros<\/a>, <a title=\"Otariinae\" href=\"https:\/\/es.wikipedia.org\/wiki\/Otariinae\">leones marinos<\/a> y <a title=\"Spheniscidae\" href=\"https:\/\/es.wikipedia.org\/wiki\/Spheniscidae\">ping\u00fcinos<\/a>.<sup id=\"cite_ref-5\" class=\"reference\"><a href=\"https:\/\/es.wikipedia.org\/wiki\/Islas_Gal%C3%A1pagos#cite_note-5\">5<\/a><\/sup><\/p>\n<p><a href=\"https:\/\/es.wikipedia.org\/wiki\/Islas_Gal%C3%A1pagos\">https:\/\/es.wikipedia.org\/wiki\/Islas_Gal%C3%A1pagos<\/a><\/p>\n<p>&nbsp;<\/p>\n<p style=\"text-align: center\"><img loading=\"lazy\" decoding=\"async\" class=\"aligncenter size-medium wp-image-66\" src=\"http:\/\/blog.espol.edu.ec\/juajtriv\/files\/2016\/05\/fc837-gal5-300x188.jpg\" alt=\"fc837-gal5\" width=\"300\" height=\"188\" srcset=\"https:\/\/blog.espol.edu.ec\/juajtriv\/files\/2016\/05\/fc837-gal5-300x188.jpg 300w, https:\/\/blog.espol.edu.ec\/juajtriv\/files\/2016\/05\/fc837-gal5-768x480.jpg 768w, https:\/\/blog.espol.edu.ec\/juajtriv\/files\/2016\/05\/fc837-gal5-1024x640.jpg 1024w, https:\/\/blog.espol.edu.ec\/juajtriv\/files\/2016\/05\/fc837-gal5.jpg 1440w\" sizes=\"auto, (max-width: 300px) 100vw, 300px\" \/><\/p>\n<p style=\"text-align: center\"><img loading=\"lazy\" decoding=\"async\" class=\"aligncenter size-medium wp-image-67\" src=\"http:\/\/blog.espol.edu.ec\/juajtriv\/files\/2016\/05\/galapagos_11-300x190.jpg\" alt=\"galapagos_11\" width=\"300\" height=\"190\" srcset=\"https:\/\/blog.espol.edu.ec\/juajtriv\/files\/2016\/05\/galapagos_11-300x190.jpg 300w, https:\/\/blog.espol.edu.ec\/juajtriv\/files\/2016\/05\/galapagos_11.jpg 580w\" sizes=\"auto, (max-width: 300px) 100vw, 300px\" \/><\/p>\n<p style=\"text-align: center\"><img loading=\"lazy\" decoding=\"async\" class=\"aligncenter size-medium wp-image-68\" src=\"http:\/\/blog.espol.edu.ec\/juajtriv\/files\/2016\/05\/galapagos-islands-300x240.jpg\" alt=\"galapagos-islands\" width=\"300\" height=\"240\" srcset=\"https:\/\/blog.espol.edu.ec\/juajtriv\/files\/2016\/05\/galapagos-islands-300x240.jpg 300w, https:\/\/blog.espol.edu.ec\/juajtriv\/files\/2016\/05\/galapagos-islands.jpg 415w\" sizes=\"auto, (max-width: 300px) 100vw, 300px\" \/><\/p>\n<p style=\"text-align: center\"><img loading=\"lazy\" decoding=\"async\" class=\"aligncenter size-medium wp-image-69\" src=\"http:\/\/blog.espol.edu.ec\/juajtriv\/files\/2016\/05\/Snorkel-Galapagos-300x200.jpg\" alt=\"Snorkel-Galapagos\" width=\"300\" height=\"200\" srcset=\"https:\/\/blog.espol.edu.ec\/juajtriv\/files\/2016\/05\/Snorkel-Galapagos-300x200.jpg 300w, https:\/\/blog.espol.edu.ec\/juajtriv\/files\/2016\/05\/Snorkel-Galapagos-768x512.jpg 768w, https:\/\/blog.espol.edu.ec\/juajtriv\/files\/2016\/05\/Snorkel-Galapagos.jpg 1024w\" sizes=\"auto, (max-width: 300px) 100vw, 300px\" \/><\/p>\n","protected":false},"excerpt":{"rendered":"<p>Islas Gal\u00e1pagos Las islas Gal\u00e1pagos1 (tambi\u00e9n islas de los Gal\u00e1pagos y oficialmente archipi\u00e9lago de Col\u00f3n1 o Archipi\u00e9lago de Gal\u00e1pagos2 ) constituyen un archipi\u00e9lago del oc\u00e9ano Pac\u00edfico ubicado a 972\u00a0km de la costa de Ecuador. Est\u00e1 conformado por 13\u00a0islas grandes con una superficie mayor a 10\u00a0km\u00b2, 6\u00a0islas medianas con una superficie de 1\u00a0km\u00b2 a 10\u00a0km\u00b2 y [&hellip;]<\/p>\n","protected":false},"author":10264,"featured_media":0,"parent":0,"menu_order":0,"comment_status":"closed","ping_status":"closed","template":"","meta":{"footnotes":""},"class_list":["post-65","page","type-page","status-publish","hentry"],"_links":{"self":[{"href":"https:\/\/blog.espol.edu.ec\/juajtriv\/wp-json\/wp\/v2\/pages\/65","targetHints":{"allow":["GET"]}}],"collection":[{"href":"https:\/\/blog.espol.edu.ec\/juajtriv\/wp-json\/wp\/v2\/pages"}],"about":[{"href":"https:\/\/blog.espol.edu.ec\/juajtriv\/wp-json\/wp\/v2\/types\/page"}],"author":[{"embeddable":true,"href":"https:\/\/blog.espol.edu.ec\/juajtriv\/wp-json\/wp\/v2\/users\/10264"}],"replies":[{"embeddable":true,"href":"https:\/\/blog.espol.edu.ec\/juajtriv\/wp-json\/wp\/v2\/comments?post=65"}],"version-history":[{"count":1,"href":"https:\/\/blog.espol.edu.ec\/juajtriv\/wp-json\/wp\/v2\/pages\/65\/revisions"}],"predecessor-version":[{"id":70,"href":"https:\/\/blog.espol.edu.ec\/juajtriv\/wp-json\/wp\/v2\/pages\/65\/revisions\/70"}],"wp:attachment":[{"href":"https:\/\/blog.espol.edu.ec\/juajtriv\/wp-json\/wp\/v2\/media?parent=65"}],"curies":[{"name":"wp","href":"https:\/\/api.w.org\/{rel}","templated":true}]}}