{"id":71,"date":"2016-05-24T04:17:36","date_gmt":"2016-05-24T04:17:36","guid":{"rendered":"http:\/\/blog.espol.edu.ec\/juajtriv\/?page_id=71"},"modified":"2016-05-24T04:17:36","modified_gmt":"2016-05-24T04:17:36","slug":"oriente","status":"publish","type":"page","link":"https:\/\/blog.espol.edu.ec\/juajtriv\/oriente\/","title":{"rendered":"Oriente"},"content":{"rendered":"<p style=\"text-align: center\"><strong>Tena<\/strong><\/p>\n<p><b>San Juan de los dos r\u00edos de Tena<\/b>, o simplemente <b>Tena<\/b> es una ciudad de <a title=\"Ecuador\" href=\"https:\/\/es.wikipedia.org\/wiki\/Ecuador\">Ecuador<\/a>, capital de la <a title=\"Provincia de Napo\" href=\"https:\/\/es.wikipedia.org\/wiki\/Provincia_de_Napo\">Provincia de Napo<\/a>; adem\u00e1s, es la cabecera cantonal del <a title=\"Cant\u00f3n Tena\" href=\"https:\/\/es.wikipedia.org\/wiki\/Cant%C3%B3n_Tena\">Cant\u00f3n Tena<\/a>. Est\u00e1 ubicada en la zona sur de la provincia sobre el valle del r\u00edo Misahuall\u00ed a una altitud de 510 msnm, en la <a class=\"mw-redirect\" title=\"Regi\u00f3n Amaz\u00f3nica del Ecuador\" href=\"https:\/\/es.wikipedia.org\/wiki\/Regi%C3%B3n_Amaz%C3%B3nica_del_Ecuador\">Regi\u00f3n Amaz\u00f3nica del Ecuador<\/a>. Posee un clima c\u00e1lido-h\u00famedo con temperatura promedio de 25 \u00baC. Tena tiene 23.307 habitantes (2010); es el centro pol\u00edtico de la provincia, alberga los principal \u00e9s organismos gubernamentales, culturales y comerciales.<\/p>\n<p>La zona estuvo habitada por pueblos abor\u00edgenes antes de la llegada de los espa\u00f1oles, estaba poblada por los ind\u00edgenas<i>quijos<\/i>. Fue fundada el <a title=\"15 de noviembre\" href=\"https:\/\/es.wikipedia.org\/wiki\/15_de_noviembre\">15 de noviembre<\/a> de <a title=\"1560\" href=\"https:\/\/es.wikipedia.org\/wiki\/1560\">1560<\/a> por <a title=\"Gil Ram\u00edrez D\u00e1valos\" href=\"https:\/\/es.wikipedia.org\/wiki\/Gil_Ram%C3%ADrez_D%C3%A1valos\">Gil Ram\u00edrez D\u00e1valos<\/a>.<\/p>\n<p><a href=\"https:\/\/es.wikipedia.org\/wiki\/Tena_(Ecuador)\">https:\/\/es.wikipedia.org\/wiki\/Tena_(Ecuador)<\/a><\/p>\n<p>&nbsp;<\/p>\n<p style=\"text-align: center\"><img loading=\"lazy\" decoding=\"async\" class=\"aligncenter size-medium wp-image-72\" src=\"http:\/\/blog.espol.edu.ec\/juajtriv\/files\/2016\/05\/106_0767-300x199.jpg\" alt=\"106_0767\" width=\"300\" height=\"199\" srcset=\"https:\/\/blog.espol.edu.ec\/juajtriv\/files\/2016\/05\/106_0767-300x199.jpg 300w, https:\/\/blog.espol.edu.ec\/juajtriv\/files\/2016\/05\/106_0767.jpg 450w\" sizes=\"auto, (max-width: 300px) 100vw, 300px\" \/><\/p>\n<p style=\"text-align: center\"><img loading=\"lazy\" decoding=\"async\" class=\"aligncenter size-medium wp-image-73\" src=\"http:\/\/blog.espol.edu.ec\/juajtriv\/files\/2016\/05\/dscf44581-300x225.jpg\" alt=\"dscf44581\" width=\"300\" height=\"225\" srcset=\"https:\/\/blog.espol.edu.ec\/juajtriv\/files\/2016\/05\/dscf44581-300x225.jpg 300w, https:\/\/blog.espol.edu.ec\/juajtriv\/files\/2016\/05\/dscf44581-768x576.jpg 768w, https:\/\/blog.espol.edu.ec\/juajtriv\/files\/2016\/05\/dscf44581-1024x768.jpg 1024w, https:\/\/blog.espol.edu.ec\/juajtriv\/files\/2016\/05\/dscf44581.jpg 1424w\" sizes=\"auto, (max-width: 300px) 100vw, 300px\" \/><\/p>\n<p style=\"text-align: center\"><img loading=\"lazy\" decoding=\"async\" class=\"aligncenter size-medium wp-image-74\" src=\"http:\/\/blog.espol.edu.ec\/juajtriv\/files\/2016\/05\/nmmagxnk-1379953923-bg-300x225.jpg\" alt=\"nmmagxnk-1379953923-bg\" width=\"300\" height=\"225\" srcset=\"https:\/\/blog.espol.edu.ec\/juajtriv\/files\/2016\/05\/nmmagxnk-1379953923-bg-300x225.jpg 300w, https:\/\/blog.espol.edu.ec\/juajtriv\/files\/2016\/05\/nmmagxnk-1379953923-bg.jpg 512w\" sizes=\"auto, (max-width: 300px) 100vw, 300px\" \/><\/p>\n<p style=\"text-align: center\">\n<p style=\"text-align: center\"><strong>Parque nacional Yasun\u00ed<\/strong><\/p>\n<p style=\"text-align: center\">\n<p style=\"text-align: left\">El <b>Parque nacional Yasun\u00ed<\/b> es un <a title=\"Parque nacional\" href=\"https:\/\/es.wikipedia.org\/wiki\/Parque_nacional\">parque nacional<\/a> <a title=\"Ecuador\" href=\"https:\/\/es.wikipedia.org\/wiki\/Ecuador\">ecuatoriano<\/a> que se extiende sobre un \u00e1rea de 9820 kil\u00f3metros cuadrados en las provincias de <a title=\"Provincia de Pastaza\" href=\"https:\/\/es.wikipedia.org\/wiki\/Provincia_de_Pastaza\">Pastaza<\/a>, y <a title=\"Provincia de Orellana\" href=\"https:\/\/es.wikipedia.org\/wiki\/Provincia_de_Orellana\">Orellana<\/a> entre el <a title=\"R\u00edo Napo\" href=\"https:\/\/es.wikipedia.org\/wiki\/R%C3%ADo_Napo\">r\u00edo Napo<\/a> y el <a title=\"R\u00edo Curaray\" href=\"https:\/\/es.wikipedia.org\/wiki\/R%C3%ADo_Curaray\">r\u00edo Curaray<\/a> en plena cuenca amaz\u00f3nica a unos 250 kil\u00f3metros al sureste de <a title=\"Quito\" href=\"https:\/\/es.wikipedia.org\/wiki\/Quito\">Quito<\/a>. El parque, fundamentalmente <a title=\"Selva\" href=\"https:\/\/es.wikipedia.org\/wiki\/Selva\">selv\u00e1tico<\/a>, fue designado por la <a title=\"Unesco\" href=\"https:\/\/es.wikipedia.org\/wiki\/Unesco\">Unesco<\/a> en <a title=\"1989\" href=\"https:\/\/es.wikipedia.org\/wiki\/1989\">1989<\/a> como una <a title=\"Reserva de la biosfera\" href=\"https:\/\/es.wikipedia.org\/wiki\/Reserva_de_la_biosfera\">reserva de la biosfera<\/a>y es parte del territorio donde se encuentra ubicada la <a title=\"Naci\u00f3n\" href=\"https:\/\/es.wikipedia.org\/wiki\/Naci%C3%B3n\">naci\u00f3n<\/a> <a title=\"Huaorani\" href=\"https:\/\/es.wikipedia.org\/wiki\/Huaorani\">hu<\/a><a class=\"mw-redirect\" title=\"Waorani\" href=\"https:\/\/es.wikipedia.org\/wiki\/Waorani\">aorani<\/a>. Dos facciones wao, los <a title=\"Tagaeri\" href=\"https:\/\/es.wikipedia.org\/wiki\/Tagaeri\">tagaeri<\/a> y <a title=\"Taromenane\" href=\"https:\/\/es.wikipedia.org\/wiki\/Taromenane\">taromenane<\/a>, son <a title=\"Pueblos aislados\" href=\"https:\/\/es.wikipedia.org\/wiki\/Pueblos_aislados\">grupos en aislamiento voluntario<\/a>.<\/p>\n<p style=\"text-align: left\"><a href=\"https:\/\/es.wikipedia.org\/wiki\/Parque_nacional_Yasun%C3%AD\">https:\/\/es.wikipedia.org\/wiki\/Parque_nacional_Yasun%C3%AD<\/a><\/p>\n<p style=\"text-align: left\">\n<p style=\"text-align: center\"><img loading=\"lazy\" decoding=\"async\" class=\"aligncenter size-medium wp-image-75\" src=\"http:\/\/blog.espol.edu.ec\/juajtriv\/files\/2016\/05\/59-97_YasuniK-300x200.jpg\" alt=\"59-97_YasuniK\" width=\"300\" height=\"200\" srcset=\"https:\/\/blog.espol.edu.ec\/juajtriv\/files\/2016\/05\/59-97_YasuniK-300x200.jpg 300w, https:\/\/blog.espol.edu.ec\/juajtriv\/files\/2016\/05\/59-97_YasuniK-768x512.jpg 768w, https:\/\/blog.espol.edu.ec\/juajtriv\/files\/2016\/05\/59-97_YasuniK.jpg 800w\" sizes=\"auto, (max-width: 300px) 100vw, 300px\" \/><\/p>\n<p style=\"text-align: center\"><img loading=\"lazy\" decoding=\"async\" class=\"aligncenter size-medium wp-image-76\" src=\"http:\/\/blog.espol.edu.ec\/juajtriv\/files\/2016\/05\/yasuni7-300x205.jpg\" alt=\"yasuni7\" width=\"300\" height=\"205\" srcset=\"https:\/\/blog.espol.edu.ec\/juajtriv\/files\/2016\/05\/yasuni7-300x205.jpg 300w, https:\/\/blog.espol.edu.ec\/juajtriv\/files\/2016\/05\/yasuni7.jpg 404w\" sizes=\"auto, (max-width: 300px) 100vw, 300px\" \/><\/p>\n<p style=\"text-align: center\"><img loading=\"lazy\" decoding=\"async\" class=\"aligncenter size-medium wp-image-77\" src=\"http:\/\/blog.espol.edu.ec\/juajtriv\/files\/2016\/05\/yasuni-parque-nacional-300x225.jpg\" alt=\"yasuni-parque-nacional\" width=\"300\" height=\"225\" srcset=\"https:\/\/blog.espol.edu.ec\/juajtriv\/files\/2016\/05\/yasuni-parque-nacional-300x225.jpg 300w, https:\/\/blog.espol.edu.ec\/juajtriv\/files\/2016\/05\/yasuni-parque-nacional-768x576.jpg 768w, https:\/\/blog.espol.edu.ec\/juajtriv\/files\/2016\/05\/yasuni-parque-nacional-1024x768.jpg 1024w, https:\/\/blog.espol.edu.ec\/juajtriv\/files\/2016\/05\/yasuni-parque-nacional.jpg 1600w\" sizes=\"auto, (max-width: 300px) 100vw, 300px\" \/><\/p>\n<p style=\"text-align: center\">\n<p style=\"text-align: center\"><strong>Cueva de los tayos<\/strong><\/p>\n<p style=\"text-align: center\">\n<p style=\"text-align: left\">La <b>Cueva de los Tayos<\/b> se encuentra en la <a class=\"mw-redirect\" title=\"Rep\u00fablica del Ecuador\" href=\"https:\/\/es.wikipedia.org\/wiki\/Rep%C3%BAblica_del_Ecuador\">Rep\u00fablica del Ecuador<\/a>, en la provincia de <a class=\"mw-redirect\" title=\"Morona Santiago\" href=\"https:\/\/es.wikipedia.org\/wiki\/Morona_Santiago\">Morona Santiago<\/a>, Cant\u00f3n <a class=\"mw-redirect\" title=\"Lim\u00f3n Indanza\" href=\"https:\/\/es.wikipedia.org\/wiki\/Lim%C3%B3n_Indanza\">Lim\u00f3n Indanza<\/a>, en la zona monta\u00f1osa irregular llamada <a title=\"Cordillera del C\u00f3ndor\" href=\"https:\/\/es.wikipedia.org\/wiki\/Cordillera_del_C%C3%B3ndor\">Cordillera del C\u00f3ndor<\/a>. Debe su nombre a ser el h\u00e1bitat de aves nocturnas llamadas tayos (<i><a title=\"Steatornis caripensis\" href=\"https:\/\/es.wikipedia.org\/wiki\/Steatornis_caripensis\">Steatornis caripensis<\/a><\/i>), que habitan en numerosas cuevas en las selvas andinas de <a title=\"Am\u00e9rica del Sur\" href=\"https:\/\/es.wikipedia.org\/wiki\/Am%C3%A9rica_del_Sur\">Am\u00e9rica del Sur<\/a>.<\/p>\n<p style=\"text-align: left\"><a href=\"https:\/\/es.wikipedia.org\/wiki\/Cueva_de_los_Tayos\">https:\/\/es.wikipedia.org\/wiki\/Cueva_de_los_Tayos<\/a><\/p>\n<p style=\"text-align: left\">\n<p style=\"text-align: center\"><img loading=\"lazy\" decoding=\"async\" class=\"aligncenter size-medium wp-image-78\" src=\"http:\/\/blog.espol.edu.ec\/juajtriv\/files\/2016\/05\/95c-300x199.jpg\" alt=\"95c\" width=\"300\" height=\"199\" srcset=\"https:\/\/blog.espol.edu.ec\/juajtriv\/files\/2016\/05\/95c-300x199.jpg 300w, https:\/\/blog.espol.edu.ec\/juajtriv\/files\/2016\/05\/95c.jpg 528w\" sizes=\"auto, (max-width: 300px) 100vw, 300px\" \/><\/p>\n<p style=\"text-align: center\"><img loading=\"lazy\" decoding=\"async\" class=\"aligncenter size-medium wp-image-79\" src=\"http:\/\/blog.espol.edu.ec\/juajtriv\/files\/2016\/05\/cueva_tayos5-300x162.jpg\" alt=\"cueva_tayos5\" width=\"300\" height=\"162\" srcset=\"https:\/\/blog.espol.edu.ec\/juajtriv\/files\/2016\/05\/cueva_tayos5-300x162.jpg 300w, https:\/\/blog.espol.edu.ec\/juajtriv\/files\/2016\/05\/cueva_tayos5.jpg 520w\" sizes=\"auto, (max-width: 300px) 100vw, 300px\" \/><\/p>\n<p style=\"text-align: center\">\n<p style=\"text-align: center\"><strong>Cascada San Rafael<\/strong><\/p>\n<p style=\"text-align: left\">La Cascada San Rafael es una de las cascadas m\u00e1s impresionantes de la amazonia ecuatoriana. \u00a0Ubicada en el l\u00edmite de las provincias de Napo y Sucumb\u00edos, en la ruta hacia Nueva Loja, a 25 km de la ciudad de Tena y a unos 61 km de Baeza. La cascada tiene una ca\u00edda de m\u00e1s de 150 metros, formada por el descenso de las aguas del r\u00edo Coca. La Cascada San Rafael esta rodeada por un paisaje colmado de vegetaci\u00f3n tropical.<\/p>\n<p style=\"text-align: left\"><a href=\"http:\/\/www.ecostravel.com\/ecuador\/ciudades-destinos\/cascada-san-rafael-tena.php\">http:\/\/www.ecostravel.com\/ecuador\/ciudades-destinos\/cascada-san-rafael-tena.php<\/a><\/p>\n<p style=\"text-align: center\"><img loading=\"lazy\" decoding=\"async\" class=\"aligncenter size-medium wp-image-80\" src=\"http:\/\/blog.espol.edu.ec\/juajtriv\/files\/2016\/05\/AMA_Cascada_de_San_Rafael_limite_provincial_de_Napo_y_Sucumb\u00edos_8227381138-300x225.jpg\" alt=\"AMA_Cascada_de_San_Rafael_limite_provincial_de_Napo_y_Sucumb\u00edos_(8227381138)\" width=\"300\" height=\"225\" srcset=\"https:\/\/blog.espol.edu.ec\/juajtriv\/files\/2016\/05\/AMA_Cascada_de_San_Rafael_limite_provincial_de_Napo_y_Sucumb\u00edos_8227381138-300x225.jpg 300w, https:\/\/blog.espol.edu.ec\/juajtriv\/files\/2016\/05\/AMA_Cascada_de_San_Rafael_limite_provincial_de_Napo_y_Sucumb\u00edos_8227381138-768x576.jpg 768w, https:\/\/blog.espol.edu.ec\/juajtriv\/files\/2016\/05\/AMA_Cascada_de_San_Rafael_limite_provincial_de_Napo_y_Sucumb\u00edos_8227381138-1024x768.jpg 1024w\" sizes=\"auto, (max-width: 300px) 100vw, 300px\" \/><\/p>\n<p style=\"text-align: center\"><img loading=\"lazy\" decoding=\"async\" class=\"aligncenter size-medium wp-image-81\" src=\"http:\/\/blog.espol.edu.ec\/juajtriv\/files\/2016\/05\/P1090231-300x225.jpg\" alt=\"P1090231\" width=\"300\" height=\"225\" srcset=\"https:\/\/blog.espol.edu.ec\/juajtriv\/files\/2016\/05\/P1090231-300x225.jpg 300w, https:\/\/blog.espol.edu.ec\/juajtriv\/files\/2016\/05\/P1090231-768x576.jpg 768w, https:\/\/blog.espol.edu.ec\/juajtriv\/files\/2016\/05\/P1090231.jpg 800w\" sizes=\"auto, (max-width: 300px) 100vw, 300px\" \/><\/p>\n","protected":false},"excerpt":{"rendered":"<p>Tena San Juan de los dos r\u00edos de Tena, o simplemente Tena es una ciudad de Ecuador, capital de la Provincia de Napo; adem\u00e1s, es la cabecera cantonal del Cant\u00f3n Tena. Est\u00e1 ubicada en la zona sur de la provincia sobre el valle del r\u00edo Misahuall\u00ed a una altitud de 510 msnm, en la Regi\u00f3n [&hellip;]<\/p>\n","protected":false},"author":10264,"featured_media":0,"parent":0,"menu_order":0,"comment_status":"closed","ping_status":"closed","template":"","meta":{"footnotes":""},"class_list":["post-71","page","type-page","status-publish","hentry"],"_links":{"self":[{"href":"https:\/\/blog.espol.edu.ec\/juajtriv\/wp-json\/wp\/v2\/pages\/71","targetHints":{"allow":["GET"]}}],"collection":[{"href":"https:\/\/blog.espol.edu.ec\/juajtriv\/wp-json\/wp\/v2\/pages"}],"about":[{"href":"https:\/\/blog.espol.edu.ec\/juajtriv\/wp-json\/wp\/v2\/types\/page"}],"author":[{"embeddable":true,"href":"https:\/\/blog.espol.edu.ec\/juajtriv\/wp-json\/wp\/v2\/users\/10264"}],"replies":[{"embeddable":true,"href":"https:\/\/blog.espol.edu.ec\/juajtriv\/wp-json\/wp\/v2\/comments?post=71"}],"version-history":[{"count":1,"href":"https:\/\/blog.espol.edu.ec\/juajtriv\/wp-json\/wp\/v2\/pages\/71\/revisions"}],"predecessor-version":[{"id":82,"href":"https:\/\/blog.espol.edu.ec\/juajtriv\/wp-json\/wp\/v2\/pages\/71\/revisions\/82"}],"wp:attachment":[{"href":"https:\/\/blog.espol.edu.ec\/juajtriv\/wp-json\/wp\/v2\/media?parent=71"}],"curies":[{"name":"wp","href":"https:\/\/api.w.org\/{rel}","templated":true}]}}