{"id":96,"date":"2016-05-24T07:05:39","date_gmt":"2016-05-24T07:05:39","guid":{"rendered":"http:\/\/blog.espol.edu.ec\/juajtriv\/?page_id=96"},"modified":"2016-05-24T07:05:39","modified_gmt":"2016-05-24T07:05:39","slug":"presentacion","status":"publish","type":"page","link":"https:\/\/blog.espol.edu.ec\/juajtriv\/presentacion\/","title":{"rendered":"Presentaci\u00f3n"},"content":{"rendered":"<p>Hola, mi nombre es Juan Jos\u00e9 Trivi\u00f1o G\u00f3mez, tengo 22 a\u00f1os y vivo en la ciudad de Guayaquil. Soy un estudiante y actualmente estoy cursando la carrera de Ingenier\u00eda en Auditor\u00eda y Contadur\u00eda P\u00fablica Autorizada en la Escuela Superior Polit\u00e9cnica del Litoral (<a href=\"http:\/\/www.espol.edu.ec\/\" target=\"_blank\">ESPOL<\/a>).<\/p>\n<p style=\"text-align: center\"><img loading=\"lazy\" decoding=\"async\" class=\"aligncenter size-medium wp-image-97\" src=\"http:\/\/blog.espol.edu.ec\/juajtriv\/files\/2016\/05\/559166_307381242691643_128499516_n-212x300.jpg\" alt=\"559166_307381242691643_128499516_n\" width=\"212\" height=\"300\" srcset=\"https:\/\/blog.espol.edu.ec\/juajtriv\/files\/2016\/05\/559166_307381242691643_128499516_n-212x300.jpg 212w, https:\/\/blog.espol.edu.ec\/juajtriv\/files\/2016\/05\/559166_307381242691643_128499516_n.jpg 442w\" sizes=\"auto, (max-width: 212px) 100vw, 212px\" \/><\/p>\n<p style=\"text-align: center\"><img loading=\"lazy\" decoding=\"async\" class=\"aligncenter size-medium wp-image-98\" src=\"http:\/\/blog.espol.edu.ec\/juajtriv\/files\/2016\/05\/1460130_537611619668603_638289528_n-300x300.jpg\" alt=\"1460130_537611619668603_638289528_n\" width=\"300\" height=\"300\" srcset=\"https:\/\/blog.espol.edu.ec\/juajtriv\/files\/2016\/05\/1460130_537611619668603_638289528_n-300x300.jpg 300w, https:\/\/blog.espol.edu.ec\/juajtriv\/files\/2016\/05\/1460130_537611619668603_638289528_n-150x150.jpg 150w, https:\/\/blog.espol.edu.ec\/juajtriv\/files\/2016\/05\/1460130_537611619668603_638289528_n.jpg 702w\" sizes=\"auto, (max-width: 300px) 100vw, 300px\" \/><\/p>\n<p style=\"text-align: left\">Mis pasatiempos preferidos son: leer, escuchar m\u00fasica y jugar al f\u00fatbol.<\/p>\n<p style=\"text-align: left\">Aqu\u00ed les adjunto un video practicando mi deporte favorito.<\/p>\n<p>https:\/\/youtu.be\/iqnT-YISWn0<\/p>\n","protected":false},"excerpt":{"rendered":"<p>Hola, mi nombre es Juan Jos\u00e9 Trivi\u00f1o G\u00f3mez, tengo 22 a\u00f1os y vivo en la ciudad de Guayaquil. Soy un estudiante y actualmente estoy cursando la carrera de Ingenier\u00eda en Auditor\u00eda y Contadur\u00eda P\u00fablica Autorizada en la Escuela Superior Polit\u00e9cnica del Litoral (ESPOL). Mis pasatiempos preferidos son: leer, escuchar m\u00fasica y jugar al f\u00fatbol. Aqu\u00ed [&hellip;]<\/p>\n","protected":false},"author":10264,"featured_media":0,"parent":0,"menu_order":0,"comment_status":"closed","ping_status":"closed","template":"","meta":{"footnotes":""},"class_list":["post-96","page","type-page","status-publish","hentry"],"_links":{"self":[{"href":"https:\/\/blog.espol.edu.ec\/juajtriv\/wp-json\/wp\/v2\/pages\/96","targetHints":{"allow":["GET"]}}],"collection":[{"href":"https:\/\/blog.espol.edu.ec\/juajtriv\/wp-json\/wp\/v2\/pages"}],"about":[{"href":"https:\/\/blog.espol.edu.ec\/juajtriv\/wp-json\/wp\/v2\/types\/page"}],"author":[{"embeddable":true,"href":"https:\/\/blog.espol.edu.ec\/juajtriv\/wp-json\/wp\/v2\/users\/10264"}],"replies":[{"embeddable":true,"href":"https:\/\/blog.espol.edu.ec\/juajtriv\/wp-json\/wp\/v2\/comments?post=96"}],"version-history":[{"count":1,"href":"https:\/\/blog.espol.edu.ec\/juajtriv\/wp-json\/wp\/v2\/pages\/96\/revisions"}],"predecessor-version":[{"id":100,"href":"https:\/\/blog.espol.edu.ec\/juajtriv\/wp-json\/wp\/v2\/pages\/96\/revisions\/100"}],"wp:attachment":[{"href":"https:\/\/blog.espol.edu.ec\/juajtriv\/wp-json\/wp\/v2\/media?parent=96"}],"curies":[{"name":"wp","href":"https:\/\/api.w.org\/{rel}","templated":true}]}}