{"id":136,"date":"2009-08-06T16:43:29","date_gmt":"2009-08-06T20:43:29","guid":{"rendered":"http:\/\/blog.espol.edu.ec\/juan\/?page_id=136"},"modified":"2009-12-17T15:00:19","modified_gmt":"2009-12-17T19:00:19","slug":"chistes","status":"publish","type":"page","link":"https:\/\/blog.espol.edu.ec\/juan\/chistes\/","title":{"rendered":"ChisteS"},"content":{"rendered":"<p><span style=\"color: #0000ff\">Va un chaval a una farmacia:<br \/>\n- Oiga, me puede vender un preservativo, porque esta noche voy a cenar con la familia de la chica con la que salgo desde hace tres meses y despues, a ver si cae. Bueno me va a poner dos, porque esta chica tiene una hermana que no esta nada mal, e igual cae tambien. Bueno<br \/>\nmejor me va usted a dar tres porque la madre es una cachonda que pone los cuernos a su marido y ya metidos en harina...<br \/>\nLLega la hora de la cena y aqui tenemos al chaval comiendose la sopa sin quitarse la gabardina, con los cuellos subidos y la cabeza agachada. Al acabar, cuando han salido de la casa, va la chica y le pregunta:<br \/>\n- Manolo, Hijo!! ?no sabia que eras tan timido?<br \/>\n- Ni yo que tu padre era farmaceutico.<\/span><\/p>\n<p><span style=\"color: #008000\">Un hombre ejecutivo destinado temporalmente en Paris por negocios, recibe una carta de su novia desde Chile.<br \/>\nLa carta dec\u00eda lo siguiente:<br \/>\n\"Querido Alejandro:<br \/>\nYa no puedo continuar con esta relaci\u00f3n. La distancia que nos separa es demasiado grande. Tengo que admitir que te he sido infiel diez veces desde que te fuiste y creo que ni tu ni yo nos merecemos esto, lo siento.<br \/>\nPor favor devuelveme la foto que te envi\u00e9. Con amor.<br \/>\nMar\u00eda\"<br \/>\nEl hombre, muy herido, le pidi\u00f3 a todos sus compa\u00f1eros de trabajo que le regalaran fotos de sus novias, hermanas, amigas, t\u00edas, primas,etc.<br \/>\nJunto con la foto de Mar\u00eda, incluy\u00f3 todas esas otras fotos que hab\u00eda recolectado de sus amigos. Hab\u00eda 57 fotos en el sobre y una nota que dec\u00eda:<br \/>\n\"Mar\u00eda, perd\u00f3name, pero no puedo recordar quien eres.<br \/>\nPor favor, busca tu foto en el paquete y devuelveme el resto.\"<\/span><\/p>\n<p><span style=\"color: #ff0000\">Un ladr\u00f3n a la media noche se mete en una casa a robar. Entra por una ventana, y cuando est\u00e1 adentro en la oscuridad oye una voz que dice:<br \/>\n- \u00a1Jes\u00fas te est\u00e1 mirando!<br \/>\nEntonces, el ladr\u00f3n se asusta y se detiene. Luego como ve que no ocurre nada contin\u00faa. Y de nuevo la voz le dice:<br \/>\n- \u00a1Jes\u00fas te est\u00e1 mirando!<br \/>\nEl ladr\u00f3n asustado prende la luz y ve que la voz ven\u00eda de un loro que estaba en una jaula, y el ladr\u00f3n le dice:<br \/>\n- \u00a1Ahhh que susto me diste! \u00bfC\u00f3mo te llamas lorito?<br \/>\nY el loro le responde:<br \/>\n- Me llamo Pedro.<br \/>\n- Pedro es un nombre extra\u00f1o para un loro.<br \/>\nY el loro le contesta:<br \/>\n- M\u00e1s extra\u00f1o es el nombre Jes\u00fas para un Doberman.<\/span><\/p>\n<p><span style=\"color: #0000ff\">\u00bfCu\u00e1l es el colmo de un jardinero?<br \/>\nQue su novia se llame Rosa y lo deje plantado.<\/span><\/p>\n<p><span style=\"color: #008000\">\u00bfCu\u00e1l es el colmo de los colmos?<br \/>\nQue un muerto se tire al agua, que un ciego lo vea caer, que un mudo le diga a un sordo, mira como nada aquel.<\/span><\/p>\n<p><span style=\"color: #ff0000\">\u00bfCu\u00e1l es el colmo de un enano?<br \/>\nQue lo pare un polic\u00eda y le diga, \u00a1ALTO!<\/span><\/p>\n<p><span style=\"color: #0000ff\">\u00bfCu\u00e1l es el colmo de un ciego?<br \/>\nEnamorarse a primera vista.<\/span><\/p>\n<p><span style=\"color: #008000\">Llega la Mam\u00e1 de Pepito a su casa y se encuentra a su hijo jugando en la sala, y le pregunta:<br \/>\n- \u00bfQu\u00e9 haces hijo?.<br \/>\nEstoy jugando.<br \/>\n- \u00bfCon qu\u00e9 juegas?.<br \/>\n- Con lo que me sale de los huevos.<br \/>\n- \u00a1Oyeme pendejo!, \u00a1a mi no me hablas asi que soy tu madre!!!.\u00a1Cabr\u00f3n!. \u00a1Eres un escuincle malcriado!. \u00a1Majadero, hijo de la chin\u2026!!! (todo esto acompa\u00f1ado por una suculenta y surtida buena paliza).<br \/>\nAl rato llega Pepito sangrando, moreteado y todo madreado con su Pap\u00e1 y le dice:<br \/>\n- Papi, que sea la \u00faltima vez que me compras un \u201cKinder Sorpresa\u201d.<\/span><\/p>\n<p><span style=\"color: #ff0000\">Un d\u00eda Pepito le dice a su pap\u00e1:<br \/>\n- Pap\u00e1, me dicen en la escuela que investigue qu\u00e9 significan estas palabras: gobierno, pueblo, ley y justicia.<br \/>\nEl pap\u00e1 se pone a pensar y le dice:<br \/>\n- Mira Pepito; el gobierno soy yo, la sirvienta es el pueblo, la ley es tu Mam\u00e1 y la justicia eres t\u00fa.<br \/>\nPepito se va muy contento a jugar. A media noche se levanta pepito a orinar cuando ve a su pap\u00e1 en su cuarto con la sirvienta haciendo sus cochinadas.<br \/>\nPepito corri\u00f3 a avisarle a su Mam\u00e1, pero ella estaba bien dormida en otro cuarto y \u00e9l ya no sabia que hacer, cuando empieza a razonar y dice:<br \/>\n- Ahora lo entiendo, el gobierno sobre el pueblo, la ley durmiendo y la justicia no sabe que hacer.<\/span><\/p>\n<p><span style=\"color: #0000ff\">Un d\u00eda pepito espi\u00f3 por la rendija del cuarto de su hermana y la vi\u00f3 desnuda toc\u00e1ndose y sofocada diciendo:<br \/>\n- \u00a1Un hombre!, \u00a1un hombre!.<br \/>\nAl d\u00eda siguiente vuelve a espiar a su hermana y ve que est\u00e1 haciendo el amor con su novio... entonces corre a su cuarto se desnuda y empieza a tocarse diciendo:<br \/>\n- \u00a1Quiero una bicicleta!, \u00a1quiero una bicicleta!.<\/span><\/p>\n<p><span style=\"color: #008000\">Estaban dos borrachos en un bar y uno le pregunta al otro:<br \/>\nOiga compadre, hip, \u00bfpor qu\u00e9 a usted le gusta tomar?<br \/>\nY el otro le contesta:<br \/>\nPos para verme m\u00e1s guapo, bello, y hermoso.<br \/>\nEl primer borracho vuelve a preguntar:<br \/>\nY, \u00bfpor qu\u00e9 dice que se ve m\u00e1s guapo, bello y hermoso?<br \/>\nPos, porque cuando llego a mi casa mi mujer me dice, \"muy bonito, muy bonito\".<\/span><\/p>\n<p><span style=\"color: #ff0000\">Tres borrachos entran en un bar a las tantas de la noche; dos de ellos llevan al tercero, que se cae y se queda tirado en el suelo. Otro se pone a vomitar apenas se sienta en una de las mesas, y el tercero le dice al camarero :<br \/>\n- Buenash...mmme pone treeesh whishkish y otrooosh tresh para mmmi ammmigo de la mmmesha.<br \/>\n- \u00bfY el del suelo no quiere nada?<br \/>\n- Nnno, eshe ya no bebe mmmash porque tiene que connnducir.<\/span><\/p>\n<p><span style=\"color: #0000ff\">Va un borracho en moto y choca con una se\u00f1al de tr\u00e1nsito. Entonces llega el polic\u00eda y le pregunta:<br \/>\n\u00bfSe\u00f1or, no vio la flecha?<br \/>\nEl borracho responde:<br \/>\nNi al indio que me la tir\u00f3.<\/span><\/p>\n<p><span style=\"color: #008000\">Estaba un borracho en una esquina, cuando una mujer pasa caminando, el borracho la observa y le dice:<br \/>\n\u00a1Adi\u00f3s fea!<br \/>\nLa mujer indignada se da media vuelta y le dice:<br \/>\n\u00a1Borracho!<br \/>\nEl borracho con una sonrisa le dice:<br \/>\nS\u00ed, pero a m\u00ed, ma\u00f1ana se me pasa.<\/span><\/p>\n","protected":false},"excerpt":{"rendered":"<p>Va un chaval a una farmacia: - Oiga, me puede vender un preservativo, porque esta noche voy a cenar con la familia de la chica con la que salgo desde hace tres meses y despues, a ver si cae. Bueno me va a poner dos, porque esta chica tiene una hermana que no esta nada [&hellip;]<\/p>\n","protected":false},"author":1820,"featured_media":0,"parent":0,"menu_order":0,"comment_status":"open","ping_status":"open","template":"","meta":{"_monsterinsights_skip_tracking":false,"_monsterinsights_sitenote_active":false,"_monsterinsights_sitenote_note":"","_monsterinsights_sitenote_category":0,"footnotes":""},"class_list":["post-136","page","type-page","status-publish","hentry"],"_links":{"self":[{"href":"https:\/\/blog.espol.edu.ec\/juan\/wp-json\/wp\/v2\/pages\/136","targetHints":{"allow":["GET"]}}],"collection":[{"href":"https:\/\/blog.espol.edu.ec\/juan\/wp-json\/wp\/v2\/pages"}],"about":[{"href":"https:\/\/blog.espol.edu.ec\/juan\/wp-json\/wp\/v2\/types\/page"}],"author":[{"embeddable":true,"href":"https:\/\/blog.espol.edu.ec\/juan\/wp-json\/wp\/v2\/users\/1820"}],"replies":[{"embeddable":true,"href":"https:\/\/blog.espol.edu.ec\/juan\/wp-json\/wp\/v2\/comments?post=136"}],"version-history":[{"count":7,"href":"https:\/\/blog.espol.edu.ec\/juan\/wp-json\/wp\/v2\/pages\/136\/revisions"}],"predecessor-version":[{"id":138,"href":"https:\/\/blog.espol.edu.ec\/juan\/wp-json\/wp\/v2\/pages\/136\/revisions\/138"}],"wp:attachment":[{"href":"https:\/\/blog.espol.edu.ec\/juan\/wp-json\/wp\/v2\/media?parent=136"}],"curies":[{"name":"wp","href":"https:\/\/api.w.org\/{rel}","templated":true}]}}