{"id":96,"date":"2009-06-10T20:26:32","date_gmt":"2009-06-11T00:26:32","guid":{"rendered":"http:\/\/blog.espol.edu.ec\/juan\/?page_id=96"},"modified":"2009-12-17T14:54:19","modified_gmt":"2009-12-17T18:54:19","slug":"miperfil","status":"publish","type":"page","link":"https:\/\/blog.espol.edu.ec\/juan\/miperfil\/","title":{"rendered":"MiperfiL"},"content":{"rendered":"<p><span style=\"color: #ff6600\">==&gt;:-)<strong>Hola<\/strong>:-)&lt;==<\/span><\/p>\n<p><span style=\"color: #ff6600\"><em><strong>gracias por visitar mi blog.<\/strong><\/em><\/span><\/p>\n<p><span style=\"color: #008000\"><em><strong>Mi nombre es: <\/strong><\/em><\/span><span style=\"color: #0000ff\">Juan Borbor Yagual<\/span><\/p>\n<p><span style=\"color: #008000\"><em><strong>Mi Cumplea\u00f1os: <\/strong><\/em><\/span><span style=\"color: #0000ff\">13\/04<\/span><\/p>\n<p><span style=\"color: #0000ff\">Soy delgado, mido 1.65,\u00a0 tengo cabello color negro, ojos caf\u00e9s oscuros, adem\u00e1s nac\u00ed en la ciudad de<\/span> <span style=\"color: #008000\"><em><strong>SANTA ELENA.<\/strong><\/em><\/span><\/p>\n<p><span style=\"color: #008000\"><em><strong><br \/>\n<\/strong><\/em><\/span><\/p>\n<p><object width=\"300\" height=\"300\" data=\"http:\/\/www.hi5style.com\/picture-cube\/show.swf?baseURL=http:\/\/www.hi5style.com\/picture-cube\/&amp;clickURL=http:\/\/www.hi5style.com\/&amp;type=1&amp;clickLABEL=hi5style.com&amp;file=pic66786470%2Ejpg\" type=\"application\/x-shockwave-flash\"><param name=\"src\" value=\"http:\/\/www.hi5style.com\/picture-cube\/show.swf?baseURL=http:\/\/www.hi5style.com\/picture-cube\/&amp;clickURL=http:\/\/www.hi5style.com\/&amp;type=1&amp;clickLABEL=hi5style.com&amp;file=pic66786470%2Ejpg\" \/><\/object><\/p>\n<p><span style=\"color: #0000ff\">Mis correos son:<\/span><\/p>\n<p><span style=\"color: #0000ff\"><a href=\"mailto:jbor_10@hotmail.com\">jbor_10@hotmail.com<\/a><\/span><\/p>\n<p><span style=\"color: #0000ff\"><a href=\"mailto:juaaborb@espol.edu.ec\">juaaborb@espol.edu.ec<\/a><\/span><\/p>\n<p><span style=\"color: #0000ff\"><a href=\"mailto:juanborbor@gmail.com\">juanborbor@gmail.com<\/a><\/span><\/p>\n<p><span style=\"color: #0000ff\">Estudio en la ESPOL,\u00a0 la carrera de INGENIER\u00cdA EN AUDITOR\u00cdA Y CONTADUR\u00cdA PUBLICA AUTORIZADA, estoy en el INSTITUTO DE CIENCIAS M\u00c1TEMATICAS (ICM).<\/span><\/p>\n<p><span style=\"color: #0000ff\">Decid\u00ed estudiar en la espol; porque el pensul acad\u00e9mico de la misma es muy avanzada, por\u00a0lo cual\u00a0es una de las universidades reconocidas a nivel mundial.<\/span><\/p>\n<p><span style=\"color: #0000ff\">Pienso que en la vida no hay buena ni mala suerte; porque todo lo que nos pasa siempre tiene una razon, es decir que para todos nuestros actos siempre hay una consecuencia.<\/span><\/p>\n<p><span style=\"color: #008000\">Una de mis frases preferidas es:<\/span><\/p>\n<p><span style=\"color: #008000\"><em><strong>HAY TRES COSAS QUE NO VUELVEN ATRAS: LA FLECHA LANZADA, LA PALABRA PRONUNCIADA Y LA OPORTUNIDAD.<\/strong><\/em><\/span><\/p>\n<p><span style=\"color: #0000ff\">Para m\u00ed esta frase tiene el siguiente significado:<\/span><\/p>\n<p><span style=\"color: #008000\"><em><strong>-LA FLECHA LANZADA.-<\/strong><\/em> <\/span><span style=\"color: #0000ff\">Siempre para todos nuestros actos hay una consecuencia, ya sea esta buena o mala.<\/span><\/p>\n<p><span style=\"color: #008000\"><em><strong>-LA PALABRA PRONUNCIADA.- <\/strong><\/em><\/span><span style=\"color: #0000ff\">Cada vez que decimos cosas negativas de una persona, estas palabras\u00a0 hieren a esa persona y aunque nos retractemos esto\u00a0 nunca se va a borrar; porque siempre quedar\u00e1 en la conciencia el da\u00f1o que se ha hecho.<\/span><\/p>\n<p><span style=\"color: #008000\"><em><strong>-LA OPORTUNIDAD.-<\/strong><\/em><\/span> <span style=\"color: #0000ff\">En la vida solo hay una oportunidad para cada cosa, por eso siempre hay que aprovechar las oportunidades; porque las oportunidades no vuelven.<\/span><\/p>\n<p><span style=\"color: #0000ff\">En conclusion siempre hay que pensar bien las cosas para que luego no nos arrepintamos de lo que hemos hecho o dicho.<\/span><\/p>\n<p><span style=\"color: #0000ff\">Las mejores novelas que he le\u00eddo son las de<\/span> <span style=\"color: #008000\"><em><strong>CARLOS\u00a0 CUAHTEMOC SANCHEZ<\/strong><\/em><\/span>, <span style=\"color: #0000ff\">la verdad nos\u00e9 si estas movelas tengan que ver con algo de la realidad pero para quien las lee le encontrar\u00e1n maravillosas soluciones a los problemas que la vida pone para reforzarnos en nuestra personalidad.<\/span><\/p>\n<p><object width=\"280\" height=\"210\" data=\"http:\/\/widgets.clearspring.com\/o\/492c901b2693e3fe\/4b2a7e376cbec444\/492c901b2693e3fe\/341d2d6b\" type=\"application\/x-shockwave-flash\"><param name=\"id\" value=\"W492c901b2693e3fe4b2a7e376cbec444\" \/><param name=\"wmode\" value=\"transparent\" \/><param name=\"allowNetworking\" value=\"all\" \/><param name=\"allowScriptAccess\" value=\"always\" \/><param name=\"src\" value=\"http:\/\/widgets.clearspring.com\/o\/492c901b2693e3fe\/4b2a7e376cbec444\/492c901b2693e3fe\/341d2d6b\" \/><\/object><\/p>\n","protected":false},"excerpt":{"rendered":"<p>==&gt;:-)Hola:-)&lt;== gracias por visitar mi blog. Mi nombre es: Juan Borbor Yagual Mi Cumplea\u00f1os: 13\/04 Soy delgado, mido 1.65,\u00a0 tengo cabello color negro, ojos caf\u00e9s oscuros, adem\u00e1s nac\u00ed en la ciudad de SANTA ELENA. Mis correos son: jbor_10@hotmail.com juaaborb@espol.edu.ec juanborbor@gmail.com Estudio en la ESPOL,\u00a0 la carrera de INGENIER\u00cdA EN AUDITOR\u00cdA Y CONTADUR\u00cdA PUBLICA AUTORIZADA, estoy [&hellip;]<\/p>\n","protected":false},"author":1820,"featured_media":0,"parent":0,"menu_order":0,"comment_status":"open","ping_status":"open","template":"","meta":{"_monsterinsights_skip_tracking":false,"_monsterinsights_sitenote_active":false,"_monsterinsights_sitenote_note":"","_monsterinsights_sitenote_category":0,"footnotes":""},"class_list":["post-96","page","type-page","status-publish","hentry"],"_links":{"self":[{"href":"https:\/\/blog.espol.edu.ec\/juan\/wp-json\/wp\/v2\/pages\/96","targetHints":{"allow":["GET"]}}],"collection":[{"href":"https:\/\/blog.espol.edu.ec\/juan\/wp-json\/wp\/v2\/pages"}],"about":[{"href":"https:\/\/blog.espol.edu.ec\/juan\/wp-json\/wp\/v2\/types\/page"}],"author":[{"embeddable":true,"href":"https:\/\/blog.espol.edu.ec\/juan\/wp-json\/wp\/v2\/users\/1820"}],"replies":[{"embeddable":true,"href":"https:\/\/blog.espol.edu.ec\/juan\/wp-json\/wp\/v2\/comments?post=96"}],"version-history":[{"count":11,"href":"https:\/\/blog.espol.edu.ec\/juan\/wp-json\/wp\/v2\/pages\/96\/revisions"}],"predecessor-version":[{"id":98,"href":"https:\/\/blog.espol.edu.ec\/juan\/wp-json\/wp\/v2\/pages\/96\/revisions\/98"}],"wp:attachment":[{"href":"https:\/\/blog.espol.edu.ec\/juan\/wp-json\/wp\/v2\/media?parent=96"}],"curies":[{"name":"wp","href":"https:\/\/api.w.org\/{rel}","templated":true}]}}