{"id":2,"date":"2013-05-21T15:34:20","date_gmt":"2013-05-21T15:34:20","guid":{"rendered":"http:\/\/blog.espol.edu.ec\/juancoro\/?page_id=2"},"modified":"2013-06-07T05:21:15","modified_gmt":"2013-06-07T05:21:15","slug":"pagina-ejemplo","status":"publish","type":"page","link":"https:\/\/blog.espol.edu.ec\/juancoro\/pagina-ejemplo\/","title":{"rendered":"Sabias que..."},"content":{"rendered":"<p>SABIAS QUE:<\/p>\n<p>- Nunca se confirmo la muerte de hiter en 1945. La \u00fanica prueba con la que contaba la uni\u00f3n sovietica \"un fragmento del cr\u00e1neo de Hilter\" fue sometida a pruebas de ADN con resultados negativos. esto quiere decir que la unica prueba con la que contaba el mundo fue desmentida. El cr\u00e1neo pertenece a una mujer. lo \u00fanico que encontraron los sovieticos fue el cuerpo de Eva Braun medio calcinado junto con el cuerpo de una persona totalmente calcinada(asumieron que fue Hitler) .<\/p>\n<p>- Hitler nunca fue encontrado muerto nunca pudieron confirmarlo, solo encontraron algunos dobles de Hitler.<\/p>\n<p>- Si jap\u00f3n no hubiera atacado pearl harbor el 7 de diciembre de 1941 el desenlace de la guerra fuera muy distinto.<\/p>\n<p>- Se dice que la segunda guerra mundial fue la Guerra entre el bien y el mal<\/p>\n<p>- En el ultimo a\u00f1o de la guerra estados unidos ya no contaba con recursos suficiente para alargar la guerra con Jap\u00f3n por eso decidieron usar las Bombas<\/p>\n<p>- La segunda guerra mundial fue un salto tecnol\u00f3gico inmenso<\/p>\n<p>- Los alemanes contaban con la mejor tecnolog\u00eda<\/p>\n<p>- Estados unidos tambi\u00e9n tuvo campos de concentraci\u00f3n<\/p>\n<p>- Los m\u00e9dicos nazis hac\u00edan horribles experimentos con los jud\u00edos en los campos de exterminio<\/p>\n<p>- Hubieron mexicanos sirviendo en estados unidos para la fuerza a\u00e9rea, mientras a ellos les asignaban mas de 3 misiones diarias en un lapso de 3 a\u00f1os, los solados americanos solo volaban 25 misiones y terminaba su servicio militar<\/p>\n<p>- Los \" cola roja\" fueron un grupo de negros que volaban como escoltas para los bombarderos B-17 para ese entonces pensaban que los negros eran inferiores pero ellos demostraron ser una de las mejores escuadras de la Historia<\/p>\n<p>- Los aliados usaron \"brujeria\" para predecir los ataques Alemanes<\/p>\n<p>- Las fuerzas del eje le dieron mucha importancia \u00a0a la b\u00fasqueda de talismanes lanzas objetos que les diera un poder sobre natural.<\/p>\n<p>&nbsp;<\/p>\n","protected":false},"excerpt":{"rendered":"<p>SABIAS QUE: - Nunca se confirmo la muerte de hiter en 1945. La \u00fanica prueba con la que contaba la uni\u00f3n sovietica \"un fragmento del cr\u00e1neo de Hilter\" fue sometida a pruebas de ADN con resultados negativos. esto quiere decir que la unica prueba con la que contaba el mundo fue desmentida. El cr\u00e1neo pertenece [&hellip;]<\/p>\n","protected":false},"author":8586,"featured_media":0,"parent":0,"menu_order":0,"comment_status":"open","ping_status":"open","template":"","meta":{"footnotes":""},"class_list":["post-2","page","type-page","status-publish","hentry"],"_links":{"self":[{"href":"https:\/\/blog.espol.edu.ec\/juancoro\/wp-json\/wp\/v2\/pages\/2","targetHints":{"allow":["GET"]}}],"collection":[{"href":"https:\/\/blog.espol.edu.ec\/juancoro\/wp-json\/wp\/v2\/pages"}],"about":[{"href":"https:\/\/blog.espol.edu.ec\/juancoro\/wp-json\/wp\/v2\/types\/page"}],"author":[{"embeddable":true,"href":"https:\/\/blog.espol.edu.ec\/juancoro\/wp-json\/wp\/v2\/users\/8586"}],"replies":[{"embeddable":true,"href":"https:\/\/blog.espol.edu.ec\/juancoro\/wp-json\/wp\/v2\/comments?post=2"}],"version-history":[{"count":11,"href":"https:\/\/blog.espol.edu.ec\/juancoro\/wp-json\/wp\/v2\/pages\/2\/revisions"}],"predecessor-version":[{"id":52,"href":"https:\/\/blog.espol.edu.ec\/juancoro\/wp-json\/wp\/v2\/pages\/2\/revisions\/52"}],"wp:attachment":[{"href":"https:\/\/blog.espol.edu.ec\/juancoro\/wp-json\/wp\/v2\/media?parent=2"}],"curies":[{"name":"wp","href":"https:\/\/api.w.org\/{rel}","templated":true}]}}