{"id":7,"date":"2013-05-21T15:48:27","date_gmt":"2013-05-21T15:48:27","guid":{"rendered":"http:\/\/blog.espol.edu.ec\/juancoro\/?page_id=7"},"modified":"2013-06-07T06:40:30","modified_gmt":"2013-06-07T06:40:30","slug":"mi-primera-pagina","status":"publish","type":"page","link":"https:\/\/blog.espol.edu.ec\/juancoro\/mi-primera-pagina\/","title":{"rendered":"Multimedia"},"content":{"rendered":"<p><iframe loading=\"lazy\" src=\"http:\/\/www.youtube.com\/embed\/AHxJxljQDvs\" frameborder=\"0\" width=\"420\" height=\"315\"><\/iframe><\/p>\n<p>&nbsp;<\/p>\n<p><strong>El &lt;dia-D&gt; UN\u00a0D\u00cdA\u00a0DECISIVO\u00a0PARA TODA LA HUMANIDAD.<\/strong><\/p>\n<p><iframe loading=\"lazy\" src=\"http:\/\/www.youtube.com\/embed\/Vr8mEtRxYCw\" frameborder=\"0\" width=\"420\" height=\"315\"><\/iframe><\/p>\n<p>Bastogne fue un peque\u00f1o pueblo donde se encontraba la division 101 aerotrasportada.<\/p>\n<p>a finales de la guerra en Europa en el mes de diciembre de 1944 fue la ultima y mas grande ofensiva(ataque) por parte de las fuerzas del eje para ese entonces ya los aliados estaban tomando el control sobre Europa, el plan de Hitler era atravesar en medio de las lineas aleadas dividirlos y crear confusi\u00f3n para as\u00ed poder tener nuevamente el control sobre el este de Europa.<\/p>\n<p>los alemanes con toda su potencia b\u00e9lica fueron a atacar pero a pocos kilometros de alemania se encontraba este pueblo Bastogne este pueblo era decisivo ya que tenia siete, rutas principales sin ellas las fuerzas de Hitler no podr\u00edan hacer realidad el plan del dictador. \u00a0un general nazi al ver que el peque\u00f1o pueblo estaba tomado por americanos, env\u00eda una carta diciendo: SI NO SE RETIRAN DEL PUEBLO TODA LA MAQUINARIA E INFANTER\u00cdA DEL III REICH CAER\u00c1 SOBRE USTEDES. a esto el comandante norteamericano responde : TONTER\u00cdAS \"NUTS\".<\/p>\n<p><strong>Al finalizar la batalla\u00a0unos cuantos soldados norteamericanos acabaron el mas grande ataque por parte de Alemania \u00a0en la historia sobre el este de Europa\u00a0<\/strong><\/p>\n<p><strong>\u00a0(16 de diciembre de 1944 \u2013 25 de enero de 1945)<\/strong><\/p>\n<p><strong>la batalla de las Ardenas.\u00a0<\/strong><\/p>\n<p><iframe loading=\"lazy\" src=\"http:\/\/www.youtube.com\/embed\/K-HK0OJnhx4\" frameborder=\"0\" width=\"560\" height=\"315\"><\/iframe><\/p>\n<p>&nbsp;<\/p>\n<p>VARSOVIA LUCHA!<\/p>\n<p><strong>archivos perdidos de la segunda guerra mundial 1\/10<\/strong><\/p>\n<p><iframe loading=\"lazy\" width=\"560\" height=\"315\" src=\"http:\/\/www.youtube.com\/embed\/oSV4ROCOZrI\" frameborder=\"0\" allowfullscreen><\/iframe><\/p>\n<p><strong>archivos perdidos de la segunda guerra mundial 2\/10<\/strong><\/p>\n<p><iframe loading=\"lazy\" width=\"560\" height=\"315\" src=\"http:\/\/www.youtube.com\/embed\/QB4LuyclmyM\" frameborder=\"0\" allowfullscreen><\/iframe><\/p>\n<p><strong>archivos perdidos de la segunda guerra mundial 3\/10<\/strong><\/p>\n<p><iframe loading=\"lazy\" width=\"560\" height=\"315\" src=\"http:\/\/www.youtube.com\/embed\/6RXdaZp2efI\" frameborder=\"0\" allowfullscreen><\/iframe><\/p>\n<p><strong>archivos perdidos de la segunda guerra mundial 4\/10<\/strong><\/p>\n<p><iframe loading=\"lazy\" width=\"560\" height=\"315\" src=\"http:\/\/www.youtube.com\/embed\/Rd7cCdBCoPA\" frameborder=\"0\" allowfullscreen><\/iframe><\/p>\n<p><strong>archivos perdidos de la segunda guerra mundial 5\/10<\/strong><\/p>\n<p><iframe loading=\"lazy\" width=\"560\" height=\"315\" src=\"http:\/\/www.youtube.com\/embed\/WFPcmtVzoUo\" frameborder=\"0\" allowfullscreen><\/iframe><\/p>\n<p><strong>archivos perdidos de la segunda guerra mundial 6\/10<\/strong><\/p>\n<p><iframe loading=\"lazy\" width=\"560\" height=\"315\" src=\"http:\/\/www.youtube.com\/embed\/SuSLPesV-IU\" frameborder=\"0\" allowfullscreen><\/iframe><\/p>\n<p><strong>archivos perdidos de la segunda guerra mundial 7\/10<\/strong><\/p>\n<p><iframe loading=\"lazy\" width=\"560\" height=\"315\" src=\"http:\/\/www.youtube.com\/embed\/WTLvAjTqsuc\" frameborder=\"0\" allowfullscreen><\/iframe><\/p>\n<p><strong>archivos perdidos de la segunda guerra mundial 10\/10<\/strong><\/p>\n<p><iframe loading=\"lazy\" width=\"560\" height=\"315\" src=\"http:\/\/www.youtube.com\/embed\/ZSIovdR_tyQ\" frameborder=\"0\" allowfullscreen><\/iframe><\/p>\n","protected":false},"excerpt":{"rendered":"<p>&nbsp; El &lt;dia-D&gt; UN\u00a0D\u00cdA\u00a0DECISIVO\u00a0PARA TODA LA HUMANIDAD. Bastogne fue un peque\u00f1o pueblo donde se encontraba la division 101 aerotrasportada. a finales de la guerra en Europa en el mes de diciembre de 1944 fue la ultima y mas grande ofensiva(ataque) por parte de las fuerzas del eje para ese entonces ya los aliados estaban tomando [&hellip;]<\/p>\n","protected":false},"author":8586,"featured_media":0,"parent":0,"menu_order":0,"comment_status":"open","ping_status":"open","template":"","meta":{"footnotes":""},"class_list":["post-7","page","type-page","status-publish","hentry"],"_links":{"self":[{"href":"https:\/\/blog.espol.edu.ec\/juancoro\/wp-json\/wp\/v2\/pages\/7","targetHints":{"allow":["GET"]}}],"collection":[{"href":"https:\/\/blog.espol.edu.ec\/juancoro\/wp-json\/wp\/v2\/pages"}],"about":[{"href":"https:\/\/blog.espol.edu.ec\/juancoro\/wp-json\/wp\/v2\/types\/page"}],"author":[{"embeddable":true,"href":"https:\/\/blog.espol.edu.ec\/juancoro\/wp-json\/wp\/v2\/users\/8586"}],"replies":[{"embeddable":true,"href":"https:\/\/blog.espol.edu.ec\/juancoro\/wp-json\/wp\/v2\/comments?post=7"}],"version-history":[{"count":15,"href":"https:\/\/blog.espol.edu.ec\/juancoro\/wp-json\/wp\/v2\/pages\/7\/revisions"}],"predecessor-version":[{"id":71,"href":"https:\/\/blog.espol.edu.ec\/juancoro\/wp-json\/wp\/v2\/pages\/7\/revisions\/71"}],"wp:attachment":[{"href":"https:\/\/blog.espol.edu.ec\/juancoro\/wp-json\/wp\/v2\/media?parent=7"}],"curies":[{"name":"wp","href":"https:\/\/api.w.org\/{rel}","templated":true}]}}