{"id":2,"date":"2015-06-09T19:08:21","date_gmt":"2015-06-09T19:08:21","guid":{"rendered":"http:\/\/blog.espol.edu.ec\/juanjozm96\/?page_id=2"},"modified":"2015-07-02T01:50:26","modified_gmt":"2015-07-02T01:50:26","slug":"pagina-ejemplo","status":"publish","type":"page","link":"https:\/\/blog.espol.edu.ec\/juanjozm96\/pagina-ejemplo\/","title":{"rendered":"HISTORIA DEL DEEP"},"content":{"rendered":"<h1 id=\"firstHeading\" class=\"firstHeading\">Deep house<\/h1>\n<div id=\"bodyContent\" class=\"mw-body-content\"><\/div>\n<div id=\"mw-content-text\" class=\"mw-content-ltr\" dir=\"ltr\" lang=\"es\">\n<table class=\"infobox\">\n<tbody>\n<tr>\n<th class=\"cabecera m\u00fasica\" colspan=\"3\">Deep house<\/th>\n<\/tr>\n<tr>\n<th scope=\"row\">Or\u00edgenes musicales<\/th>\n<td colspan=\"2\"><a title=\"House (m\u00fasica)\" href=\"https:\/\/es.wikipedia.org\/wiki\/House_%28m%C3%BAsica%29\">House<\/a>, <a title=\"Soul\" href=\"https:\/\/es.wikipedia.org\/wiki\/Soul\">soul<\/a>, <a title=\"Funk\" href=\"https:\/\/es.wikipedia.org\/wiki\/Funk\">funk<\/a>, <a title=\"Jazz\" href=\"https:\/\/es.wikipedia.org\/wiki\/Jazz\">jazz<\/a>, <a title=\"Techno\" href=\"https:\/\/es.wikipedia.org\/wiki\/Techno\">techno<\/a>, <a title=\"Chicago house\" href=\"https:\/\/es.wikipedia.org\/wiki\/Chicago_house\">chicago house<\/a><\/td>\n<\/tr>\n<tr>\n<th scope=\"row\">Or\u00edgenes culturales<\/th>\n<td colspan=\"2\"><img loading=\"lazy\" decoding=\"async\" class=\"thumbborder\" src=\"https:\/\/upload.wikimedia.org\/wikipedia\/commons\/thumb\/a\/a4\/Flag_of_the_United_States.svg\/20px-Flag_of_the_United_States.svg.png\" alt=\"Flag of the United States.svg\" width=\"20\" height=\"11\" \/> <a title=\"Estados Unidos\" href=\"https:\/\/es.wikipedia.org\/wiki\/Estados_Unidos\">Estados Unidos<\/a><\/td>\n<\/tr>\n<tr>\n<th scope=\"row\"><a title=\"Instrumento musical\" href=\"https:\/\/es.wikipedia.org\/wiki\/Instrumento_musical\">Instrumentos comunes<\/a><\/th>\n<td colspan=\"2\"><a title=\"Secuenciador\" href=\"https:\/\/es.wikipedia.org\/wiki\/Secuenciador\">Secuenciador<\/a>, <a title=\"Sintetizador\" href=\"https:\/\/es.wikipedia.org\/wiki\/Sintetizador\">sintetizador<\/a>, <a title=\"Sampler\" href=\"https:\/\/es.wikipedia.org\/wiki\/Sampler\">sampler<\/a>, <a title=\"Caja de ritmos\" href=\"https:\/\/es.wikipedia.org\/wiki\/Caja_de_ritmos\">caja de ritmos<\/a>.<\/td>\n<\/tr>\n<tr>\n<th scope=\"row\">Popularidad<\/th>\n<td colspan=\"2\">Alta en la actualidad<\/td>\n<\/tr>\n<tr>\n<th scope=\"row\">Derivados<\/th>\n<td colspan=\"2\"><a title=\"House (m\u00fasica)\" href=\"https:\/\/es.wikipedia.org\/wiki\/House_%28m%C3%BAsica%29\">Tropical house<\/a>, <a title=\"Future house\" href=\"https:\/\/es.wikipedia.org\/wiki\/Future_house\">future house<\/a>, <a title=\"Funky house\" href=\"https:\/\/es.wikipedia.org\/wiki\/Funky_house\">funky house<\/a>, <a title=\"Tech house\" href=\"https:\/\/es.wikipedia.org\/wiki\/Tech_house\">tech house<\/a>, <a title=\"House (m\u00fasica)\" href=\"https:\/\/es.wikipedia.org\/wiki\/House_%28m%C3%BAsica%29\">tribal house<\/a>, <a title=\"French house\" href=\"https:\/\/es.wikipedia.org\/wiki\/French_house\">french house<\/a>, <a class=\"mw-redirect\" title=\"Progressive house\" href=\"https:\/\/es.wikipedia.org\/wiki\/Progressive_house\">progressive house<\/a>, <a title=\"Nu-disco\" href=\"https:\/\/es.wikipedia.org\/wiki\/Nu-disco\">nu-disco<\/a><\/td>\n<\/tr>\n<tr>\n<th colspan=\"3\">Temas relacionados<\/th>\n<\/tr>\n<tr>\n<td colspan=\"3\"><a title=\"Ambient house\" href=\"https:\/\/es.wikipedia.org\/wiki\/Ambient_house\">Ambient house<\/a><\/td>\n<\/tr>\n<tr>\n<td colspan=\"3\"><small>[<span class=\"plainlinks\"><a class=\"extiw\" title=\"d:Q874038\" href=\"https:\/\/www.wikidata.org\/wiki\/Q874038\">editar datos en Wikidata<\/a><\/span>]<\/small><\/td>\n<\/tr>\n<\/tbody>\n<\/table>\n<p>&nbsp;<\/p>\n<p><b>Deep house<\/b> es un subg\u00e9nero del <a class=\"mw-disambig\" title=\"House\" href=\"https:\/\/es.wikipedia.org\/wiki\/House\">House<\/a><sup id=\"cite_ref-ishkur_1-0\" class=\"reference\"><a href=\"https:\/\/es.wikipedia.org\/wiki\/Deep_house#cite_note-ishkur-1\">1<\/a><\/sup> originado en los a\u00f1os 1980 en Estados Unidos, donde inicialmente se combinaron elementos del <a title=\"Chicago house\" href=\"https:\/\/es.wikipedia.org\/wiki\/Chicago_house\">Chicago house<\/a> con el <a title=\"Jazz-funk\" href=\"https:\/\/es.wikipedia.org\/wiki\/Jazz-funk\">jazz-funk<\/a><sup id=\"cite_ref-allmusic_2-0\" class=\"reference\"><a href=\"https:\/\/es.wikipedia.org\/wiki\/Deep_house#cite_note-allmusic-2\">2<\/a><\/sup> de los a\u00f1os 1980, y con toques del <a class=\"mw-redirect\" title=\"Soul music\" href=\"https:\/\/es.wikipedia.org\/wiki\/Soul_music\">soul music<\/a>.<sup id=\"cite_ref-3\" class=\"reference\"><a href=\"https:\/\/es.wikipedia.org\/wiki\/Deep_house#cite_note-3\">3<\/a><\/sup> La duraci\u00f3n de las canciones var\u00eda entre 6 y 10 minutos, con tiempos usualmente en el rango de 118 a 124 BPM.<sup id=\"cite_ref-4\" class=\"reference\"><a href=\"https:\/\/es.wikipedia.org\/wiki\/Deep_house#cite_note-4\">4<\/a><\/sup> Este estilo de la m\u00fasica house est\u00e1 caracterizado por tener un sonido suave, sensual, c\u00e1lido envolvente y bailable a la vez. Igualmente cuenta con efectos ambientales como reverb y delay. De la influencia del jazz y del soul se percibe el uso de acordes m\u00e1s all\u00e1 de las tr\u00edadas, incorporando acordes de s\u00e9ptima, novena, suspendidos, alteraciones, etc. Este estilo de m\u00fasica house ofrece una mayor sensaci\u00f3n ac\u00fastica. A lo largo de los a\u00f1os el deep house ha ganado popularidad seg\u00fan <a title=\"Beatport\" href=\"https:\/\/es.wikipedia.org\/wiki\/Beatport\">Beatport<\/a>, siendo uno de los g\u00e9neros m\u00e1s vendidos.<sup id=\"cite_ref-5\" class=\"reference\"><a href=\"https:\/\/es.wikipedia.org\/wiki\/Deep_house#cite_note-5\">5<\/a><\/sup><\/p>\n<div id=\"toc\" class=\"toc\">\n<div id=\"toctitle\">\n<h2>\u00cdndice<\/h2>\n<\/div>\n<\/div>\n<\/div>\n<div id=\"toc\" class=\"toc\">\n<ul>\n<li class=\"toclevel-1 tocsection-1\"><a href=\"https:\/\/es.wikipedia.org\/wiki\/Deep_house#Caracter.C3.ADsticas\"><span class=\"tocnumber\">1<\/span> <span class=\"toctext\">Caracter\u00edsticas<\/span><\/a><\/li>\n<li class=\"toclevel-1 tocsection-2\"><a href=\"https:\/\/es.wikipedia.org\/wiki\/Deep_house#Influencias\"><span class=\"tocnumber\">2<\/span> <span class=\"toctext\">Influencias<\/span><\/a><\/li>\n<li class=\"toclevel-1 tocsection-3\"><a href=\"https:\/\/es.wikipedia.org\/wiki\/Deep_house#Productores\"><span class=\"tocnumber\">3<\/span> <span class=\"toctext\">Productores<\/span><\/a><\/li>\n<li class=\"toclevel-1 tocsection-4\"><a href=\"https:\/\/es.wikipedia.org\/wiki\/Deep_house#Sellos_discogr.C3.A1ficos\"><span class=\"tocnumber\">4<\/span> <span class=\"toctext\">Sellos discogr\u00e1ficos<\/span><\/a><\/li>\n<li class=\"toclevel-1 tocsection-5\"><a href=\"https:\/\/es.wikipedia.org\/wiki\/Deep_house#Future_house\"><span class=\"tocnumber\">5<\/span> <span class=\"toctext\">Future house<\/span><\/a><\/li>\n<li class=\"toclevel-1 tocsection-6\"><a href=\"https:\/\/es.wikipedia.org\/wiki\/Deep_house#Referencias\"><span class=\"tocnumber\">6<\/span> <span class=\"toctext\">Referencias<\/span><\/a><\/li>\n<\/ul>\n<\/div>\n<h2><span id=\"Caracter.C3.ADsticas\" class=\"mw-headline\">Caracter\u00edsticas<\/span><\/h2>\n<p>El deep house es conocido por tener una melod\u00eda compleja, por el uso de acordes crom\u00e1ticos subrayando secuencias, tambi\u00e9n por el ambiente soul, y por la atm\u00f3sfera de los vocales. El uso de los vocales se volvi\u00f3 m\u00e1s com\u00fan en el deep house que en cualquier otra forma de la m\u00fasica house. En general el deep house no llega a un punto culminante durante la canci\u00f3n, pero se enfoca m\u00e1s a estar en un sonido c\u00f3modo y relajado. En el deep house moderno encontramos todav\u00eda estos rasgos, aunque el g\u00e9nero ha evolucionado al paso de los a\u00f1os, volvi\u00e9ndose muy famoso en Pa\u00edses Bajos.<\/p>\n<h2><span id=\"Influencias\" class=\"mw-headline\">Influencias<\/span><\/h2>\n<p>Tiene una gran influencia del sonido <a title=\"M\u00fasica disco\" href=\"https:\/\/es.wikipedia.org\/wiki\/M%C3%BAsica_disco\">disco<\/a>, y sus capitales son <a title=\"San Francisco (California)\" href=\"https:\/\/es.wikipedia.org\/wiki\/San_Francisco_%28California%29\">San Francisco<\/a>, <a title=\"Nueva York\" href=\"https:\/\/es.wikipedia.org\/wiki\/Nueva_York\">Nueva York<\/a> (donde se le denomina <a title=\"Garage house\" href=\"https:\/\/es.wikipedia.org\/wiki\/Garage_house\">garage<\/a>), <a title=\"Nueva Jersey\" href=\"https:\/\/es.wikipedia.org\/wiki\/Nueva_Jersey\">Nueva Jersey<\/a> (con el grupo Blaze a la cabeza), <a title=\"Chicago\" href=\"https:\/\/es.wikipedia.org\/wiki\/Chicago\">Chicago<\/a> e <a title=\"Ibiza\" href=\"https:\/\/es.wikipedia.org\/wiki\/Ibiza\">Ibiza<\/a>.<sup id=\"cite_ref-6\" class=\"reference\"><a href=\"https:\/\/es.wikipedia.org\/wiki\/Deep_house#cite_note-6\">6<\/a><\/sup><\/p>\n<h2><span id=\"Productores\" class=\"mw-headline\">Productores<\/span><\/h2>\n<p>Entre los productores m\u00e1s conocidos del g\u00e9nero se pueden incluir:<\/p>\n<div>\n<ul>\n<li><a title=\"Aaron-Carl Ragland\" href=\"https:\/\/es.wikipedia.org\/wiki\/Aaron-Carl_Ragland\">Aaron-Carl Ragland<\/a><\/li>\n<li>Aitor AF<\/li>\n<li><a title=\"Armand Van Helden\" href=\"https:\/\/es.wikipedia.org\/wiki\/Armand_Van_Helden\">Armand Van Helden<\/a><\/li>\n<li><a class=\"new\" title=\"Microesfera (a\u00fan no redactado)\" href=\"https:\/\/es.wikipedia.org\/w\/index.php?title=Microesfera&amp;action=edit&amp;redlink=1\">Microesfera<\/a><\/li>\n<li>Alektro<\/li>\n<li>Ali Love<\/li>\n<li>Eddy Leal<\/li>\n<li>Ben Pearce<\/li>\n<li>Ben Watt<\/li>\n<li>Betoko<\/li>\n<li>Blue Six<\/li>\n<li>Booka Shade<\/li>\n<li>Charles Webster<\/li>\n<li>Chris Malinchak<\/li>\n<li>Claptone<\/li>\n<li>Climbers<\/li>\n<li>Daniel De Miguel<\/li>\n<li><a title=\"Deep Dish\" href=\"https:\/\/es.wikipedia.org\/wiki\/Deep_Dish\">Deep Dish<\/a><\/li>\n<li><a title=\"Danny Tenaglia\" href=\"https:\/\/es.wikipedia.org\/wiki\/Danny_Tenaglia\">Danny Tenaglia<\/a><\/li>\n<li>Dennis Ferrer<\/li>\n<li><a title=\"Disclosure (banda)\" href=\"https:\/\/es.wikipedia.org\/wiki\/Disclosure_%28banda%29\">Disclosure<\/a><\/li>\n<li>DJ Spen<\/li>\n<li>Dub Coast<\/li>\n<li>Dubtribe Sound System<\/li>\n<li><a title=\"Duke Dumont\" href=\"https:\/\/es.wikipedia.org\/wiki\/Duke_Dumont\">Duke Dumont<\/a><\/li>\n<li>Dusky<\/li>\n<li>Elias Villalva<\/li>\n<li>Francis Harris<\/li>\n<li>Fabo<\/li>\n<li>Finnebassen<\/li>\n<li><a title=\"Fran\u00e7ois Kevorkian\" href=\"https:\/\/es.wikipedia.org\/wiki\/Fran%C3%A7ois_Kevorkian\">Fran\u00e7ois Kevorkian<\/a><\/li>\n<li><a title=\"Frankie Knuckles\" href=\"https:\/\/es.wikipedia.org\/wiki\/Frankie_Knuckles\">Frankie Knuckles<\/a><\/li>\n<li>George FitzGerald<\/li>\n<li><a title=\"Gilbert Le Funk\" href=\"https:\/\/es.wikipedia.org\/wiki\/Gilbert_Le_Funk\">Gilbert Le Funk<\/a><\/li>\n<li>Good Choice<\/li>\n<li>Gorgon City<\/li>\n<li>Harley &amp; Muscle<\/li>\n<li><a title=\"Hed Kandi\" href=\"https:\/\/es.wikipedia.org\/wiki\/Hed_Kandi\">Hed Kandi<\/a><\/li>\n<li>Hot Natured<\/li>\n<li>Hot Since 82<\/li>\n<li><a title=\"Ian Pooley\" href=\"https:\/\/es.wikipedia.org\/wiki\/Ian_Pooley\">Ian Pooley<\/a><\/li>\n<li>Iban Montoro &amp; Jazzman Wax<\/li>\n<li>Jamie Jones<\/li>\n<li>Jean Bacarreza<\/li>\n<li>Jimpster<\/li>\n<li>Julio Bashmore<\/li>\n<li>Karol XVII &amp; MB Valence<\/li>\n<li><a title=\"Kaskade\" href=\"https:\/\/es.wikipedia.org\/wiki\/Kaskade\">Kaskade<\/a> o tambi\u00e9n <a title=\"Late Night Alumni\" href=\"https:\/\/es.wikipedia.org\/wiki\/Late_Night_Alumni\">Late Night Alumni<\/a><\/li>\n<li>Kenny \"Dope\" Gonzalez<\/li>\n<li>Kerry Chandler<\/li>\n<li>Kevin Yost<\/li>\n<li>Klangkarussell<\/li>\n<li>Klingande<\/li>\n<li>Knee Deep<\/li>\n<li>Kolombo<\/li>\n<li>Lara<\/li>\n<li><a title=\"Larry Heard\" href=\"https:\/\/es.wikipedia.org\/wiki\/Larry_Heard\">Larry Heard<\/a><\/li>\n<li>Little Louie Vega<\/li>\n<li>Maceo Plex<\/li>\n<li>Maetrik<\/li>\n<li>Marc Kinchen<\/li>\n<li>Mark Farina<\/li>\n<li>Martin Iveson (Atjazz)<\/li>\n<li>Masters at Work<\/li>\n<li>Masters Music Clean<\/li>\n<li>Mat\u00edas Aguayo<\/li>\n<li>Matt Lange<\/li>\n<li><a title=\"Maya Jane Coles\" href=\"https:\/\/es.wikipedia.org\/wiki\/Maya_Jane_Coles\">Maya Jane Coles<\/a><\/li>\n<li><a title=\"Miguel Migs\" href=\"https:\/\/es.wikipedia.org\/wiki\/Miguel_Migs\">Miguel Migs<\/a> o tambi\u00e9n <a class=\"mw-redirect\" title=\"Petalpusher\" href=\"https:\/\/es.wikipedia.org\/wiki\/Petalpusher\">Petalpusher<\/a><\/li>\n<li>Mr. Belt &amp; Wezol<\/li>\n<li>Nicolas Jaar<\/li>\n<li>Nima Gorji<\/li>\n<li>Nina Kraviz<\/li>\n<li>Ninetoes<\/li>\n<li><a title=\"Oliver Heldens\" href=\"https:\/\/es.wikipedia.org\/wiki\/Oliver_Heldens\">Oliver Heldens<\/a><\/li>\n<li>Paul Woolford<\/li>\n<li>Phase Modulation<\/li>\n<li>Purple Disco Machine<\/li>\n<li>Broski Benigno<\/li>\n<li>Mike Williams<\/li>\n<li><a title=\"Robin Schulz\" href=\"https:\/\/es.wikipedia.org\/wiki\/Robin_Schulz\">Robin Schulz<\/a><\/li>\n<li>Route 94<\/li>\n<li>Scuba<\/li>\n<li>Seth Troxler<\/li>\n<li>Sean Mannexer<\/li>\n<li>Solomun<\/li>\n<li>Tchami<\/li>\n<li>Tensnake<\/li>\n<li>Theo Parrish<\/li>\n<li>The Rurals<\/li>\n<li>tINI<\/li>\n<li>Tom Middleton<\/li>\n<li><a title=\"Todd Terry\" href=\"https:\/\/es.wikipedia.org\/wiki\/Todd_Terry\">Todd Terry<\/a><\/li>\n<li>Tony Humphries<\/li>\n<li>Tube &amp; Berger<\/li>\n<li>Two!Two!<\/li>\n<li>Wolf Messing<\/li>\n<\/ul>\n<\/div>\n<ul>\n<li>Rioz<\/li>\n<\/ul>\n<h2><span id=\"Sellos_discogr.C3.A1ficos\" class=\"mw-headline\">Sellos discogr\u00e1ficos<\/span><\/h2>\n<p>Los sellos discogr\u00e1ficos m\u00e1s importantes del g\u00e9nero son: Spinnin' Deep, Freerange (Jimpster), Get Physical, King Street, Nite grooves, Defected, Guidance, I! (Kevin Yost), DYI, Extremly house, Wave, Klam, Comfort, <a title=\"Naked Music\" href=\"https:\/\/es.wikipedia.org\/wiki\/Naked_Music\">Naked Music<\/a>, Anjunadeep , <a title=\"Salted Music\" href=\"https:\/\/es.wikipedia.org\/wiki\/Salted_Music\">Salted Music<\/a>, entre otros.<sup id=\"cite_ref-7\" class=\"reference\"><a href=\"https:\/\/es.wikipedia.org\/wiki\/Deep_house#cite_note-7\">7<\/a><\/sup><\/p>\n\n","protected":false},"excerpt":{"rendered":"<p>Deep house Deep house Or\u00edgenes musicales House, soul, funk, jazz, techno, chicago house Or\u00edgenes culturales Estados Unidos Instrumentos comunes Secuenciador, sintetizador, sampler, caja de ritmos. Popularidad Alta en la actualidad Derivados Tropical house, future house, funky house, tech house, tribal house, french house, progressive house, nu-disco Temas relacionados Ambient house [editar datos en Wikidata] &nbsp; [&hellip;]<\/p>\n","protected":false},"author":9757,"featured_media":0,"parent":0,"menu_order":0,"comment_status":"open","ping_status":"open","template":"","meta":{"footnotes":""},"class_list":["post-2","page","type-page","status-publish","hentry"],"_links":{"self":[{"href":"https:\/\/blog.espol.edu.ec\/juanjozm96\/wp-json\/wp\/v2\/pages\/2","targetHints":{"allow":["GET"]}}],"collection":[{"href":"https:\/\/blog.espol.edu.ec\/juanjozm96\/wp-json\/wp\/v2\/pages"}],"about":[{"href":"https:\/\/blog.espol.edu.ec\/juanjozm96\/wp-json\/wp\/v2\/types\/page"}],"author":[{"embeddable":true,"href":"https:\/\/blog.espol.edu.ec\/juanjozm96\/wp-json\/wp\/v2\/users\/9757"}],"replies":[{"embeddable":true,"href":"https:\/\/blog.espol.edu.ec\/juanjozm96\/wp-json\/wp\/v2\/comments?post=2"}],"version-history":[{"count":2,"href":"https:\/\/blog.espol.edu.ec\/juanjozm96\/wp-json\/wp\/v2\/pages\/2\/revisions"}],"predecessor-version":[{"id":33,"href":"https:\/\/blog.espol.edu.ec\/juanjozm96\/wp-json\/wp\/v2\/pages\/2\/revisions\/33"}],"wp:attachment":[{"href":"https:\/\/blog.espol.edu.ec\/juanjozm96\/wp-json\/wp\/v2\/media?parent=2"}],"curies":[{"name":"wp","href":"https:\/\/api.w.org\/{rel}","templated":true}]}}