{"id":35,"date":"2015-07-02T02:00:20","date_gmt":"2015-07-02T02:00:20","guid":{"rendered":"http:\/\/blog.espol.edu.ec\/juanjozm96\/?page_id=35"},"modified":"2015-07-02T02:00:20","modified_gmt":"2015-07-02T02:00:20","slug":"lee-foss","status":"publish","type":"page","link":"https:\/\/blog.espol.edu.ec\/juanjozm96\/lee-foss\/","title":{"rendered":"LEE FOSS"},"content":{"rendered":"<div id=\"gt-bbar-c\" dir=\"ltr\"><span id=\"result_box\" class=\"\" lang=\"es\"><span title=\"From Wikipedia, the free encyclopedia\n\"><br \/>\n<\/span><span title=\"Lee Foss\n\">Lee Foss<br \/>\n<\/span><span title=\"Background information\n\"><br \/>\n<\/span><span title=\"Birth name \tLee Foss\n\">Nombre de nacimiento Lee Foss<br \/>\n<\/span><span title=\"Also known as \tHot Natured (With Jamie Jones, Ali Love, Luca C)\n\">Tambi\u00e9n conocido como Hot Natured (Con Jamie Jones, Ali Love, Luca C)<br \/>\n<\/span><span title=\"Born \tDekalb, Illinois\n\">Nacido Dekalb, Illinois<br \/>\n<\/span><span title=\"Origin \tDekalb, U.S.\n\">Origen Dekalb, EE.UU.<br \/>\n<\/span><span title=\"Genres \tHouse, deep house, techno\n\">G\u00e9neros House, deep house, techno<br \/>\n<\/span><span title=\"Occupation(s) \tProducer\n\">Profesi\u00f3n (s) Productor<br \/>\n<\/span><span title=\"DJ\n\">DJ<br \/>\n<\/span><span title=\"Years active \t2001 - present\n\">Per\u00edodo de actividad 2001 - presente<br \/>\n<\/span><span title=\"Labels \tHot Creations\n\">Labels Hot Creations<br \/>\n<\/span><span title=\"Wolf + Lamb\n\">Lobo + Cordero<br \/>\n<\/span><span title=\"Culprit\n\">Culpable<br \/>\n<\/span><span title=\"Mexa\n\">Mexa<br \/>\n<\/span><span title=\"No. 19\n\">No. 19<br \/>\n<\/span><span title=\"Associated acts \tJamie Jones, Richy Ahmed, Ali Love, Luca C, MK, Anabel Englund\n\n\">Artistas relacionados Jamie Jones, Richy Ahmed, Ali Love, Luca C, MK, Anabel Englund<\/p>\n<p><\/span><span title=\"Lee Foss is an American-born producer and DJ from Chicago, Illinois.\">Lee Foss es un productor nacido en Estados Unidos y DJ de Chicago, Illinois. <\/span><span title=\"In addition to a number of releases on labels such as Culprit, Wolf+Lamb and No. 19, he co-founded the dance music label Hot Creations and is a member of the house music band Hot Natured alongside Jamie Jones, Ali Love and Luca\">Adem\u00e1s de una serie de lanzamientos en sellos como culpable, Wolf + Lamb y N\u00ba 19, \u00e9l co-fund\u00f3 el label m\u00fasica de baile Hot Creations y es miembro de la banda de m\u00fasica de la casa caliente Natured junto Jamie Jones, Ali Love y Luca <\/span><span title=\"C.[1]\n\n\">C. [1]<\/p>\n<p><\/span><span title=\"Lee's music is inspired by the musical heritage of Chicago and his influences include classic house, R&amp;B, 90s Hip Hop, 1980s electro and Detroit techno.[2]\n\n\">La m\u00fasica de Lee se inspira en la herencia musical de Chicago y sus influencias incluyen casa cl\u00e1sica, R &amp; B, Hip Hop 90, 1980 electro y el techno de Detroit. [2]<\/p>\n<p><\/span><span title=\"In 2010 Lee was the highest new entry into the Resident Advisor Top 100 DJ poll at no.\">En 2010 Lee fue la nueva entrada m\u00e1s alta en el Resident Advisor Top 100 DJ sondeo en el no. <\/span><span title=\"38,[3] and climbed to no.\">38, [3] y se subi\u00f3 a no. <\/span><span title=\"11 in 2011.[4]\n\n\">11 en 2011. [4]<\/p>\n<p><\/span><span title=\"Contents\n\n\u00a0\u00a0\u00a0\u00a0\">Contenido<\/p>\n<p><\/span><span title=\"1 Career\n\u00a0\u00a0\u00a0\u00a0\u00a0\u00a0\u00a0\u00a0\">1 Carrera<br \/>\n<\/span><span title=\"1.1 DJ\n\u00a0\u00a0\u00a0\u00a0\u00a0\u00a0\u00a0\u00a0\">1.1 DJ<br \/>\n<\/span><span title=\"1.2 Producer\n\u00a0\u00a0\u00a0\u00a0\u00a0\u00a0\u00a0\u00a0\">1.2 Productor<br \/>\n<\/span><span title=\"1.3 Hot Creations\n\u00a0\u00a0\u00a0\u00a0\">1.3 Hot Creations<br \/>\n<\/span><span title=\"2 Discography\n\u00a0\u00a0\u00a0\u00a0\u00a0\u00a0\u00a0\u00a0\">2 Discograf\u00eda<br \/>\n<\/span><span title=\"2.1 Albums\n\u00a0\u00a0\u00a0\u00a0\u00a0\u00a0\u00a0\u00a0\">2.1 \u00c1lbumes<br \/>\n<\/span><span title=\"2.2 Solo EPs\n\u00a0\u00a0\u00a0\u00a0\u00a0\u00a0\u00a0\u00a0\">2.2 Solo EPs<br \/>\n<\/span><span title=\"2.3 Collaborative EPs\n\u00a0\u00a0\u00a0\u00a0\">2.3 EPs colaborativos<br \/>\n<\/span><span title=\"3 References\n\n\">3 Referencias<\/p>\n<p><\/span><span title=\"Career\n\n\">Carrera<\/p>\n<p><\/span><span title=\"While growing up in Chicago, Lee went to a lot of clubs and raves in the 1990s which sparked his interest in house and disco.\">Mientras crec\u00eda en Chicago, Lee fue a una gran cantidad de clubes y raves en la d\u00e9cada de 1990, que despert\u00f3 su inter\u00e9s en la casa y la m\u00fasica disco. <\/span><span title=\"'I was making music for years on my own in Chicago in logic and not really getting very far', he says, 'except for when i would do edits which i would send to my friends who were bigger djs and they would love [them\">\"Yo estaba haciendo m\u00fasica durante a\u00f1os por mi cuenta en Chicago en la l\u00f3gica y no realmente conseguir muy lejos\", dice, \"a excepci\u00f3n de cuando yo har\u00eda ediciones que me gustar\u00eda enviar a mis amigos que estaban djs m\u00e1s grandes y que me encantar\u00eda [ellos <\/span><span title=\"]'.[2]\n\n\">] \". [2]<\/p>\n<p><\/span><span title=\"Lee claims that it was after meeting Jamie Jones in Ibiza in the early 00s that changed his whole approach to music and laid the foundations for his later career.[5] The pair quickly became close friends, paving the way for their Hot Creations label partnership\">Lee afirma que fue despu\u00e9s de conocer a Jamie Jones en Ibiza a principios de los 00s que cambi\u00f3 toda su acercamiento a la m\u00fasica y sentaron las bases para su carrera posterior. [5] La pareja se convirti\u00f3 r\u00e1pidamente en amigos cercanos, allanando el camino para su asociaci\u00f3n sello Hot Creations <\/span><span title=\"with Richy Ahmed and later their Hot Natured band project with Infinity Ink (Ali Love and Luca C), as well as their Paradise event brand.[6]\n\">con Richy Ahmed y m\u00e1s tarde su proyecto de banda Hot Natured con Infinity Ink (Ali Love y Luca C), as\u00ed como su marca evento Para\u00edso. [6]<br \/>\n<\/span><span title=\"DJ\n\n\">DJ<\/p>\n<p><\/span><span title=\"Lee has made his name on both sides of the Atlantic, playing at clubs like fabric (London), Warung (Brazil), The Warehouse Project (Manchester), The Standard Rooftop (Los Angeles), Watergate (Berlin) and Spybar (Chicago)\">Lee ha hecho su nombre en ambos lados del Atl\u00e1ntico, tocando en clubes como tejido (Londres), Warung (Brasil), el Proyecto de almac\u00e9n (Manchester), The Rooftop Est\u00e1ndar (Los Angeles), Watergate (Berl\u00edn) y Spybar (Chicago) <\/span><span title=\".[7]\n\n\">. [7]<\/p>\n<p><\/span><span title=\"Lee's rise to prominence as a DJ has been driven by his diverse sets, spanning from nu-school house and synth-heavy techno,[1] and backed up by a string of releases on labels such as No. 19, Culprit, Wolf+\">El ascenso de Lee a la fama como DJ ha sido impulsado por sus diversos conjuntos, que abarca desde la casa nu-escuela y tecno-synth pesado, [1] y respaldado por una serie de lanzamientos en sellos como No. 19, culpable, Wolf + <\/span><span title=\"Lamb and his own Hot Creations.[8]\n\">Cordero y sus propias creaciones calientes. [8]<br \/>\n<\/span><span title=\"Producer\n\n\">Productor<\/p>\n<p><\/span><span title=\"In addition to his solo releases, Lee has teamed up with veteran producer MK for his Electricity EP release on Hot Creations featuring Anabel Englund, which was named as Pete Tong's Essential New Tune.[9]\n\n\">Adem\u00e1s de sus lanzamientos en solitario, Lee se ha asociado con el veterano productor MK por su liberaci\u00f3n Electricidad EP en Hot Creations con Anabel Englund, que fue nombrado como esencial Nueva Tune de Pete Tong. [9]<\/p>\n<p><\/span><span title=\"Lee is also a member of the house music group Hot Natured.\">Lee es tambi\u00e9n miembro del grupo de m\u00fasica de la casa caliente Natured. <\/span><span title=\"The group released their debut album Different Sides of The Sun on Hot Creations in 2013. The same year they also staged a world tour of the Hot Natured live show, performing headlining slots at Glastonbury, S\u00f3nar and Bestival.[10]\n\">El grupo lanz\u00f3 su \u00e1lbum debut en lados diferentes del Sol en Hot Creations en 2013. El mismo a\u00f1o tambi\u00e9n realizaron una gira mundial de la Natured caliente show en vivo, actuando como cabeza de cartel franjas horarias en Glastonbury, S\u00f3nar y Bestival. [10]<br \/>\n<\/span><span title=\"Hot Creations\n\n\">Hot Creations<\/p>\n<p><\/span><span title=\"Hot Creations is a house music label jointly founded by Lee Foss and Jamie Jones.\">Hot Creations es un label m\u00fasica casa fundada conjuntamente por Lee Foss y Jamie Jones. <\/span><span title=\"The labels has seen releases from Robert James, PBR Streetgang, Danny Daze, Alexis Raphael, Waifs &amp; Strays, Miguel Campbell and Richy Ahmed.[11]\n\">Las etiquetas se ha visto versiones de Robert James, PBR Streetgang, Danny Daze, Alexis Rafael, Waifs y Strays, Miguel Campbell y Richy Ahmed. [11]<br \/>\n<\/span><span title=\"Discography\n\">Discograf\u00eda<br \/>\n<\/span><span title=\"Albums\n\n\u00a0\u00a0\u00a0\u00a0\">\u00c1lbumes<\/p>\n<p><\/span><span title=\"2013: Hot Natured - Different Sides Of The Sun [Hot Creations \/ Warner Bros.]\n\n\">2013: Hot Natured - lados diferentes del Sol [Hot Creations \/ Warner Bros.]<\/p>\n<p><\/span><span title=\"Solo EPs\n\n\u00a0\u00a0\u00a0\u00a0\">EP en solitario<\/p>\n<p><\/span><span title=\"2009: The Edge EP [Culprit]\n\u00a0\u00a0\u00a0\u00a0\">2009: El Parlamento Europeo Edge [culpable]<br \/>\n<\/span><span title=\"2009: Significant Others Too [Wolf+Lamb]\n\u00a0\u00a0\u00a0\u00a0\">2009: Significativo Otros Demasiado [Lobo Cordero +]<br \/>\n<\/span><span title=\"2010: U Got Me EP [Hot Creations]\n\u00a0\u00a0\u00a0\u00a0\">2010: U Got Me EP [Hot Creaciones]<br \/>\n<\/span><span title=\"2011: Starfruit EP [Hot Creations]\n\u00a0\u00a0\u00a0\u00a0\">2011: Carambola EP [Hot Creaciones]<br \/>\n<\/span><span title=\"2011: Your Turn Girl [Culprit]\n\u00a0\u00a0\u00a0\u00a0\">2011: Su Turno Girl [culpable]<br \/>\n<\/span><span title=\"2012: Masta Blasta EP [Mexa]\n\n\">2012: Masta Blasta EP [Mexa]<\/p>\n<p><\/span><span title=\"Collaborative EPs\n\n\u00a0\u00a0\u00a0\u00a0\">EPs colaborativos<\/p>\n<p><\/span><span title=\"2009: Hot Natured - H.E.A.D.S EP [Culprit]\n\u00a0\u00a0\u00a0\u00a0\">2009: Natured caliente - H.E.A.D.S EP [culpable]<br \/>\n<\/span><span title=\"2009: Hot Natured - Hot Natured Edits [W+L Black]\n\u00a0\u00a0\u00a0\u00a0\">2009: Hot Natured - Hot Natured ediciones [W + L Negro]<br \/>\n<\/span><span title=\"2010: Hot Natured - Equilibrium EP [Culprit]\n\u00a0\u00a0\u00a0\u00a0\">2010: Natured caliente - Equilibrio EP [culpable]<br \/>\n<\/span><span title=\"2011: Pteradactyl Disco - Big Ass Biscuit [Hot Creations]\n\u00a0\u00a0\u00a0\u00a0\">2011: Pteradactyl Disco - Big Ass Biscuit [Hot Creaciones]<br \/>\n<\/span><span title=\"2011: Hot Natured - Forward Motion [Hot Creations]\n\u00a0\u00a0\u00a0\u00a0\">2011: Hot Natured - Forward Motion [Hot Creaciones]<br \/>\n<\/span><span title=\"2012: Lee Foss &amp; MK - Electricity EP [Hot Creations]\n\u00a0\u00a0\u00a0\u00a0\">2012: Lee Foss y MK - Electricidad EP [Hot Creations]<br \/>\n<\/span><span title=\"2012: Hot Natured - Benediction [Hot Creations]\n\u00a0\u00a0\u00a0\u00a0\">2012: Hot Natured - Bendici\u00f3n [Hot Creations]<br \/>\n<\/span><span title=\"2013: Hot Natured - Reverse Skydiving [FFRR]\n\u00a0\u00a0\u00a0\u00a0\">2013: Hot Natured - Invertir Paracaidismo [FFRR]<br \/>\n<\/span><span title=\"2013: Hot Natured - Magic Carpet Ride [FFRR]\">2013: Hot Natured - Magic Carpet Ride [FFRR]<\/span><\/span><\/div>\n","protected":false},"excerpt":{"rendered":"<p>Lee Foss Nombre de nacimiento Lee Foss Tambi\u00e9n conocido como Hot Natured (Con Jamie Jones, Ali Love, Luca C) Nacido Dekalb, Illinois Origen Dekalb, EE.UU. G\u00e9neros House, deep house, techno Profesi\u00f3n (s) Productor DJ Per\u00edodo de actividad 2001 - presente Labels Hot Creations Lobo + Cordero Culpable Mexa No. 19 Artistas relacionados Jamie Jones, Richy [&hellip;]<\/p>\n","protected":false},"author":9757,"featured_media":0,"parent":0,"menu_order":1,"comment_status":"open","ping_status":"open","template":"","meta":{"footnotes":""},"class_list":["post-35","page","type-page","status-publish","hentry"],"_links":{"self":[{"href":"https:\/\/blog.espol.edu.ec\/juanjozm96\/wp-json\/wp\/v2\/pages\/35","targetHints":{"allow":["GET"]}}],"collection":[{"href":"https:\/\/blog.espol.edu.ec\/juanjozm96\/wp-json\/wp\/v2\/pages"}],"about":[{"href":"https:\/\/blog.espol.edu.ec\/juanjozm96\/wp-json\/wp\/v2\/types\/page"}],"author":[{"embeddable":true,"href":"https:\/\/blog.espol.edu.ec\/juanjozm96\/wp-json\/wp\/v2\/users\/9757"}],"replies":[{"embeddable":true,"href":"https:\/\/blog.espol.edu.ec\/juanjozm96\/wp-json\/wp\/v2\/comments?post=35"}],"version-history":[{"count":1,"href":"https:\/\/blog.espol.edu.ec\/juanjozm96\/wp-json\/wp\/v2\/pages\/35\/revisions"}],"predecessor-version":[{"id":36,"href":"https:\/\/blog.espol.edu.ec\/juanjozm96\/wp-json\/wp\/v2\/pages\/35\/revisions\/36"}],"wp:attachment":[{"href":"https:\/\/blog.espol.edu.ec\/juanjozm96\/wp-json\/wp\/v2\/media?parent=35"}],"curies":[{"name":"wp","href":"https:\/\/api.w.org\/{rel}","templated":true}]}}