{"id":46,"date":"2011-06-09T12:32:05","date_gmt":"2011-06-09T12:32:05","guid":{"rendered":"http:\/\/blog.espol.edu.ec\/jvillaq\/?page_id=46"},"modified":"2011-06-10T07:13:08","modified_gmt":"2011-06-10T07:13:08","slug":"frases","status":"publish","type":"page","link":"https:\/\/blog.espol.edu.ec\/jvillaq\/frases\/","title":{"rendered":"A\u00fan mas!"},"content":{"rendered":"<p style=\"text-align: center\"><a href=\"http:\/\/blog.espol.edu.ec\/jvillaq\/files\/2011\/06\/1410600m1.jpg\"><img loading=\"lazy\" decoding=\"async\" class=\"size-medium wp-image-105 aligncenter\" title=\"1410600m\" src=\"http:\/\/blog.espol.edu.ec\/jvillaq\/files\/2011\/06\/1410600m1-300x233.jpg\" alt=\"\" width=\"300\" height=\"233\" srcset=\"https:\/\/blog.espol.edu.ec\/jvillaq\/files\/2011\/06\/1410600m1-300x233.jpg 300w, https:\/\/blog.espol.edu.ec\/jvillaq\/files\/2011\/06\/1410600m1.jpg 340w\" sizes=\"auto, (max-width: 300px) 100vw, 300px\" \/><\/a><\/p>\n<p><strong>Gabriel Garc\u00eda M\u00e1rquez<\/strong><\/p>\n<p><strong><a href=\"http:\/\/blog.espol.edu.ec\/jvillaq\/files\/2011\/06\/gabbo.jpg\"><img loading=\"lazy\" decoding=\"async\" class=\"aligncenter size-full wp-image-106\" title=\"gabbo\" src=\"http:\/\/blog.espol.edu.ec\/jvillaq\/files\/2011\/06\/gabbo.jpg\" alt=\"\" width=\"243\" height=\"233\" \/><\/a><br \/>\n<\/strong><\/p>\n<ul>\n<li>La memoria del coraz\u00f3n elimina los malos recuerdos y magnifica los buenos, y gracias a ese artificio, logramos sobrellevar el pasado.<\/li>\n<li>La vida no es sino una continua sucesi\u00f3n de oportunidades para sobrevivir.<\/li>\n<li>La vida no es la que uno vivi\u00f3, sino la que uno recuerda, y c\u00f3mo la recuerda para contarla.<\/li>\n<li>Puedes ser solamente una persona para el mundo, pero para una persona t\u00fa eres el mundo<\/li>\n<li>Cuando hables, procura que tus palabras sean mejores que el silencio.<\/li>\n<li>Vive como si fueras a morir ma\u00f1ana. Aprende como si fueras a vivir siempre<\/li>\n<li>El error mas grande de la humanidad es querer quitar de la cabeza lo que no puede borrar el coraz\u00f3n.<\/li>\n<\/ul>\n<p><a href=\"http:\/\/blog.espol.edu.ec\/jvillaq\/files\/2011\/06\/1410527m.gif\"><img loading=\"lazy\" decoding=\"async\" class=\"aligncenter size-full wp-image-107\" title=\"1410527m\" src=\"http:\/\/blog.espol.edu.ec\/jvillaq\/files\/2011\/06\/1410527m.gif\" alt=\"\" width=\"292\" height=\"340\" srcset=\"https:\/\/blog.espol.edu.ec\/jvillaq\/files\/2011\/06\/1410527m.gif 292w, https:\/\/blog.espol.edu.ec\/jvillaq\/files\/2011\/06\/1410527m-257x300.gif 257w\" sizes=\"auto, (max-width: 292px) 100vw, 292px\" \/><\/a><\/p>\n","protected":false},"excerpt":{"rendered":"<p>Gabriel Garc\u00eda M\u00e1rquez La memoria del coraz\u00f3n elimina los malos recuerdos y magnifica los buenos, y gracias a ese artificio, logramos sobrellevar el pasado. La vida no es sino una continua sucesi\u00f3n de oportunidades para sobrevivir. La vida no es la que uno vivi\u00f3, sino la que uno recuerda, y c\u00f3mo la recuerda para contarla. [&hellip;]<\/p>\n","protected":false},"author":5776,"featured_media":0,"parent":0,"menu_order":0,"comment_status":"open","ping_status":"open","template":"","meta":{"footnotes":""},"class_list":["post-46","page","type-page","status-publish","hentry"],"_links":{"self":[{"href":"https:\/\/blog.espol.edu.ec\/jvillaq\/wp-json\/wp\/v2\/pages\/46","targetHints":{"allow":["GET"]}}],"collection":[{"href":"https:\/\/blog.espol.edu.ec\/jvillaq\/wp-json\/wp\/v2\/pages"}],"about":[{"href":"https:\/\/blog.espol.edu.ec\/jvillaq\/wp-json\/wp\/v2\/types\/page"}],"author":[{"embeddable":true,"href":"https:\/\/blog.espol.edu.ec\/jvillaq\/wp-json\/wp\/v2\/users\/5776"}],"replies":[{"embeddable":true,"href":"https:\/\/blog.espol.edu.ec\/jvillaq\/wp-json\/wp\/v2\/comments?post=46"}],"version-history":[{"count":9,"href":"https:\/\/blog.espol.edu.ec\/jvillaq\/wp-json\/wp\/v2\/pages\/46\/revisions"}],"predecessor-version":[{"id":102,"href":"https:\/\/blog.espol.edu.ec\/jvillaq\/wp-json\/wp\/v2\/pages\/46\/revisions\/102"}],"wp:attachment":[{"href":"https:\/\/blog.espol.edu.ec\/jvillaq\/wp-json\/wp\/v2\/media?parent=46"}],"curies":[{"name":"wp","href":"https:\/\/api.w.org\/{rel}","templated":true}]}}