{"id":77,"date":"2011-06-10T05:59:29","date_gmt":"2011-06-10T05:59:29","guid":{"rendered":"http:\/\/blog.espol.edu.ec\/jvillaq\/?page_id=77"},"modified":"2011-06-11T07:59:01","modified_gmt":"2011-06-11T07:59:01","slug":"julianita","status":"publish","type":"page","link":"https:\/\/blog.espol.edu.ec\/jvillaq\/julianita\/","title":{"rendered":"Julianita! :D"},"content":{"rendered":"<p>Hola que tal amigos\u00a0perm\u00edtanme\u00a0presentarme<\/p>\n<p style=\"text-align: -webkit-auto\"><a href=\"http:\/\/blog.espol.edu.ec\/jvillaq\/files\/2011\/06\/DSC00885_21.jpg\"><img loading=\"lazy\" decoding=\"async\" class=\"aligncenter size-medium wp-image-83\" title=\"DSC00885_2\" src=\"http:\/\/blog.espol.edu.ec\/jvillaq\/files\/2011\/06\/DSC00885_21-300x225.jpg\" alt=\"\" width=\"300\" height=\"225\" srcset=\"https:\/\/blog.espol.edu.ec\/jvillaq\/files\/2011\/06\/DSC00885_21-300x225.jpg 300w, https:\/\/blog.espol.edu.ec\/jvillaq\/files\/2011\/06\/DSC00885_21.jpg 640w\" sizes=\"auto, (max-width: 300px) 100vw, 300px\" \/><\/a><\/p>\n<p><strong>Mi nombre es:<\/strong> <a href=\"http:\/\/www.facebook.com\/juliianiita.viillaviicenciioo\">Juliana Villavicencio Quinteros<\/a><\/p>\n<p><strong>Mi edad:<\/strong> 17 a\u00f1os<\/p>\n<p><strong>Mi cumple es el<\/strong>: 2 de agosto<\/p>\n<p><strong>Mis estudios: <\/strong><\/p>\n<p><a href=\"\/\/velascoibarramilagro.edu.ec\/home.html\">Colegio Jos\u00e9 Mar\u00eda Velasco Ibarra<\/a><\/p>\n<p><a href=\"http:\/\/www.espol.edu.ec\/\">Escuela Superior Polit\u00e9cnica del Litoral<\/a>, ingenier\u00eda en electr\u00f3nica y telecomunicaciones en la <a href=\"http:\/\/www.fiec.espol.edu.ec\/\">FIEC<\/a><\/p>\n<p><a href=\"http:\/\/www.espol.edu.ec\/\"><\/a><strong>me gusta:<\/strong> bailar \ud83d\ude00<\/p>\n<p><strong>Mis autores favoritos son: <\/strong><\/p>\n<p><a href=\"http:\/\/www.carloscuauhtemoc.com\/\">Carlos Cuaut\u00e9moc S\u00e1nchez<\/a><\/p>\n<p><a href=\"http:\/\/www.memorabiliaggm.blogspot.com\/\">Gabriel\u00a0Garc\u00eda\u00a0M\u00e1rquez <\/a><\/p>\n<p><a href=\"http:\/\/paulocoelhoblog.com\/\">Paulo Coelho<\/a><\/p>\n<p><strong>Mis artistas favoritos son: <\/strong><\/p>\n<p><a href=\"http:\/\/www.tercercielooficial.com\/\">Tercer cielo<\/a><\/p>\n<p><a href=\"http:\/\/reik.tv\/home.php\">Reik <\/a><\/p>\n<p><a href=\"http:\/\/www.camila.tv\/us\/home\">Camila<\/a><\/p>\n<p><a href=\"http:\/\/www.ricardoarjona.com\/\">Ricardo Arjona<\/a><\/p>\n<p><strong>Mi pel\u00edcula favorita es:<\/strong><\/p>\n<p><a href=\"http:\/\/www.lasagacrepusculo.es\/\">Crep\u00fasculo<\/a><\/p>\n<p>Mis actor favorito:<\/p>\n<p><a href=\"http:\/\/taylor-lautner.com\/\">Taylor Lautner<\/a><\/p>\n<p>Espero que disfruten mucho mi blog!<\/p>\n","protected":false},"excerpt":{"rendered":"<p>Hola que tal amigos\u00a0perm\u00edtanme\u00a0presentarme Mi nombre es: Juliana Villavicencio Quinteros Mi edad: 17 a\u00f1os Mi cumple es el: 2 de agosto Mis estudios: Colegio Jos\u00e9 Mar\u00eda Velasco Ibarra Escuela Superior Polit\u00e9cnica del Litoral, ingenier\u00eda en electr\u00f3nica y telecomunicaciones en la FIEC me gusta: bailar \ud83d\ude00 Mis autores favoritos son: Carlos Cuaut\u00e9moc S\u00e1nchez Gabriel\u00a0Garc\u00eda\u00a0M\u00e1rquez Paulo Coelho [&hellip;]<\/p>\n","protected":false},"author":5776,"featured_media":0,"parent":0,"menu_order":0,"comment_status":"open","ping_status":"open","template":"","meta":{"footnotes":""},"class_list":["post-77","page","type-page","status-publish","hentry"],"_links":{"self":[{"href":"https:\/\/blog.espol.edu.ec\/jvillaq\/wp-json\/wp\/v2\/pages\/77","targetHints":{"allow":["GET"]}}],"collection":[{"href":"https:\/\/blog.espol.edu.ec\/jvillaq\/wp-json\/wp\/v2\/pages"}],"about":[{"href":"https:\/\/blog.espol.edu.ec\/jvillaq\/wp-json\/wp\/v2\/types\/page"}],"author":[{"embeddable":true,"href":"https:\/\/blog.espol.edu.ec\/jvillaq\/wp-json\/wp\/v2\/users\/5776"}],"replies":[{"embeddable":true,"href":"https:\/\/blog.espol.edu.ec\/jvillaq\/wp-json\/wp\/v2\/comments?post=77"}],"version-history":[{"count":8,"href":"https:\/\/blog.espol.edu.ec\/jvillaq\/wp-json\/wp\/v2\/pages\/77\/revisions"}],"predecessor-version":[{"id":86,"href":"https:\/\/blog.espol.edu.ec\/jvillaq\/wp-json\/wp\/v2\/pages\/77\/revisions\/86"}],"wp:attachment":[{"href":"https:\/\/blog.espol.edu.ec\/jvillaq\/wp-json\/wp\/v2\/media?parent=77"}],"curies":[{"name":"wp","href":"https:\/\/api.w.org\/{rel}","templated":true}]}}