{"id":110,"date":"2013-05-29T04:07:48","date_gmt":"2013-05-29T04:07:48","guid":{"rendered":"http:\/\/blog.espol.edu.ec\/jvillon\/?page_id=110"},"modified":"2013-05-29T13:22:41","modified_gmt":"2013-05-29T13:22:41","slug":"tipos-y-balance-de-ecuaciones-estequiometricas","status":"publish","type":"page","link":"https:\/\/blog.espol.edu.ec\/jvillon\/tipos-y-balance-de-ecuaciones-estequiometricas\/","title":{"rendered":"TIPOS Y BALANCE DE ECUACIONES ESTEQUIOMETRICAS"},"content":{"rendered":"<p>http:\/\/youtu.be\/dcwFA62xBus<br \/>\n<a href=\"https:\/\/limonar.wikispaces.com\/file\/view\/reacciones+Quimicas.pdf\">ECUACIONES<\/a><\/p>\n<p>METODO ALGEBRAICO<\/p>\n<p>Uno de los m\u00e9todos de balance m\u00e1s usados es el m\u00e9todo por tanteo, sin embargo muchas veces no resulta tan simple de aplicar. El m\u00e9todo algebraico plantea ecuaciones para hallar los coeficientes estequeom\u00e9tricos.<\/p>\n<p>a MnO<sub>2\u00a0<\/sub>\u00a0+ b HCl \u2192\u00a0 c MnCl<sub>2<\/sub>\u00a0+ d Cl<sub>2<\/sub>\u00a0+ e H<sub>2<\/sub>O<\/p>\n<p>a, b, c, d y e son los coeficientes estequeom\u00e9tricos\u00a0 a hallar.<\/p>\n<p>Se plantean ecuaciones igualando el n\u00famero de \u00e1tomos de cada elemento presentes en reactivos y productos.<\/p>\n<p>Mn:\u00a0 a = c<\/p>\n<p>O:\u00a0 2 a = e<\/p>\n<p>H: b = 2 e<\/p>\n<p>Cl: b = 2 c + 2 d<\/p>\n<p>&nbsp;<\/p>\n<p>&nbsp;<\/p>\n<p>METODO TANTEO<\/p>\n<p>Una vez planteada la reacci\u00f3n se empieza a balancearla seleccionando un elemento que aparezca solo una vez en los reactivos y una vez en los productos.<\/p>\n<p>Ejemplo<\/p>\n<p>K + H<sub>2\u00a0<\/sub>O<sub>\u00a0\u00a0<\/sub>\u2192 KOH + H<sub>2<\/sub><\/p>\n<p>Se observa que el potasio y el ox\u00edgeno est\u00e1n en un solo reactivo y producto pero ya se hallan balanceados por lo que se debe balancear el hidr\u00f3geno.<\/p>\n<p>K + H<sub>2\u00a0<\/sub>O<sub>\u00a0\u00a0<\/sub>\u2192 KOH +1 \/2 H<sub>2<\/sub><\/p>\n<p>Hay 2 \u00e1tomos de hidr\u00f3geno en los reactivos\u00a0 y 3 en los productos por lo que puede balancearse colocando \u00bd de hidr\u00f3geno en los productos<\/p>\n<p>Para no trabajar con n\u00fameros fraccionarios se multiplican reactivos y productos por 2-<\/p>\n<p>2 K + 2 H<sub>2\u00a0<\/sub>O<sub>\u00a0\u00a0<\/sub>\u2192 2 KOH + H<sub>2<\/sub><\/p>\n<p>Para resolverlos se asigna el valor 1 a uno de los coeficientes, por ejemplo a.<\/p>\n<p>Se tiene:\u00a01 = a = c<\/p>\n<p>2 . 1 = 2 = e\u00a0\u00a0\u00a0\u00a0\u00a0\u00a0\u00a0e =2<\/p>\n<p>2 . 2 = 4 = b\u00a0\u00a0\u00a0\u00a0\u00a0\u00a0\u00a0b=4<\/p>\n<p>Por \u00faltimo se despeja d y se tiene:<\/p>\n<p>b \u2013 2c \/ 2 = d\u00a0\u00a0\u00a0\u00a0\u00a0\u00a0\u00a0\u00a0\u00a0 reemplazando: 4 \u2013 2.1 \/ 2 = d = 4 \u2013 2 \/ 2 = 1<\/p>\n<p>d=1<\/p>\n<p>Puede entonces plantearse la reacci\u00f3n:<\/p>\n<p>1MnO<sub>2\u00a0<\/sub>\u00a0+\u00a04 HCl \u2192\u00a0 1MnCl<sub>2<\/sub>\u00a0+\u00a01 Cl<sub>2<\/sub>\u00a0+\u00a02 H<sub>2<\/sub>O<br \/>\nSi se verifica con el balance de los \u00e1tomos se tiene:<br \/>\nMn 1\u00e1tomo en reactivos y productos<br \/>\nO\u00a0\u00a0 2 \u00e1tomos en reactivos y productos<br \/>\nH\u00a0\u00a0\u00a04 \u00e1tomos en reactivos y productos<br \/>\nCl\u00a0\u00a04 \u00e1tomos en reactivos y productos<\/p>\n<p>&nbsp;<\/p>\n<p>&nbsp;<\/p>\n<p>&nbsp;<\/p>\n<p>METODO DE REDOX<\/p>\n<p align=\"justify\">PROCEDIMIENTO:<\/p>\n<p align=\"justify\">1.- Verificar que la ecuaci\u00f3n este bien escrita y completa.<\/p>\n<p align=\"justify\">2.- Colocar los n\u00fameros de oxidaci\u00f3n en cada uno de los elementos.<\/p>\n<p align=\"justify\">3.- Observar que n\u00fameros de oxidaci\u00f3n cambiaron (un elemento se oxida y uno se reduce).<\/p>\n<p align=\"justify\">4.- Escribir la diferencia de n\u00fameros de oxidaci\u00f3n de un mismo elemento.<\/p>\n<p align=\"justify\">5.- Multiplicar la diferencia de n\u00fameros de oxidaci\u00f3n por los sub\u00edndices correspondientes de cada elemento.<\/p>\n<p align=\"justify\">6.- Cruzar los resultados<\/p>\n<p align=\"justify\">7..- Colocar los resultados como coeficientes en el lugar correspondiente.<\/p>\n<p align=\"justify\">8.-Completar el balanceo por tanteo.<\/p>\n<p align=\"justify\">9.- Verifica la cantidad de \u00e1tomos en cada miembro de la ecuaci\u00f3n.<\/p>\n<p align=\"justify\">10.-En caso de que todos los coeficientes sean divisibles se reducen a su m\u00ednima expresi\u00f3n.<\/p>\n<div><\/div>\n","protected":false},"excerpt":{"rendered":"<p>http:\/\/youtu.be\/dcwFA62xBus ECUACIONES METODO ALGEBRAICO Uno de los m\u00e9todos de balance m\u00e1s usados es el m\u00e9todo por tanteo, sin embargo muchas veces no resulta tan simple de aplicar. El m\u00e9todo algebraico plantea ecuaciones para hallar los coeficientes estequeom\u00e9tricos. a MnO2\u00a0\u00a0+ b HCl \u2192\u00a0 c MnCl2\u00a0+ d Cl2\u00a0+ e H2O a, b, c, d y e son [&hellip;]<\/p>\n","protected":false},"author":8439,"featured_media":0,"parent":0,"menu_order":0,"comment_status":"open","ping_status":"open","template":"","meta":{"footnotes":""},"class_list":["post-110","page","type-page","status-publish","hentry"],"_links":{"self":[{"href":"https:\/\/blog.espol.edu.ec\/jvillon\/wp-json\/wp\/v2\/pages\/110","targetHints":{"allow":["GET"]}}],"collection":[{"href":"https:\/\/blog.espol.edu.ec\/jvillon\/wp-json\/wp\/v2\/pages"}],"about":[{"href":"https:\/\/blog.espol.edu.ec\/jvillon\/wp-json\/wp\/v2\/types\/page"}],"author":[{"embeddable":true,"href":"https:\/\/blog.espol.edu.ec\/jvillon\/wp-json\/wp\/v2\/users\/8439"}],"replies":[{"embeddable":true,"href":"https:\/\/blog.espol.edu.ec\/jvillon\/wp-json\/wp\/v2\/comments?post=110"}],"version-history":[{"count":4,"href":"https:\/\/blog.espol.edu.ec\/jvillon\/wp-json\/wp\/v2\/pages\/110\/revisions"}],"predecessor-version":[{"id":114,"href":"https:\/\/blog.espol.edu.ec\/jvillon\/wp-json\/wp\/v2\/pages\/110\/revisions\/114"}],"wp:attachment":[{"href":"https:\/\/blog.espol.edu.ec\/jvillon\/wp-json\/wp\/v2\/media?parent=110"}],"curies":[{"name":"wp","href":"https:\/\/api.w.org\/{rel}","templated":true}]}}