{"id":52,"date":"2013-05-27T00:20:36","date_gmt":"2013-05-27T00:20:36","guid":{"rendered":"http:\/\/blog.espol.edu.ec\/jvillon\/?page_id=52"},"modified":"2013-05-29T02:28:40","modified_gmt":"2013-05-29T02:28:40","slug":"quimica-inorganica","status":"publish","type":"page","link":"https:\/\/blog.espol.edu.ec\/jvillon\/quimica-inorganica\/","title":{"rendered":"NOMENCLATURA Y COMPUESTOS QUIMICOS"},"content":{"rendered":"<p>&lt;a href=&quot;<iframe loading=\"lazy\" src=\"http:\/\/www.slideshare.net\/slideshow\/embed_code\/8511995\" width=\"427\" height=\"356\" frameborder=\"0\" allowfullscreen> <\/iframe> <\/p>\n<div style=\"margin-bottom:5px\"> <strong> <a href=\"http:\/\/www.slideshare.net\/charitoybarra\/teorias-atomicas-8511995\" title=\"Teorias atomicas\" target=\"_blank\">Teorias atomicas<\/a> <\/strong> from <strong><a href=\"http:\/\/www.slideshare.net\/charitoybarra\" target=\"_blank\">charito ybarra<\/a><\/strong> <\/div>\n<p>\" title=\"TEORIAS ATOMICAS-ESPECTRO ELECTROMAGNETICO\" target=\"_blank\"&gt;<\/a>&lt;a href=&quot;<iframe loading=\"lazy\" src=\"http:\/\/www.slideshare.net\/slideshow\/embed_code\/12109476\" width=\"427\" height=\"356\" frameborder=\"0\" allowfullscreen> <\/iframe> <\/p>\n<div style=\"margin-bottom:5px\"> <strong> <a href=\"http:\/\/www.slideshare.net\/wilmarykm10\/propiedades-de-los-elementos-quimicos\" title=\"Propiedades de los elementos quimicos\" target=\"_blank\">Propiedades de los elementos quimicos<\/a> <\/strong> from <strong><a href=\"http:\/\/www.slideshare.net\/wilmarykm10\" target=\"_blank\">wilmarykm10<\/a><\/strong> <\/div>\n<p>\" title=\"PROPIEDADES DE LOS ELEMENTOS QUIMICOS\" target=\"_blank\"&gt;<\/a>&lt;a href=&quot;<iframe loading=\"lazy\" src=\"http:\/\/www.slideshare.net\/slideshow\/embed_code\/3879259\" width=\"479\" height=\"511\" frameborder=\"0\" allowfullscreen> <\/iframe> <\/p>\n<div style=\"margin-bottom:5px\"> <strong> <a href=\"http:\/\/www.slideshare.net\/tango67\/formulacin-de-qumica-inorgnica\" title=\"FORMULACI\u00d3N DE QU\u00cdMICA INORG\u00c1NICA\" target=\"_blank\">FORMULACI\u00d3N DE QU\u00cdMICA INORG\u00c1NICA<\/a> <\/strong> from <strong><a href=\"http:\/\/www.slideshare.net\/tango67\" target=\"_blank\">Colegio Americano de san Carlos<\/a><\/strong> <\/div>\n<p>\" title=\"NOMENCLATURA QUIMICA\" target=\"_blank\"&gt;<\/a><\/p>\n","protected":false},"excerpt":{"rendered":"<p>&lt;a href=&quot; Teorias atomicas from charito ybarra \" title=\"TEORIAS ATOMICAS-ESPECTRO ELECTROMAGNETICO\" target=\"_blank\"&gt;&lt;a href=&quot; Propiedades de los elementos quimicos from wilmarykm10 \" title=\"PROPIEDADES DE LOS ELEMENTOS QUIMICOS\" target=\"_blank\"&gt;&lt;a href=&quot; FORMULACI\u00d3N DE QU\u00cdMICA INORG\u00c1NICA from Colegio Americano de san Carlos \" title=\"NOMENCLATURA QUIMICA\" target=\"_blank\"&gt;<\/p>\n","protected":false},"author":8439,"featured_media":0,"parent":0,"menu_order":0,"comment_status":"open","ping_status":"open","template":"","meta":{"footnotes":""},"class_list":["post-52","page","type-page","status-publish","hentry"],"_links":{"self":[{"href":"https:\/\/blog.espol.edu.ec\/jvillon\/wp-json\/wp\/v2\/pages\/52","targetHints":{"allow":["GET"]}}],"collection":[{"href":"https:\/\/blog.espol.edu.ec\/jvillon\/wp-json\/wp\/v2\/pages"}],"about":[{"href":"https:\/\/blog.espol.edu.ec\/jvillon\/wp-json\/wp\/v2\/types\/page"}],"author":[{"embeddable":true,"href":"https:\/\/blog.espol.edu.ec\/jvillon\/wp-json\/wp\/v2\/users\/8439"}],"replies":[{"embeddable":true,"href":"https:\/\/blog.espol.edu.ec\/jvillon\/wp-json\/wp\/v2\/comments?post=52"}],"version-history":[{"count":5,"href":"https:\/\/blog.espol.edu.ec\/jvillon\/wp-json\/wp\/v2\/pages\/52\/revisions"}],"predecessor-version":[{"id":93,"href":"https:\/\/blog.espol.edu.ec\/jvillon\/wp-json\/wp\/v2\/pages\/52\/revisions\/93"}],"wp:attachment":[{"href":"https:\/\/blog.espol.edu.ec\/jvillon\/wp-json\/wp\/v2\/media?parent=52"}],"curies":[{"name":"wp","href":"https:\/\/api.w.org\/{rel}","templated":true}]}}