{"id":65,"date":"2013-05-27T01:25:28","date_gmt":"2013-05-27T01:25:28","guid":{"rendered":"http:\/\/blog.espol.edu.ec\/jvillon\/?page_id=65"},"modified":"2013-05-27T01:58:46","modified_gmt":"2013-05-27T01:58:46","slug":"calculos-estequiometricos","status":"publish","type":"page","link":"https:\/\/blog.espol.edu.ec\/jvillon\/calculos-estequiometricos\/","title":{"rendered":"CALCULOS ESTEQUIOMETRICOS"},"content":{"rendered":"<p><iframe loading=\"lazy\" title=\"c\u00e1lculos estequiom\u00e9tricos ejercicios resueltos de estequiometr\u00eda\" width=\"500\" height=\"281\" src=\"https:\/\/www.youtube.com\/embed\/lzFqeCytmLk?feature=oembed\" frameborder=\"0\" allow=\"accelerometer; autoplay; clipboard-write; encrypted-media; gyroscope; picture-in-picture; web-share\" referrerpolicy=\"strict-origin-when-cross-origin\" allowfullscreen><\/iframe><br \/>\n<iframe loading=\"lazy\" title=\"REACTIVO LIMITANTE Y REACTIVO EN EXCESO (3 METODOS DETALLADOS)\" width=\"500\" height=\"375\" src=\"https:\/\/www.youtube.com\/embed\/U2B21xoLr_Y?feature=oembed\" frameborder=\"0\" allow=\"accelerometer; autoplay; clipboard-write; encrypted-media; gyroscope; picture-in-picture; web-share\" referrerpolicy=\"strict-origin-when-cross-origin\" allowfullscreen><\/iframe><br \/>\n<iframe loading=\"lazy\" title=\"ECUACION GENERAL DE LOS GASES IDEALES EJERCICIOS RESUELTOS\" width=\"500\" height=\"281\" src=\"https:\/\/www.youtube.com\/embed\/ULst2NpLhAQ?feature=oembed\" frameborder=\"0\" allow=\"accelerometer; autoplay; clipboard-write; encrypted-media; gyroscope; picture-in-picture; web-share\" referrerpolicy=\"strict-origin-when-cross-origin\" allowfullscreen><\/iframe><br \/>\n<iframe loading=\"lazy\" title=\"Leyes de los Gases\" width=\"500\" height=\"375\" src=\"https:\/\/www.youtube.com\/embed\/iKkGTDM2l7w?feature=oembed\" frameborder=\"0\" allow=\"accelerometer; autoplay; clipboard-write; encrypted-media; gyroscope; picture-in-picture; web-share\" referrerpolicy=\"strict-origin-when-cross-origin\" allowfullscreen><\/iframe><\/p>\n","protected":false},"excerpt":{"rendered":"","protected":false},"author":8439,"featured_media":0,"parent":0,"menu_order":0,"comment_status":"open","ping_status":"open","template":"","meta":{"footnotes":""},"class_list":["post-65","page","type-page","status-publish","hentry"],"_links":{"self":[{"href":"https:\/\/blog.espol.edu.ec\/jvillon\/wp-json\/wp\/v2\/pages\/65","targetHints":{"allow":["GET"]}}],"collection":[{"href":"https:\/\/blog.espol.edu.ec\/jvillon\/wp-json\/wp\/v2\/pages"}],"about":[{"href":"https:\/\/blog.espol.edu.ec\/jvillon\/wp-json\/wp\/v2\/types\/page"}],"author":[{"embeddable":true,"href":"https:\/\/blog.espol.edu.ec\/jvillon\/wp-json\/wp\/v2\/users\/8439"}],"replies":[{"embeddable":true,"href":"https:\/\/blog.espol.edu.ec\/jvillon\/wp-json\/wp\/v2\/comments?post=65"}],"version-history":[{"count":6,"href":"https:\/\/blog.espol.edu.ec\/jvillon\/wp-json\/wp\/v2\/pages\/65\/revisions"}],"predecessor-version":[{"id":71,"href":"https:\/\/blog.espol.edu.ec\/jvillon\/wp-json\/wp\/v2\/pages\/65\/revisions\/71"}],"wp:attachment":[{"href":"https:\/\/blog.espol.edu.ec\/jvillon\/wp-json\/wp\/v2\/media?parent=65"}],"curies":[{"name":"wp","href":"https:\/\/api.w.org\/{rel}","templated":true}]}}