{"id":40,"date":"2014-11-08T12:04:39","date_gmt":"2014-11-08T12:04:39","guid":{"rendered":"http:\/\/blog.espol.edu.ec\/jvnunez\/?page_id=40"},"modified":"2014-11-08T23:15:25","modified_gmt":"2014-11-08T23:15:25","slug":"catalogo-chevrolet-sail","status":"publish","type":"page","link":"https:\/\/blog.espol.edu.ec\/jvnunez\/catalogo-chevrolet-sail\/","title":{"rendered":"Cat\u00e0logo-Chevrolet Sail"},"content":{"rendered":"<div id=\"attachment_41\" style=\"width: 2058px\" class=\"wp-caption alignnone\"><a href=\"http:\/\/blog.espol.edu.ec\/jvnunez\/files\/2014\/11\/sail.jpg\"><img loading=\"lazy\" decoding=\"async\" aria-describedby=\"caption-attachment-41\" class=\"wp-image-41 size-full\" src=\"http:\/\/blog.espol.edu.ec\/jvnunez\/files\/2014\/11\/sail.jpg\" alt=\"Chevrolet Sail\" width=\"2048\" height=\"1536\" srcset=\"https:\/\/blog.espol.edu.ec\/jvnunez\/files\/2014\/11\/sail.jpg 2048w, https:\/\/blog.espol.edu.ec\/jvnunez\/files\/2014\/11\/sail-300x225.jpg 300w, https:\/\/blog.espol.edu.ec\/jvnunez\/files\/2014\/11\/sail-1024x768.jpg 1024w, https:\/\/blog.espol.edu.ec\/jvnunez\/files\/2014\/11\/sail-400x300.jpg 400w\" sizes=\"auto, (max-width: 2048px) 100vw, 2048px\" \/><\/a><p id=\"caption-attachment-41\" class=\"wp-caption-text\"><a href=\"http:\/\/www.chevrolet.com.ec\/sail-sedan-auto-seguro.html\">Chevrolet Sail<\/a> es un sed\u00e1n con l\u00edneas aerodin\u00e1micas y un frontal tan moderno como elegante. Consiste en una propuesta compacta pero que al mismo tiempo sorprende por la amplitud de sus espacios interiores junto con una gran capacidad de carga de 375 kg.<\/p><\/div>\n<div id=\"attachment_131\" style=\"width: 292px\" class=\"wp-caption alignnone\"><a href=\"http:\/\/blog.espol.edu.ec\/jvnunez\/files\/2014\/11\/Captura30.png\"><img loading=\"lazy\" decoding=\"async\" aria-describedby=\"caption-attachment-131\" class=\"wp-image-131 \" src=\"http:\/\/blog.espol.edu.ec\/jvnunez\/files\/2014\/11\/Captura30.png\" alt=\"Base de motor L\/H\" width=\"282\" height=\"69\" srcset=\"https:\/\/blog.espol.edu.ec\/jvnunez\/files\/2014\/11\/Captura30.png 151w, https:\/\/blog.espol.edu.ec\/jvnunez\/files\/2014\/11\/Captura30-150x37.png 150w\" sizes=\"auto, (max-width: 282px) 100vw, 282px\" \/><\/a><p id=\"caption-attachment-131\" class=\"wp-caption-text\">Base de motor L\/H -$27.00 (Precio Incluye I.V.A) cada uno.<\/p><\/div>\n<div id=\"attachment_130\" style=\"width: 290px\" class=\"wp-caption alignnone\"><a href=\"http:\/\/blog.espol.edu.ec\/jvnunez\/files\/2014\/11\/Captura29.png\"><img loading=\"lazy\" decoding=\"async\" aria-describedby=\"caption-attachment-130\" class=\" wp-image-130\" src=\"http:\/\/blog.espol.edu.ec\/jvnunez\/files\/2014\/11\/Captura29.png\" alt=\"Base de motor R\/H-$23.00 (P&#096;recio incluye I.V.A) cada uno.\" width=\"280\" height=\"71\" \/><\/a><p id=\"caption-attachment-130\" class=\"wp-caption-text\">Base de motor R\/H-$23.00 (P`recio incluye I.V.A) cada uno.<\/p><\/div>\n<div id=\"attachment_129\" style=\"width: 289px\" class=\"wp-caption alignnone\"><a href=\"http:\/\/blog.espol.edu.ec\/jvnunez\/files\/2014\/11\/Captura28.png\"><img loading=\"lazy\" decoding=\"async\" aria-describedby=\"caption-attachment-129\" class=\"wp-image-129 \" src=\"http:\/\/blog.espol.edu.ec\/jvnunez\/files\/2014\/11\/Captura28.png\" alt=\"Base de motor L\/H\" width=\"279\" height=\"58\" \/><\/a><p id=\"caption-attachment-129\" class=\"wp-caption-text\">Base de motor L\/H-$25.00 (Precio incluye I.V.A) cada uno.<\/p><\/div>\n<div id=\"attachment_127\" style=\"width: 285px\" class=\"wp-caption alignnone\"><a href=\"http:\/\/blog.espol.edu.ec\/jvnunez\/files\/2014\/11\/Captura26.png\"><img loading=\"lazy\" decoding=\"async\" aria-describedby=\"caption-attachment-127\" class=\" wp-image-127\" src=\"http:\/\/blog.espol.edu.ec\/jvnunez\/files\/2014\/11\/Captura26.png\" alt=\"Barra estabilizadora-$5.80 (Precio incluye I.V.A) cada uno.\" width=\"275\" height=\"149\" \/><\/a><p id=\"caption-attachment-127\" class=\"wp-caption-text\">Barra estabilizadora-$5.80 (Precio incluye I.V.A) cada uno.<\/p><\/div>\n<div id=\"attachment_126\" style=\"width: 286px\" class=\"wp-caption alignnone\"><a href=\"http:\/\/blog.espol.edu.ec\/jvnunez\/files\/2014\/11\/Captura25.png\"><img loading=\"lazy\" decoding=\"async\" aria-describedby=\"caption-attachment-126\" class=\"wp-image-126\" src=\"http:\/\/blog.espol.edu.ec\/jvnunez\/files\/2014\/11\/Captura25.png\" alt=\"Terminal de dirreci\u00f2n \" width=\"276\" height=\"65\" \/><\/a><p id=\"caption-attachment-126\" class=\"wp-caption-text\">Terminal de dirreci\u00f2n R\/H-$7.00 (Precio incluye I.V.A) cada uno.<\/p><\/div>\n<div id=\"attachment_125\" style=\"width: 288px\" class=\"wp-caption alignnone\"><a href=\"http:\/\/blog.espol.edu.ec\/jvnunez\/files\/2014\/11\/Captura24.png\"><img loading=\"lazy\" decoding=\"async\" aria-describedby=\"caption-attachment-125\" class=\" wp-image-125\" src=\"http:\/\/blog.espol.edu.ec\/jvnunez\/files\/2014\/11\/Captura24.png\" alt=\"Terminal de direcci\u00f2n L\/H-$7.00 (Precio incluye I.V.A) cada uno.\" width=\"278\" height=\"65\" \/><\/a><p id=\"caption-attachment-125\" class=\"wp-caption-text\">Terminal de direcci\u00f2n L\/H-$7.00 (Precio incluye I.V.A) cada uno.<\/p><\/div>\n<div id=\"attachment_124\" style=\"width: 286px\" class=\"wp-caption alignnone\"><a href=\"http:\/\/blog.espol.edu.ec\/jvnunez\/files\/2014\/11\/Captura23.png\"><img loading=\"lazy\" decoding=\"async\" aria-describedby=\"caption-attachment-124\" class=\" wp-image-124\" src=\"http:\/\/blog.espol.edu.ec\/jvnunez\/files\/2014\/11\/Captura23.png\" alt=\"Cilindro de rueda posterior-$6.90 (Precio incluye I.V.A) cada uno.\" width=\"276\" height=\"64\" \/><\/a><p id=\"caption-attachment-124\" class=\"wp-caption-text\">Cilindro de rueda posterior-$6.90 (Precio incluye I.V.A) cada uno.<\/p><\/div>\n<div id=\"attachment_123\" style=\"width: 286px\" class=\"wp-caption alignnone\"><a href=\"http:\/\/blog.espol.edu.ec\/jvnunez\/files\/2014\/11\/Captura22.png\"><img loading=\"lazy\" decoding=\"async\" aria-describedby=\"caption-attachment-123\" class=\" wp-image-123\" src=\"http:\/\/blog.espol.edu.ec\/jvnunez\/files\/2014\/11\/Captura22.png\" alt=\"Filtro de aire-$3.00 (Precio incluye I.V.A) cada uno.\" width=\"276\" height=\"251\" srcset=\"https:\/\/blog.espol.edu.ec\/jvnunez\/files\/2014\/11\/Captura22.png 310w, https:\/\/blog.espol.edu.ec\/jvnunez\/files\/2014\/11\/Captura22-300x272.png 300w\" sizes=\"auto, (max-width: 276px) 100vw, 276px\" \/><\/a><p id=\"caption-attachment-123\" class=\"wp-caption-text\">Filtro de aire-$3.00 (Precio incluye I.V.A) cada uno.<\/p><\/div>\n<div id=\"attachment_122\" style=\"width: 285px\" class=\"wp-caption alignnone\"><a href=\"http:\/\/blog.espol.edu.ec\/jvnunez\/files\/2014\/11\/Captura21.png\"><img loading=\"lazy\" decoding=\"async\" aria-describedby=\"caption-attachment-122\" class=\" wp-image-122\" src=\"http:\/\/blog.espol.edu.ec\/jvnunez\/files\/2014\/11\/Captura21.png\" alt=\"Cable de embrague-$6.50 (Precio incluye I.V.A) cada uno.\" width=\"275\" height=\"141\" srcset=\"https:\/\/blog.espol.edu.ec\/jvnunez\/files\/2014\/11\/Captura21.png 623w, https:\/\/blog.espol.edu.ec\/jvnunez\/files\/2014\/11\/Captura21-300x154.png 300w, https:\/\/blog.espol.edu.ec\/jvnunez\/files\/2014\/11\/Captura21-500x256.png 500w\" sizes=\"auto, (max-width: 275px) 100vw, 275px\" \/><\/a><p id=\"caption-attachment-122\" class=\"wp-caption-text\">Cable de embrague-$6.50 (Precio incluye I.V.A) cada uno.<\/p><\/div>\n<div id=\"attachment_121\" style=\"width: 287px\" class=\"wp-caption alignnone\"><a href=\"http:\/\/blog.espol.edu.ec\/jvnunez\/files\/2014\/11\/Captura20.png\"><img loading=\"lazy\" decoding=\"async\" aria-describedby=\"caption-attachment-121\" class=\"wp-image-121\" src=\"http:\/\/blog.espol.edu.ec\/jvnunez\/files\/2014\/11\/Captura20.png\" alt=\"Vibrador recto\" width=\"277\" height=\"54\" \/><\/a><p id=\"caption-attachment-121\" class=\"wp-caption-text\">Vibrador recto-$12.70 (Precio incluye I.V.A) cada uno.<\/p><\/div>\n<div id=\"attachment_120\" style=\"width: 287px\" class=\"wp-caption alignnone\"><a href=\"http:\/\/blog.espol.edu.ec\/jvnunez\/files\/2014\/11\/Captura19.png\"><img loading=\"lazy\" decoding=\"async\" aria-describedby=\"caption-attachment-120\" class=\" wp-image-120\" src=\"http:\/\/blog.espol.edu.ec\/jvnunez\/files\/2014\/11\/Captura19.png\" alt=\"Templador de cadena-$21.20 (Precio incluye I.V.A) cada uno.\" width=\"277\" height=\"75\" \/><\/a><p id=\"caption-attachment-120\" class=\"wp-caption-text\">Templador de cadena-$21.20 (Precio incluye I.V.A) cada uno.<\/p><\/div>\n<div id=\"attachment_119\" style=\"width: 288px\" class=\"wp-caption alignnone\"><a href=\"http:\/\/blog.espol.edu.ec\/jvnunez\/files\/2014\/11\/Captura18.png\"><img loading=\"lazy\" decoding=\"async\" aria-describedby=\"caption-attachment-119\" class=\" wp-image-119\" src=\"http:\/\/blog.espol.edu.ec\/jvnunez\/files\/2014\/11\/Captura18.png\" alt=\"Cadena de distribuci\u00f2n-$26.40 (Precio incluye I.V.A) cada uno.\" width=\"278\" height=\"212\" srcset=\"https:\/\/blog.espol.edu.ec\/jvnunez\/files\/2014\/11\/Captura18.png 627w, https:\/\/blog.espol.edu.ec\/jvnunez\/files\/2014\/11\/Captura18-300x228.png 300w, https:\/\/blog.espol.edu.ec\/jvnunez\/files\/2014\/11\/Captura18-393x300.png 393w\" sizes=\"auto, (max-width: 278px) 100vw, 278px\" \/><\/a><p id=\"caption-attachment-119\" class=\"wp-caption-text\">Cadena de distribuci\u00f2n-$26.40 (Precio incluye I.V.A) cada uno.<\/p><\/div>\n<div id=\"attachment_118\" style=\"width: 288px\" class=\"wp-caption alignnone\"><a href=\"http:\/\/blog.espol.edu.ec\/jvnunez\/files\/2014\/11\/Captura17.png\"><img loading=\"lazy\" decoding=\"async\" aria-describedby=\"caption-attachment-118\" class=\" wp-image-118\" src=\"http:\/\/blog.espol.edu.ec\/jvnunez\/files\/2014\/11\/Captura17.png\" alt=\"Empaque tapa v\u00e0lvula-$3.60 (Precio incluye I.V.A) cada uno.\" width=\"278\" height=\"267\" srcset=\"https:\/\/blog.espol.edu.ec\/jvnunez\/files\/2014\/11\/Captura17.png 487w, https:\/\/blog.espol.edu.ec\/jvnunez\/files\/2014\/11\/Captura17-300x288.png 300w, https:\/\/blog.espol.edu.ec\/jvnunez\/files\/2014\/11\/Captura17-312x300.png 312w\" sizes=\"auto, (max-width: 278px) 100vw, 278px\" \/><\/a><p id=\"caption-attachment-118\" class=\"wp-caption-text\">Empaque tapa v\u00e0lvula-$3.60 (Precio incluye I.V.A) cada uno.<\/p><\/div>\n<div id=\"attachment_117\" style=\"width: 288px\" class=\"wp-caption alignnone\"><a href=\"http:\/\/blog.espol.edu.ec\/jvnunez\/files\/2014\/11\/Captura16.png\"><img loading=\"lazy\" decoding=\"async\" aria-describedby=\"caption-attachment-117\" class=\" wp-image-117\" src=\"http:\/\/blog.espol.edu.ec\/jvnunez\/files\/2014\/11\/Captura16.png\" alt=\"Empaque de cabezote-$4.00 (Precio incluye I.V.A) cada uno.\" width=\"278\" height=\"67\" \/><\/a><p id=\"caption-attachment-117\" class=\"wp-caption-text\">Empaque de cabezote-$4.00 (Precio incluye I.V.A) cada uno.<\/p><\/div>\n<div id=\"attachment_116\" style=\"width: 286px\" class=\"wp-caption alignnone\"><a href=\"http:\/\/blog.espol.edu.ec\/jvnunez\/files\/2014\/11\/Captura15.png\"><img loading=\"lazy\" decoding=\"async\" aria-describedby=\"caption-attachment-116\" class=\" wp-image-116\" src=\"http:\/\/blog.espol.edu.ec\/jvnunez\/files\/2014\/11\/Captura15.png\" alt=\"Ruliman de embrague-$69.00 (Precio incluye I.V.A) cada uno.\" width=\"276\" height=\"156\" srcset=\"https:\/\/blog.espol.edu.ec\/jvnunez\/files\/2014\/11\/Captura15.png 604w, https:\/\/blog.espol.edu.ec\/jvnunez\/files\/2014\/11\/Captura15-300x169.png 300w, https:\/\/blog.espol.edu.ec\/jvnunez\/files\/2014\/11\/Captura15-500x283.png 500w\" sizes=\"auto, (max-width: 276px) 100vw, 276px\" \/><\/a><p id=\"caption-attachment-116\" class=\"wp-caption-text\">Ruliman de embrague-$69.00 (Precio incluye I.V.A) cada uno.<\/p><\/div>\n<div id=\"attachment_114\" style=\"width: 288px\" class=\"wp-caption alignnone\"><a href=\"http:\/\/blog.espol.edu.ec\/jvnunez\/files\/2014\/11\/Captura13.png\"><img loading=\"lazy\" decoding=\"async\" aria-describedby=\"caption-attachment-114\" class=\" wp-image-114\" src=\"http:\/\/blog.espol.edu.ec\/jvnunez\/files\/2014\/11\/Captura13.png\" alt=\"Plato de embrague-$69.00 (Precio incluye I.V.A) cada uno.\" width=\"278\" height=\"209\" srcset=\"https:\/\/blog.espol.edu.ec\/jvnunez\/files\/2014\/11\/Captura13.png 629w, https:\/\/blog.espol.edu.ec\/jvnunez\/files\/2014\/11\/Captura13-300x225.png 300w, https:\/\/blog.espol.edu.ec\/jvnunez\/files\/2014\/11\/Captura13-399x300.png 399w\" sizes=\"auto, (max-width: 278px) 100vw, 278px\" \/><\/a><p id=\"caption-attachment-114\" class=\"wp-caption-text\">Plato de embrague-$69.00 (Precio incluye I.V.A) cada uno.<\/p><\/div>\n<div id=\"attachment_115\" style=\"width: 290px\" class=\"wp-caption alignnone\"><a href=\"http:\/\/blog.espol.edu.ec\/jvnunez\/files\/2014\/11\/Captura14.png\"><img loading=\"lazy\" decoding=\"async\" aria-describedby=\"caption-attachment-115\" class=\" wp-image-115\" src=\"http:\/\/blog.espol.edu.ec\/jvnunez\/files\/2014\/11\/Captura14.png\" alt=\"Disco de embrague-$69.00 (Precio incluye I.V.A) cada uno.\" width=\"280\" height=\"286\" srcset=\"https:\/\/blog.espol.edu.ec\/jvnunez\/files\/2014\/11\/Captura14.png 387w, https:\/\/blog.espol.edu.ec\/jvnunez\/files\/2014\/11\/Captura14-293x300.png 293w\" sizes=\"auto, (max-width: 280px) 100vw, 280px\" \/><\/a><p id=\"caption-attachment-115\" class=\"wp-caption-text\">Disco de embrague-$69.00 (Precio incluye I.V.A) cada uno.<\/p><\/div>\n<div id=\"__if72ru4sdfsdfruh7fewui_once\"><\/div>\n<div id=\"__hggasdgjhsagd_once\"><\/div>\n","protected":false},"excerpt":{"rendered":"","protected":false},"author":9408,"featured_media":0,"parent":0,"menu_order":0,"comment_status":"open","ping_status":"open","template":"","meta":{"footnotes":""},"class_list":["post-40","page","type-page","status-publish","hentry"],"_links":{"self":[{"href":"https:\/\/blog.espol.edu.ec\/jvnunez\/wp-json\/wp\/v2\/pages\/40","targetHints":{"allow":["GET"]}}],"collection":[{"href":"https:\/\/blog.espol.edu.ec\/jvnunez\/wp-json\/wp\/v2\/pages"}],"about":[{"href":"https:\/\/blog.espol.edu.ec\/jvnunez\/wp-json\/wp\/v2\/types\/page"}],"author":[{"embeddable":true,"href":"https:\/\/blog.espol.edu.ec\/jvnunez\/wp-json\/wp\/v2\/users\/9408"}],"replies":[{"embeddable":true,"href":"https:\/\/blog.espol.edu.ec\/jvnunez\/wp-json\/wp\/v2\/comments?post=40"}],"version-history":[{"count":5,"href":"https:\/\/blog.espol.edu.ec\/jvnunez\/wp-json\/wp\/v2\/pages\/40\/revisions"}],"predecessor-version":[{"id":132,"href":"https:\/\/blog.espol.edu.ec\/jvnunez\/wp-json\/wp\/v2\/pages\/40\/revisions\/132"}],"wp:attachment":[{"href":"https:\/\/blog.espol.edu.ec\/jvnunez\/wp-json\/wp\/v2\/media?parent=40"}],"curies":[{"name":"wp","href":"https:\/\/api.w.org\/{rel}","templated":true}]}}