{"id":45,"date":"2014-11-08T12:09:13","date_gmt":"2014-11-08T12:09:13","guid":{"rendered":"http:\/\/blog.espol.edu.ec\/jvnunez\/?page_id=45"},"modified":"2014-11-08T22:11:35","modified_gmt":"2014-11-08T22:11:35","slug":"catalogo-chevrolet-n300","status":"publish","type":"page","link":"https:\/\/blog.espol.edu.ec\/jvnunez\/catalogo-chevrolet-n300\/","title":{"rendered":"Cat\u00e0logo-Chevrolet N300"},"content":{"rendered":"<div id=\"attachment_46\" style=\"width: 1034px\" class=\"wp-caption aligncenter\"><a href=\"http:\/\/blog.espol.edu.ec\/jvnunez\/files\/2014\/11\/n300.jpg\"><img loading=\"lazy\" decoding=\"async\" aria-describedby=\"caption-attachment-46\" class=\"wp-image-46 size-full\" src=\"http:\/\/blog.espol.edu.ec\/jvnunez\/files\/2014\/11\/n300.jpg\" alt=\"Chevrolet N300\" width=\"1024\" height=\"576\" srcset=\"https:\/\/blog.espol.edu.ec\/jvnunez\/files\/2014\/11\/n300.jpg 1024w, https:\/\/blog.espol.edu.ec\/jvnunez\/files\/2014\/11\/n300-300x168.jpg 300w, https:\/\/blog.espol.edu.ec\/jvnunez\/files\/2014\/11\/n300-500x281.jpg 500w\" sizes=\"auto, (max-width: 1024px) 100vw, 1024px\" \/><\/a><p id=\"caption-attachment-46\" class=\"wp-caption-text\">La <a href=\"http:\/\/www.chevrolet.com.ec\/n300-van-de-pasajeros.html\">Van N300<\/a> es una propuesta de Chevrolet para el emprendedor ecuatoriano y su familia. Un veh\u00edculo vers\u00e1til y equipado, f\u00e1cil de conducir, con excelente distribuci\u00f3n de espacio y que brinda total seguridad y confort. \u2028Gracias a sus atributos y prestaciones, la N300 es una soluci\u00f3n familiar y empresarial que cumplir\u00e1 con las expectativas de aquellos consumidores que buscan un doble prop\u00f3sito al momento de adquirir su nuevo veh\u00edculo.<\/p><\/div>\n<div id=\"attachment_112\" style=\"width: 276px\" class=\"wp-caption alignnone\"><a href=\"http:\/\/blog.espol.edu.ec\/jvnunez\/files\/2014\/11\/Captura12.png\"><img loading=\"lazy\" decoding=\"async\" aria-describedby=\"caption-attachment-112\" class=\" wp-image-112\" src=\"http:\/\/blog.espol.edu.ec\/jvnunez\/files\/2014\/11\/Captura12.png\" alt=\"Filtro de aire-$3.00 (Precio incluye I.V.A) cada uno.\" width=\"266\" height=\"153\" srcset=\"https:\/\/blog.espol.edu.ec\/jvnunez\/files\/2014\/11\/Captura12.png 634w, https:\/\/blog.espol.edu.ec\/jvnunez\/files\/2014\/11\/Captura12-300x172.png 300w, https:\/\/blog.espol.edu.ec\/jvnunez\/files\/2014\/11\/Captura12-500x287.png 500w\" sizes=\"auto, (max-width: 266px) 100vw, 266px\" \/><\/a><p id=\"caption-attachment-112\" class=\"wp-caption-text\">Filtro de aire-$3.00 (Precio incluye I.V.A) cada uno.<\/p><\/div>\n<div id=\"attachment_110\" style=\"width: 277px\" class=\"wp-caption alignnone\"><a href=\"http:\/\/blog.espol.edu.ec\/jvnunez\/files\/2014\/11\/Captura10.png\"><img loading=\"lazy\" decoding=\"async\" aria-describedby=\"caption-attachment-110\" class=\" wp-image-110\" src=\"http:\/\/blog.espol.edu.ec\/jvnunez\/files\/2014\/11\/Captura10.png\" alt=\"Base de motor-R\/H-$29.00 (Precio incluye I.V.A) cada uno.\" width=\"267\" height=\"65\" \/><\/a><p id=\"caption-attachment-110\" class=\"wp-caption-text\">Base de motor R\/H-$29.00 (Precio incluye I.V.A) cada uno.<\/p><\/div>\n<div id=\"attachment_111\" style=\"width: 277px\" class=\"wp-caption alignnone\"><a href=\"http:\/\/blog.espol.edu.ec\/jvnunez\/files\/2014\/11\/Captura11.png\"><img loading=\"lazy\" decoding=\"async\" aria-describedby=\"caption-attachment-111\" class=\" wp-image-111\" src=\"http:\/\/blog.espol.edu.ec\/jvnunez\/files\/2014\/11\/Captura11.png\" alt=\"Bomba de agua-$28.00 (Precio incluye I.V.A) cada uno.\" width=\"267\" height=\"183\" srcset=\"https:\/\/blog.espol.edu.ec\/jvnunez\/files\/2014\/11\/Captura11.png 492w, https:\/\/blog.espol.edu.ec\/jvnunez\/files\/2014\/11\/Captura11-300x206.png 300w, https:\/\/blog.espol.edu.ec\/jvnunez\/files\/2014\/11\/Captura11-436x300.png 436w\" sizes=\"auto, (max-width: 267px) 100vw, 267px\" \/><\/a><p id=\"caption-attachment-111\" class=\"wp-caption-text\">Bomba de agua-$28.00 (Precio incluye I.V.A) cada uno.<\/p><\/div>\n<div id=\"attachment_109\" style=\"width: 279px\" class=\"wp-caption alignnone\"><a href=\"http:\/\/blog.espol.edu.ec\/jvnunez\/files\/2014\/11\/Captura9.png\"><img loading=\"lazy\" decoding=\"async\" aria-describedby=\"caption-attachment-109\" class=\" wp-image-109\" src=\"http:\/\/blog.espol.edu.ec\/jvnunez\/files\/2014\/11\/Captura9.png\" alt=\"Base de motor L\/H-$29.00 (Precio incluye I.V.A) cada uno.\" width=\"269\" height=\"76\" srcset=\"https:\/\/blog.espol.edu.ec\/jvnunez\/files\/2014\/11\/Captura9.png 152w, https:\/\/blog.espol.edu.ec\/jvnunez\/files\/2014\/11\/Captura9-150x43.png 150w\" sizes=\"auto, (max-width: 269px) 100vw, 269px\" \/><\/a><p id=\"caption-attachment-109\" class=\"wp-caption-text\">Base de motor L\/H-$29.00 (Precio incluye I.V.A) cada uno.<\/p><\/div>\n<div id=\"attachment_107\" style=\"width: 274px\" class=\"wp-caption alignnone\"><a href=\"http:\/\/blog.espol.edu.ec\/jvnunez\/files\/2014\/11\/Captura8.png\"><img loading=\"lazy\" decoding=\"async\" aria-describedby=\"caption-attachment-107\" class=\" wp-image-107\" src=\"http:\/\/blog.espol.edu.ec\/jvnunez\/files\/2014\/11\/Captura8.png\" alt=\"Terminal de direcci\u00f2n- Derecho-$7.00 (Precio incluye I.V.A) cada uno.\" width=\"264\" height=\"74\" \/><\/a><p id=\"caption-attachment-107\" class=\"wp-caption-text\">Terminal de direcci\u00f2n- izquierdo-$7.00 (Precio incluye I.V.A) cada uno.<\/p><\/div>\n<div id=\"attachment_107\" style=\"width: 270px\" class=\"wp-caption alignnone\"><a href=\"http:\/\/blog.espol.edu.ec\/jvnunez\/files\/2014\/11\/Captura8.png\"><img loading=\"lazy\" decoding=\"async\" aria-describedby=\"caption-attachment-107\" class=\" wp-image-107\" src=\"http:\/\/blog.espol.edu.ec\/jvnunez\/files\/2014\/11\/Captura8.png\" alt=\"Terminal de direcci\u00f2n- Derecho-$7.00 (Precio incluye I.V.A) cada uno.\" width=\"260\" height=\"73\" \/><\/a><p id=\"caption-attachment-107\" class=\"wp-caption-text\">Terminal de direcci\u00f2n- derecho-$7.00 (Precio incluye I.V.A) cada uno.<\/p><\/div>\n<div id=\"attachment_106\" style=\"width: 266px\" class=\"wp-caption alignnone\"><a href=\"http:\/\/blog.espol.edu.ec\/jvnunez\/files\/2014\/11\/Captura7.png\"><img loading=\"lazy\" decoding=\"async\" aria-describedby=\"caption-attachment-106\" class=\" wp-image-106\" src=\"http:\/\/blog.espol.edu.ec\/jvnunez\/files\/2014\/11\/Captura7.png\" alt=\"Cilindro maestro\/freno-$37.00 (Precio incluye I.V.A) cada uno.\" width=\"256\" height=\"260\" \/><\/a><p id=\"caption-attachment-106\" class=\"wp-caption-text\">Cilindro maestro\/freno-$37.00 (Precio incluye I.V.A) cada uno.<\/p><\/div>\n<div id=\"attachment_95\" style=\"width: 268px\" class=\"wp-caption alignnone\"><a href=\"http:\/\/blog.espol.edu.ec\/jvnunez\/files\/2014\/11\/Captura3.png\"><img loading=\"lazy\" decoding=\"async\" aria-describedby=\"caption-attachment-95\" class=\" wp-image-95\" src=\"http:\/\/blog.espol.edu.ec\/jvnunez\/files\/2014\/11\/Captura3.png\" alt=\"Cilindro de rueda posterior izquierdo-$6.84 (Precio incluye I.V.A) cada uno.\" width=\"258\" height=\"52\" \/><\/a><p id=\"caption-attachment-95\" class=\"wp-caption-text\">Cilindro de rueda posterior derecho-$6.84 (Precio incluye I.V.A) cada uno.<\/p><\/div>\n<div id=\"attachment_95\" style=\"width: 268px\" class=\"wp-caption alignnone\"><a href=\"http:\/\/blog.espol.edu.ec\/jvnunez\/files\/2014\/11\/Captura3.png\"><img loading=\"lazy\" decoding=\"async\" aria-describedby=\"caption-attachment-95\" class=\" wp-image-95\" src=\"http:\/\/blog.espol.edu.ec\/jvnunez\/files\/2014\/11\/Captura3.png\" alt=\"Cilindro de rueda posterior izquierdo-$6.84 (Precio incluye I.V.A) cada uno.\" width=\"258\" height=\"52\" \/><\/a><p id=\"caption-attachment-95\" class=\"wp-caption-text\">Cilindro de rueda posterior izquierdo-$6.84 (Precio incluye I.V.A) cada uno.<\/p><\/div>\n<div id=\"attachment_90\" style=\"width: 271px\" class=\"wp-caption alignnone\"><a href=\"http:\/\/blog.espol.edu.ec\/jvnunez\/files\/2014\/11\/Captura.png\"><img loading=\"lazy\" decoding=\"async\" aria-describedby=\"caption-attachment-90\" class=\"wp-image-90 size-full\" src=\"http:\/\/blog.espol.edu.ec\/jvnunez\/files\/2014\/11\/Captura.png\" alt=\"\" width=\"261\" height=\"174\" \/><\/a><p id=\"caption-attachment-90\" class=\"wp-caption-text\">Plato de embrague- $66.00 (Precio incluye I.V.A) la unidad.<\/p><\/div>\n<div id=\"attachment_92\" style=\"width: 271px\" class=\"wp-caption alignnone\"><a href=\"http:\/\/blog.espol.edu.ec\/jvnunez\/files\/2014\/11\/Captura1.png\"><img loading=\"lazy\" decoding=\"async\" aria-describedby=\"caption-attachment-92\" class=\"wp-image-92 \" src=\"http:\/\/blog.espol.edu.ec\/jvnunez\/files\/2014\/11\/Captura1.png\" alt=\"\" width=\"261\" height=\"240\" \/><\/a><p id=\"caption-attachment-92\" class=\"wp-caption-text\">Plato de embrague-$66.00 (Precio incluye I.V.A) cada uno.<\/p><\/div>\n<div id=\"attachment_93\" style=\"width: 272px\" class=\"wp-caption alignnone\"><a href=\"http:\/\/blog.espol.edu.ec\/jvnunez\/files\/2014\/11\/Captura2.png\"><img loading=\"lazy\" decoding=\"async\" aria-describedby=\"caption-attachment-93\" class=\" wp-image-93\" src=\"http:\/\/blog.espol.edu.ec\/jvnunez\/files\/2014\/11\/Captura2.png\" alt=\"Ruliman de embrague-$66.00 (Precio incluye I.V.A) cada uno.\" width=\"262\" height=\"225\" srcset=\"https:\/\/blog.espol.edu.ec\/jvnunez\/files\/2014\/11\/Captura2.png 419w, https:\/\/blog.espol.edu.ec\/jvnunez\/files\/2014\/11\/Captura2-300x257.png 300w, https:\/\/blog.espol.edu.ec\/jvnunez\/files\/2014\/11\/Captura2-349x300.png 349w\" sizes=\"auto, (max-width: 262px) 100vw, 262px\" \/><\/a><p id=\"caption-attachment-93\" class=\"wp-caption-text\">Ruliman de embrague-$66.00 (Precio incluye I.V.A) cada uno.<\/p><\/div>\n<div id=\"__if72ru4sdfsdfruh7fewui_once\"><\/div>\n<div id=\"__hggasdgjhsagd_once\"><\/div>\n","protected":false},"excerpt":{"rendered":"","protected":false},"author":9408,"featured_media":0,"parent":0,"menu_order":0,"comment_status":"open","ping_status":"open","template":"","meta":{"footnotes":""},"class_list":["post-45","page","type-page","status-publish","hentry"],"_links":{"self":[{"href":"https:\/\/blog.espol.edu.ec\/jvnunez\/wp-json\/wp\/v2\/pages\/45","targetHints":{"allow":["GET"]}}],"collection":[{"href":"https:\/\/blog.espol.edu.ec\/jvnunez\/wp-json\/wp\/v2\/pages"}],"about":[{"href":"https:\/\/blog.espol.edu.ec\/jvnunez\/wp-json\/wp\/v2\/types\/page"}],"author":[{"embeddable":true,"href":"https:\/\/blog.espol.edu.ec\/jvnunez\/wp-json\/wp\/v2\/users\/9408"}],"replies":[{"embeddable":true,"href":"https:\/\/blog.espol.edu.ec\/jvnunez\/wp-json\/wp\/v2\/comments?post=45"}],"version-history":[{"count":10,"href":"https:\/\/blog.espol.edu.ec\/jvnunez\/wp-json\/wp\/v2\/pages\/45\/revisions"}],"predecessor-version":[{"id":113,"href":"https:\/\/blog.espol.edu.ec\/jvnunez\/wp-json\/wp\/v2\/pages\/45\/revisions\/113"}],"wp:attachment":[{"href":"https:\/\/blog.espol.edu.ec\/jvnunez\/wp-json\/wp\/v2\/media?parent=45"}],"curies":[{"name":"wp","href":"https:\/\/api.w.org\/{rel}","templated":true}]}}