{"id":2,"date":"2013-11-05T00:31:24","date_gmt":"2013-11-05T00:31:24","guid":{"rendered":"http:\/\/blog.espol.edu.ec\/jxcortez\/?page_id=2"},"modified":"2014-02-27T17:05:45","modified_gmt":"2014-02-27T17:05:45","slug":"pagina-ejemplo","status":"publish","type":"page","link":"https:\/\/blog.espol.edu.ec\/jxcortez\/pagina-ejemplo\/","title":{"rendered":"FRASES DEL BLOG"},"content":{"rendered":"<p><b>Quien de verdad sabe de qu\u00e9 habla, no encuentra razones para levantar la voz.<\/b><\/p>\n<div><b>Ser bueno no es sin\u00f3nimo de ser idiota, ser bueno es una virtud que algunos idiotas no entienden.<\/b><\/div>\n<div><\/div>\n<div><b>La preocupaci\u00f3n es como una mecedora; te mantiene ocupado pero no te lleva a ninguna parte.<\/b><\/div>\n<div>\n<div><\/div>\n<div><b>El camino por la vida es como una escalera... Hay que subir para lograr llegar m\u00e1s alto. Puedes detenerte, descansar, bajar o subir... pero al final lo que cuenta es hasta d\u00f3nde has llegado. Yo llegar\u00e9 lejos. No me quedar\u00e9 toda la vida en el mismo pelda\u00f1o.<\/b><\/div>\n<div><\/div>\n<div><b><b>No renuncies solo porque las cosas se pusieron dif\u00edciles, recuerda: Si vale la pena, no ser\u00e1 f\u00e1cil.<\/b><\/b><\/p>\n<div style=\"width: 337px\" class=\"wp-caption aligncenter\"><img loading=\"lazy\" decoding=\"async\" alt=\"\" src=\"http:\/\/t2.gstatic.com\/images?q=tbn:ANd9GcT1wlg5ltYP_cz68RV_2JJqhNscBEBcblPoYNCcmGz2-hhsVNhS\" width=\"327\" height=\"154\" \/><p class=\"wp-caption-text\">REFLEXI\u00d3N DE LA VIDA<\/p><\/div>\n<\/div>\n<\/div>\n","protected":false},"excerpt":{"rendered":"<p>Quien de verdad sabe de qu\u00e9 habla, no encuentra razones para levantar la voz. Ser bueno no es sin\u00f3nimo de ser idiota, ser bueno es una virtud que algunos idiotas no entienden. La preocupaci\u00f3n es como una mecedora; te mantiene ocupado pero no te lleva a ninguna parte. El camino por la vida es como [&hellip;]<\/p>\n","protected":false},"author":8841,"featured_media":0,"parent":0,"menu_order":0,"comment_status":"open","ping_status":"open","template":"","meta":{"footnotes":""},"class_list":["post-2","page","type-page","status-publish","hentry"],"_links":{"self":[{"href":"https:\/\/blog.espol.edu.ec\/jxcortez\/wp-json\/wp\/v2\/pages\/2","targetHints":{"allow":["GET"]}}],"collection":[{"href":"https:\/\/blog.espol.edu.ec\/jxcortez\/wp-json\/wp\/v2\/pages"}],"about":[{"href":"https:\/\/blog.espol.edu.ec\/jxcortez\/wp-json\/wp\/v2\/types\/page"}],"author":[{"embeddable":true,"href":"https:\/\/blog.espol.edu.ec\/jxcortez\/wp-json\/wp\/v2\/users\/8841"}],"replies":[{"embeddable":true,"href":"https:\/\/blog.espol.edu.ec\/jxcortez\/wp-json\/wp\/v2\/comments?post=2"}],"version-history":[{"count":3,"href":"https:\/\/blog.espol.edu.ec\/jxcortez\/wp-json\/wp\/v2\/pages\/2\/revisions"}],"predecessor-version":[{"id":68,"href":"https:\/\/blog.espol.edu.ec\/jxcortez\/wp-json\/wp\/v2\/pages\/2\/revisions\/68"}],"wp:attachment":[{"href":"https:\/\/blog.espol.edu.ec\/jxcortez\/wp-json\/wp\/v2\/media?parent=2"}],"curies":[{"name":"wp","href":"https:\/\/api.w.org\/{rel}","templated":true}]}}