{"id":29,"date":"2009-06-03T13:23:17","date_gmt":"2009-06-03T17:23:17","guid":{"rendered":"http:\/\/blog.espol.edu.ec\/k3vin\/?page_id=29"},"modified":"2009-09-16T19:12:32","modified_gmt":"2009-09-16T23:12:32","slug":"photo-k","status":"publish","type":"page","link":"https:\/\/blog.espol.edu.ec\/k3vin\/photo-k\/","title":{"rendered":"sobre mi...  :)"},"content":{"rendered":"<p>Bueno mi nombre es Kevin Ivan Cabezas Rocha. Para comenzar soy un chico alegre, tranquilo, divertido y que disfruta mucho de las cosas y de la vida. Estudi\u00e9 en el Colegio Bernarino Echeverria Ruiz y encontr\u00e9 grandes amigos. Fui miembro de un Grupo Juvenil, como toda persona pase por diversas experiencias y entre ellas sent\u00ed un gusto y una alegria inmensa el Poder conocer a Dios y dejarlo entrar en mi vida.<\/p>\n<p>Me gusta mucho leer, pasear con amigos\/as, reir, ver pel\u00edculas y contemplar mucho ciertos paisajes.<\/p>\n<p>Tengo un hermano que aunque tenga 9 a\u00f1os para mi es un Campe\u00f3n y \u00e9l es ejemplo para mi, jajaja ese man es mi pana y agradezco que pueda contar con \u00c9l \ud83d\ude42<\/p>\n<p>Yo creo que me llevo muy bien con los ni\u00f1os, porque ellos pueden hacerte sonreir muy f\u00e1cil y para ellos no hay mayores problemas, simplemente disfrutan la vida como ni\u00f1os, por eso soy animador de Infancia Misionera y estoy feliz, son una bendici\u00f3n.<\/p>\n<p>Decidi entrar en La Espol porque la considero una de las mejores Universidades y me creo que llena muchas espectativas y escogi Ing. en Auditoria porque me gusta la Contabilidad y considero que Auditar una empresa es una excelente forma de poder demostrarlo y espero poder aprender bastante.<\/p>\n<p>Ahora tengo 18 a\u00f1os y me siento satisfecho con lo que tengo, es un largo camino el que tocara recorrer, pero todo se puede en esta vida si asi se quiere, porque<strong><em> \"s\u00f3lo se pierde si se deja de Intentarlo\".<\/em><\/strong><\/p>\n<div id=\"attachment_101\" style=\"width: 310px\" class=\"wp-caption aligncenter\"><img loading=\"lazy\" decoding=\"async\" aria-describedby=\"caption-attachment-101\" class=\"size-medium wp-image-101\" src=\"http:\/\/blog.espol.edu.ec\/k3vin\/files\/2009\/09\/16072009092-300x225.jpg\" alt=\"Mis Amigos de la U...\" width=\"300\" height=\"225\" srcset=\"https:\/\/blog.espol.edu.ec\/k3vin\/files\/2009\/09\/16072009092-300x225.jpg 300w, https:\/\/blog.espol.edu.ec\/k3vin\/files\/2009\/09\/16072009092-1024x768.jpg 1024w, https:\/\/blog.espol.edu.ec\/k3vin\/files\/2009\/09\/16072009092.jpg 2048w\" sizes=\"auto, (max-width: 300px) 100vw, 300px\" \/><p id=\"caption-attachment-101\" class=\"wp-caption-text\">Mis Amigos de la U...<\/p><\/div>\n<p><a title=\"View Curriculum Vitae on Scribd\" href=\"http:\/\/www.scribd.com\/doc\/19822950\/Curriculum-Vitae\">Curriculum Vitae<\/a> <object width=\"100%\" height=\"500\" data=\"http:\/\/d1.scribdassets.com\/ScribdViewer.swf?document_id=19822950&amp;access_key=key-27qqwoli5q4710xj2pre&amp;page=1&amp;version=1&amp;viewMode=\" type=\"application\/x-shockwave-flash\"><param name=\"quality\" value=\"high\" \/><param name=\"play\" value=\"true\" \/><param name=\"loop\" value=\"true\" \/><param name=\"scale\" value=\"showall\" \/><param name=\"wmode\" value=\"opaque\" \/><param name=\"devicefont\" value=\"false\" \/><param name=\"bgcolor\" value=\"#ffffff\" \/><param name=\"menu\" value=\"true\" \/><param name=\"allowFullScreen\" value=\"true\" \/><param name=\"allowScriptAccess\" value=\"always\" \/><param name=\"src\" value=\"http:\/\/d1.scribdassets.com\/ScribdViewer.swf?document_id=19822950&amp;access_key=key-27qqwoli5q4710xj2pre&amp;page=1&amp;version=1&amp;viewMode=\" \/><\/object><\/p>\n","protected":false},"excerpt":{"rendered":"<p>Bueno mi nombre es Kevin Ivan Cabezas Rocha. Para comenzar soy un chico alegre, tranquilo, divertido y que disfruta mucho de las cosas y de la vida. Estudi\u00e9 en el Colegio Bernarino Echeverria Ruiz y encontr\u00e9 grandes amigos. Fui miembro de un Grupo Juvenil, como toda persona pase por diversas experiencias y entre ellas sent\u00ed [&hellip;]<\/p>\n","protected":false},"author":1582,"featured_media":0,"parent":0,"menu_order":0,"comment_status":"open","ping_status":"open","template":"","meta":{"footnotes":""},"class_list":["post-29","page","type-page","status-publish","hentry"],"_links":{"self":[{"href":"https:\/\/blog.espol.edu.ec\/k3vin\/wp-json\/wp\/v2\/pages\/29","targetHints":{"allow":["GET"]}}],"collection":[{"href":"https:\/\/blog.espol.edu.ec\/k3vin\/wp-json\/wp\/v2\/pages"}],"about":[{"href":"https:\/\/blog.espol.edu.ec\/k3vin\/wp-json\/wp\/v2\/types\/page"}],"author":[{"embeddable":true,"href":"https:\/\/blog.espol.edu.ec\/k3vin\/wp-json\/wp\/v2\/users\/1582"}],"replies":[{"embeddable":true,"href":"https:\/\/blog.espol.edu.ec\/k3vin\/wp-json\/wp\/v2\/comments?post=29"}],"version-history":[{"count":5,"href":"https:\/\/blog.espol.edu.ec\/k3vin\/wp-json\/wp\/v2\/pages\/29\/revisions"}],"predecessor-version":[{"id":32,"href":"https:\/\/blog.espol.edu.ec\/k3vin\/wp-json\/wp\/v2\/pages\/29\/revisions\/32"}],"wp:attachment":[{"href":"https:\/\/blog.espol.edu.ec\/k3vin\/wp-json\/wp\/v2\/media?parent=29"}],"curies":[{"name":"wp","href":"https:\/\/api.w.org\/{rel}","templated":true}]}}