{"id":50,"date":"2009-06-14T21:02:06","date_gmt":"2009-06-15T01:02:06","guid":{"rendered":"http:\/\/blog.espol.edu.ec\/k3vin\/?page_id=50"},"modified":"2009-09-16T19:03:24","modified_gmt":"2009-09-16T23:03:24","slug":"espiritual","status":"publish","type":"page","link":"https:\/\/blog.espol.edu.ec\/k3vin\/espiritual\/","title":{"rendered":"Espiritual"},"content":{"rendered":"<h1 class=\"documentFirstHeading\" style=\"text-align: center\">\u00bfQu\u00e9 es la <span class=\"highlightedSearchTerm\">espiritualidad<\/span>?<\/h1>\n<p><strong>L<\/strong>a <span class=\"highlightedSearchTerm\">espiritualidad<\/span> es la universalidad de la Verdad, la Luz y el Deleite. La <span class=\"highlightedSearchTerm\">espiritualidad<\/span> es la necesidad consciente de Dios. La <span class=\"highlightedSearchTerm\">espiritualidad<\/span> es la oportunidad constante de realizar y probar que todos nosotros podemos ser tan grandes como Dios.<\/p>\n<p>Dios es Deleite. El Deleite es el h\u00e1lito del alma. Dios no quiere ver el rostro de la tristeza. Dios nos dar\u00e1 la infinitud en el momento en que estemos dispuestos a ofrecerle tan s\u00f3lo un destello del deleite de nuestra alma.<\/p>\n<p>Algunas personas que vivieron siendo esprituales.<\/p>\n<p><strong>DEEPAK CHOPRA<\/strong><\/p>\n<div id=\"__ss_1065428\" style=\"width: 425px;text-align: left\"><a title=\"Deepak Chopra on Ayurveda, and Zrii\" href=\"http:\/\/www.slideshare.net\/johndski\/deekpak-chopra-on-ayurveda-and-zrii?type=powerpoint\">Deepak Chopra on Ayurveda, and Zrii<\/a><object width=\"425\" height=\"355\" data=\"http:\/\/static.slidesharecdn.com\/swf\/ssplayer2.swf?doc=AyurvedaZriiPresentation-090224144850-phpapp02&amp;stripped_title=deekpak-chopra-on-ayurveda-and-zrii\" type=\"application\/x-shockwave-flash\"><param name=\"src\" value=\"http:\/\/static.slidesharecdn.com\/swf\/ssplayer2.swf?doc=AyurvedaZriiPresentation-090224144850-phpapp02&amp;stripped_title=deekpak-chopra-on-ayurveda-and-zrii\" \/><\/object><\/p>\n<div style=\"font-size: 11px;font-family: tahoma,arial;height: 26px;padding-top: 2px\">View more <a href=\"http:\/\/www.slideshare.net\/\">OpenOffice presentations<\/a> from <a href=\"http:\/\/www.slideshare.net\/johndski\">johndski<\/a>.<\/div>\n<\/div>\n<p><strong>UN BONITO CUENTO<\/strong><\/p>\n<div id=\"__ss_677725\" style=\"width: 425px;text-align: left\"><a title=\"un bonito cuento\" href=\"http:\/\/www.slideshare.net\/estherbartol\/un-bonito-cuento-presentation-677725?type=powerpoint\">un bonito cuento<\/a><object width=\"425\" height=\"355\" data=\"http:\/\/static.slidesharecdn.com\/swf\/ssplayer2.swf?doc=unbonitocuento-1224626448229636-8&amp;stripped_title=un-bonito-cuento-presentation-677725\" type=\"application\/x-shockwave-flash\"><param name=\"src\" value=\"http:\/\/static.slidesharecdn.com\/swf\/ssplayer2.swf?doc=unbonitocuento-1224626448229636-8&amp;stripped_title=un-bonito-cuento-presentation-677725\" \/><\/object><\/p>\n<div style=\"font-size: 11px;font-family: tahoma,arial;height: 26px;padding-top: 2px\">View more <a href=\"http:\/\/www.slideshare.net\/\">OpenOffice presentations<\/a> from <a href=\"http:\/\/www.slideshare.net\/estherbartol\">estherbartol<\/a>.<\/div>\n<\/div>\n","protected":false},"excerpt":{"rendered":"<p>\u00bfQu\u00e9 es la espiritualidad? La espiritualidad es la universalidad de la Verdad, la Luz y el Deleite. La espiritualidad es la necesidad consciente de Dios. La espiritualidad es la oportunidad constante de realizar y probar que todos nosotros podemos ser tan grandes como Dios. Dios es Deleite. El Deleite es el h\u00e1lito del alma. Dios [&hellip;]<\/p>\n","protected":false},"author":1582,"featured_media":0,"parent":0,"menu_order":0,"comment_status":"open","ping_status":"open","template":"","meta":{"footnotes":""},"class_list":["post-50","page","type-page","status-publish","hentry"],"_links":{"self":[{"href":"https:\/\/blog.espol.edu.ec\/k3vin\/wp-json\/wp\/v2\/pages\/50","targetHints":{"allow":["GET"]}}],"collection":[{"href":"https:\/\/blog.espol.edu.ec\/k3vin\/wp-json\/wp\/v2\/pages"}],"about":[{"href":"https:\/\/blog.espol.edu.ec\/k3vin\/wp-json\/wp\/v2\/types\/page"}],"author":[{"embeddable":true,"href":"https:\/\/blog.espol.edu.ec\/k3vin\/wp-json\/wp\/v2\/users\/1582"}],"replies":[{"embeddable":true,"href":"https:\/\/blog.espol.edu.ec\/k3vin\/wp-json\/wp\/v2\/comments?post=50"}],"version-history":[{"count":7,"href":"https:\/\/blog.espol.edu.ec\/k3vin\/wp-json\/wp\/v2\/pages\/50\/revisions"}],"predecessor-version":[{"id":95,"href":"https:\/\/blog.espol.edu.ec\/k3vin\/wp-json\/wp\/v2\/pages\/50\/revisions\/95"}],"wp:attachment":[{"href":"https:\/\/blog.espol.edu.ec\/k3vin\/wp-json\/wp\/v2\/media?parent=50"}],"curies":[{"name":"wp","href":"https:\/\/api.w.org\/{rel}","templated":true}]}}