{"id":116,"date":"2010-07-19T17:09:12","date_gmt":"2010-07-19T22:09:12","guid":{"rendered":"http:\/\/blog.espol.edu.ec\/kaaguila\/?page_id=116"},"modified":"2010-07-19T17:09:53","modified_gmt":"2010-07-19T22:09:53","slug":"musica-2","status":"publish","type":"page","link":"https:\/\/blog.espol.edu.ec\/kaaguila\/musica-2\/","title":{"rendered":"M\u00fasica"},"content":{"rendered":"<p>La m\u00fasica es el resultado de la mezcla de la melod\u00eda y la l\u00edrica.<\/p>\n<p>Tenemos muchos g\u00e9neros musicales, los que se derivan en base a ciertos criterios en los que podemos mencionar:<\/p>\n<p>- Caracter\u00edsticas mel\u00f3dicas, arm\u00f3nicas y r\u00edtmicas<\/p>\n<p>- Lugar geogr\u00e1fico<\/p>\n<p>- T\u00e9cnicas de composici\u00f3n<\/p>\n<p>- Instrumentos usados, etc.<\/p>\n<p>Tenemos tambi\u00e9n varios interpretes entre mis favoritos est\u00e1n:<\/p>\n<p>. 3 Doors Down<\/p>\n<p>. Aerosmith<\/p>\n<p>. Avril Lavigne<\/p>\n<p>. Bon Jovi<\/p>\n<p>. Man\u00e1<\/p>\n<p>. Nickelback<\/p>\n<p>. Paramore<\/p>\n<p>. Ricardo Arjona<\/p>\n<p>* 3 DOORS DOWN<\/p>\n<p><img decoding=\"async\" src=\"\/Mis%20documentos\/Mis%20im%C3%A1genes\/Cantante\/3-doors-down.jpg\" alt=\"\" \/><\/p>\n<div id=\"attachment_117\" style=\"width: 310px\" class=\"wp-caption aligncenter\"><a href=\"http:\/\/blog.espol.edu.ec\/kaaguila\/files\/2010\/07\/3-Doors-Down.jpg\"><img loading=\"lazy\" decoding=\"async\" aria-describedby=\"caption-attachment-117\" class=\"size-medium wp-image-117\" title=\"3 Doors Down\" src=\"http:\/\/blog.espol.edu.ec\/kaaguila\/files\/2010\/07\/3-Doors-Down-300x193.jpg\" alt=\"\" width=\"300\" height=\"193\" srcset=\"https:\/\/blog.espol.edu.ec\/kaaguila\/files\/2010\/07\/3-Doors-Down-300x193.jpg 300w, https:\/\/blog.espol.edu.ec\/kaaguila\/files\/2010\/07\/3-Doors-Down.jpg 620w\" sizes=\"auto, (max-width: 300px) 100vw, 300px\" \/><\/a><p id=\"caption-attachment-117\" class=\"wp-caption-text\">3 Doors Down: Grupo norteamericano<\/p><\/div>\n<p>Grupo norteamericano de post-grunge y rock alternativo fundado en Escatawpa, Mississippi en el a\u00f1o 1994.<\/p>\n<p>Integrantes:<\/p>\n<ul>\n<li>Brad Arnold - Canatante<\/li>\n<li>Matt Roberts -  Guitarrista<\/li>\n<li>Chris Henderson - Guitarra r\u00edtmica<\/li>\n<li>Todd Harrell -  Bajo<\/li>\n<li>Greg Upchurch -  Bater\u00eda y percusi\u00f3n<\/li>\n<\/ul>\n<p>* AEROSMITH<\/p>\n<div id=\"attachment_118\" style=\"width: 310px\" class=\"wp-caption aligncenter\"><a href=\"http:\/\/blog.espol.edu.ec\/kaaguila\/files\/2010\/07\/Aerosmith.jpg\"><img loading=\"lazy\" decoding=\"async\" aria-describedby=\"caption-attachment-118\" class=\"size-medium wp-image-118\" title=\"Aerosmith\" src=\"http:\/\/blog.espol.edu.ec\/kaaguila\/files\/2010\/07\/Aerosmith-300x225.jpg\" alt=\"\" width=\"300\" height=\"225\" srcset=\"https:\/\/blog.espol.edu.ec\/kaaguila\/files\/2010\/07\/Aerosmith-300x225.jpg 300w, https:\/\/blog.espol.edu.ec\/kaaguila\/files\/2010\/07\/Aerosmith.jpg 1024w\" sizes=\"auto, (max-width: 300px) 100vw, 300px\" \/><\/a><p id=\"caption-attachment-118\" class=\"wp-caption-text\">Aerosmith, banda estadounidense<\/p><\/div>\n<p style=\"text-align: left\">*AVRIL LAVIGNE<\/p>\n<p style=\"text-align: left\"><a href=\"http:\/\/blog.espol.edu.ec\/kaaguila\/files\/2010\/07\/Avril-Lavigne.jpg\"><img loading=\"lazy\" decoding=\"async\" class=\"aligncenter size-medium wp-image-119\" title=\"Avril Lavigne\" src=\"http:\/\/blog.espol.edu.ec\/kaaguila\/files\/2010\/07\/Avril-Lavigne-300x225.jpg\" alt=\"\" width=\"300\" height=\"225\" srcset=\"https:\/\/blog.espol.edu.ec\/kaaguila\/files\/2010\/07\/Avril-Lavigne-300x225.jpg 300w, https:\/\/blog.espol.edu.ec\/kaaguila\/files\/2010\/07\/Avril-Lavigne-1024x768.jpg 1024w, https:\/\/blog.espol.edu.ec\/kaaguila\/files\/2010\/07\/Avril-Lavigne.jpg 1280w\" sizes=\"auto, (max-width: 300px) 100vw, 300px\" \/><\/a><strong> <\/strong><\/p>\n<p style=\"text-align: left\"><strong>Avril Ramona Lavigne<\/strong> es una  cantante canadiense de <span style=\"color: #000000\">pop rock, compositora, actriz y dise\u00f1adora de una linea de ropa.<\/span><\/p>\n<p>*BON JOVI<\/p>\n<p><a href=\"http:\/\/blog.espol.edu.ec\/kaaguila\/files\/2010\/07\/Jon-Bon-Jovi.jpg\"><img loading=\"lazy\" decoding=\"async\" class=\"aligncenter size-medium wp-image-120\" title=\"Jon Bon Jovi\" src=\"http:\/\/blog.espol.edu.ec\/kaaguila\/files\/2010\/07\/Jon-Bon-Jovi-222x300.jpg\" alt=\"\" width=\"222\" height=\"300\" srcset=\"https:\/\/blog.espol.edu.ec\/kaaguila\/files\/2010\/07\/Jon-Bon-Jovi-222x300.jpg 222w, https:\/\/blog.espol.edu.ec\/kaaguila\/files\/2010\/07\/Jon-Bon-Jovi.jpg 371w\" sizes=\"auto, (max-width: 222px) 100vw, 222px\" \/><\/a><\/p>\n","protected":false},"excerpt":{"rendered":"<p>La m\u00fasica es el resultado de la mezcla de la melod\u00eda y la l\u00edrica. Tenemos muchos g\u00e9neros musicales, los que se derivan en base a ciertos criterios en los que podemos mencionar: - Caracter\u00edsticas mel\u00f3dicas, arm\u00f3nicas y r\u00edtmicas - Lugar geogr\u00e1fico - T\u00e9cnicas de composici\u00f3n - Instrumentos usados, etc. Tenemos tambi\u00e9n varios interpretes entre mis [&hellip;]<\/p>\n","protected":false},"author":495,"featured_media":0,"parent":0,"menu_order":0,"comment_status":"open","ping_status":"open","template":"","meta":{"footnotes":""},"class_list":["post-116","page","type-page","status-publish","hentry"],"_links":{"self":[{"href":"https:\/\/blog.espol.edu.ec\/kaaguila\/wp-json\/wp\/v2\/pages\/116","targetHints":{"allow":["GET"]}}],"collection":[{"href":"https:\/\/blog.espol.edu.ec\/kaaguila\/wp-json\/wp\/v2\/pages"}],"about":[{"href":"https:\/\/blog.espol.edu.ec\/kaaguila\/wp-json\/wp\/v2\/types\/page"}],"author":[{"embeddable":true,"href":"https:\/\/blog.espol.edu.ec\/kaaguila\/wp-json\/wp\/v2\/users\/495"}],"replies":[{"embeddable":true,"href":"https:\/\/blog.espol.edu.ec\/kaaguila\/wp-json\/wp\/v2\/comments?post=116"}],"version-history":[{"count":3,"href":"https:\/\/blog.espol.edu.ec\/kaaguila\/wp-json\/wp\/v2\/pages\/116\/revisions"}],"predecessor-version":[{"id":256,"href":"https:\/\/blog.espol.edu.ec\/kaaguila\/wp-json\/wp\/v2\/pages\/116\/revisions\/256"}],"wp:attachment":[{"href":"https:\/\/blog.espol.edu.ec\/kaaguila\/wp-json\/wp\/v2\/media?parent=116"}],"curies":[{"name":"wp","href":"https:\/\/api.w.org\/{rel}","templated":true}]}}