{"id":125,"date":"2010-07-19T17:36:31","date_gmt":"2010-07-19T22:36:31","guid":{"rendered":"http:\/\/blog.espol.edu.ec\/kaaguila\/?page_id=125"},"modified":"2010-10-30T07:02:34","modified_gmt":"2010-10-30T12:02:34","slug":"cine","status":"publish","type":"page","link":"https:\/\/blog.espol.edu.ec\/kaaguila\/cine\/","title":{"rendered":"Cine"},"content":{"rendered":"<p>EL SECRETO DE SUS OJOS<\/p>\n<p><a href=\"http:\/\/blog.espol.edu.ec\/kaaguila\/files\/2010\/07\/el-secreto-de-tus-ojos.jpg\"><img loading=\"lazy\" decoding=\"async\" class=\"aligncenter size-medium wp-image-126\" title=\"El secreto de sus ojos\" src=\"http:\/\/blog.espol.edu.ec\/kaaguila\/files\/2010\/07\/el-secreto-de-tus-ojos-210x300.jpg\" alt=\"\" width=\"210\" height=\"300\" srcset=\"https:\/\/blog.espol.edu.ec\/kaaguila\/files\/2010\/07\/el-secreto-de-tus-ojos-210x300.jpg 210w, https:\/\/blog.espol.edu.ec\/kaaguila\/files\/2010\/07\/el-secreto-de-tus-ojos.jpg 500w\" sizes=\"auto, (max-width: 210px) 100vw, 210px\" \/><\/a><\/p>\n<p>El secreto de sus ojos,\u00a0 recientemente pude ver esta pel\u00edcula en las exhibiciones que cada semana realiza la ESPOL, la trama de la pel\u00edcula se centra en un crimen del pasado que a\u00fan repercute en la vida de Benjam\u00edn Esposito y el esposo de la v\u00edctima Ricardo Morales, qui\u00e9n queda devastado por la noticia del asesinato de su esposa.<\/p>\n<p>Esta cinta ganadora del OSCAR como mejor pel\u00edcula de lengua extranjera,\u00a0 es una mezcla de drama, humor, suspenso y una excelente interpretaci\u00f3n de parte de los actores, en general una muy buena pel\u00edcula.<\/p>\n","protected":false},"excerpt":{"rendered":"<p>EL SECRETO DE SUS OJOS El secreto de sus ojos,\u00a0 recientemente pude ver esta pel\u00edcula en las exhibiciones que cada semana realiza la ESPOL, la trama de la pel\u00edcula se centra en un crimen del pasado que a\u00fan repercute en la vida de Benjam\u00edn Esposito y el esposo de la v\u00edctima Ricardo Morales, qui\u00e9n queda [&hellip;]<\/p>\n","protected":false},"author":495,"featured_media":0,"parent":0,"menu_order":0,"comment_status":"open","ping_status":"open","template":"","meta":{"footnotes":""},"class_list":["post-125","page","type-page","status-publish","hentry"],"_links":{"self":[{"href":"https:\/\/blog.espol.edu.ec\/kaaguila\/wp-json\/wp\/v2\/pages\/125","targetHints":{"allow":["GET"]}}],"collection":[{"href":"https:\/\/blog.espol.edu.ec\/kaaguila\/wp-json\/wp\/v2\/pages"}],"about":[{"href":"https:\/\/blog.espol.edu.ec\/kaaguila\/wp-json\/wp\/v2\/types\/page"}],"author":[{"embeddable":true,"href":"https:\/\/blog.espol.edu.ec\/kaaguila\/wp-json\/wp\/v2\/users\/495"}],"replies":[{"embeddable":true,"href":"https:\/\/blog.espol.edu.ec\/kaaguila\/wp-json\/wp\/v2\/comments?post=125"}],"version-history":[{"count":4,"href":"https:\/\/blog.espol.edu.ec\/kaaguila\/wp-json\/wp\/v2\/pages\/125\/revisions"}],"predecessor-version":[{"id":184,"href":"https:\/\/blog.espol.edu.ec\/kaaguila\/wp-json\/wp\/v2\/pages\/125\/revisions\/184"}],"wp:attachment":[{"href":"https:\/\/blog.espol.edu.ec\/kaaguila\/wp-json\/wp\/v2\/media?parent=125"}],"curies":[{"name":"wp","href":"https:\/\/api.w.org\/{rel}","templated":true}]}}