{"id":2,"date":"2016-11-01T19:34:00","date_gmt":"2016-11-01T19:34:00","guid":{"rendered":"http:\/\/blog.espol.edu.ec\/kaasenci\/?page_id=2"},"modified":"2016-11-13T00:24:30","modified_gmt":"2016-11-13T00:24:30","slug":"pagina-ejemplo","status":"publish","type":"page","link":"https:\/\/blog.espol.edu.ec\/kaasenci\/pagina-ejemplo\/","title":{"rendered":"CL\u00c1SICO LATINO"},"content":{"rendered":"<h1 class=\"news-title\">Lo pas\u00f3 por encima: Brasil gole\u00f3 3-0 a Argentina por Eliminatorias Rusia 2018<\/h1>\n<p><a href=\"http:\/\/depor.com\/noticias-de-seleccion-argentina-8288\"><strong>Argentina<\/strong><\/a> vs. <a href=\"http:\/\/depor.com\/noticias-de-seleccion-brasil-2374\"><strong>Brasil<\/strong><\/a> se enfrentaron en el Mineirao de Belo Horizonte por la fecha 11 de las <a href=\"http:\/\/depor.com\/noticias-de-eliminatorias-rusia-2018-16468\"><strong>Eliminatorias Rusia 2018<\/strong><\/a>. El choque estuvo marcado por el encuentro entre Messi y Neymar, compa\u00f1eros y amigos en el Barcelona, pero que hoy ser\u00e1n los mayores rivales. El cuadro de Tit\u00e9 pas\u00f3 por encima al de Bauza y lo gole\u00f3 por 3 a 0.<\/p>\n<p>El cuadro de Bauza intent\u00f3 tomar la iniciativa del juego, sin embargo, Philippe Coutinho marc\u00f3 a los 24 minutos y, tras el desconcierto de los jugadores albicelestes, ampli\u00f3 Neymar a los 45, cuando estaba a punto de finalizar la etapa inicial.<\/p>\n<p>Sell\u00f3 la victoria Paulinho a los 58. Posteriormente, ninguno de los jugadores tuvo reacci\u00f3n, ni siquiera Lionel Messi, quien tuvo que bajar hasta el medio campo para pedir la pelota.<\/p>\n<p>Con este resultado, Brasil sigue puntero con 24 unidades, mientras que Argentina contin\u00faa fuera de la zona de clasificaci\u00f3n, pues es sexto con 16 puntos. En la duod\u00e9cima jornada, Messi y compa\u00f1\u00eda recibir\u00e1 el martes a Colombia en la ciudad de San Juan, mientras que los dirigidos por Tit\u00e9 visitar\u00e1n a Per\u00fa, en Lima.<a href=\"http:\/\/www.hispantv.com\/noticias\/futbol\/313955\/mundial-futbol-brasil-argentina-eliminatorias-rusia\"><img loading=\"lazy\" decoding=\"async\" class=\"size-full wp-image-55 aligncenter\" src=\"http:\/\/blog.espol.edu.ec\/kaasenci\/files\/2016\/11\/descarga.jpg\" alt=\"descarga\" width=\"300\" height=\"168\" srcset=\"https:\/\/blog.espol.edu.ec\/kaasenci\/files\/2016\/11\/descarga.jpg 300w, https:\/\/blog.espol.edu.ec\/kaasenci\/files\/2016\/11\/descarga-250x141.jpg 250w\" sizes=\"auto, (max-width: 300px) 100vw, 300px\" \/><\/a><\/p>\n","protected":false},"excerpt":{"rendered":"<p>Lo pas\u00f3 por encima: Brasil gole\u00f3 3-0 a Argentina por Eliminatorias Rusia 2018 Argentina vs. Brasil se enfrentaron en el Mineirao de Belo Horizonte por la fecha 11 de las Eliminatorias Rusia 2018. El choque estuvo marcado por el encuentro entre Messi y Neymar, compa\u00f1eros y amigos en el Barcelona, pero que hoy ser\u00e1n los [&hellip;]<\/p>\n","protected":false},"author":10687,"featured_media":0,"parent":0,"menu_order":0,"comment_status":"closed","ping_status":"open","template":"","meta":{"footnotes":""},"class_list":["post-2","page","type-page","status-publish","hentry"],"aioseo_notices":[],"_links":{"self":[{"href":"https:\/\/blog.espol.edu.ec\/kaasenci\/wp-json\/wp\/v2\/pages\/2","targetHints":{"allow":["GET"]}}],"collection":[{"href":"https:\/\/blog.espol.edu.ec\/kaasenci\/wp-json\/wp\/v2\/pages"}],"about":[{"href":"https:\/\/blog.espol.edu.ec\/kaasenci\/wp-json\/wp\/v2\/types\/page"}],"author":[{"embeddable":true,"href":"https:\/\/blog.espol.edu.ec\/kaasenci\/wp-json\/wp\/v2\/users\/10687"}],"replies":[{"embeddable":true,"href":"https:\/\/blog.espol.edu.ec\/kaasenci\/wp-json\/wp\/v2\/comments?post=2"}],"version-history":[{"count":2,"href":"https:\/\/blog.espol.edu.ec\/kaasenci\/wp-json\/wp\/v2\/pages\/2\/revisions"}],"predecessor-version":[{"id":54,"href":"https:\/\/blog.espol.edu.ec\/kaasenci\/wp-json\/wp\/v2\/pages\/2\/revisions\/54"}],"wp:attachment":[{"href":"https:\/\/blog.espol.edu.ec\/kaasenci\/wp-json\/wp\/v2\/media?parent=2"}],"curies":[{"name":"wp","href":"https:\/\/api.w.org\/{rel}","templated":true}]}}