{"id":26,"date":"2016-11-08T19:34:49","date_gmt":"2016-11-08T19:34:49","guid":{"rendered":"http:\/\/blog.espol.edu.ec\/kaasenci\/?page_id=26"},"modified":"2016-11-08T19:34:49","modified_gmt":"2016-11-08T19:34:49","slug":"fallo-de-fifa","status":"publish","type":"page","link":"https:\/\/blog.espol.edu.ec\/kaasenci\/fallo-de-fifa\/","title":{"rendered":"FALLO DE FIFA"},"content":{"rendered":"<p><b>El fallo de FIFA a favor de a Per\u00fa<\/b><\/p>\n<p>\"Esos tres puntos nos vienen muy bien. Los puntos se ganan dentro del campo. Son cosas extra deportivas pero se tienen que cumplir con las normas. Es una oportunidad para enfrentar estos partidos con Paraguay y Brasil\".<\/p>\n<p><b>Sobre Paraguay<\/b><\/p>\n<p>\"Paraguay que tiene mucha garra y patea mucho. Nosotros tenemos que hacer nuestro juego con el bal\u00f3n en los pies y eso lo estamos haciendo muy bien<\/p>\n<p><b>Sobre Brasil<\/b><\/p>\n<p>En el campo somos once contra once y si cada l\u00ednea hace su funci\u00f3n podemos sacar un buen resultado. Hay que concentrarnos y hacerle da\u00f1o a Brasil. No importan los nombres\"<\/p>\n<p><img loading=\"lazy\" decoding=\"async\" class=\"alignnone size-medium\" src=\"http:\/\/cde.peru.com\/ima\/0\/1\/5\/2\/3\/1523080\/611x458\/diego-maradona.jpg\" alt=\"\" width=\"611\" height=\"458\" \/><\/p>\n","protected":false},"excerpt":{"rendered":"<p>El fallo de FIFA a favor de a Per\u00fa \"Esos tres puntos nos vienen muy bien. Los puntos se ganan dentro del campo. Son cosas extra deportivas pero se tienen que cumplir con las normas. Es una oportunidad para enfrentar estos partidos con Paraguay y Brasil\". Sobre Paraguay \"Paraguay que tiene mucha garra y patea [&hellip;]<\/p>\n","protected":false},"author":10687,"featured_media":0,"parent":0,"menu_order":0,"comment_status":"closed","ping_status":"closed","template":"","meta":{"footnotes":""},"class_list":["post-26","page","type-page","status-publish","hentry"],"aioseo_notices":[],"_links":{"self":[{"href":"https:\/\/blog.espol.edu.ec\/kaasenci\/wp-json\/wp\/v2\/pages\/26","targetHints":{"allow":["GET"]}}],"collection":[{"href":"https:\/\/blog.espol.edu.ec\/kaasenci\/wp-json\/wp\/v2\/pages"}],"about":[{"href":"https:\/\/blog.espol.edu.ec\/kaasenci\/wp-json\/wp\/v2\/types\/page"}],"author":[{"embeddable":true,"href":"https:\/\/blog.espol.edu.ec\/kaasenci\/wp-json\/wp\/v2\/users\/10687"}],"replies":[{"embeddable":true,"href":"https:\/\/blog.espol.edu.ec\/kaasenci\/wp-json\/wp\/v2\/comments?post=26"}],"version-history":[{"count":1,"href":"https:\/\/blog.espol.edu.ec\/kaasenci\/wp-json\/wp\/v2\/pages\/26\/revisions"}],"predecessor-version":[{"id":27,"href":"https:\/\/blog.espol.edu.ec\/kaasenci\/wp-json\/wp\/v2\/pages\/26\/revisions\/27"}],"wp:attachment":[{"href":"https:\/\/blog.espol.edu.ec\/kaasenci\/wp-json\/wp\/v2\/media?parent=26"}],"curies":[{"name":"wp","href":"https:\/\/api.w.org\/{rel}","templated":true}]}}