{"id":72,"date":"2016-11-15T02:32:35","date_gmt":"2016-11-15T02:32:35","guid":{"rendered":"http:\/\/blog.espol.edu.ec\/kaasenci\/?page_id=72"},"modified":"2016-11-15T02:32:35","modified_gmt":"2016-11-15T02:32:35","slug":"estos-son-los-horarios-de-los-partidos-de-la-fecha-12","status":"publish","type":"page","link":"https:\/\/blog.espol.edu.ec\/kaasenci\/estos-son-los-horarios-de-los-partidos-de-la-fecha-12\/","title":{"rendered":"Estos son los horarios de los partidos de la fecha 12"},"content":{"rendered":"<p>Una nueva fecha de las <a href=\"http:\/\/peru21.pe\/noticias-de-eliminatorias-rusia-2018-127868\"><strong>Eliminatorias de Rusia 2018<\/strong><\/a> se disputar\u00e1 este martes 15 de noviembre y los encuentros entre Chile contra Paraguay y Argentina ante Colombia son los duelos con m\u00e1s expectativas.<\/p>\n<p>La jornada empezar\u00e1 con el duelo de Bolivia vs. Paraguay a las 3:00 p.m. cuando los guaran\u00edes busquen recuperar de visita los 3 puntos que perdi\u00f3 en el partido contra Per\u00fa en Asunci\u00f3n. Sin embargo, la altura de la Paz puede jugarle una mala pasada a los dirigidos por el \u2018Chiqui\u2019 Arce.<\/p>\n<div id=\"epl_expandable_div\"><\/div>\n<p><a href=\"http:\/\/peru21.pe\/deportes\/peru-vs-brasil-vivo-eliminatorias-rusia-2018-2262325\" target=\"_blank\" rel=\"nofollow\"><strong>[Per\u00fa vs. Brasil jugar\u00e1n por las Eliminatorias Rusia 2018]<\/strong><\/a><\/p>\n<p>Ecuador vs. Venezuela es el segundo encuentro de la tarde de este martes y est\u00e1 programado para que se juegue a las 4:00 p.m. (hora peruana) en el Estadio Ol\u00edmpico de Atahualpa de Quito. El equipo llanero tratar\u00e1 de alcanzar su segundo triunfo en estas <strong>Eliminatorias de Rusia 2018.<\/strong><\/p>\n<p>Unos de los partidos m\u00e1s atractivos de esta doceava fecha son los de Chile vs. Uruguay y Argentina vs. Colombia. Ambos duelos se jugar\u00e1n en Santiago y en la provincia de San Juan, respectivamente. Estos dos encuentros est\u00e1n programados para las 6:30 p.m.<\/p>\n<p><a href=\"http:\/\/peru21.pe\/deportes\/brasil-buscara-ante-peru-6-triunfos-al-hilo-que-logro-equipo-pele-1969-2262192\" target=\"_blank\" rel=\"nofollow\"><strong>[Brasil buscar\u00e1 ante Per\u00fa los 6 triunfos al hilo que logr\u00f3 el equipo de Pel\u00e9 en 1969]<\/strong><\/a><\/p>\n<p>Y por \u00faltimo, el choque entre Per\u00fa y Brasil est\u00e1 pactado para las 9:15 p.m. en el Estadio Nacional. La \u2018blanquirroja\u2019 espera alcanzar su segundo triunfo consecutivo para que pueda seguir so\u00f1ando con su clasificaci\u00f3n al Mundial de Rusia 2018.<img loading=\"lazy\" decoding=\"async\" class=\"alignnone size-full wp-image-73\" src=\"http:\/\/blog.espol.edu.ec\/kaasenci\/files\/2016\/11\/414600.jpg\" alt=\"414600\" width=\"630\" height=\"355\" srcset=\"https:\/\/blog.espol.edu.ec\/kaasenci\/files\/2016\/11\/414600.jpg 630w, https:\/\/blog.espol.edu.ec\/kaasenci\/files\/2016\/11\/414600-250x141.jpg 250w\" sizes=\"auto, (max-width: 630px) 100vw, 630px\" \/><\/p>\n","protected":false},"excerpt":{"rendered":"<p>Una nueva fecha de las Eliminatorias de Rusia 2018 se disputar\u00e1 este martes 15 de noviembre y los encuentros entre Chile contra Paraguay y Argentina ante Colombia son los duelos con m\u00e1s expectativas. La jornada empezar\u00e1 con el duelo de Bolivia vs. Paraguay a las 3:00 p.m. cuando los guaran\u00edes busquen recuperar de visita los [&hellip;]<\/p>\n","protected":false},"author":10687,"featured_media":0,"parent":0,"menu_order":0,"comment_status":"closed","ping_status":"closed","template":"","meta":{"footnotes":""},"class_list":["post-72","page","type-page","status-publish","hentry"],"aioseo_notices":[],"_links":{"self":[{"href":"https:\/\/blog.espol.edu.ec\/kaasenci\/wp-json\/wp\/v2\/pages\/72","targetHints":{"allow":["GET"]}}],"collection":[{"href":"https:\/\/blog.espol.edu.ec\/kaasenci\/wp-json\/wp\/v2\/pages"}],"about":[{"href":"https:\/\/blog.espol.edu.ec\/kaasenci\/wp-json\/wp\/v2\/types\/page"}],"author":[{"embeddable":true,"href":"https:\/\/blog.espol.edu.ec\/kaasenci\/wp-json\/wp\/v2\/users\/10687"}],"replies":[{"embeddable":true,"href":"https:\/\/blog.espol.edu.ec\/kaasenci\/wp-json\/wp\/v2\/comments?post=72"}],"version-history":[{"count":1,"href":"https:\/\/blog.espol.edu.ec\/kaasenci\/wp-json\/wp\/v2\/pages\/72\/revisions"}],"predecessor-version":[{"id":74,"href":"https:\/\/blog.espol.edu.ec\/kaasenci\/wp-json\/wp\/v2\/pages\/72\/revisions\/74"}],"wp:attachment":[{"href":"https:\/\/blog.espol.edu.ec\/kaasenci\/wp-json\/wp\/v2\/media?parent=72"}],"curies":[{"name":"wp","href":"https:\/\/api.w.org\/{rel}","templated":true}]}}