{"id":170,"date":"2011-06-29T12:36:20","date_gmt":"2011-06-29T17:36:20","guid":{"rendered":"http:\/\/blog.espol.edu.ec\/kab22\/?page_id=170"},"modified":"2011-06-29T13:00:19","modified_gmt":"2011-06-29T18:00:19","slug":"lab-de-microbiologia","status":"publish","type":"page","link":"https:\/\/blog.espol.edu.ec\/kab22\/lab-de-microbiologia\/","title":{"rendered":"Lab de Microbiologia"},"content":{"rendered":"<p>Esta pagina mostrara... documentos muy interesantes y muy utiles para estar al tanto de lo que se utiliza en los laboratorios de micro...<\/p>\n<p>como:<\/p>\n<p>medios de cultivos, indicadores, metabolismos, etc.<\/p>\n<p>Esperen mas...<\/p>\n<p>Muy pronto.... \ud83d\ude42<\/p>\n<p><strong>AGAR EOSINA Y AZUL DE METILENO<\/strong><\/p>\n<p>El Agar Eosina y Azul de Metileno es un medio utilizado para el aislamiento y diferenciaci\u00f3n de bacilos ent\u00e9ricos Gram negativos. Este medio tambi\u00e9n es conocido como <strong>Agar EMB<\/strong> por sus siglas en ingl\u00e9s.<\/p>\n<p><a href=\"http:\/\/blog.espol.edu.ec\/kab22\/files\/2011\/06\/AGAR-EOSINA-Y-AZUL-DE-METILENO.pdf\">AGAR EOSINA Y AZUL DE METILENO<\/a><\/p>\n<p><strong>AGAR SIMMON<\/strong><\/p>\n<p>El Agar Citrato de Simmons es un medio utilizado para la diferenciaci\u00f3n de enterobacterias en base a su capacidad de utilizar el citrato.<\/p>\n<p><a href=\"http:\/\/blog.espol.edu.ec\/kab22\/files\/2011\/06\/agar_simmons.pdf\">agar_simmon<\/a><\/p>\n","protected":false},"excerpt":{"rendered":"<p>Esta pagina mostrara... documentos muy interesantes y muy utiles para estar al tanto de lo que se utiliza en los laboratorios de micro... como: medios de cultivos, indicadores, metabolismos, etc. Esperen mas... Muy pronto.... \ud83d\ude42 AGAR EOSINA Y AZUL DE METILENO El Agar Eosina y Azul de Metileno es un medio utilizado para el aislamiento [&hellip;]<\/p>\n","protected":false},"author":6425,"featured_media":0,"parent":0,"menu_order":0,"comment_status":"open","ping_status":"open","template":"","meta":{"_monsterinsights_skip_tracking":false,"_monsterinsights_sitenote_active":false,"_monsterinsights_sitenote_note":"","_monsterinsights_sitenote_category":0,"footnotes":""},"class_list":["post-170","page","type-page","status-publish","hentry"],"_links":{"self":[{"href":"https:\/\/blog.espol.edu.ec\/kab22\/wp-json\/wp\/v2\/pages\/170","targetHints":{"allow":["GET"]}}],"collection":[{"href":"https:\/\/blog.espol.edu.ec\/kab22\/wp-json\/wp\/v2\/pages"}],"about":[{"href":"https:\/\/blog.espol.edu.ec\/kab22\/wp-json\/wp\/v2\/types\/page"}],"author":[{"embeddable":true,"href":"https:\/\/blog.espol.edu.ec\/kab22\/wp-json\/wp\/v2\/users\/6425"}],"replies":[{"embeddable":true,"href":"https:\/\/blog.espol.edu.ec\/kab22\/wp-json\/wp\/v2\/comments?post=170"}],"version-history":[{"count":8,"href":"https:\/\/blog.espol.edu.ec\/kab22\/wp-json\/wp\/v2\/pages\/170\/revisions"}],"predecessor-version":[{"id":188,"href":"https:\/\/blog.espol.edu.ec\/kab22\/wp-json\/wp\/v2\/pages\/170\/revisions\/188"}],"wp:attachment":[{"href":"https:\/\/blog.espol.edu.ec\/kab22\/wp-json\/wp\/v2\/media?parent=170"}],"curies":[{"name":"wp","href":"https:\/\/api.w.org\/{rel}","templated":true}]}}