{"id":73,"date":"2009-08-09T20:50:18","date_gmt":"2009-08-10T00:50:18","guid":{"rendered":"http:\/\/blog.espol.edu.ec\/kaborja\/?page_id=73"},"modified":"2009-08-09T21:01:18","modified_gmt":"2009-08-10T01:01:18","slug":"formas-de-prevencion-del-sida","status":"publish","type":"page","link":"https:\/\/blog.espol.edu.ec\/kaborja\/formas-de-prevencion-del-sida\/","title":{"rendered":"Formas de prevenci\u00f3n del Sida!!!"},"content":{"rendered":"<p>Todos los pa\u00edses se centran en la prevenci\u00f3n, que tiene cuatro l\u00edneas importantes: la primera es el estricto control de la sangre usada en los hospitales; la segunda es educar a los dogrodependientes a no compartir las jeringuillas; la tercera, prevenir el contagio a los beb\u00e9s; y la cuarta es promover el uso de preservativos en todo tipo de practicas de riesgo, es decir, en cualquier tipo de contacto sexual en el que haya intercambio de fluidos.<br \/>\nEs importante saber que los posibles fallos de los preservativos se deben a un almacenamiento y a una manipulaci\u00f3n inadecuada. El cond\u00f3n esta hecho de l\u00e1tex que es la resina de una \u00e1rbol, es decir, que est\u00e1 formado por una sustancia viva muy sensible a los cambios de temperatura, guardarlo en la guantera de un coche o en el bolsillo de atr\u00e1s de unos vaqueros ajustados no es la mejor forma de almacenarlo.<\/p>\n<p><object width=\"425\" height=\"344\" data=\"http:\/\/www.youtube.com\/v\/PTe40w7vQ_g&amp;hl=es&amp;fs=1&amp;color1=0xcc2550&amp;color2=0xe87a9f\" type=\"application\/x-shockwave-flash\"><param name=\"allowFullScreen\" value=\"true\" \/><param name=\"allowscriptaccess\" value=\"always\" \/><param name=\"src\" value=\"http:\/\/www.youtube.com\/v\/PTe40w7vQ_g&amp;hl=es&amp;fs=1&amp;color1=0xcc2550&amp;color2=0xe87a9f\" \/><\/object><\/p>\n<p>PREVENCION POR VIA SEXUAL :<\/p>\n<p>\u2022Retrasando el inicio de las relaciones sexuales<br \/>\n\u2022Abstinencia sexual<br \/>\n\u2022Teniendo relaciones sexuales solo con una persona (exclusividad sexual)<br \/>\n\u2022Evitando el contacto de fluidos corporales infectantes (l\u00edquido preeyaculatorio, semen y fluidos vaginales).<br \/>\n\u2022Practicar el sexo seguro, o sea sin penetraci\u00f3n y solo a trav\u00e9s de caricias, besos, abrazos, masturbaci\u00f3n y eyaculaci\u00f3n en piel sana.<br \/>\n\u2022Practicar el sexo protegido, usando el cond\u00f3n masculino o femenino de forma correcta para evitar el contacto directo con los fluidos corporales infectantes.<br \/>\nPREVENCION POR VIA SANGUINEA:<\/p>\n<p>\u2022En las transfusiones solo usar sangre segura, libre del VIH y que haya sido analizada previamente.<br \/>\n\u2022Recibir o donar solo \u00f3rganos (ri\u00f1\u00f3n, c\u00f3rnea, coraz\u00f3n, m\u00e9dula \u00f3sea, h\u00edgado etc.) que hayan sido previamente analizados y que se encuentren libres del VIH.<br \/>\n\u2022Utilizar siempre jeringas y agujas desechables esterilizados y no compartirlas por ning\u00fan motivo.<br \/>\n\u2022Si se realiza tatuajes y perforaciones aseg\u00farese que sea en sitios autorizados y que el material utilizado sea desechable o est\u00e9ril.<br \/>\nPREVENCION POR VIA PERINATAL:<\/p>\n<p>\u2022Las mujeres infectadas por el Virus de la Inmunodeficiencia Humana deben tomar conciencia del riesgo para ellas, para el beb\u00e9 y que a trav\u00e9s del embarazo pueden infectar al ser en gestaci\u00f3n a trav\u00e9s de la placenta, parto y leche materna.<br \/>\n\u2022Toda mujer embarazada que se considera sana, debe realizarse la prueba del VIH bajo consentimiento informado, y en caso de ser positiva pueda recibir el tratamiento adecuado.<br \/>\n\u2022El embarazo no es una enfermedad, pero exige vigilancia m\u00e9dica para evitar complicaciones.<\/p>\n<p>Una mujer embarazada tiene 30% m\u00e1s de probabilidad de contagiar a su hijo, cuando no se toma en cuenta su estado de vih positivo.<\/p>\n<p>Si toma medicamento y sigue adecuadamente el tratamiento, este riesgo se reduce en un 98%.<\/p>\n","protected":false},"excerpt":{"rendered":"<p>Todos los pa\u00edses se centran en la prevenci\u00f3n, que tiene cuatro l\u00edneas importantes: la primera es el estricto control de la sangre usada en los hospitales; la segunda es educar a los dogrodependientes a no compartir las jeringuillas; la tercera, prevenir el contagio a los beb\u00e9s; y la cuarta es promover el uso de preservativos [&hellip;]<\/p>\n","protected":false},"author":1775,"featured_media":0,"parent":0,"menu_order":0,"comment_status":"open","ping_status":"open","template":"","meta":{"footnotes":""},"class_list":["post-73","page","type-page","status-publish","hentry"],"_links":{"self":[{"href":"https:\/\/blog.espol.edu.ec\/kaborja\/wp-json\/wp\/v2\/pages\/73","targetHints":{"allow":["GET"]}}],"collection":[{"href":"https:\/\/blog.espol.edu.ec\/kaborja\/wp-json\/wp\/v2\/pages"}],"about":[{"href":"https:\/\/blog.espol.edu.ec\/kaborja\/wp-json\/wp\/v2\/types\/page"}],"author":[{"embeddable":true,"href":"https:\/\/blog.espol.edu.ec\/kaborja\/wp-json\/wp\/v2\/users\/1775"}],"replies":[{"embeddable":true,"href":"https:\/\/blog.espol.edu.ec\/kaborja\/wp-json\/wp\/v2\/comments?post=73"}],"version-history":[{"count":3,"href":"https:\/\/blog.espol.edu.ec\/kaborja\/wp-json\/wp\/v2\/pages\/73\/revisions"}],"predecessor-version":[{"id":77,"href":"https:\/\/blog.espol.edu.ec\/kaborja\/wp-json\/wp\/v2\/pages\/73\/revisions\/77"}],"wp:attachment":[{"href":"https:\/\/blog.espol.edu.ec\/kaborja\/wp-json\/wp\/v2\/media?parent=73"}],"curies":[{"name":"wp","href":"https:\/\/api.w.org\/{rel}","templated":true}]}}