{"id":1,"date":"2009-06-29T15:25:44","date_gmt":"2009-06-29T19:25:44","guid":{"rendered":""},"modified":"2009-09-06T20:44:42","modified_gmt":"2009-09-07T00:44:42","slug":"mensajes","status":"publish","type":"page","link":"https:\/\/blog.espol.edu.ec\/kalarcon\/mensajes\/","title":{"rendered":"Mensajes positivos para enviar a tus amigos :"},"content":{"rendered":"<p>::.Si nunca te arriesgas a perder, nunca te das la oportunidad de ganar.<\/p>\n<p>::.Si nunca rompes un racimo de uva en el lagar, nunca tendras un vaso de vino sobre tu mesa.<\/p>\n<p>::.A partir de hoy tu vida puede tomar uno de dos rumbos.El exito o el fracaso,La felicidad o la infelicidad.Es tu decision cual camino tomar y tienes igual oportunidad de seguir uno u otro sendero.<\/p>\n<p>::.Si nunca te arriesgas a perder, nunca te das la oportunidad de ganar.<\/p>\n<p>::.Cuando por los a\u00f1os no puedas correr, trota.Cuando no puedas trotar, camina.<br \/>\nCuando no puedas caminar, usa el bast\u00f3n.Pero......, \u00a1nunca te detengas .<\/p>\n<p>::.Si nunca afrontas la pena de partir, nunca conoceras la alegria del regreso.<\/p>\n<p>::.S\u00f3lo cerrando las puertas detr\u00e1s de uno se abren ventanas hacia el porvenir.<\/p>\n<p>::.Cuando alegras a los dem\u00e1s, no tienes manera de evitar sentir alegr\u00eda. Ense\u00f1ando a los dem\u00e1s, no puedes dejar de aprender, de manera profunda y sustancial.<br \/>\nNo puedes forzar a nadie a comprenderte. Sin embargo intentando sinceramente comprender, lograr\u00e1s ser comprendido.<\/p>\n<p>::.Si nunca sufres muriendote en la siembra, nunca te gozaras renacido en la cosecha.<\/p>\n<p>::.La mejor manera de lograr que tu punto de vista sea aceptado no es gritando.<br \/>\nEs escuchando como sabr\u00e1s de qu\u00e9 manera hablar m\u00e1s efectiva y convincentemente.<\/p>\n<p>::.Si nunca te dueles bajo el peso de tu culpa, nunca saborearas el alivio del perdon.<\/p>\n<p>::.La mejor manera de ayudarte a ti mismo es ayudando a los dem\u00e1s. Esa hermosa paradoja es la base de la civilizaci\u00f3n en su forma m\u00e1s maravillosa.<\/p>\n<p>::.Si nunca mueles los granos de tu trigo, nunca conoceras el sabor del pan.<\/p>\n<p>::.Si te sientes un poquito deprimido, ofrece tu bondad, tu cuidado, tu tiempo y tu atenci\u00f3n a alguien. Y haci\u00e9ndolo levantar\u00e1s, como m\u00ednimo, a dos personas.<\/p>\n<p>::.Si nunca afrontas el miedo de dejar de ser como eres, nunca descubriras la alegria de ser como puedes ser.<\/p>\n<p style=\"text-align: center\"><img loading=\"lazy\" decoding=\"async\" class=\"size-full wp-image-14 aligncenter\" src=\"http:\/\/blog.espol.edu.ec\/kalarcon\/files\/2009\/06\/tocando-el-cielo.jpg\" alt=\"tocando-el-cielo\" width=\"375\" height=\"377\" srcset=\"https:\/\/blog.espol.edu.ec\/kalarcon\/files\/2009\/06\/tocando-el-cielo.jpg 375w, https:\/\/blog.espol.edu.ec\/kalarcon\/files\/2009\/06\/tocando-el-cielo-150x150.jpg 150w, https:\/\/blog.espol.edu.ec\/kalarcon\/files\/2009\/06\/tocando-el-cielo-298x300.jpg 298w\" sizes=\"auto, (max-width: 375px) 100vw, 375px\" \/><\/p>\n","protected":false},"excerpt":{"rendered":"<p>::.Si nunca te arriesgas a perder, nunca te das la oportunidad de ganar. ::.Si nunca rompes un racimo de uva en el lagar, nunca tendras un vaso de vino sobre tu mesa. ::.A partir de hoy tu vida puede tomar uno de dos rumbos.El exito o el fracaso,La felicidad o la infelicidad.Es tu decision cual [&hellip;]<\/p>\n","protected":false},"author":2828,"featured_media":0,"parent":0,"menu_order":0,"comment_status":"open","ping_status":"open","template":"","meta":{"_monsterinsights_skip_tracking":false,"_monsterinsights_sitenote_active":false,"_monsterinsights_sitenote_note":"","_monsterinsights_sitenote_category":0,"footnotes":""},"class_list":["post-1","page","type-page","status-publish","hentry"],"_links":{"self":[{"href":"https:\/\/blog.espol.edu.ec\/kalarcon\/wp-json\/wp\/v2\/pages\/1","targetHints":{"allow":["GET"]}}],"collection":[{"href":"https:\/\/blog.espol.edu.ec\/kalarcon\/wp-json\/wp\/v2\/pages"}],"about":[{"href":"https:\/\/blog.espol.edu.ec\/kalarcon\/wp-json\/wp\/v2\/types\/page"}],"author":[{"embeddable":true,"href":"https:\/\/blog.espol.edu.ec\/kalarcon\/wp-json\/wp\/v2\/users\/2828"}],"replies":[{"embeddable":true,"href":"https:\/\/blog.espol.edu.ec\/kalarcon\/wp-json\/wp\/v2\/comments?post=1"}],"version-history":[{"count":2,"href":"https:\/\/blog.espol.edu.ec\/kalarcon\/wp-json\/wp\/v2\/pages\/1\/revisions"}],"predecessor-version":[{"id":12,"href":"https:\/\/blog.espol.edu.ec\/kalarcon\/wp-json\/wp\/v2\/pages\/1\/revisions\/12"}],"wp:attachment":[{"href":"https:\/\/blog.espol.edu.ec\/kalarcon\/wp-json\/wp\/v2\/media?parent=1"}],"curies":[{"name":"wp","href":"https:\/\/api.w.org\/{rel}","templated":true}]}}