{"id":60,"date":"2009-09-07T14:02:56","date_gmt":"2009-09-07T18:02:56","guid":{"rendered":"http:\/\/blog.espol.edu.ec\/kalarcon\/?page_id=60"},"modified":"2009-09-07T14:02:56","modified_gmt":"2009-09-07T18:02:56","slug":"la-realidad-oculta","status":"publish","type":"page","link":"https:\/\/blog.espol.edu.ec\/kalarcon\/la-realidad-oculta\/","title":{"rendered":"LA REALIDAD OCULTA"},"content":{"rendered":"<p>Un d\u00eda, en el jard\u00edn del Ed\u00e9n, Eva llama a Dios:<br \/>\n- Se\u00f1or, tengo un problema!<br \/>\nLos cielos se abren y se escucha:<br \/>\n- \u00bfQue te pasa, hija?<br \/>\n- Ya se que Tu me has creado y me has dado este hermoso jard\u00edn y todos estos animales maravillosos, pero no soy feliz.<br \/>\n- \u00bfPor que Eva?<br \/>\n- Estoy muy sola!<br \/>\n- Bueno, yo tengo la soluci\u00f3n. Crear\u00e9 un hombre para ti.<br \/>\n- \u00bfQue es un hombre, Se\u00f1or?<br \/>\n- El hombre ser\u00e1 una criatura imperfecta con tendencias agresivas y enorme ego, poco dispuesto a escucharte e incapaz de comprenderte. Ser\u00e1 mas grande que tu, mas rapido y musculoso, tendr\u00e1 habilidad para pelear y cazar rumiantes veloces. Se portar\u00e1 bien en la cama, pero querr\u00e1 dominarte, hacerte creer que te protege y lo necesitas; en resumen, te molestara bastante pero te har\u00e1 la vida entretenida. Si a\u00fan as\u00ed lo quieres, te lo dar\u00e9 con una condici\u00f3n...<br \/>\n- \u00bfQue condici\u00f3n es esa, Se\u00f1or?<br \/>\n- Tendr\u00e1s que dejarle creer que Yo lo hice a el primero<a rel=\"attachment wp-att-61\" href=\"http:\/\/blog.espol.edu.ec\/kalarcon\/la-realidad-oculta\/pucca61\/\"><img loading=\"lazy\" decoding=\"async\" class=\"alignright size-full wp-image-61\" src=\"http:\/\/blog.espol.edu.ec\/kalarcon\/files\/2009\/09\/pucca61.gif\" alt=\"pucca61\" width=\"50\" height=\"50\" \/><\/a><\/p>\n","protected":false},"excerpt":{"rendered":"<p>Un d\u00eda, en el jard\u00edn del Ed\u00e9n, Eva llama a Dios: - Se\u00f1or, tengo un problema! Los cielos se abren y se escucha: - \u00bfQue te pasa, hija? - Ya se que Tu me has creado y me has dado este hermoso jard\u00edn y todos estos animales maravillosos, pero no soy feliz. - \u00bfPor que [&hellip;]<\/p>\n","protected":false},"author":2828,"featured_media":0,"parent":0,"menu_order":0,"comment_status":"open","ping_status":"open","template":"","meta":{"_monsterinsights_skip_tracking":false,"_monsterinsights_sitenote_active":false,"_monsterinsights_sitenote_note":"","_monsterinsights_sitenote_category":0,"footnotes":""},"class_list":["post-60","page","type-page","status-publish","hentry"],"_links":{"self":[{"href":"https:\/\/blog.espol.edu.ec\/kalarcon\/wp-json\/wp\/v2\/pages\/60","targetHints":{"allow":["GET"]}}],"collection":[{"href":"https:\/\/blog.espol.edu.ec\/kalarcon\/wp-json\/wp\/v2\/pages"}],"about":[{"href":"https:\/\/blog.espol.edu.ec\/kalarcon\/wp-json\/wp\/v2\/types\/page"}],"author":[{"embeddable":true,"href":"https:\/\/blog.espol.edu.ec\/kalarcon\/wp-json\/wp\/v2\/users\/2828"}],"replies":[{"embeddable":true,"href":"https:\/\/blog.espol.edu.ec\/kalarcon\/wp-json\/wp\/v2\/comments?post=60"}],"version-history":[{"count":3,"href":"https:\/\/blog.espol.edu.ec\/kalarcon\/wp-json\/wp\/v2\/pages\/60\/revisions"}],"predecessor-version":[{"id":64,"href":"https:\/\/blog.espol.edu.ec\/kalarcon\/wp-json\/wp\/v2\/pages\/60\/revisions\/64"}],"wp:attachment":[{"href":"https:\/\/blog.espol.edu.ec\/kalarcon\/wp-json\/wp\/v2\/media?parent=60"}],"curies":[{"name":"wp","href":"https:\/\/api.w.org\/{rel}","templated":true}]}}