{"id":153,"date":"2016-11-14T14:09:59","date_gmt":"2016-11-14T14:09:59","guid":{"rendered":"http:\/\/blog.espol.edu.ec\/kalcmax\/?page_id=153"},"modified":"2016-11-14T14:15:55","modified_gmt":"2016-11-14T14:15:55","slug":"baden-powell","status":"publish","type":"page","link":"https:\/\/blog.espol.edu.ec\/kalcmax\/baden-powell\/","title":{"rendered":"Baden Powell"},"content":{"rendered":"<p style=\"text-align: justify\">Robert Stephenson Smyth Baden-Powell, Lord of Gilwell, Militar brit\u00e1nico. Fundador de los Scout.\u00a0Naci\u00f3 en Londres, Inglaterra, el 22 de febrero de 1857.<\/p>\n<p style=\"text-align: justify\"><img loading=\"lazy\" decoding=\"async\" class=\"size-medium wp-image-155 alignright\" src=\"http:\/\/blog.espol.edu.ec\/kalcmax\/files\/2016\/11\/220px-Robert_Baden-Powell_in_South_Africa_1896_2-210x300.jpg\" alt=\"220px-robert_baden-powell_in_south_africa_1896_2\" width=\"210\" height=\"300\" srcset=\"https:\/\/blog.espol.edu.ec\/kalcmax\/files\/2016\/11\/220px-Robert_Baden-Powell_in_South_Africa_1896_2-210x300.jpg 210w, https:\/\/blog.espol.edu.ec\/kalcmax\/files\/2016\/11\/220px-Robert_Baden-Powell_in_South_Africa_1896_2.jpg 220w\" sizes=\"auto, (max-width: 210px) 100vw, 210px\" \/>Su padre fue el reverendo H.G. Baden-Powell, profesor en Oxford. Su madre fue hija del almirante ingl\u00e9s W.T. Smyth. Su bisabuelo materno, Joseph Brewer Smyth, hab\u00eda ido a Am\u00e9rica como colonizador en Nueva Jersey, pero hab\u00eda regresado a Inglaterra naufragando en su viaje de regreso. Baden-Powell (B-P) fue, por lo tanto, el descendiente de un religioso por un lado, y de un aventurero colonizador del Nuevo Mundo por el otro.<\/p>\n<p style=\"text-align: justify\">En 1887 B-P se encontraba en \u00c1frica tomando parte en la campa\u00f1a en contra de los zul\u00faes, y m\u00e1s tarde en contra de las tribus de los feroces ashantis y de los salvajes guerreros matabeles. Los nativos llegaron a respetarle tanto que, por su valor, su pericia Scout y su asombrosa habilidad para acechar, le dieron el nombre de \"Impeesa\", que quiere decir \"Lobo que nunca duerme\". Se acumulaban dificultades en el sur de \u00c1frica. Las relaciones entre los gobierno brit\u00e1nico y el de la rep\u00fablica de Transval se hab\u00edan roto.<\/p>\n<p style=\"text-align: justify\">A Baden-Powell se le orden\u00f3 formar dos batallones de rifleros montados, e ir con ellos a Mafeking, una ciudad en el coraz\u00f3n del \u00c1frica del Sur. Estall\u00f3 la guerra, y durante 217 d\u00edas, a partir del 13 de octubre de 1889, B-P defendi\u00f3 Mafeking, resistiendo el sitio contra fuerzas mucho m\u00e1s numerosas, hasta que le llegaron refuerzos el 18 de mayo de 1900.<\/p>\n<p style=\"text-align: justify\">Gran Breta\u00f1a hab\u00eda permanecido en suspenso durante estos largos meses; cuando finalmente recibi\u00f3 la noticia de que se hab\u00eda logrado el objetivo buscado, B-P fue elevado al rango de Mayor General y convertido en el h\u00e9roe de sus conciudadanos. En 1901, como h\u00e9roe de hombres y muchachos, regres\u00f3 del \u00c1frica a Inglaterra para ser colmado de honores y descubrir, con sorpresa, que su popularidad personal se hab\u00eda extendido a su libro \"Aids to Scouting\" (Ayudas para el Escultismo), destinado al ej\u00e9rcito, y que estaba siendo usado como libro de texto en las escuelas para muchachos. Esto para B-P era una gran oportunidad.<\/p>\n<p style=\"text-align: justify\">Se dio cuenta de que ah\u00ed estaba su ocasi\u00f3n de ayudar a los muchachos de su patria a convertirse en j\u00f3venes fuertes. Si un libro sobre Escultismo, escrito para hombres, les hab\u00eda atra\u00eddo, \u00a1cu\u00e1nto m\u00e1s les atraer\u00eda uno escrito para ellos! Se puso a trabajar recopilando sus experiencias en la India y en el \u00c1frica entre los zul\u00faes y otras tribus salvajes.<\/p>\n<p style=\"text-align: justify\">Se hizo de una biblioteca especial y ley\u00f3 todo lo relativo a la educaci\u00f3n de los muchachos a trav\u00e9s de la historia, desde los muchachos espartanos, los antiguos brit\u00e1nicos y los indios Pieles Rojas, hasta nuestros d\u00edas. B-P desarroll\u00f3 despacio y con sumo cuidado la idea del Escultismo, deseaba estar seguro de que dar\u00eda resultado.<\/p>\n<p style=\"text-align: justify\">As\u00ed pues, en el verano de 1907 llev\u00f3 un grupo de veinte muchachos a la isla de Brownsea, en el Canal de la Mancha, al primer Campamento Scout que el mundo contempl\u00f3. El campamento fue un gran \u00e9xito. Y despu\u00e9s, en los primeros meses de 1908, public\u00f3 en cuatro entregas quincenales e ilustrado por \u00e9l mismo, su \"Manual de Adiestramiento: Escultismo para Muchachos\", sin siquiera so\u00f1ar que este libro ser\u00eda el motor que pondr\u00eda en marcha un sistema que habr\u00eda de impactar a muchachos del mundo entero.<\/p>\n<p style=\"text-align: justify\">A\u00fan no hab\u00eda acabado de aparecer Escultismo para Muchachos en las vitrinas de las librer\u00edas y en los puestos de revistas, cuando ya se hab\u00edan comenzado a formar Patrullas y Tropas de Scouts, no s\u00f3lo en Inglaterra, sino tambi\u00e9n en otros pa\u00edses. El Movimiento creci\u00f3 y creci\u00f3; para 1910 hab\u00eda alcanzado tales proporciones, que B-P se dio cuenta de que el Escultismo iba a ser su obra.<\/p>\n<p style=\"text-align: justify\">Tuvo la visi\u00f3n y la fe para reconocer que pod\u00eda hacer m\u00e1s por su patria educando a las generaciones nacientes para que sus muchachos se convirtieran en buenos ciudadanos, que entrenando a hombres para convertirlos en buenos soldados. Por lo tanto, renunci\u00f3 a su puesto en el ej\u00e9rcito, donde ya ostentaba el grado de Teniente General, y se embarc\u00f3 en su segunda vida, su vida de Servicio al mundo a trav\u00e9s del Escultismo.<\/p>\n<p style=\"text-align: justify\">Recogi\u00f3 su premio en el crecimiento del Movimiento Scout y en el amor y el respeto que le ten\u00edan todos los muchachos alrededor del mundo. En 1912 hizo un viaje por todo el mundo para conocer los Scouts de muchos pa\u00edses. Eran los principios de la Hermandad Mundial.<\/p>\n<p style=\"text-align: justify\">Sobrevino la primera guerra mundial e interrumpi\u00f3 por alg\u00fan tiempo este trabajo, pero al final de las hostilidades lo reasumi\u00f3. En 1920 los Scouts de todo el orbe se congregaron en Londres en la primera reuni\u00f3n internacional: el Primer Jamboree Mundial.<\/p>\n<p style=\"text-align: justify\">La ultima noche de este Jamboree, el 6 de agosto, B-P fue proclamado Jefe Scout Mundial por una entusiasta multitud de muchachos.<\/p>\n<p style=\"text-align: justify\">El Movimiento Scout continu\u00f3 creciendo. El d\u00eda que el Movimiento cumpli\u00f3 su vig\u00e9simo primer aniversario, sus miembros hab\u00edan llegado a la cifra de dos millones, repartidos pr\u00e1cticamente en todas las naciones civilizadas. En esa ocasi\u00f3n, B-P fue honrado por el rey Jorge V haci\u00e9ndole Bar\u00f3n con el t\u00edtulo de Lord Baden-Powell de Gilwell. Sin embargo, para todos los Scouts ser\u00e1 siempre B-P, Jefe Scout Mundial.<\/p>\n","protected":false},"excerpt":{"rendered":"<p>Robert Stephenson Smyth Baden-Powell, Lord of Gilwell, Militar brit\u00e1nico. Fundador de los Scout.\u00a0Naci\u00f3 en Londres, Inglaterra, el 22 de febrero de 1857. Su padre fue el reverendo H.G. Baden-Powell, profesor en Oxford. Su madre fue hija del almirante ingl\u00e9s W.T. Smyth. Su bisabuelo materno, Joseph Brewer Smyth, hab\u00eda ido a Am\u00e9rica como colonizador en Nueva Jersey, pero hab\u00eda regresado a<br \/><span class=\"read_more\"><a href=\"https:\/\/blog.espol.edu.ec\/kalcmax\/baden-powell\/\">Read more...<\/a><\/span><\/p>\n","protected":false},"author":10643,"featured_media":0,"parent":0,"menu_order":0,"comment_status":"closed","ping_status":"closed","template":"","meta":{"footnotes":""},"class_list":["post-153","page","type-page","status-publish","hentry"],"_links":{"self":[{"href":"https:\/\/blog.espol.edu.ec\/kalcmax\/wp-json\/wp\/v2\/pages\/153","targetHints":{"allow":["GET"]}}],"collection":[{"href":"https:\/\/blog.espol.edu.ec\/kalcmax\/wp-json\/wp\/v2\/pages"}],"about":[{"href":"https:\/\/blog.espol.edu.ec\/kalcmax\/wp-json\/wp\/v2\/types\/page"}],"author":[{"embeddable":true,"href":"https:\/\/blog.espol.edu.ec\/kalcmax\/wp-json\/wp\/v2\/users\/10643"}],"replies":[{"embeddable":true,"href":"https:\/\/blog.espol.edu.ec\/kalcmax\/wp-json\/wp\/v2\/comments?post=153"}],"version-history":[{"count":4,"href":"https:\/\/blog.espol.edu.ec\/kalcmax\/wp-json\/wp\/v2\/pages\/153\/revisions"}],"predecessor-version":[{"id":159,"href":"https:\/\/blog.espol.edu.ec\/kalcmax\/wp-json\/wp\/v2\/pages\/153\/revisions\/159"}],"wp:attachment":[{"href":"https:\/\/blog.espol.edu.ec\/kalcmax\/wp-json\/wp\/v2\/media?parent=153"}],"curies":[{"name":"wp","href":"https:\/\/api.w.org\/{rel}","templated":true}]}}