{"id":160,"date":"2016-11-14T16:19:19","date_gmt":"2016-11-14T16:19:19","guid":{"rendered":"http:\/\/blog.espol.edu.ec\/kalcmax\/?page_id=160"},"modified":"2016-11-14T16:25:22","modified_gmt":"2016-11-14T16:25:22","slug":"nudos-y-pistas","status":"publish","type":"page","link":"https:\/\/blog.espol.edu.ec\/kalcmax\/nudos-y-pistas\/","title":{"rendered":"Nudos"},"content":{"rendered":"<p><strong>Nudos b\u00e1sicos:<\/strong><\/p>\n<p><strong>Simple<\/strong><\/p>\n<p style=\"text-align: justify\"><img loading=\"lazy\" decoding=\"async\" class=\"wp-image-161 alignright\" src=\"http:\/\/blog.espol.edu.ec\/kalcmax\/files\/2016\/11\/image011-300x113.jpg\" alt=\"image011\" width=\"449\" height=\"169\" srcset=\"https:\/\/blog.espol.edu.ec\/kalcmax\/files\/2016\/11\/image011-300x113.jpg 300w, https:\/\/blog.espol.edu.ec\/kalcmax\/files\/2016\/11\/image011.jpg 628w\" sizes=\"auto, (max-width: 449px) 100vw, 449px\" \/>Conocido tambi\u00e9n como el nudo del pulgar, es el nudo popular por excelencia y es uno de los nudos m\u00e1s sencillos y conocidos que existen, por lo que se le llama \"medio nudo\". Se usa como nudo de tope y se ejecuta a intervalos regulares en cuerdas de rescate. Su aplicaci\u00f3n m\u00e1s com\u00fan es la de mantener el cabo cuando \u00e9ste se pasa a trav\u00e9s del ojo de una aguja. No es, sin embargo, demasiado popular entre los marineros, ya que resulta dif\u00edcil de deshacer cuando est\u00e1 mojado. De igual forma, un medio nudo en cabos de peque\u00f1o di\u00e1metro es muy dif\u00edcil de deshacer.<\/p>\n<p style=\"text-align: justify\">Elaboraci\u00f3n: Con el chicote o extremidad libre del cabo se forma un seno o curvatura del cabo, pas\u00e1ndolo sobre el firme, que es la extremidad del cabo que no est\u00e1 libre. Se introduce luego el chicote dentro del seno formado, por debajo del firme. Una vez acabado el nudo, se azoca tirando del chicote en sentido opuesto al firme.<\/p>\n<p style=\"text-align: justify\"><strong>Ocho<\/strong><\/p>\n<p style=\"text-align: justify\"><img loading=\"lazy\" decoding=\"async\" class=\" wp-image-162 alignleft\" src=\"http:\/\/blog.espol.edu.ec\/kalcmax\/files\/2016\/11\/image015-300x112.jpg\" alt=\"image015\" width=\"386\" height=\"144\" srcset=\"https:\/\/blog.espol.edu.ec\/kalcmax\/files\/2016\/11\/image015-300x112.jpg 300w, https:\/\/blog.espol.edu.ec\/kalcmax\/files\/2016\/11\/image015.jpg 622w\" sizes=\"auto, (max-width: 386px) 100vw, 386px\" \/>El nombre del nudo est\u00e1 dado por su aspecto caracter\u00edstico. Es el nudo tope m\u00e1s importante para los marino y navegantes y se utiliza en los aparejos de trabajo, sirve para evitar que los cabos de la jarcia de labor se despasen de las poleas, c\u00e1ncamos u ollaos. Tiene una gran ventaja sobre el medio nudo, y es que, aunque sufra tensi\u00f3n, se aflojar\u00e1 con facilidad.<\/p>\n<p style=\"text-align: justify\">Elaboraci\u00f3n: Se realiza en el extremo del cabo, pasando el chicote por debajo del firme, y de nuevo el chicote por el bucle que se ha formado, no es preciso azocar mucho el nudo, pero al hacerlo s\u00ed se debe vigilar que la extremidad del chicote sobresalga algo del nudo, para poder tener una extremidad con la que agarrar el cabo si el nudo se encaja en una polea.<\/p>\n<p style=\"text-align: justify\"><strong>Corredizo<\/strong><\/p>\n<p style=\"text-align: justify\">Este nudo se utiliza en raras ocasiones en el mar, pero es usado \u00e1mpliamente por campistas y cazadores, para hacer cepos con los que capturar p\u00e1jaros y peque\u00f1as piezas, tales como conejos. Puede ser el primer nudo empleado para hacer un paquete, y en alg\u00fan caso puede utilizarse tambi\u00e9n para agrupar cables sometidos a tensi\u00f3n. El lazo corredizo puede utilizarse como vuelta o ligada, especialmente si la vuelta se efect\u00faa alrededor de un objeto muy grande, tal como un tronco de \u00e1rbol, ya que el lazo corredizo puede hacerse utilizando una longitud muy corta de cuerda.\u00a0<img loading=\"lazy\" decoding=\"async\" class=\" wp-image-163 aligncenter\" src=\"http:\/\/blog.espol.edu.ec\/kalcmax\/files\/2016\/11\/image017-300x46.jpg\" alt=\"image017\" width=\"567\" height=\"87\" srcset=\"https:\/\/blog.espol.edu.ec\/kalcmax\/files\/2016\/11\/image017-300x46.jpg 300w, https:\/\/blog.espol.edu.ec\/kalcmax\/files\/2016\/11\/image017.jpg 562w\" sizes=\"auto, (max-width: 567px) 100vw, 567px\" \/><\/p>\n<p style=\"text-align: justify\"><strong>Rizo<\/strong><\/p>\n<p style=\"text-align: justify\"><img loading=\"lazy\" decoding=\"async\" class=\"size-medium wp-image-164 alignleft\" src=\"http:\/\/blog.espol.edu.ec\/kalcmax\/files\/2016\/11\/image019-300x134.jpg\" alt=\"image019\" width=\"300\" height=\"134\" srcset=\"https:\/\/blog.espol.edu.ec\/kalcmax\/files\/2016\/11\/image019-300x134.jpg 300w, https:\/\/blog.espol.edu.ec\/kalcmax\/files\/2016\/11\/image019.jpg 602w\" sizes=\"auto, (max-width: 300px) 100vw, 300px\" \/>El \"nudo rizo\" o \"nudo cuadrado\", era ya conocido en el final de la Edad de Piedra y por los antiguos griegos y<br \/>\nromanos. Su nombre se deriva del uso marino, ya que se utiliza para unir dos extremos de un cabo cuando se riza una vela. Es uno de los nudos que la mayor parte de la gente conoce, con excepci\u00f3n del llamado nudo de la abuela.<\/p>\n<p style=\"text-align: justify\">Elaboraci\u00f3n: Este nudo se efect\u00faa confeccionando dos medios nudos. El primer medio nudo se realiza de izquierda a derecha, el segundo se hace despu\u00e9s de derecha a izquierda, de forma que los dos extremos cortos o chicotes queden al mismo lados. Si el nudo es llano pero los chicotes quedan en lados opuestos, se conoce con el nombre de \"nudo del ladr\u00f3n o de cabo de vela\"; si queda levantado y desigual, es el nudo de la abuelita. Ninguno de estos nudos es seguro y deben evitarse.<\/p>\n<p style=\"text-align: justify\"><strong>Pescador<\/strong><\/p>\n<p style=\"text-align: justify\"><img loading=\"lazy\" decoding=\"async\" class=\" wp-image-165 alignleft\" src=\"http:\/\/blog.espol.edu.ec\/kalcmax\/files\/2016\/11\/image023-300x105.jpg\" alt=\"image023\" width=\"417\" height=\"146\" srcset=\"https:\/\/blog.espol.edu.ec\/kalcmax\/files\/2016\/11\/image023-300x105.jpg 300w, https:\/\/blog.espol.edu.ec\/kalcmax\/files\/2016\/11\/image023.jpg 607w\" sizes=\"auto, (max-width: 417px) 100vw, 417px\" \/>Se ha dicho que este nudo fue inventado en el siglo diecinueve, pero algunos entendidos aseguran que era conocido por los antiguos griegos. Recibe su nombre este nudo por su frecuente utilizaci\u00f3n para unir o alargar los sedales de los aparejos de pesca. Se utiliza para unir l\u00edneas de igual secci\u00f3n, y no es aconsejable para la uni\u00f3n de cabos de medio o gran di\u00e1metro. El nudo no mantiene la resistencia de la l\u00ednea cuando est\u00e1 sometido a un gran esfuerzo.<\/p>\n<p style=\"text-align: justify\">Elaboraci\u00f3n: Se colocan uno junto al otro los dos chicotes a unir. Se hace un medio nudo con el cabo de la izquierda sobre el de la derecha. Con el chicote del cabo de la derecha se hace un medio nudo sobre el cabo de la izquierda. Se azocan bien los medios nudos. Se tira de los firmes de ambos cabos, haci\u00e9ndoles deslizar hasta que quede un nudo junto al otro.<\/p>\n<p style=\"text-align: justify\"><strong>Le\u00f1ador<\/strong><\/p>\n<p style=\"text-align: justify\"><img loading=\"lazy\" decoding=\"async\" class=\"size-medium wp-image-166 alignright\" src=\"http:\/\/blog.espol.edu.ec\/kalcmax\/files\/2016\/11\/image031-300x113.jpg\" alt=\"image031\" width=\"300\" height=\"113\" srcset=\"https:\/\/blog.espol.edu.ec\/kalcmax\/files\/2016\/11\/image031-300x113.jpg 300w, https:\/\/blog.espol.edu.ec\/kalcmax\/files\/2016\/11\/image031.jpg 625w\" sizes=\"auto, (max-width: 300px) 100vw, 300px\" \/>El \"Le\u00f1ador\" es un lazo provisional formado alrededor de objetos tales como troncos de \u00e1rboles, tablones, o postes, de forma que puedan ser arrastrados, empujados, subidos o bajados. Es un nudo muy \u00fatil que puede hacerse con rapidez, es seguro, y no se aprieta. Desgraciadamente, es f\u00e1cil para los que se inician el equivocarse al realizarlo.<\/p>\n<p style=\"text-align: justify\">Elaboraci\u00f3n: Se efect\u00faa doblando el chicote sobre s\u00ed mismo y retorci\u00e9ndolo sobre el propio extremo del chicote (nunca sobre el firme), varias veces.<\/p>\n","protected":false},"excerpt":{"rendered":"<p>Nudos b\u00e1sicos: Simple Conocido tambi\u00e9n como el nudo del pulgar, es el nudo popular por excelencia y es uno de los nudos m\u00e1s sencillos y conocidos que existen, por lo que se le llama \"medio nudo\". Se usa como nudo de tope y se ejecuta a intervalos regulares en cuerdas de rescate. Su aplicaci\u00f3n m\u00e1s com\u00fan es la de mantener<br \/><span class=\"read_more\"><a href=\"https:\/\/blog.espol.edu.ec\/kalcmax\/nudos-y-pistas\/\">Read more...<\/a><\/span><\/p>\n","protected":false},"author":10643,"featured_media":0,"parent":0,"menu_order":0,"comment_status":"closed","ping_status":"closed","template":"","meta":{"footnotes":""},"class_list":["post-160","page","type-page","status-publish","hentry"],"_links":{"self":[{"href":"https:\/\/blog.espol.edu.ec\/kalcmax\/wp-json\/wp\/v2\/pages\/160","targetHints":{"allow":["GET"]}}],"collection":[{"href":"https:\/\/blog.espol.edu.ec\/kalcmax\/wp-json\/wp\/v2\/pages"}],"about":[{"href":"https:\/\/blog.espol.edu.ec\/kalcmax\/wp-json\/wp\/v2\/types\/page"}],"author":[{"embeddable":true,"href":"https:\/\/blog.espol.edu.ec\/kalcmax\/wp-json\/wp\/v2\/users\/10643"}],"replies":[{"embeddable":true,"href":"https:\/\/blog.espol.edu.ec\/kalcmax\/wp-json\/wp\/v2\/comments?post=160"}],"version-history":[{"count":3,"href":"https:\/\/blog.espol.edu.ec\/kalcmax\/wp-json\/wp\/v2\/pages\/160\/revisions"}],"predecessor-version":[{"id":168,"href":"https:\/\/blog.espol.edu.ec\/kalcmax\/wp-json\/wp\/v2\/pages\/160\/revisions\/168"}],"wp:attachment":[{"href":"https:\/\/blog.espol.edu.ec\/kalcmax\/wp-json\/wp\/v2\/media?parent=160"}],"curies":[{"name":"wp","href":"https:\/\/api.w.org\/{rel}","templated":true}]}}