{"id":26,"date":"2016-11-14T08:07:55","date_gmt":"2016-11-14T08:07:55","guid":{"rendered":"http:\/\/blog.espol.edu.ec\/kalcmax\/?page_id=26"},"modified":"2016-11-14T10:16:09","modified_gmt":"2016-11-14T10:16:09","slug":"manada","status":"publish","type":"page","link":"https:\/\/blog.espol.edu.ec\/kalcmax\/manada\/","title":{"rendered":"Manada \"Seeonee\""},"content":{"rendered":"<div id=\"attachment_111\" style=\"width: 310px\" class=\"wp-caption alignnone\"><img loading=\"lazy\" decoding=\"async\" aria-describedby=\"caption-attachment-111\" class=\"size-medium wp-image-111\" src=\"http:\/\/blog.espol.edu.ec\/kalcmax\/files\/2016\/11\/13335911_1597443270584702_536564816107519166_n-300x169.jpg\" alt=\"Celebraci\u00f3n D\u00eda del ni\u00f1o\" width=\"300\" height=\"169\" srcset=\"https:\/\/blog.espol.edu.ec\/kalcmax\/files\/2016\/11\/13335911_1597443270584702_536564816107519166_n-300x169.jpg 300w, https:\/\/blog.espol.edu.ec\/kalcmax\/files\/2016\/11\/13335911_1597443270584702_536564816107519166_n-768x432.jpg 768w, https:\/\/blog.espol.edu.ec\/kalcmax\/files\/2016\/11\/13335911_1597443270584702_536564816107519166_n.jpg 960w\" sizes=\"auto, (max-width: 300px) 100vw, 300px\" \/><p id=\"caption-attachment-111\" class=\"wp-caption-text\">Celebraci\u00f3n D\u00eda del ni\u00f1o<\/p><\/div>\n<p><img loading=\"lazy\" decoding=\"async\" class=\"size-medium wp-image-118 alignleft\" src=\"http:\/\/blog.espol.edu.ec\/kalcmax\/files\/2016\/11\/10363964_1514689612193402_6342928377818438443_n-300x168.jpg\" alt=\"10363964_1514689612193402_6342928377818438443_n\" width=\"300\" height=\"168\" srcset=\"https:\/\/blog.espol.edu.ec\/kalcmax\/files\/2016\/11\/10363964_1514689612193402_6342928377818438443_n-300x168.jpg 300w, https:\/\/blog.espol.edu.ec\/kalcmax\/files\/2016\/11\/10363964_1514689612193402_6342928377818438443_n-768x431.jpg 768w, https:\/\/blog.espol.edu.ec\/kalcmax\/files\/2016\/11\/10363964_1514689612193402_6342928377818438443_n.jpg 960w\" sizes=\"auto, (max-width: 300px) 100vw, 300px\" \/><\/p>\n<p><img loading=\"lazy\" decoding=\"async\" class=\"alignnone size-medium wp-image-112\" src=\"http:\/\/blog.espol.edu.ec\/kalcmax\/files\/2016\/11\/13403856_1601665420162487_2937028984307038517_o-300x169.jpg\" alt=\"13403856_1601665420162487_2937028984307038517_o\" width=\"300\" height=\"169\" srcset=\"https:\/\/blog.espol.edu.ec\/kalcmax\/files\/2016\/11\/13403856_1601665420162487_2937028984307038517_o-300x169.jpg 300w, https:\/\/blog.espol.edu.ec\/kalcmax\/files\/2016\/11\/13403856_1601665420162487_2937028984307038517_o-768x431.jpg 768w, https:\/\/blog.espol.edu.ec\/kalcmax\/files\/2016\/11\/13403856_1601665420162487_2937028984307038517_o-1024x575.jpg 1024w, https:\/\/blog.espol.edu.ec\/kalcmax\/files\/2016\/11\/13403856_1601665420162487_2937028984307038517_o.jpg 1280w\" sizes=\"auto, (max-width: 300px) 100vw, 300px\" \/> <img loading=\"lazy\" decoding=\"async\" class=\"alignnone size-medium wp-image-113\" src=\"http:\/\/blog.espol.edu.ec\/kalcmax\/files\/2016\/11\/13411673_1601665316829164_537615264139813066_o-300x169.jpg\" alt=\"13411673_1601665316829164_537615264139813066_o\" width=\"300\" height=\"169\" srcset=\"https:\/\/blog.espol.edu.ec\/kalcmax\/files\/2016\/11\/13411673_1601665316829164_537615264139813066_o-300x169.jpg 300w, https:\/\/blog.espol.edu.ec\/kalcmax\/files\/2016\/11\/13411673_1601665316829164_537615264139813066_o-768x431.jpg 768w, https:\/\/blog.espol.edu.ec\/kalcmax\/files\/2016\/11\/13411673_1601665316829164_537615264139813066_o-1024x575.jpg 1024w, https:\/\/blog.espol.edu.ec\/kalcmax\/files\/2016\/11\/13411673_1601665316829164_537615264139813066_o.jpg 1280w\" sizes=\"auto, (max-width: 300px) 100vw, 300px\" \/> <img loading=\"lazy\" decoding=\"async\" class=\"alignnone size-medium wp-image-114\" src=\"http:\/\/blog.espol.edu.ec\/kalcmax\/files\/2016\/11\/14519939_1087528791343407_6131562159230214280_n-300x169.jpg\" alt=\"14519939_1087528791343407_6131562159230214280_n\" width=\"300\" height=\"169\" srcset=\"https:\/\/blog.espol.edu.ec\/kalcmax\/files\/2016\/11\/14519939_1087528791343407_6131562159230214280_n-300x169.jpg 300w, https:\/\/blog.espol.edu.ec\/kalcmax\/files\/2016\/11\/14519939_1087528791343407_6131562159230214280_n-768x432.jpg 768w, https:\/\/blog.espol.edu.ec\/kalcmax\/files\/2016\/11\/14519939_1087528791343407_6131562159230214280_n.jpg 960w\" sizes=\"auto, (max-width: 300px) 100vw, 300px\" \/><\/p>\n<div id=\"attachment_115\" style=\"width: 310px\" class=\"wp-caption alignnone\"><img loading=\"lazy\" decoding=\"async\" aria-describedby=\"caption-attachment-115\" class=\"size-medium wp-image-115\" src=\"http:\/\/blog.espol.edu.ec\/kalcmax\/files\/2016\/11\/14570233_1087529398010013_4276530458026344942_n-300x169.jpg\" alt=\"Visita al parque hist\u00f3rico\" width=\"300\" height=\"169\" srcset=\"https:\/\/blog.espol.edu.ec\/kalcmax\/files\/2016\/11\/14570233_1087529398010013_4276530458026344942_n-300x169.jpg 300w, https:\/\/blog.espol.edu.ec\/kalcmax\/files\/2016\/11\/14570233_1087529398010013_4276530458026344942_n-768x432.jpg 768w, https:\/\/blog.espol.edu.ec\/kalcmax\/files\/2016\/11\/14570233_1087529398010013_4276530458026344942_n.jpg 960w\" sizes=\"auto, (max-width: 300px) 100vw, 300px\" \/><p id=\"caption-attachment-115\" class=\"wp-caption-text\">Visita al parque hist\u00f3rico<\/p><\/div>\n","protected":false},"excerpt":{"rendered":"","protected":false},"author":10643,"featured_media":0,"parent":0,"menu_order":0,"comment_status":"closed","ping_status":"closed","template":"","meta":{"footnotes":""},"class_list":["post-26","page","type-page","status-publish","hentry"],"_links":{"self":[{"href":"https:\/\/blog.espol.edu.ec\/kalcmax\/wp-json\/wp\/v2\/pages\/26","targetHints":{"allow":["GET"]}}],"collection":[{"href":"https:\/\/blog.espol.edu.ec\/kalcmax\/wp-json\/wp\/v2\/pages"}],"about":[{"href":"https:\/\/blog.espol.edu.ec\/kalcmax\/wp-json\/wp\/v2\/types\/page"}],"author":[{"embeddable":true,"href":"https:\/\/blog.espol.edu.ec\/kalcmax\/wp-json\/wp\/v2\/users\/10643"}],"replies":[{"embeddable":true,"href":"https:\/\/blog.espol.edu.ec\/kalcmax\/wp-json\/wp\/v2\/comments?post=26"}],"version-history":[{"count":6,"href":"https:\/\/blog.espol.edu.ec\/kalcmax\/wp-json\/wp\/v2\/pages\/26\/revisions"}],"predecessor-version":[{"id":121,"href":"https:\/\/blog.espol.edu.ec\/kalcmax\/wp-json\/wp\/v2\/pages\/26\/revisions\/121"}],"wp:attachment":[{"href":"https:\/\/blog.espol.edu.ec\/kalcmax\/wp-json\/wp\/v2\/media?parent=26"}],"curies":[{"name":"wp","href":"https:\/\/api.w.org\/{rel}","templated":true}]}}