{"id":93,"date":"2016-11-14T09:41:41","date_gmt":"2016-11-14T09:41:41","guid":{"rendered":"http:\/\/blog.espol.edu.ec\/kalcmax\/?page_id=93"},"modified":"2016-11-14T10:23:52","modified_gmt":"2016-11-14T10:23:52","slug":"principios-y-virtudes","status":"publish","type":"page","link":"https:\/\/blog.espol.edu.ec\/kalcmax\/principios-y-virtudes\/","title":{"rendered":"Conocimientos b\u00e1sicos"},"content":{"rendered":"<p><strong>Principios Scout:<\/strong><\/p>\n<ol>\n<li>Dios<\/li>\n<li>Patria<\/li>\n<li>Hogar<\/li>\n<\/ol>\n<p>&nbsp;<\/p>\n<p><strong>Virtudes Scout:\u00a0<\/strong><\/p>\n<ul>\n<li style=\"text-align: justify\"><span style=\"text-decoration: underline\"><em>Lealtad<\/em><\/span>: El Scout debe aceptar los v\u00ednculos impl\u00edcitos en su adhesi\u00f3n a otras personas, ya se trate de amigos, de familiares, de compa\u00f1eros de trabajo o estudio o hermanos Scouts. Tambi\u00e9n, exactitud en el cumplimiento de los compromisos inherentes a tal adhesi\u00f3n, adem\u00e1s de una correspondencia de afectos. Esta virtud est\u00e1 basada en la verdad y en la sinceridad.<\/li>\n<li style=\"text-align: justify\"><em><span style=\"text-decoration: underline\">Abnegaci\u00f3n<\/span><\/em>: Es el sacrificio espont\u00e1neo de los bienes materiales, de la voluntad, de los afectos e, incluso, de la vida por el bien del pr\u00f3jimo.<\/li>\n<li style=\"text-align: justify\"><em><span style=\"text-decoration: underline\">Pureza<\/span><\/em>: El Scout procede con desinter\u00e9s, no condiciona ni pone restricci\u00f3n, excepci\u00f3n o plazo a todo aquello que debe realizar. Es tambi\u00e9n ser casto, puro en pensamientos, palabras y acciones, seg\u00fan exige la Ley scout.<\/li>\n<\/ul>\n<p>&nbsp;<\/p>\n<p><strong>Leyes Scout<\/strong><\/p>\n<ol>\n<li>El scout cifra su honor en ser digno de confianza.<\/li>\n<li>El scout es leal.<\/li>\n<li>El scout es \u00fatil y servicial, ayuda a los dem\u00e1s sin esperar recompensa.<\/li>\n<li>El scout es amigo de todos y hermano de cualquier scout.<\/li>\n<li>El scout es cort\u00e9s y caballeroso.<\/li>\n<li>El scout protege la Naturaleza y cuida animales y plantas.<\/li>\n<li>El scout es obediente, disciplinado y no deja nada a medias<\/li>\n<li>El scout sonr\u00ede y canta ante las dificultades.<\/li>\n<li>El scout es econ\u00f3mico, trabajador y cuida el bien ajeno.<\/li>\n<li>El scout es puro en pensamientos, palabras y acciones.<\/li>\n<\/ol>\n<p>&nbsp;<\/p>\n<p><em><strong>Promesa Scout:<\/strong><\/em><\/p>\n<p><em>Por mi honor prometo,<\/em><\/p>\n<p><em>hacer cuanto de mi dependa,<\/em><\/p>\n<p><em>para cumplir mis deberes para con Dios y la Patria,<\/em><\/p>\n<p><em>ayudar al projimo en toda circunstancia<\/em><\/p>\n<p><em>y cumplir fielmente la Ley Scout.<\/em><\/p>\n<p><img loading=\"lazy\" decoding=\"async\" class=\"alignnone size-medium wp-image-124\" src=\"http:\/\/blog.espol.edu.ec\/kalcmax\/files\/2016\/11\/scouts-saludo-300x226.jpg\" alt=\"scouts-saludo\" width=\"300\" height=\"226\" srcset=\"https:\/\/blog.espol.edu.ec\/kalcmax\/files\/2016\/11\/scouts-saludo-300x226.jpg 300w, https:\/\/blog.espol.edu.ec\/kalcmax\/files\/2016\/11\/scouts-saludo.jpg 400w\" sizes=\"auto, (max-width: 300px) 100vw, 300px\" \/><\/p>\n<p>&nbsp;<\/p>\n<p><strong>Flor de lis<\/strong><\/p>\n<div style=\"width: 310px\" class=\"wp-caption alignnone\"><img loading=\"lazy\" decoding=\"async\" class=\"wp-image-123 size-medium\" src=\"http:\/\/blog.espol.edu.ec\/kalcmax\/files\/2016\/11\/flordelis-300x210.gif\" alt=\"flordelis\" width=\"300\" height=\"210\" \/><p class=\"wp-caption-text\">Partes de la flor de lis<\/p><\/div>\n<p>&nbsp;<\/p>\n<\/div>\n<div id=\"attachment_126\" style=\"width: 310px\" class=\"wp-caption alignnone\"><img loading=\"lazy\" decoding=\"async\" aria-describedby=\"caption-attachment-126\" class=\"size-full wp-image-126\" src=\"http:\/\/blog.espol.edu.ec\/kalcmax\/files\/2016\/11\/300px-Flor_de_Lis_Scout_Mundial.svg_.png\" alt=\"Flor de lis mundial\" width=\"300\" height=\"300\" srcset=\"https:\/\/blog.espol.edu.ec\/kalcmax\/files\/2016\/11\/300px-Flor_de_Lis_Scout_Mundial.svg_.png 300w, https:\/\/blog.espol.edu.ec\/kalcmax\/files\/2016\/11\/300px-Flor_de_Lis_Scout_Mundial.svg_-150x150.png 150w, https:\/\/blog.espol.edu.ec\/kalcmax\/files\/2016\/11\/300px-Flor_de_Lis_Scout_Mundial.svg_-200x200.png 200w\" sizes=\"auto, (max-width: 300px) 100vw, 300px\" \/><p id=\"caption-attachment-126\" class=\"wp-caption-text\">Flor de lis mundial<\/p><\/div>\n<p>&nbsp;<\/p>\n<div id=\"attachment_127\" style=\"width: 310px\" class=\"wp-caption alignnone\"><img loading=\"lazy\" decoding=\"async\" aria-describedby=\"caption-attachment-127\" class=\"size-medium wp-image-127\" src=\"http:\/\/blog.espol.edu.ec\/kalcmax\/files\/2016\/11\/fln_tejida-300x300.jpg\" alt=\"Flor de lis nacional\" width=\"300\" height=\"300\" srcset=\"https:\/\/blog.espol.edu.ec\/kalcmax\/files\/2016\/11\/fln_tejida-300x300.jpg 300w, https:\/\/blog.espol.edu.ec\/kalcmax\/files\/2016\/11\/fln_tejida-150x150.jpg 150w, https:\/\/blog.espol.edu.ec\/kalcmax\/files\/2016\/11\/fln_tejida-768x768.jpg 768w, https:\/\/blog.espol.edu.ec\/kalcmax\/files\/2016\/11\/fln_tejida-200x200.jpg 200w, https:\/\/blog.espol.edu.ec\/kalcmax\/files\/2016\/11\/fln_tejida.jpg 800w\" sizes=\"auto, (max-width: 300px) 100vw, 300px\" \/><p id=\"caption-attachment-127\" class=\"wp-caption-text\">Flor de lis nacional<\/p><\/div>\n","protected":false},"excerpt":{"rendered":"<p>Principios Scout: Dios Patria Hogar &nbsp; Virtudes Scout:\u00a0 Lealtad: El Scout debe aceptar los v\u00ednculos impl\u00edcitos en su adhesi\u00f3n a otras personas, ya se trate de amigos, de familiares, de compa\u00f1eros de trabajo o estudio o hermanos Scouts. Tambi\u00e9n, exactitud en el cumplimiento de los compromisos inherentes a tal adhesi\u00f3n, adem\u00e1s de una correspondencia de afectos. Esta virtud est\u00e1 basada<br \/><span class=\"read_more\"><a href=\"https:\/\/blog.espol.edu.ec\/kalcmax\/principios-y-virtudes\/\">Read more...<\/a><\/span><\/p>\n","protected":false},"author":10643,"featured_media":0,"parent":0,"menu_order":0,"comment_status":"closed","ping_status":"closed","template":"","meta":{"footnotes":""},"class_list":["post-93","page","type-page","status-publish","hentry"],"_links":{"self":[{"href":"https:\/\/blog.espol.edu.ec\/kalcmax\/wp-json\/wp\/v2\/pages\/93","targetHints":{"allow":["GET"]}}],"collection":[{"href":"https:\/\/blog.espol.edu.ec\/kalcmax\/wp-json\/wp\/v2\/pages"}],"about":[{"href":"https:\/\/blog.espol.edu.ec\/kalcmax\/wp-json\/wp\/v2\/types\/page"}],"author":[{"embeddable":true,"href":"https:\/\/blog.espol.edu.ec\/kalcmax\/wp-json\/wp\/v2\/users\/10643"}],"replies":[{"embeddable":true,"href":"https:\/\/blog.espol.edu.ec\/kalcmax\/wp-json\/wp\/v2\/comments?post=93"}],"version-history":[{"count":5,"href":"https:\/\/blog.espol.edu.ec\/kalcmax\/wp-json\/wp\/v2\/pages\/93\/revisions"}],"predecessor-version":[{"id":129,"href":"https:\/\/blog.espol.edu.ec\/kalcmax\/wp-json\/wp\/v2\/pages\/93\/revisions\/129"}],"wp:attachment":[{"href":"https:\/\/blog.espol.edu.ec\/kalcmax\/wp-json\/wp\/v2\/media?parent=93"}],"curies":[{"name":"wp","href":"https:\/\/api.w.org\/{rel}","templated":true}]}}