{"id":39,"date":"2010-07-26T04:07:03","date_gmt":"2010-07-26T04:07:03","guid":{"rendered":"http:\/\/blog.espol.edu.ec\/karen\/?page_id=39"},"modified":"2010-07-26T04:07:03","modified_gmt":"2010-07-26T04:07:03","slug":"poemas-de-amor","status":"publish","type":"page","link":"https:\/\/blog.espol.edu.ec\/karen\/poemas-de-amor\/","title":{"rendered":"Poemas de amor"},"content":{"rendered":"<p><span style=\"font-family: 'Monotype Corsiva';color: #000000;font-size: medium\">Mientras me hablabas y yo te miraba,<br \/>\nse detuvo el tiempo en medio instante:<br \/>\nel amor me llamaba y yo le obedec\u00eda.<br \/>\nMientras me susurrabas y yo te amaba,<br \/>\nse alzaron los sentimientos,<br \/>\nmand\u00f3 tu voz,<br \/>\nel cielo se hizo visible en tus ojos,<br \/>\ny yo pronunci\u00e9 el querer en tus labios<\/span><\/p>\n<p><span style=\"font-family: 'Monotype Corsiva';color: #000000;font-size: medium\">Fue una mirada,<br \/>\nun frenes\u00ed de besos,<br \/>\nuna lujuria de sentimientos.<br \/>\nFue un instante sin fin,<br \/>\nsin tiempo para so\u00f1ar.<br \/>\nY entonces despertamos,<br \/>\n... y seguimos am\u00e1ndonos.<\/span><\/p>\n<p><span style=\"font-family: 'Monotype Corsiva';color: #000000;font-size: medium\">En el para\u00edso de tus ojos,<br \/>\nme pierdo porque estoy perdido,<br \/>\nen la paz de tus labios,<br \/>\nme encuentro porque estoy contigo,<br \/>\nen el universo de tu alma,<br \/>\nvivo con mil sentidos,<br \/>\nen ti, vivo am\u00e1ndote.<\/span><\/p>\n<p><span style=\"font-family: 'Monotype Corsiva';color: #000000;font-size: medium\">Sabes a silencio y a sue\u00f1os,<br \/>\ncon melod\u00edas de ternura<br \/>\ny tacto de deseo,<br \/>\nsabes a mi mundo,<br \/>\na todo lo que anhelo,<br \/>\nsabes a amor, a mi amor .<\/span><\/p>\n<p><span style=\"font-family: 'Monotype Corsiva';color: #000000;font-size: medium\">Mi objetivo son tus sentimientos,<br \/>\nuno a uno, de mi a ti,<br \/>\nriendo tristezas,<br \/>\nllorando sonrisas,<br \/>\nmi objetivo eres t\u00fa,<br \/>\ny s\u00f3lo t\u00fa, para amarte.<\/span><\/p>\n<p><span style=\"font-family: 'Monotype Corsiva';color: #000000;font-size: medium\">Ahora puedo o\u00edrte,<br \/>\npuedo sentir tu silencio,<br \/>\npuedo recorrer tus besos<br \/>\ny so\u00f1ar tus labios,<br \/>\npuedo hasta escuchar tu melod\u00eda,<br \/>\na\u00fan cuando est\u00e9s lejos<br \/>\ny seas todo nostalgia.<\/span><\/p>\n<p><span style=\"font-family: 'Monotype Corsiva';color: #000000;font-size: medium\">Cuando tu beso es una caricia<br \/>\ncuando es un despertar contigo,<br \/>\nsi una sonrisa es un motivo<br \/>\ny un silencio tu a\u00f1oranza,<br \/>\ncuando t\u00fa amor me manda<br \/>\ny yo obedezco con pasi\u00f3n,<br \/>\nentonces sigo am\u00e1ndote.<\/span><\/p>\n<table border=\"0\" cellspacing=\"0\" cellpadding=\"0\" width=\"100%\">\n<tbody>\n<tr>\n<td width=\"248\" valign=\"top\">\n<table border=\"0\" cellspacing=\"0\" cellpadding=\"0\" width=\"100%\">\n<tbody>\n<tr>\n<td width=\"248\" height=\"266\" valign=\"top\"><span style=\"font-family: 'Monotype Corsiva';font-size: medium\">Ti\u00e9ntame, acar\u00edciame<br \/>\nll\u00e9name cada instante de ti,<br \/>\nhaz que cada noche sea un sue\u00f1o<br \/>\ny cada despertar una sonrisa,<br \/>\nll\u00e9name de ti<br \/>\ny ll\u00e9vame a tu amor.<\/span><\/p>\n<p><span style=\"font-family: 'Monotype Corsiva';font-size: medium\">Si te sue\u00f1o porque te quiero,<br \/>\nsi te necesito porque te quiero,<br \/>\nsi te pienso porque te quiero,<br \/>\nsi te a\u00f1oro porque te quiero,<br \/>\nte quiero porque te quiero<br \/>\ny te quiero porque eres t\u00fa.<\/span><\/p>\n<p><span style=\"font-family: 'Monotype Corsiva';font-size: medium\">Te necesito para respirar,<br \/>\nnecesito tus ojos para ver<br \/>\nnecesito tus labios para sentir,<br \/>\nnecesito tu alma para vivir<br \/>\nnecesito tu existencia para sonre\u00edr<br \/>\nte necesito para saber amar.<\/span><\/p>\n<p><span style=\"font-family: 'Monotype Corsiva';font-size: medium\">Durmiendo, so\u00f1aba contigo,<br \/>\ndespert\u00e9 y segu\u00ed so\u00f1ando,<br \/>\nimagin\u00e9 que exist\u00edas,<br \/>\nsent\u00ed que te quer\u00eda<br \/>\npens\u00e9 que te amaba<br \/>\ny volv\u00ed a so\u00f1ar porque me quer\u00edas.<\/span><\/p>\n<p><span style=\"font-family: 'Monotype Corsiva';font-size: medium\">L\u00e1grimas con emociones,<br \/>\nllenas de ti y de m\u00ed,<br \/>\nllenando surcos de pasi\u00f3n,<br \/>\naclarando tristezas<br \/>\ny llenando melancol\u00edas,<br \/>\nl\u00e1grimas para quererte,<br \/>\ny secarlas con sentimientos.<\/span><\/p>\n<p><span style=\"font-family: 'Monotype Corsiva';font-size: medium\">Me convert\u00ed en ti,<br \/>\nsent\u00ed que era t\u00fa<br \/>\ny siendo t\u00fa,<br \/>\nte am\u00e9 a\u00fan m\u00e1s<br \/>\npara no dejarte de amar.<\/span><\/p>\n<p><span style=\"font-family: 'Monotype Corsiva';font-size: medium\">Mil razones para pensarte<br \/>\ncien para admirarte<br \/>\ny una sola para no olvidarte:<br \/>\nQuererte.<\/span><\/p>\n<p><span style=\"font-family: 'Monotype Corsiva';font-size: medium\">Bailas hermosa, bailas sin parar<br \/>\nla m\u00fasica te rodea y bailas<br \/>\ncierras los ojos sintiendo y bailas<br \/>\nbailas sin parar<br \/>\nte beso, te abrazo, y bailas<br \/>\nnos juramos amor<br \/>\nme juraste amor<br \/>\ny no paraste de bailar.<\/span><\/p>\n<p><span style=\"font-family: 'Monotype Corsiva';font-size: medium\">\u00bfDe qu\u00e9 color es un sentimiento?<br \/>\nLa respuesta esta en el silencio<br \/>\nen contemplarte y mirarte<br \/>\nen saber que existes<br \/>\nen poder pensarte<br \/>\nen anochecer so\u00f1\u00e1ndote<br \/>\nun sentimiento es amor<br \/>\npero sin color<br \/>\ns\u00f3lo el color que tiene el sentirte.<\/span><\/p>\n<table border=\"0\" cellspacing=\"0\" cellpadding=\"0\" width=\"100%\">\n<tbody>\n<tr>\n<td width=\"266\" height=\"266\" valign=\"top\">\n<table border=\"0\" cellspacing=\"0\" cellpadding=\"0\" width=\"100%\">\n<tbody>\n<tr>\n<td width=\"266\" height=\"266\" valign=\"top\"><span style=\"font-family: 'Monotype Corsiva';font-size: medium\">Suaves eran tus palabras<br \/>\nsonidos que so\u00f1aron<br \/>\nsue\u00f1os que ilusionaron<br \/>\nmares que significaron tu presencia<br \/>\nmiradas que pretendieron poseerte<br \/>\nsecretos de amores a voces<br \/>\nsuaves eran los sentimientos en tu boca<br \/>\n\u00bfc\u00f3mo no va a ser suave algo tuyo?.<br \/>\n<\/span><\/p>\n<p><span style=\"font-family: 'Monotype Corsiva';font-size: medium\">Me interesa amarte, quiero amarte<br \/>\nd\u00e9jame amarte, porque quiero amarte<br \/>\namarte es mi presente, es mi futuro<br \/>\nquiero amarte, sue\u00f1o amarte<br \/>\namarte es mi alma, amarte es ser<br \/>\namarte es sentir, amarte es vivir<br \/>\nd\u00e9jame amarte, amarte... amarte.<\/span><\/p>\n<p><span style=\"font-family: 'Monotype Corsiva';font-size: medium\">Con un mismo principio<br \/>\ncon mil finales<br \/>\ntodos junto a ti<br \/>\nt\u00fa junto a mi<br \/>\nuna vida para recorrer<br \/>\nmil momentos para compartir<br \/>\ny un solo amor que vivir<\/span><span style=\"font-size: large\">.<\/span><\/p>\n<p><span style=\"font-size: large\">Te vistes con belleza<br \/>\nla belleza ya est\u00e1 en ti<br \/>\nlloro al verte<br \/>\nme emociono<br \/>\nson sentimientos<br \/>\nson ganas de amarte<br \/>\naunque ya te amo.<\/span><\/p>\n<p><span style=\"font-size: large\">No dudes, sabes que te quiero<br \/>\nes un sentimiento limpio<br \/>\nson sinceras mis palabras<br \/>\nson verdades que te digo<br \/>\nno dudes, te amo<br \/>\n.. siempre te am\u00e9.<\/span><\/p>\n<p><span style=\"font-size: large\">Mi coraz\u00f3n es tuyo<br \/>\nmis sentimientos son tuyos<br \/>\nmi cuerpo es tuyo<br \/>\nmis palabras son para ti<br \/>\nmis caricias son para ti<br \/>\nmis besos son para ti<br \/>\npero hay algo que es s\u00f3lo m\u00edo:<br \/>\nsaber que me amas.<\/span><\/p>\n<p><span style=\"font-size: large\">No me prometas castillos<br \/>\nni me ense\u00f1es futuros<br \/>\ns\u00f3lo d\u00e9jame disfrutar ahora<br \/>\nporque ahora es cuando te necesito<br \/>\nma\u00f1ana puede ser tarde<br \/>\ndame ahora tu querer<br \/>\nentr\u00e9game ahora tu amor.<\/span><\/p>\n<p><span style=\"font-size: large\">Son tiempos para sentirnos<br \/>\ncuanto t\u00fa y yo estamos a solas<br \/>\ny el tiempo no existe<br \/>\nni existe el final<br \/>\ns\u00f3lo nos miramos<br \/>\npara besarnos y amarnos<br \/>\nsin que el mundo se mueva<br \/>\nenvidioso de nuestro placer.<\/span><\/p>\n<p><span style=\"font-size: large\"><br \/>\n<\/span><\/td>\n<\/tr>\n<\/tbody>\n<\/table>\n<\/td>\n<\/tr>\n<\/tbody>\n<\/table>\n<p><span style=\"font-family: 'Monotype Corsiva';font-size: medium\">Tu sonrisa ilumina<br \/>\nme hace llorar<br \/>\nme embelesa<br \/>\ntu sonrisa me enamora<br \/>\nme grita pasi\u00f3n<br \/>\nme habla de amor<br \/>\ntu sonrisa me sonr\u00ede<br \/>\ny me llena de ti.<\/span><\/p>\n<p><span style=\"font-family: 'Monotype Corsiva';font-size: medium\">L\u00e1grimas de fuego<br \/>\nque bebo con mis labios<br \/>\nque saben a sal de agua<br \/>\ncon color de arco iris<br \/>\ncon mil silencios<br \/>\ntus l\u00e1grimas ...<\/span><\/p>\n<p><span style=\"font-family: 'Monotype Corsiva';font-size: medium\">Esc\u00fachame,<br \/>\nte quiero decir amor<br \/>\nno temas ni tiembles<br \/>\nsabes que te esper\u00e9<br \/>\nsabes que yo si tem\u00ed<br \/>\nquiero regalarte sentimientos<br \/>\nbastar\u00e1 una mirada<br \/>\npara que todo sea felicidad..<br \/>\nque me hacen sufrir.<\/span><\/p>\n<p><span style=\"font-family: 'Monotype Corsiva';font-size: medium\">Estaba dormido, no te sent\u00ed<br \/>\ndespert\u00e9, no estabas<br \/>\npronunci\u00e9 tu nombre, silencio<br \/>\nvolv\u00ed a llamarte, m\u00e1s silencio<br \/>\nme inquiet\u00e9, llor\u00e9<br \/>\ntu ausencia doli\u00f3<br \/>\n... tu recuerdo empez\u00f3.<\/span><\/p>\n<p><span style=\"font-family: 'Monotype Corsiva';font-size: medium\">Suenan las flores, suenan a caricias<br \/>\nlos p\u00e9talos adornan tus ojos<br \/>\nel aroma es el de tu piel<br \/>\nla pasi\u00f3n se desborda<br \/>\ntodo es amor, todo es querer<br \/>\nporque quererte es bello<br \/>\nquererte es vivir.<\/span><\/p>\n<p><span style=\"font-family: 'Monotype Corsiva';font-size: medium\">Hambre de ti<br \/>\nquiero tus besos<br \/>\nquiero toda t\u00fa<br \/>\nhambre por quererte<br \/>\nte necesito para vivir<br \/>\nte quiero para quererte<br \/>\ns\u00e1ciame de ti.<\/span><\/p>\n<p><span style=\"font-family: 'Monotype Corsiva';font-size: medium\">Se resbala en mis manos<br \/>\nno tiene direcci\u00f3n<br \/>\ncarece de explicaci\u00f3n<br \/>\nni tiene sentido ni raz\u00f3n<br \/>\nsimplemente es amor<br \/>\ny el m\u00edo te pertenece.<\/span><\/p>\n<p><span style=\"font-family: 'Monotype Corsiva';font-size: medium\">Viviremos en un castillo<br \/>\nhecho con amores<br \/>\nsostenido por dulzura<br \/>\nprotegido con confianza<br \/>\nconstruido con felicidad<br \/>\nviviremos en nuestro castillo<br \/>\npara no salir jam\u00e1s.<\/span><\/p>\n<p><span style=\"font-family: 'Monotype Corsiva';font-size: medium\">A silencios y a perdones<br \/>\ncon promesas y sue\u00f1os<br \/>\nfall\u00e1ndote o haci\u00e9ndote feliz<br \/>\nte amo de todas las formas<br \/>\naunque a veces no merezca tu amor.<\/span><\/p>\n<p><span style=\"font-family: 'Monotype Corsiva';font-size: medium\">Limpias mis tristezas<br \/>\neres alegr\u00eda<br \/>\njunto a ti todo es sonrisa<br \/>\nti\u00f1es la vida con colores alegres<br \/>\neres la alegr\u00eda<br \/>\ncontigo soy feliz<br \/>\nsoy dichoso sin temer nada<br \/>\neres mi alegr\u00eda.<\/span><\/p>\n<p><span style=\"font-family: 'Monotype Corsiva';font-size: medium\">Veo a lo lejos tu mirada<br \/>\nme hechiza, me cautiva<br \/>\neres t\u00fa, llena de ti<br \/>\nme enamoras, s\u00ed es amor<br \/>\ncaigo rendido a ti, es amor<br \/>\nlo reconozco.. es amor.<\/span><\/p>\n<p><span style=\"font-family: 'Monotype Corsiva';font-size: medium\">Abr\u00e1zame, prot\u00e9geme<br \/>\nte necesito<br \/>\nrod\u00e9ame con tus brazos<br \/>\nll\u00e9name de tus besos<br \/>\nte necesito<br \/>\nh\u00e1blame, esc\u00fachame<br \/>\nesp\u00e9rame, perd\u00f3name<br \/>\nte necesito.<\/span><\/p>\n<p><span style=\"font-family: 'Monotype Corsiva';font-size: medium\">Mantengo la esperanza de ti<br \/>\nporque no creo en el adi\u00f3s<br \/>\nporque nuestro amor no es recuerdo<br \/>\nmantengo la vida de sentirte<br \/>\nporque nos quisimos y nos queremos<br \/>\nporque nac\u00ed para amarte<br \/>\nmantengo la esperanza de tu vuelta<br \/>\nte esperar\u00e9.<\/span><\/p>\n<p><span style=\"font-family: 'Monotype Corsiva';font-size: medium\">Pensar\u00e9 en ti<br \/>\npensar\u00e9 que te conoc\u00ed,<br \/>\nsentir\u00e9 tu presencia<br \/>\nsentir\u00e9 que estas aqu\u00ed<br \/>\nsabr\u00e9 que existes,<br \/>\nsabr\u00e9 que me conoces<br \/>\ny siempre me ilusionare,<br \/>\ncomo el dia en el que te conoc\u00ed.<\/span><\/p>\n<p><span style=\"font-family: 'Monotype Corsiva';font-size: medium\">Son sentimientos que me llevan a ti<br \/>\nson promesas a nuestras voluntades<br \/>\nson ojos cerrados a la tristeza<br \/>\nson anhelos de realidades<br \/>\nson luces de placeres<br \/>\nson amores contigo y amores para ti .<\/span><\/p>\n<p><span style=\"font-family: 'Monotype Corsiva';font-size: medium\">Me naces, me tientas<br \/>\nme acaricias, me sonr\u00edes<br \/>\nme miras, me tranquilizas<br \/>\nme observas, me paralizas<br \/>\nme sue\u00f1as, me despiertas<br \/>\nme callas, me hablas<br \/>\nme tienes, me amas<br \/>\n\u00bfme amas? .<\/span><\/p>\n<p><span style=\"font-family: 'Monotype Corsiva';font-size: medium\">Uno m\u00e1s uno no son dos<br \/>\nuno m\u00e1s uno es el placer de ti<br \/>\nes cada canto de miradas sin fin<br \/>\nes contemplar juntos el siguiente minuto<br \/>\nuno m\u00e1s uno es lo contrario de estar sin ti<br \/>\nuno m\u00e1s uno es sumar, besar y amar.<\/span><\/p>\n<p><span style=\"font-family: 'Monotype Corsiva';font-size: medium\">Escribes con besos en el libro del amor<br \/>\nme das hambre de ti, me das infinitos<br \/>\ncaricias sosegadas, me das sosiego<br \/>\ncomo una ni\u00f1a que reza arrodillada<br \/>\ncomo una flor que acaricia mis sentidos<br \/>\nun sue\u00f1o en el que tu eres mi despertar<br \/>\ny mi despertar pertenece a tu mirada<br \/>\ny tu sonrisa es mi libro del amor.<\/span><\/p>\n<p><span style=\"font-family: 'Monotype Corsiva';font-size: medium\"><span style=\"font-family: 'Monotype Corsiva';font-size: medium\">Aqu\u00ed, dando pena a la tristeza<br \/>\ndiciendo que no existes<br \/>\npensando que el mundo no es sin ti<br \/>\naqu\u00ed, susurrando los minutos<br \/>\nechando al miedo de no verte<br \/>\nsiendo sin ser nada<br \/>\naqu\u00ed, muri\u00e9ndome viviendo.<\/span><\/span><\/p>\n<p><span style=\"font-family: 'Monotype Corsiva';font-size: medium\"><span style=\"font-family: 'Monotype Corsiva';font-size: medium\">Es posible, es imposible<br \/>\namar sin dar nada<br \/>\namar sin l\u00edmite<br \/>\ndar miedo a la soledad<br \/>\ndar aire al viento<br \/>\nretar a la alegr\u00eda<br \/>\nretar a la belleza<br \/>\nes posible amarte<br \/>\nes imposible no amarte.<\/span><\/span><\/p>\n<p><span style=\"font-family: 'Monotype Corsiva';font-size: medium\"><span style=\"font-family: 'Monotype Corsiva';font-size: medium\">fuenta: <a href=\"http:\/\/poemasdeamor.org\/poemas23.htm\">http:\/\/poemasdeamor.org<\/a><\/span><\/span><\/td>\n<\/tr>\n<\/tbody>\n<\/table>\n<\/td>\n<\/tr>\n<\/tbody>\n<\/table>\n","protected":false},"excerpt":{"rendered":"<p>Mientras me hablabas y yo te miraba, se detuvo el tiempo en medio instante: el amor me llamaba y yo le obedec\u00eda. Mientras me susurrabas y yo te amaba, se alzaron los sentimientos, mand\u00f3 tu voz, el cielo se hizo visible en tus ojos, y yo pronunci\u00e9 el querer en tus labios Fue una mirada, [&hellip;]<\/p>\n","protected":false},"author":4772,"featured_media":0,"parent":0,"menu_order":0,"comment_status":"open","ping_status":"open","template":"","meta":{"footnotes":""},"class_list":["post-39","page","type-page","status-publish","hentry"],"_links":{"self":[{"href":"https:\/\/blog.espol.edu.ec\/karen\/wp-json\/wp\/v2\/pages\/39","targetHints":{"allow":["GET"]}}],"collection":[{"href":"https:\/\/blog.espol.edu.ec\/karen\/wp-json\/wp\/v2\/pages"}],"about":[{"href":"https:\/\/blog.espol.edu.ec\/karen\/wp-json\/wp\/v2\/types\/page"}],"author":[{"embeddable":true,"href":"https:\/\/blog.espol.edu.ec\/karen\/wp-json\/wp\/v2\/users\/4772"}],"replies":[{"embeddable":true,"href":"https:\/\/blog.espol.edu.ec\/karen\/wp-json\/wp\/v2\/comments?post=39"}],"version-history":[{"count":2,"href":"https:\/\/blog.espol.edu.ec\/karen\/wp-json\/wp\/v2\/pages\/39\/revisions"}],"predecessor-version":[{"id":65,"href":"https:\/\/blog.espol.edu.ec\/karen\/wp-json\/wp\/v2\/pages\/39\/revisions\/65"}],"wp:attachment":[{"href":"https:\/\/blog.espol.edu.ec\/karen\/wp-json\/wp\/v2\/media?parent=39"}],"curies":[{"name":"wp","href":"https:\/\/api.w.org\/{rel}","templated":true}]}}