{"id":67,"date":"2010-10-16T00:30:48","date_gmt":"2010-10-16T00:30:48","guid":{"rendered":"http:\/\/blog.espol.edu.ec\/karen\/?page_id=67"},"modified":"2010-10-16T00:30:48","modified_gmt":"2010-10-16T00:30:48","slug":"ecologia","status":"publish","type":"page","link":"https:\/\/blog.espol.edu.ec\/karen\/ecologia\/","title":{"rendered":"Ecologia"},"content":{"rendered":"<p style=\"text-align: center\"><strong>LA CONTAMINACION DEL AGUA<\/strong><\/p>\n<p><strong>INTRODUCCION<\/strong><\/p>\n<p>El agua es el elemento m\u00e1s abundante del planeta. Se calcula que la Tierra mide unos 510 millones de kil\u00f3metros cuadrados, de los cuales unos 365 millones se encuentran cubiertos por los oc\u00e9anos y mares.<\/p>\n<p>Ellos representan el 97% del agua del planeta. El restante 3% se reparte en lagos y r\u00edos. Aunque esta cantidad de agua dulce parece peque\u00f1a, es fundamental para la vida animal y vegetal.<\/p>\n<p>El agua de lagos y r\u00edos y vertientes se llama \"dulce\" para diferenciarla del agua salada de los mares, aunque en realidad el agua pura es incolora, inodora e ins\u00edpida (sin color, sabor, ni olor).<\/p>\n<p>En el ambiente acu\u00e1tico (tanto de agua salada como dulce) vive una enorme cantidad de organismos vivos, como peces y vegetales (algas). Adem\u00e1s el agua es indispensable en la supervivencia de casi todos los organismos vivos del planeta.<\/p>\n<p>La contaminaci\u00f3n del agua atenta no s\u00f3lo contra la supervivencia de los seres que habitan en ella, sino tambi\u00e9n contra quienes beben de las fuentes contaminadas, sean seres humanos, animales o plantas.<\/p>\n<p>Existen b\u00e1sicamente dos formas de contaminaci\u00f3n del agua, las de causa natural y las generadas por el hombre.<\/p>\n<li><strong>CONTAMINACION DEL AGUA Y SUS CONSECUENCIAS.<\/strong><\/li>\n<p>La contaminaci\u00f3n de los mares, lagos y r\u00edos atenta contra la supervivencia de ecosistemas que en ellos habitan, adem\u00e1s de ser un peligro para la salud humana, ya sea por la ingesta directa de agua contaminada o por el consumo de animales (peces, moluscos) contaminados.<\/p>\n<p>Las principales fuentes de contaminaci\u00f3n en \u00e9stas \u00e1reas son:<\/p>\n<ul>\n<li>Derrames de petr\u00f3leo (Mareas Negras) por hundimiento o accidentes de barcos petroleros.<\/li>\n<\/ul>\n<p>Ocasionan la muerte por envenenamiento de aves y peces, muerte de aves por impregnaci\u00f3n de sus cuerpos, lo que implica la imposibilidad de desplazarse, afectan el desarrollo de las algas y de otras plantas que habitan en el fondo del mar, ya que el petr\u00f3leo derramado les impide llevar a cabo la fotos\u00edntesis.<\/p>\n<ul>\n<li>Productos qu\u00edmicos de desechos industriales, llamados hoy en d\u00eda RILES, tambi\u00e9n detergentes y otros tipos similares de desechos dom\u00e9sticos (lavalozas, cloro, shampoos, etc.)<\/li>\n<\/ul>\n<p>Dependiendo del tipo espec\u00edfico de los desechos pueden ocasionar envenenamiento de especies, deterioro de las algas, absorci\u00f3n de materias t\u00f3xicas por parte de moluscos, ocasionando intoxicaci\u00f3n cuando estos son consumidos por los humanos (el mercurio por ejemplo).<\/p>\n<ul>\n<li>Nutrientes vegetales, como por ejemplo las aguas de alcantarillados. Los desechos de excrementos y orines humanos contienen elementos que propician el crecimiento exagerado de la poblaci\u00f3n vegetal, principalmente en lagunas u lagos, esto ocasiona un oscurecimiento del medio acu\u00e1tico con el consiguiente deterioro para peces y otras especies. Este tipo de contaminaci\u00f3n tambi\u00e9n genera malos olores y un aspecto desagradable del entorno acu\u00e1tico.<\/li>\n<\/ul>\n<ul>\n<li>Sedimentos formados por part\u00edculas del suelo y minerales arrastrados por lluvias desde suelos de cultivo, \u00e1reas erosionadas, explotaciones mineras, carreteras, etc.<\/li>\n<\/ul>\n<ul>\n<li>Sustancias radiactivas procedentes de los residuos producidos por la miner\u00eda y el refinado del uranio y el torio, las centrales nucleares y el uso industrial, m\u00e9dico y cient\u00edfico de materiales radiactivos.<\/li>\n<\/ul>\n<ul>\n<li>El calor tambi\u00e9n puede ser considerado un contaminante cuando el vertido del agua empleada para la refrigeraci\u00f3n de las f\u00e1bricas y las centrales energ\u00e9ticas hace subir la temperatura del agua de la que se abastecen.<\/li>\n<\/ul>\n<ul>\n<li>Contaminaci\u00f3n por filtraciones de napas subterr\u00e1neas desde basurales o desechos t\u00f3xicos enterrados.<\/li>\n<\/ul>\n<ul>\n<li>Basura.<\/li>\n<\/ul>\n<p>El vertido indiscriminado de basura no biodegradable en r\u00edos, lagos, y mares ocasiona no s\u00f3lo un da\u00f1o est\u00e9tico sino adem\u00e1s un perjuicio inimaginable en los animales, los cuales sufren de muerte por ingesta de materiales como botellas, pa\u00f1ales desechables; asfixia por enredamiento en bolsas pl\u00e1sticas; cortes por latas y vidrios.<\/p>\n<ul>\n<li>La presencia de nitratos (sales del \u00e1cido n\u00edtrico) en el agua potable puede producir una enfermedad infantil que en ocasiones es mortal. El cadmio presente en los fertilizantes derivados del cieno o lodo puede ser absorbido por las cosechas; de ser ingerido en cantidad suficiente, el metal puede producir un trastorno diarreico agudo, as\u00ed como lesiones en el h\u00edgado y los ri\u00f1ones. Hace tiempo que se conoce o se sospecha de la peligrosidad de sustancias inorg\u00e1nicas, como el mercurio, el ars\u00e9nico y el plomo.<\/li>\n<\/ul>\n<li><strong>PRINCIPALES FUENTES DE CONTAMINACION DEL AGUA Y ALTERNATIVAS DE CONTROL.<\/strong><\/li>\n<p>Las principales fuentes de contaminaci\u00f3n acu\u00e1tica pueden clasificarse como urbanas, industriales y agr\u00edcolas.<\/p>\n<p><strong>La contaminaci\u00f3n urbana<\/strong> est\u00e1 formada por las aguas residuales de los hogares y los establecimientos comerciales. En los pa\u00edses m\u00e1s desarrollados, durante muchos a\u00f1os, el principal objetivo de la eliminaci\u00f3n de residuos urbanos fue tan s\u00f3lo reducir su contenido en materias que demandan ox\u00edgeno, s\u00f3lidos en suspensi\u00f3n, compuestos inorg\u00e1nicos disueltos (en especial compuestos de f\u00f3sforo y nitr\u00f3geno) y bacterias da\u00f1inas. En los \u00faltimos a\u00f1os, por el contrario, se ha hecho m\u00e1s hincapi\u00e9 en mejorar los medios de eliminaci\u00f3n de los residuos s\u00f3lidos producidos por los procesos de depuraci\u00f3n. Los principales m\u00e9todos de tratamiento de las aguas residuales urbanas tienen tres fases: el tratamiento primario, que incluye la eliminaci\u00f3n de arenillas, la filtraci\u00f3n, el molido, la floculaci\u00f3n (agregaci\u00f3n de los s\u00f3lidos) y la sedimentaci\u00f3n; el tratamiento secundario, que implica la oxidaci\u00f3n de la materia org\u00e1nica disuelta por medio de lodo biol\u00f3gicamente activo, que seguidamente es filtrado; y el tratamiento terciario, en el que se emplean m\u00e9todos biol\u00f3gicos avanzados para la eliminaci\u00f3n del nitr\u00f3geno, y m\u00e9todos f\u00edsicos y qu\u00edmicos, tales como la filtraci\u00f3n granular y la adsorci\u00f3n por carbono activado. La manipulaci\u00f3n y eliminaci\u00f3n de los residuos s\u00f3lidos representa entre un 25 y un 50% del capital y los costes operativos de una planta depuradora.<\/p>\n<p>Este tipo de tratamiento de aguas servidas es escaso en nuestro pa\u00eds, en el que en la mayor\u00eda de los casos los desechos de los alcantarillados son vertidos directamente en el mar.<\/p>\n<p><strong>Las caracter\u00edsticas de las aguas residuales industriales<\/strong> pueden diferir mucho tanto dentro como entre las empresas. El impacto de los vertidos industriales depende no s\u00f3lo de sus caracter\u00edsticas comunes, como la demanda bioqu\u00edmica de ox\u00edgeno, sino tambi\u00e9n de su contenido en sustancias org\u00e1nicas e inorg\u00e1nicas espec\u00edficas. Hay tres opciones (que no son mutuamente excluyentes) para controlar los vertidos industriales. El control puede tener lugar all\u00ed donde se generan dentro de la planta; las aguas pueden tratarse previamente y descargarse en el sistema de depuraci\u00f3n urbana; o pueden depurarse por completo en la planta y ser reutilizadas o vertidas sin m\u00e1s en corrientes o masas de agua.<\/p>\n<p><strong>La agricultura, la ganader\u00eda comercial y las granjas av\u00edcolas<\/strong>, son la fuente de muchos contaminantes org\u00e1nicos e inorg\u00e1nicos de las aguas superficiales y subterr\u00e1neas. Estos contaminantes incluyen tanto sedimentos procedentes de la erosi\u00f3n de las tierras de cultivo como compuestos de f\u00f3sforo y nitr\u00f3geno que, en parte, proceden de los residuos animales y los fertilizantes comerciales. Los residuos animales tienen un alto contenido en nitr\u00f3geno, f\u00f3sforo y materia consumidora de ox\u00edgeno, y a menudo albergan organismos pat\u00f3genos. Los residuos de los criaderos industriales se eliminan en tierra por contenci\u00f3n, por lo que el principal peligro que representan es el de la filtraci\u00f3n y las escorrent\u00edas. Las medidas de control pueden incluir el uso de dep\u00f3sitos de sedimentaci\u00f3n para l\u00edquidos, el tratamiento biol\u00f3gico limitado en lagunas aer\u00f3bicas o anaer\u00f3bicas, y toda una serie de m\u00e9todos adicionales.<\/p>\n<li><strong>EL CONTROL DE LA CONTAMINACION A MICROESCALA.<\/strong><\/li>\n<p>Si bien es cierto que la responsabilidad principal del control de la contaminaci\u00f3n recae en los gobiernos y empresas que generan la mayor cantidad de contaminaci\u00f3n, no es menos relevante la responsabilidad que le cabe a cada ser humano en la preservaci\u00f3n del agua y los sistemas acu\u00e1ticos.<\/p>\n<p>Algunas de las cosas que podemos hacer para no contaminar son:<\/p>\n<ul>\n<li>Reducir al m\u00e1ximo el consumo detergentes y lavalozas.<\/li>\n<\/ul>\n<p>Esto no significa no lavar la ropa, sino, por ejemplo, utilizar la misma lavaza para m\u00e1s de un lavado. As\u00ed estar\u00edamos reduciendo a la mitad el detergente vertido en el alcantarillado.<\/p>\n<ul>\n<li>No vertir en la taza del ba\u00f1o o lavaplatos restos de diluyentes, pinturas, combustibles (parafina por ejemplo), remedios, ni ning\u00fan tipo de sustancia qu\u00edmica.<\/li>\n<li>No arrojar a la taza del ba\u00f1o papel higi\u00e9nico, pa\u00f1ales o toallas desechables.<\/li>\n<li>No botar basura en playas, r\u00edos, lagos, ni en ning\u00fan lugar no indicado para esto.<\/li>\n<li>Reciclar al m\u00e1ximo todo tipo de basura.<\/li>\n<li>Conversar con nuestros padres, amigos, hermanos menores sobre la importancia de cuidar el agua y todo nuestro entorno familiar. Debatir al respecto buscando nuevas formas de contribuir a la no-contaminaci\u00f3n.<\/li>\n<\/ul>\n","protected":false},"excerpt":{"rendered":"<p>LA CONTAMINACION DEL AGUA INTRODUCCION El agua es el elemento m\u00e1s abundante del planeta. Se calcula que la Tierra mide unos 510 millones de kil\u00f3metros cuadrados, de los cuales unos 365 millones se encuentran cubiertos por los oc\u00e9anos y mares. Ellos representan el 97% del agua del planeta. El restante 3% se reparte en lagos [&hellip;]<\/p>\n","protected":false},"author":4772,"featured_media":0,"parent":0,"menu_order":0,"comment_status":"open","ping_status":"open","template":"","meta":{"footnotes":""},"class_list":["post-67","page","type-page","status-publish","hentry"],"_links":{"self":[{"href":"https:\/\/blog.espol.edu.ec\/karen\/wp-json\/wp\/v2\/pages\/67","targetHints":{"allow":["GET"]}}],"collection":[{"href":"https:\/\/blog.espol.edu.ec\/karen\/wp-json\/wp\/v2\/pages"}],"about":[{"href":"https:\/\/blog.espol.edu.ec\/karen\/wp-json\/wp\/v2\/types\/page"}],"author":[{"embeddable":true,"href":"https:\/\/blog.espol.edu.ec\/karen\/wp-json\/wp\/v2\/users\/4772"}],"replies":[{"embeddable":true,"href":"https:\/\/blog.espol.edu.ec\/karen\/wp-json\/wp\/v2\/comments?post=67"}],"version-history":[{"count":2,"href":"https:\/\/blog.espol.edu.ec\/karen\/wp-json\/wp\/v2\/pages\/67\/revisions"}],"predecessor-version":[{"id":69,"href":"https:\/\/blog.espol.edu.ec\/karen\/wp-json\/wp\/v2\/pages\/67\/revisions\/69"}],"wp:attachment":[{"href":"https:\/\/blog.espol.edu.ec\/karen\/wp-json\/wp\/v2\/media?parent=67"}],"curies":[{"name":"wp","href":"https:\/\/api.w.org\/{rel}","templated":true}]}}