{"id":26,"date":"2013-05-31T15:48:26","date_gmt":"2013-05-31T15:48:26","guid":{"rendered":"http:\/\/blog.espol.edu.ec\/kargaram\/?page_id=26"},"modified":"2013-06-07T15:31:21","modified_gmt":"2013-06-07T15:31:21","slug":"en-el-mundo","status":"publish","type":"page","link":"https:\/\/blog.espol.edu.ec\/kargaram\/en-el-mundo\/","title":{"rendered":"Schoenstatt en el mundo"},"content":{"rendered":"<p><a href=\"http:\/\/blog.espol.edu.ec\/kargaram\/files\/2013\/05\/93-18-schoenstatt-18-diciembre1.jpg\"><img loading=\"lazy\" decoding=\"async\" src=\"http:\/\/blog.espol.edu.ec\/kargaram\/files\/2013\/05\/93-18-schoenstatt-18-diciembre1.jpg\" alt=\"\" width=\"640\" height=\"480\" class=\"aligncenter size-full wp-image-77\" srcset=\"https:\/\/blog.espol.edu.ec\/kargaram\/files\/2013\/05\/93-18-schoenstatt-18-diciembre1.jpg 640w, https:\/\/blog.espol.edu.ec\/kargaram\/files\/2013\/05\/93-18-schoenstatt-18-diciembre1-300x225.jpg 300w\" sizes=\"auto, (max-width: 640px) 100vw, 640px\" \/><\/a><\/p>\n<p>El Movimiento Apost\u00f3lico de Schoenstatt se encuentra en muchos pa\u00edses alrededor del mundo, de esta manera buscamo atraer m\u00e1s corazones a Mar\u00eda. Ser Schoenstattiano es algo que se convierte en una parte de ti sin la que no podr\u00edas vivir. Los Santuarios de Schoenstatt son iguales en todo el mundo para as\u00ed, no importa en el lugar que estes, cada vez que visites un santuario, te sentir\u00e1s como en casa.<\/p>\n<p>Entre ellos:<\/p>\n<p><a href=\"http:\/\/www.schoenstatt.de\/de\/\" target=\"_blank\">Alemania<\/a><\/p>\n<p><a href=\"http:\/\/www.nuevoschoenstatt.org.ar\/\" target=\"_blank\">Argentina<\/a><\/p>\n<p><a href=\"http:\/\/www.schoenstatt.org.au\/\" target=\"_blank\">Australia<\/a><\/p>\n<p><a href=\"http:\/\/www.schoenstatt.at\/\" target=\"_blank\">Austria<\/a><\/p>\n<p><a href=\"http:\/\/www.schoenstatt.be\/\" target=\"_blank\">B\u00e9lgica<\/a><\/p>\n<p><a href=\"http:\/\/ofsburundi.blogspot.com\/\" target=\"_blank\">Burundi<\/a><\/p>\n<p><a href=\"http:\/\/www.maeperegrina.org.br\/\" target=\"_blank\">Brazil<\/a><\/p>\n<p><a href=\"http:\/\/www.schoenstatt.cl\/\" target=\"_blank\">Chile<\/a><\/p>\n<p><a href=\"http:\/\/schoenstattcol.tripod.com\/grupos1.htm\" target=\"_blank\">Colombia<\/a><\/p>\n<p><a href=\"http:\/\/www.schoenstatt-costarica.com\/\" target=\"_blank\">Costa Rica<\/a><\/p>\n<p><a href=\"http:\/\/www.schoenstatt.ec\/\" target=\"_blank\">Ecuador<\/a><\/p>\n<p><a href=\"http:\/\/www.schoenstattguayaquil.com\/\" target=\"_blank\">Guayaquil<\/a><\/p>\n<p><a href=\"http:\/\/www.schoenstatt.co.uk\/\" target=\"_blank\">Escocia<\/a><\/p>\n<p><a href=\"http:\/\/www.schoenstatt.es\/\" target=\"_blank\">Espa\u00f1a<\/a><\/p>\n<p><a href=\"http:\/\/www.schoenstattrosarycampaign.com\/index.cfm?action=DisplayMain&amp;Category=0&amp;CFID=141665080&amp;CFTOKEN=84658314\" target=\"_blank\">Estados Unidos<\/a><\/p>\n<p><a href=\"http:\/\/schoenstatt-butuan.tripod.com\/\" target=\"_blank\">Filipinas<\/a><\/p>\n<p><a href=\"http:\/\/www.schoenstatt-fathers.in\/\" target=\"_blank\">India<\/a><\/p>\n<p><a href=\"http:\/\/schoenstatt.org.uk\/\" target=\"_blank\">Inglaterra<\/a><\/p>\n<p><a href=\"http:\/\/schoenstatt.hu\/\" target=\"_blank\">Hungr\u00eda<\/a><\/p>\n<p><a href=\"http:\/\/www.schoenstatt-mexico.org.mx\/\" target=\"_blank\">Mexico<\/a><\/p>\n<p><a href=\"http:\/\/www.schoenstatt.org.py\/\" target=\"_blank\">Paraguay<\/a><\/p>\n<p><a href=\"http:\/\/www.szensztat.pl\/\" target=\"_blank\">Polonia<\/a><\/p>\n<p><a href=\"http:\/\/www.schoenstatt.pt\/\" target=\"_blank\">Portugal<\/a><\/p>\n<p><a href=\"http:\/\/madrugadoresdepuertorico.blogspot.com\/\" target=\"_blank\">Puerto Rico<\/a><\/p>\n<p><a href=\"http:\/\/www.schoenstatt.cz\/drupal7\/index.php\" target=\"_blank\">Rep\u00fablica Checa<\/a><\/p>\n<p><a href=\"http:\/\/www.schoenstatt.ch\/\" target=\"_blank\">Suiza<\/a><\/p>\n<p>&nbsp;<\/p>\n","protected":false},"excerpt":{"rendered":"<p>El Movimiento Apost\u00f3lico de Schoenstatt se encuentra en muchos pa\u00edses alrededor del mundo, de esta manera buscamo atraer m\u00e1s corazones a Mar\u00eda. Ser Schoenstattiano es algo que se convierte en una parte de ti sin la que no podr\u00edas vivir. Los Santuarios de Schoenstatt son iguales en todo el mundo para as\u00ed, no importa en [&hellip;]<\/p>\n","protected":false},"author":8574,"featured_media":0,"parent":0,"menu_order":0,"comment_status":"open","ping_status":"open","template":"","meta":{"footnotes":""},"class_list":["post-26","page","type-page","status-publish","hentry"],"_links":{"self":[{"href":"https:\/\/blog.espol.edu.ec\/kargaram\/wp-json\/wp\/v2\/pages\/26","targetHints":{"allow":["GET"]}}],"collection":[{"href":"https:\/\/blog.espol.edu.ec\/kargaram\/wp-json\/wp\/v2\/pages"}],"about":[{"href":"https:\/\/blog.espol.edu.ec\/kargaram\/wp-json\/wp\/v2\/types\/page"}],"author":[{"embeddable":true,"href":"https:\/\/blog.espol.edu.ec\/kargaram\/wp-json\/wp\/v2\/users\/8574"}],"replies":[{"embeddable":true,"href":"https:\/\/blog.espol.edu.ec\/kargaram\/wp-json\/wp\/v2\/comments?post=26"}],"version-history":[{"count":7,"href":"https:\/\/blog.espol.edu.ec\/kargaram\/wp-json\/wp\/v2\/pages\/26\/revisions"}],"predecessor-version":[{"id":78,"href":"https:\/\/blog.espol.edu.ec\/kargaram\/wp-json\/wp\/v2\/pages\/26\/revisions\/78"}],"wp:attachment":[{"href":"https:\/\/blog.espol.edu.ec\/kargaram\/wp-json\/wp\/v2\/media?parent=26"}],"curies":[{"name":"wp","href":"https:\/\/api.w.org\/{rel}","templated":true}]}}