{"id":150,"date":"2011-07-02T01:18:44","date_gmt":"2011-07-02T01:18:44","guid":{"rendered":"http:\/\/blog.espol.edu.ec\/karlaberru\/?page_id=150"},"modified":"2011-07-11T13:25:23","modified_gmt":"2011-07-11T13:25:23","slug":"ecologia-para-un-mundo-mejor","status":"publish","type":"page","link":"https:\/\/blog.espol.edu.ec\/karlaberru\/ecologia-para-un-mundo-mejor\/","title":{"rendered":"Ecolog\u00eda...... por un mundo mejor!"},"content":{"rendered":"<div>\n<h1 style=\"text-align: center\"><strong><span style=\"text-decoration: underline\"><span style=\"color: #008000\">Biodiversidad VS Consumo<\/span><\/span><\/strong><\/h1>\n<p><span style=\"color: #008000\"> <\/span><\/p>\n<p><img decoding=\"async\" src=\"http:\/\/www.juntadeandalucia.es\/medioambiente\/contenidoExterno\/Pub_aula_verde\/aulaverde20\/portenc.jpg\" alt=\"\" \/><\/p>\n<p style=\"text-align: justify\"><strong>Biodiversidad<\/strong> o\u00a0<strong>diversidad biol\u00f3gica<\/strong> es, seg\u00fan el\u00a0<em>Convenio Internacional sobre la Diversidad Biol\u00f3gica<\/em>, el t\u00e9rmino por el que se hace referencia a la amplia variedad de seres vivos sobre la\u00a0Tierra y los patrones naturales que la conforman, resultado de miles de millones de a\u00f1os de\u00a0evoluci\u00f3n seg\u00fan procesos naturales y tambi\u00e9n de la influencia creciente de las actividades del<span style=\"text-decoration: underline\"> <\/span>ser humano<span style=\"text-decoration: underline\">.<\/span> La biodiversidad comprende igualmente la variedad de\u00a0ecosistemas y las diferencias\u00a0gen\u00e9ticas dentro de cada especie que permiten la combinaci\u00f3n de m\u00faltiples formas de vida, y cuyas mutuas interacciones y con el resto del entorno fundamentan el sustento de la\u00a0vida sobre el planeta.<\/p>\n<p style=\"text-align: justify\">El t\u00e9rmino \u00abbiodiversidad\u00bb es un calco del ingl\u00e9s \u00abbiodiversity\u00bb. Este t\u00e9rmino, a su vez, es la contracci\u00f3n de la expresi\u00f3n \u00abbiological diversity\u00bb que se utiliz\u00f3 por primera vez en septiembre de 1986 en el t\u00edtulo de una conferencia sobre el tema, el\u00a0<em>National Forum on BioDiversity.<\/em><\/p>\n<p style=\"text-align: justify\"><em><strong>Consumo<\/strong> (del lat\u00edn:\u00a0<em>cosumere<\/em> que significa gastar o destruir) es la acci\u00f3n y efecto de consumir o gastar, bien sean productos, y otros g\u00e9neros de vida ef\u00edmera, o bienes y servicios, como la energ\u00eda, entendiendo por consumir como el hecho de utilizar estos\u00a0productos\u00a0y\u00a0servicios\u00a0para satisfacer necesidades primarias y secundarias. El consumo masivo ha dado lugar al\u00a0consumismo\u00a0y a la denominada\u00a0sociedad de consumo.<\/em><\/p>\n<p style=\"text-align: justify\">El creciente conocimiento que sobre la biosfera hemos desarrollado, en los \u00faltimos a\u00f1os y a nivel mundial, ha hecho que crezca notablemente la conciencia social sobre los problemas medioambientales y, entre ellos, los que tienen que ver con el\u00a0<span style=\"color: #388c00\"><strong>consumo<\/strong><\/span>. Esto se ha debido, de forma fundamental, a los trastornos y alteraciones que la acci\u00f3n humana ha generado no s\u00f3lo en el planeta Tierra\u2026 cada vez se es m\u00e1s\u00a0<span style=\"color: #0000ff\"><strong>consciente<\/strong><\/span> de que nuestro h\u00e1bitat es un universo global en el que todas las fuerzas naturales interact\u00faan entre s\u00ed, y que se ha hecho urgente, por tanto, revisar el significado real de los conceptos \u201cprogreso\u201d y \u201cequilibrio natural\u201d. Del acomodo arm\u00f3nico entre ambos ha surgido otro nuevo, el de \u201cdesarrollo\u00a0<span style=\"color: #ff0000\"><strong>sostenible<\/strong><\/span>\u201d.<\/p>\n<p style=\"text-align: justify\">Todos los ciudadanos hemos ido advirtiendo la estrecha relaci\u00f3n que nos une a nuestro entorno, y la vinculaci\u00f3n que nos hace ser receptores de los efectos positivos y negativos de las acciones que provocamos en \u00e9l. Sin embargo, a pesar del creciente inter\u00e9s por solucionar los problemas relacionados con el medio ambiente, el conocimiento sobre los distintos ecosistemas, y sobre la necesidad de respetar su biodiversidad, resultan a menudo insuficientes o inadecuados para encontrar soluciones pr\u00e1cticas.<\/p>\n<p style=\"text-align: justify\">Vivimos en el \u201cprimer mundo\u201d y sabemos, aunque a veces prefiramos olvidarlo, que no es el \u00fanico. Nuestro \u201cbienestar\u201d se ha forjado, hist\u00f3ricamente, en unas relaciones absolutamente injustas, humillantes, con los \u201cotros mundos\u201d o con algunas minor\u00edas \u00e9tnicas o culturales del nuestro, donde todo gira en torno al dinero o el poder. Muchos de los problemas ambientales que padecemos proceden del exacerbado consumismo en el que ha sentado sus bases una sociedad que ha creado la falacia de la \u201cfelicidad por el consumo\u201d; la realidad es que cada vez disponemos de menos tiempo para ser felices. La preocupaci\u00f3n por conseguir m\u00e1s dinero, para poder consumir m\u00e1s, nos lo ha robado. Con esta actitud estamos agotando y envenenando el mundo en que vivimos, destruyendo sus ecosistemas y acabando con su biodiversidad. Consumimos gran cantidad de recursos no renovables: carb\u00f3n, petr\u00f3leo\u2026 Contaminamos el aire con la combusti\u00f3n de materiales f\u00f3siles. Contaminamos el agua con vertidos dom\u00e9sticos e industriales. Generamos m\u00e1s basura de la que el planeta puede soportar, y no somos capaces de reducir su producci\u00f3n, o de reciclarla y reutilizarla en una medida razonable. Pescamos, cultivamos o urbanizamos de forma indiscriminada, y la Naturaleza est\u00e1 empezando a pasar factura\u2026<\/p>\n<p style=\"text-align: justify\">A estas alturas, s\u00f3lo nos queda hacer uso de nuestra capacidad cr\u00edtica para poder corregir la manera irracional e irresponsable que tenemos de consumir. Siempre hay que empezar por algo, y hay que hacerlo por cosas sencillas, informando y formando, para que peque\u00f1as acciones de la vida cotidiana vayan creando un efecto multiplicador.<\/p>\n<p><strong><br \/>\n<\/strong><\/p>\n<p>FUENTE : <a href=\"http:\/\/www.juntadeandalucia.es\/medioambiente\/contenidoExterno\/Pub_aula_verde\/aulaverde20\/portenc.html\">http:\/\/www.juntadeandalucia.es\/medioambiente\/contenidoExterno\/Pub_aula_verde\/aulaverde20\/portenc.html<\/a><\/p>\n<p><a href=\"http:\/\/es.wikipedia.org\/wiki\/Consumo\">http:\/\/es.wikipedia.org\/wiki\/Consumo<\/a><\/p>\n<p><a href=\"http:\/\/es.wikipedia.org\/wiki\/Biodiversidad\">http:\/\/es.wikipedia.org\/wiki\/Biodiversidad<\/a><\/p>\n<h1 style=\"text-align: center\"><span style=\"text-decoration: underline\"><span style=\"color: #993366\">RECICLAJE<\/span><\/span><\/h1>\n<h1><span style=\"text-decoration: underline\"><br \/>\n<\/span><\/h1>\n<p><span style=\"text-decoration: underline\"><img loading=\"lazy\" decoding=\"async\" class=\"alignnone\" title=\"RECICLAJE\" src=\"http:\/\/www.dforceblog.com\/imagenes\/reciclar.jpg\" alt=\"\" width=\"341\" height=\"341\" \/><\/span><\/p>\n<p style=\"text-align: justify\">El\u00a0<strong>reciclaje<\/strong> es un proceso fisicoqu\u00edmico o mec\u00e1nico que consiste en someter a una materia o un producto ya utilizado a un ciclo de tratamiento total o parcial para obtener una\u00a0materia prima o un nuevo producto. Tambi\u00e9n se podr\u00eda definir como la obtenci\u00f3n de materias primas a partir de desechos, introduci\u00e9ndolos de nuevo en el\u00a0ciclo de vida y se produce ante la perspectiva del agotamiento de recursos naturales, macro econ\u00f3mico y para eliminar de forma eficaz los desechos.<\/p>\n<h1>Cadena de reciclado<\/h1>\n<p><img loading=\"lazy\" decoding=\"async\" class=\"alignnone\" title=\"Cadena de Reciclado\" src=\"http:\/\/t0.gstatic.com\/images?q=tbn:ANd9GcQatz8D3Hmw1dKTcbYk2-u5-2n0tilhbNxTCdfDm-gJ5J6m9-Wg\" alt=\"\" width=\"233\" height=\"216\" \/><\/p>\n<p>La cadena de reciclado posee varios eslabones como:<\/p>\n<ul>\n<li><strong>Origen<\/strong>: que puede ser dom\u00e9stico o industrial.<\/li>\n<li><strong>Recuperaci\u00f3n<\/strong>: que puede ser realizada por empresas p\u00fablicas o privadas. Consiste \u00fanicamente en la recolecci\u00f3n y transporte de los residuos hacia el siguiente eslab\u00f3n de la cadena.<\/li>\n<li><strong>Plantas de transferencia<\/strong>: se trata de un eslab\u00f3n voluntario o que no siempre se usa. Aqu\u00ed se mezclan los residuos para realizar transportes mayores a menor costo (usando contenedores m\u00e1s grandes o compactadores m\u00e1s potentes).<\/li>\n<li><strong>Plantas de clasificaci\u00f3n (o separaci\u00f3n)<\/strong>: donde se clasifican los residuos y se separan los valorizables.<\/li>\n<li><strong>Reciclador final (o planta de valoralizaci\u00f3n)<\/strong>: donde finalmente los residuos se reciclan (papeleras, plastiqueros, etc.), se almacenan (vertederos) o se usan para producci\u00f3n de energ\u00eda (cementeras, biogas, etc.)<\/li>\n<\/ul>\n<p>Para la separaci\u00f3n en origen dom\u00e9stico se usan contenedores de distintos colores ubicados en entornos urbanos o rurales:<\/p>\n<ul>\n<li><strong>Contenedor amarillo (envases):<\/strong> En \u00e9ste se deben depositar todo tipo de envases ligeros como los envases de pl\u00e1sticos (botellas, tarrinas, bolsas, bandejas, etc.), de latas (bebidas, conservas, etc.)<\/li>\n<li><strong>Contenedor azul (papel y\u00a0cart\u00f3n):<\/strong> En este contenedor se deben depositar los envases de cart\u00f3n (cajas, bandejas, etc.), as\u00ed como los peri\u00f3dicos, revistas, papeles de envolver, propaganda, etc. Es aconsejable plegar las cajas de manera que ocupen el m\u00ednimo espacio dentro del contenedor.<\/li>\n<li><strong>Contenedor verde (vidrio):<\/strong> En este contenedor se depositan envases de vidrio.<\/li>\n<li><strong>Contenedor gris (org\u00e1nico):<sup>1<\/sup><\/strong> En \u00e9l se depositan el resto de residuos que no tienen cabida en los grupos anteriores, fundamentalmente materia biodegradable.<\/li>\n<li><strong>Contenedor rojo (desechos peligrosos):<\/strong> Como\u00a0tel\u00e9fonos m\u00f3viles, insecticidas, pilas o bater\u00edas, aceite comestible o de autos, jeringas, latas de aerosol, etc.<\/li>\n<\/ul>\n<\/div>\n<p><strong>\u00bfQU\u00c9 ES EL RECICLAR?<\/strong><\/p>\n<p><strong><img loading=\"lazy\" decoding=\"async\" class=\"alignnone\" title=\"reciclaje 1\" src=\"http:\/\/t2.gstatic.com\/images?q=tbn:ANd9GcSKcyAksC3bCthJbT1xcw8UDxriBUAkiOlN-GbM7ri3kvHNVSLQKg\" alt=\"\" width=\"228\" height=\"221\" \/><\/strong><\/p>\n<p style=\"text-align: justify\">* Separar el papel, aluminio, pl\u00e1stico, vidrio y materia org\u00e1nica para ser reutilizado.<br \/>\n* Ahorrar recursos.<br \/>\n* Disminuir la contaminaci\u00f3n.<br \/>\n* Alargar la vida de los materiales aunque sea con diferentes usos.<br \/>\n* Reducir el 80% del espacio que ocupan los desperdicios al convertirse en basura.<br \/>\n* Tratar de no producir los 90 millones de toneladas de basura que cada uno de nosotros acumula en su vida y hereda a sus hijos.<br \/>\n* Disminuir el pago de impuestos por concepto de recolecci\u00f3n de basura.<br \/>\n*\u00a0<strong>Dar dos minutos diarios de tu tiempo para vivir en un mundo m\u00e1s limpio.<br \/>\n<\/strong><br \/>\nPor cada tonelada de vidrio reciclado se salva una tonelada de recursos naturales. El uso de botellas rellenables o retornables reducir\u00eda la contaminaci\u00f3n en un 20 % ya que el vidrio nuevo es 100% reciclable.<\/p>\n<p style=\"text-align: justify\"><img loading=\"lazy\" decoding=\"async\" src=\"http:\/\/www.biodegradable.com.mx\/cms\/userfiles\/image\/glass-recycling.jpg\" alt=\"\" width=\"188\" height=\"150\" align=\"left\" \/><br \/>\nEl vidrio se clasifica seg\u00fan su color, entre los m\u00e1s comunes se encuentran el transparente, el verde y el azul. Una tonelada de vidrio reutilizada varias veces como frascos ahorra 117 barriles de petr\u00f3leo.<\/p>\n<p>FUENTE: <a href=\"http:\/\/www.biodegradable.com.mx\/que_es_reciclar.html\">http:\/\/www.biodegradable.com.mx\/que_es_reciclar.html<\/a><\/p>\n<p><a href=\"http:\/\/es.wikipedia.org\/wiki\/Reciclaje\">http:\/\/es.wikipedia.org\/wiki\/Reciclaje<\/a><\/p>\n<p>A continuaci\u00f3n les dejo un video muy interesante, que os ayudara a comprender un poco mejor el proceso de reciclado, para\u00a0as\u00ed\u00a0aportar desde ya con nuestro granito de arena.......... POR UN MUNDO MEJOR!<\/p>\n<p><iframe loading=\"lazy\" title=\"Reciclaje\" width=\"650\" height=\"488\" src=\"https:\/\/www.youtube.com\/embed\/PdEmQZ-oDCg?feature=oembed\" frameborder=\"0\" allow=\"accelerometer; autoplay; clipboard-write; encrypted-media; gyroscope; picture-in-picture; web-share\" referrerpolicy=\"strict-origin-when-cross-origin\" allowfullscreen><\/iframe><\/p>\n<p><a href=\"http:\/\/www.youtube.com\/watch?v=PdEmQZ-oDCg&amp;feature=player_detailpage\">reciclado!<\/a><\/p>\n<h1><span style=\"color: #800080\">OPINI\u00d3N DEL DOCUMENTAL \"Una Verdad Inc\u00f3moda\"<\/span><\/h1>\n<p><span style=\"color: #800080\"><br \/>\n<\/span><\/p>\n<p style=\"text-align: justify\">\n<p style=\"text-align: justify\"><img loading=\"lazy\" decoding=\"async\" class=\"alignnone\" title=\"una verdad incomoda\" src=\"http:\/\/t1.gstatic.com\/images?q=tbn:ANd9GcQehuBAbQ7tQpKcGXdDl5H93-ApZ0fEI21ubo22cvO6jOJCNuUf\" alt=\"\" width=\"251\" height=\"201\" \/><\/p>\n<p style=\"text-align: justify\">\n<p style=\"text-align: justify\"><span style=\"color: #000000\">\"Una verdad inc\u00f3moda\" es ciertamente una pel\u00edcula poco apropiada para el gobierno americano y para las conciencias ecol\u00f3gic<\/span>as adormecidas o contentas con el simple reciclaje dom\u00e9stico.\u00a0Davis Guggenheim sigue a\u00a0Al Gore, quien fuera vicepresidente de Estados Unidos durante el mandato de Clinton, en la serie de conferencias en que esta figura p\u00fablica se ha metido para advertir al mundo del significado real del calentamiento global a trav\u00e9s de cifras, estudios cient\u00edficos y una gran maquinaria audiovisual para trasmitir el mensaje. Existen varios comentarios infantiles y ciertos fallos menores, los cuales llevan a considerar a Al Gore, un poco personalista, sin embargo \u00e9stos se pueden justificar. \"Una verdad inc\u00f3moda\" es un documental demoledor cuyo objetivo primero es desvelar en cifras concretas los efectos del calentamiento global y golpear a los esc\u00e9pticos en esta cuesti\u00f3n con un pu\u00f1ado de datos innegables y muy bien presentados Aunque el p\u00fablico al que se dirige sea esencialmente americano, algo que el filme tampoco disimula, nos debemos a nosotros mismos enfrentarnos a esta \"Verdad inc\u00f3moda\".<\/p>\n<p style=\"text-align: justify\">Es muy importante que entendamos e interpretemos muy bien el mensaje que el autor nos intenta transmitir, y mas que todo poner en practica lo aprendido lo mas pronto posible. El tiempo de nuestro planeta se esta acabando, es necesario que tomemos medidas urgentemente. Incluso el documental, al final, proporcionar ciertos \"tips\" para poder aportar con un granito de arena al cuidado de nuestro planeta, y cabe recalcar, que debemos, de concientizar sobre el uso excesivo de cosas \u00a0y productos, es decir sobre el consumo irresponsable e injustificable de los recursos de nuestro planeta, debemos de dejar de darnos LUJOS INNECESARIOS, que solo conllevan a la destrucci\u00f3n de nuestro planeta.... Es hora de actuar !<\/p>\n<h2><span style=\"text-decoration: underline\">Todos estamos enterados de lo que esta pasando con nuestro planeta.... que estamos esperando?<\/span><\/h2>\n<p style=\"text-align: justify\">\n<p><a href=\"http:\/\/www.youtube.com\/watch?v=BeX6w4SwzpY&amp;feature=player_detailpage\">una verdad incomoda<\/a><\/p>\n<p>FUENTE:<a href=\"http:\/\/es.movies.yahoo.com\/u\/una-verdad-incomoda\/critica-1317105.html\">http:\/\/es.movies.yahoo.com\/u\/una-verdad-incomoda\/critica-1317105.html<\/a><\/p>\n<p><a href=\"http:\/\/www.youtube.com\/watch?v=BeX6w4SwzpY\">http:\/\/www.youtube.com\/watch?v=BeX6w4SwzpY<\/a><\/p>\n<h1><span style=\"text-decoration: underline\"><span style=\"color: #800080\">BIODIVERSIDAD...<\/span><\/span><\/h1>\n<p style=\"text-align: justify\"><span style=\"color: #000000\">El video se baso en una entrevista sobre la problem\u00e1tica ambiental mundial actual, en la cual hablaban sobre los gases de efecto invernadero, sus causas y sus consecuencias, las cuales son fatales. Ademas se resalto la constante inactividad para remediar este mal que estamos causando, y que si se sigue as;i, pronto no habra como remediar el problema, es decir, no habr\u00e1 vuelta atr\u00e1s.<\/span><\/p>\n<p style=\"text-align: justify\"><span style=\"color: #000000\">Despu\u00e9s, se habl\u00f3, un aspecto muy importante, en la que se resaltaba la extinci\u00f3n de las especies, en la cual se dijo que una de cada 3 especies de plantas, y 1 de cada 10 especies de animales, esta en peligro de extinci\u00f3n, lo cual significa la desaparici\u00f3n de algo irremplazable.<\/span><\/p>\n<p style=\"text-align: justify\"><span style=\"color: #000000\">Tambi\u00e9n se hablo sobre el agua, \u00a0sobre como sufre la contaminaci\u00f3n que todos estamos produciendo.<\/span><\/p>\n<p style=\"text-align: justify\">\n<h2>PREGUNTAS<\/h2>\n<div>\n<p>1.- \u00bf A que se llama las selvas tropicales de los oceanos ?<\/p>\n<p>La Selva Tropical es una clase de bioma t\u00edpica de las zonas ecuatoriales y tropicales,, normalmente son conocidas como los arrecifes de coral.<\/p>\n<p><strong>.- \u00bfQue es el fitopancton y zooplancton ?<\/strong><\/p>\n<p>El fitoplancton corresponde a la parte vegetal del Plancton, es decir organismos con escaso o nulo poder de desplazamiento.El fitoplancton est\u00e1 constituido por organismos fotoautotr\u00f3ficos, los que corresponden en su mayor\u00eda al primer eslab\u00f3n de la cadena tr\u00f3fica de los oc\u00e9anos: productores primarios.<\/p>\n<p>El zooplancton marino est\u00e1 constituido por organismos holoplanct\u00f3nicos, que corresponden criaturas marinas que son planct\u00f3nicas durante toda su vida, y por organismos meroplanct\u00f3nicos, aquellos que son planct\u00f3nicos durante s\u00f3lo parte de su vida.<\/p>\n<p>La complejidad del zooplancton, ususalmente ubicado en el nivel secundario de la cadena tr\u00f3fica, estriba en la amplia y variada gama de organismos que incluye, desde los min\u00fasculos protozoarios hasta los m\u00e1s evolucionados peces, los cuales en sus primeros estad\u00edos, como huevos y larvas, se encuentran formando parte del zooplancton.<\/p>\n<p><strong>3.-.\u00a0\u00a0Ejemplos de factores bi\u00f3ticos y abi\u00f3ticos.<\/strong><\/p>\n<p>Factores bi\u00f3ticos:<em> <\/em>animales, bacterias,microorganismos ,plantas ,hombre, etc.<\/p>\n<p><strong> <\/strong>factores abioticos<strong>:<\/strong> rocas , agua, suelo, minerales, aire, temperatura, luz , etc.<\/p>\n<p><strong>4.- \u00bf Cuantas zonas clim\u00e1ticas existen?<\/strong><\/p>\n<p>Existen 5 zonas clim\u00e1ticas, dos zonas fr\u00edas (en los Polos), dos templadas y una c\u00e1lida.<br \/>\n<strong>5.- \u00bf Que ecosistemas marinos albergan mayor cantidad de vida, por qu\u00e9?<\/strong><\/p>\n<p>Se dice que los que albergan mayor cantidad de vida, son las aguas del \u00e1rtico, puesto que las aguas fr\u00edas tienen mayores cantidades de ox\u00edgeno, y por lo tanto pueden albergar m\u00e1s cantidad de organismos vivos.<\/p>\n<p>Los arrecifes de coral \u00a0son comparados con las selvas, pues hay una muy abundante variedad de especies y al igual que en la selva, \u00a0hay abundante ox\u00edgeno por el golpear de las olas en el arrecife, abundante luz por su proximidad a la superficie y temperatura c\u00e1lida y constante.<\/p>\n<p style=\"text-align: -webkit-auto\">\n<h1 style=\"text-align: center\"><span style=\"color: #800080\">BIOACUMULACION<\/span><\/h1>\n<p style=\"text-align: justify\">Es el proceso de acumulaci\u00f3n de\u00a0sustancias qu\u00edmicas en\u00a0organismos vivos de forma que estos alcanzan\u00a0concentraciones m\u00e1s elevadas que las concentraciones en el\u00a0medio ambiente o en los alimentos. Las sustancias propensas a la bioacumulaci\u00f3n alcanzan concentraciones crecientes a medida que se avanza en el nivel tr\u00f3fico en la\u00a0cadena alimenticia. En funci\u00f3n de cada sustancia, esta acumulaci\u00f3n puede producirse a partir de fuentes abi\u00f3ticas (suelo, aire, agua), o bi\u00f3ticas (otros organismos vivos). Las principales v\u00edas de introducci\u00f3n de una sustancia qu\u00edmica en un organismo vivo son la\u00a0respiratoria, ladigestiva y la\u00a0integumentaria.<\/p>\n<p>El t\u00e9rmino bioacumulaci\u00f3n se acu\u00f1\u00f3 entre las d\u00e9cadas de\u00a01950 y\u00a01960 por un grupo de naturalistas estadounidenses que encontraron altas concentraciones de\u00a0DDT en el organismo de algunas especies de aves. Como consecuencia de este descubrimiento, el DDT fue prohibido para uso indiscriminado en muchos pa\u00edses. Adem\u00e1s, en los a\u00f1os 1950 se descubrieron varios casos de intoxicaci\u00f3n masiva por compuestos org\u00e1nicos de\u00a0mercurio, como el\u00a0desastre ecol\u00f3gico de la bah\u00eda de\u00a0Minamata, en\u00a0Jap\u00f3n, donde se dio a conocer la\u00a0enfermedad de Minamata.<\/p>\n<p>Las sustancias potencialmente bioacumulables son, entre otras, la\u00a0Aldrina, el\u00a0Captafol, el\u00a0Clordano, los\u00a0compuestos de mercurio, elDicofol, el\u00a0DDT, la\u00a0Dieldrina, el\u00a0Dinoseb, el\u00a0Endrin, la\u00a0Fenacetina, el\u00a0HCH, el\u00a0Heptacloro, el\u00a0Lindano, el\u00a0Parati\u00f3n, el\u00a0PBB, el\u00a0PBDE, elPiretroide, los compuestos\u00a0Organofosforados, el\u00a0\u00d3xido de Tributilesta\u00f1o, el\u00a0Toxafeno, los compuestos que contienen Bifenilos policlorados (policloruro de bifenilo o PCBs) y el\u00a0Tri\u00f3xido de antimonio. Tambi\u00e9n son bioacumulables los metales pesados.<\/p>\n<h1 style=\"text-align: center\"><span style=\"color: #800080\">BIOMAGNIFICACI\u00d3N<\/span><\/h1>\n<p style=\"text-align: justify\">Cuando se produce una bioacumulaci\u00f3n de\u00a0sustancias t\u00f3xicas en el medio, se habla de\u00a0biomagnificaci\u00f3n. Estudiando las\u00a0poblaciones del ecosistema afectado, se observa que a medida que se asciende en las diferentes cadenas tr\u00f3ficas, la concentraci\u00f3n del t\u00f3xico es mayor.<\/p>\n<\/div>\n","protected":false},"excerpt":{"rendered":"<p>Biodiversidad VS Consumo Biodiversidad o\u00a0diversidad biol\u00f3gica es, seg\u00fan el\u00a0Convenio Internacional sobre la Diversidad Biol\u00f3gica, el t\u00e9rmino por el que se hace referencia a la amplia variedad de seres vivos sobre la\u00a0Tierra y los patrones naturales que la conforman, resultado de miles de millones de a\u00f1os de\u00a0evoluci\u00f3n seg\u00fan procesos naturales y tambi\u00e9n de la influencia creciente [&hellip;]<\/p>\n","protected":false},"author":4809,"featured_media":0,"parent":0,"menu_order":0,"comment_status":"open","ping_status":"open","template":"","meta":{"footnotes":""},"class_list":["post-150","page","type-page","status-publish","hentry"],"_links":{"self":[{"href":"https:\/\/blog.espol.edu.ec\/karlaberru\/wp-json\/wp\/v2\/pages\/150","targetHints":{"allow":["GET"]}}],"collection":[{"href":"https:\/\/blog.espol.edu.ec\/karlaberru\/wp-json\/wp\/v2\/pages"}],"about":[{"href":"https:\/\/blog.espol.edu.ec\/karlaberru\/wp-json\/wp\/v2\/types\/page"}],"author":[{"embeddable":true,"href":"https:\/\/blog.espol.edu.ec\/karlaberru\/wp-json\/wp\/v2\/users\/4809"}],"replies":[{"embeddable":true,"href":"https:\/\/blog.espol.edu.ec\/karlaberru\/wp-json\/wp\/v2\/comments?post=150"}],"version-history":[{"count":22,"href":"https:\/\/blog.espol.edu.ec\/karlaberru\/wp-json\/wp\/v2\/pages\/150\/revisions"}],"predecessor-version":[{"id":152,"href":"https:\/\/blog.espol.edu.ec\/karlaberru\/wp-json\/wp\/v2\/pages\/150\/revisions\/152"}],"wp:attachment":[{"href":"https:\/\/blog.espol.edu.ec\/karlaberru\/wp-json\/wp\/v2\/media?parent=150"}],"curies":[{"name":"wp","href":"https:\/\/api.w.org\/{rel}","templated":true}]}}