{"id":2,"date":"2015-06-08T14:55:32","date_gmt":"2015-06-08T14:55:32","guid":{"rendered":"http:\/\/blog.espol.edu.ec\/karlac\/?page_id=2"},"modified":"2015-07-01T15:00:25","modified_gmt":"2015-07-01T15:00:25","slug":"pagina-ejemplo","status":"publish","type":"page","link":"https:\/\/blog.espol.edu.ec\/karlac\/pagina-ejemplo\/","title":{"rendered":"Historias asombrosas"},"content":{"rendered":"<p>V\u00cdCTIMA DE UN CANDIR\u00da<\/p>\n<div id=\"attachment_86\" style=\"width: 310px\" class=\"wp-caption aligncenter\"><a href=\"http:\/\/blog.espol.edu.ec\/karlac\/files\/2015\/06\/vandellia_1.jpg\"><img loading=\"lazy\" decoding=\"async\" aria-describedby=\"caption-attachment-86\" class=\"size-medium wp-image-86\" src=\"http:\/\/blog.espol.edu.ec\/karlac\/files\/2015\/06\/vandellia_1-300x185.jpg\" alt=\"candiru (parasitic catfish): vandellia cirrhosa, penetrates urinogenital tract of swimming animals\" width=\"300\" height=\"185\" srcset=\"https:\/\/blog.espol.edu.ec\/karlac\/files\/2015\/06\/vandellia_1-300x185.jpg 300w, https:\/\/blog.espol.edu.ec\/karlac\/files\/2015\/06\/vandellia_1.jpg 640w\" sizes=\"auto, (max-width: 300px) 100vw, 300px\" \/><\/a><p id=\"caption-attachment-86\" class=\"wp-caption-text\">candiru (parasitic catfish): vandellia cirrhosa, penetrates urinogenital tract of swimming animals<\/p><\/div>\n<p>&nbsp;<\/p>\n<p>Que bello lugar para pescar. Aquel remanso de un r\u00edo amaz\u00f3nico ten\u00eda sin duda que albergar numerosos peces. El confiado pescador decide refrescarse del calor ecuatorial d\u00e1ndose un chapuz\u00f3n. No se aleja demasiado de tierra pues, como es sabido, los peligros de los r\u00edos amaz\u00f3nicos son m\u00faltiples, serpientes de gran tama\u00f1o, caimanes, pira\u00f1as, anguilas el\u00e9ctricas, etc\u2026 pero bueno, un breve chapuz\u00f3n a escasos metros de la orilla donde no cubre y existe buena visibilidad es un riesgo controlado, piensa para sus adentros. Horas m\u00e1s tarde se encuentra en un hospital donde sufrir\u00e1 una intervenci\u00f3n quir\u00fargica y el culpable de todo es un peque\u00f1o pez, el candir\u00fa. El infortunado ba\u00f1ista cometi\u00f3 el error de orinar dentro del agua, el candir\u00fa atra\u00eddo por alg\u00fan elemento de \u00e9sta sigui\u00f3 el rastro hasta descubrir la fuente de tan atractiva sustancia. Se introdujo por su uretra profundamente, la desesperada v\u00edctima trata de sacar el incomodo hu\u00e9sped de tan delicada zona y descubre con horror las graves consecuencias que esto implica.<\/p>\n<p>El candir\u00fa despliega unas p\u00faas que tiene en la cabeza para anclarse a su v\u00edctima y que producen un intens\u00edsimo dolor y desgarros al tratar de extraerlo. No hay m\u00e1s remedio que operar o amputar. Casi mejor que me operen, pens\u00f3 el pobre pescador<\/p>\n<p>Candiru:\u00a0Vandellia cirrhosa Valenciennes, 1846<br \/>\nFamilia:\u00a0Trichomycteridae<br \/>\nOrden:\u00a0Siluriformes<br \/>\nTama\u00f1o:\u00a0Entre 2 y 7 centimetros<br \/>\nDistribuci\u00f3n:\u00a0Zonas c\u00e1lidas de la cuenca del Amazonas y Orinoco<\/p>\n<p>&nbsp;<\/p>\n","protected":false},"excerpt":{"rendered":"<p>V\u00cdCTIMA DE UN CANDIR\u00da &nbsp; Que bello lugar para pescar. Aquel remanso de un r\u00edo amaz\u00f3nico ten\u00eda sin duda que albergar numerosos peces. El confiado pescador decide refrescarse del calor ecuatorial d\u00e1ndose un chapuz\u00f3n. No se aleja demasiado de tierra pues, como es sabido, los peligros de los r\u00edos amaz\u00f3nicos son m\u00faltiples, serpientes de gran tama\u00f1o, caimanes, pira\u00f1as, anguilas el\u00e9ctricas,<br \/><span class=\"read_more\"><a href=\"https:\/\/blog.espol.edu.ec\/karlac\/pagina-ejemplo\/\">Read more...<\/a><\/span><\/p>\n","protected":false},"author":9685,"featured_media":0,"parent":0,"menu_order":0,"comment_status":"open","ping_status":"open","template":"","meta":{"footnotes":""},"class_list":["post-2","page","type-page","status-publish","hentry"],"_links":{"self":[{"href":"https:\/\/blog.espol.edu.ec\/karlac\/wp-json\/wp\/v2\/pages\/2","targetHints":{"allow":["GET"]}}],"collection":[{"href":"https:\/\/blog.espol.edu.ec\/karlac\/wp-json\/wp\/v2\/pages"}],"about":[{"href":"https:\/\/blog.espol.edu.ec\/karlac\/wp-json\/wp\/v2\/types\/page"}],"author":[{"embeddable":true,"href":"https:\/\/blog.espol.edu.ec\/karlac\/wp-json\/wp\/v2\/users\/9685"}],"replies":[{"embeddable":true,"href":"https:\/\/blog.espol.edu.ec\/karlac\/wp-json\/wp\/v2\/comments?post=2"}],"version-history":[{"count":4,"href":"https:\/\/blog.espol.edu.ec\/karlac\/wp-json\/wp\/v2\/pages\/2\/revisions"}],"predecessor-version":[{"id":89,"href":"https:\/\/blog.espol.edu.ec\/karlac\/wp-json\/wp\/v2\/pages\/2\/revisions\/89"}],"wp:attachment":[{"href":"https:\/\/blog.espol.edu.ec\/karlac\/wp-json\/wp\/v2\/media?parent=2"}],"curies":[{"name":"wp","href":"https:\/\/api.w.org\/{rel}","templated":true}]}}