{"id":81,"date":"2015-07-01T10:07:54","date_gmt":"2015-07-01T10:07:54","guid":{"rendered":"http:\/\/blog.espol.edu.ec\/karlac\/?page_id=81"},"modified":"2015-07-01T10:07:54","modified_gmt":"2015-07-01T10:07:54","slug":"noticias","status":"publish","type":"page","link":"https:\/\/blog.espol.edu.ec\/karlac\/noticias\/","title":{"rendered":"Noticias"},"content":{"rendered":"<p><strong>LLUVIA DE PECES VAMPIRO<\/strong><\/p>\n<p>En la \u00faltima semana, el Departamento de Caza y Pesca de Alaska (ADF&amp;G) ha recibido algunas extra\u00f1as llamadas de los habitantes de Fairbanks sobre terror\u00edficos peces que caen del cielo.<\/p>\n<p>\"La tienda local Value Village\u00a0<b>encontr\u00f3 una lamprea viva en el estacionamiento<\/b>\",\u00a0\"Otro residente llam\u00f3 y dijo que\u00a0<b>hall\u00f3 una en su jard\u00edn\".<\/b><\/p>\n<p>Fue sin duda una escalofriante sorpresa. M\u00e1s parecidas a anguilas o serpientes que a una trucha, las lampreas\u00a0<b>no tienen escamas ni aletas y pueden crecer hasta 38 cent\u00edmetros de largo.\u00a0<\/b>En vez de mand\u00edbulas, una lamprea adulta\u00a0<b>tiene una boca en forma de disco llena de dientes peque\u00f1os y afilados.<\/b><\/p>\n<p>Estos animales abren la boca para atrapar y envolver a los peces, luego\u00a0<b>utilizan sus dientes para raspar las escamas y se alimentan con sus fluidos y sangre.<\/b>\u00a0Algunos de los que caen prisioneros de las lampreas mueren a causa de esos ataques, pero en muchos casos sobreviven, seg\u00fan el Departamento de Pesca y Caza.<\/p>\n<p>\"Los pescadores de Alaska est\u00e1n muy familiarizados con las<b>\u00a0cicatrices circulares en los salmones y truchas\u00a0<\/b>que han sido v\u00edctimas de lampreas\".<\/p>\n<p>Es raro que la lamprea sea encontrada en la tierra. De hecho, la mayor\u00eda de la gente en Alaska nunca la ha visto de cerca. Esta especie nace en agua dulce y luego se mueve hacia el oc\u00e9ano. Vuelve a su r\u00edo de nacimiento para engendrar cr\u00edas.<\/p>\n<p>Funcionarios de Medio Ambiente creen que\u00a0<b>las gaviotas est\u00e1n recogiendo estos animales, s\u00f3lo para dejarlos caer m\u00e1s tarde en lugares sorprendentes e inesperados<\/b>. Hasta el momento, cuatro lampreas fueron encontradas en tierra.<\/p>\n<p>&nbsp;<\/p>\n<p><a href=\"http:\/\/blog.espol.edu.ec\/karlac\/files\/2015\/06\/cropped-250px-Diversas_lampreas.1_-_Aquarium_Finisterrae1.jpg\"><img loading=\"lazy\" decoding=\"async\" class=\" size-medium wp-image-19 aligncenter\" src=\"http:\/\/blog.espol.edu.ec\/karlac\/files\/2015\/06\/cropped-250px-Diversas_lampreas.1_-_Aquarium_Finisterrae1-300x204.jpg\" alt=\"cropped-250px-Diversas_lampreas.1_-_Aquarium_Finisterrae1.jpg\" width=\"300\" height=\"204\" srcset=\"https:\/\/blog.espol.edu.ec\/karlac\/files\/2015\/06\/cropped-250px-Diversas_lampreas.1_-_Aquarium_Finisterrae1-300x204.jpg 300w, https:\/\/blog.espol.edu.ec\/karlac\/files\/2015\/06\/cropped-250px-Diversas_lampreas.1_-_Aquarium_Finisterrae1-800x544.jpg 800w, https:\/\/blog.espol.edu.ec\/karlac\/files\/2015\/06\/cropped-250px-Diversas_lampreas.1_-_Aquarium_Finisterrae1.jpg 990w\" sizes=\"auto, (max-width: 300px) 100vw, 300px\" \/><\/a><\/p>\n<p>&nbsp;<\/p>\n<p>&nbsp;<\/p>\n<p>&nbsp;<\/p>\n","protected":false},"excerpt":{"rendered":"<p>LLUVIA DE PECES VAMPIRO En la \u00faltima semana, el Departamento de Caza y Pesca de Alaska (ADF&amp;G) ha recibido algunas extra\u00f1as llamadas de los habitantes de Fairbanks sobre terror\u00edficos peces que caen del cielo. \"La tienda local Value Village\u00a0encontr\u00f3 una lamprea viva en el estacionamiento\",\u00a0\"Otro residente llam\u00f3 y dijo que\u00a0hall\u00f3 una en su jard\u00edn\". Fue sin duda una escalofriante sorpresa.<br \/><span class=\"read_more\"><a href=\"https:\/\/blog.espol.edu.ec\/karlac\/noticias\/\">Read more...<\/a><\/span><\/p>\n","protected":false},"author":9685,"featured_media":0,"parent":0,"menu_order":0,"comment_status":"open","ping_status":"open","template":"","meta":{"footnotes":""},"class_list":["post-81","page","type-page","status-publish","hentry"],"_links":{"self":[{"href":"https:\/\/blog.espol.edu.ec\/karlac\/wp-json\/wp\/v2\/pages\/81","targetHints":{"allow":["GET"]}}],"collection":[{"href":"https:\/\/blog.espol.edu.ec\/karlac\/wp-json\/wp\/v2\/pages"}],"about":[{"href":"https:\/\/blog.espol.edu.ec\/karlac\/wp-json\/wp\/v2\/types\/page"}],"author":[{"embeddable":true,"href":"https:\/\/blog.espol.edu.ec\/karlac\/wp-json\/wp\/v2\/users\/9685"}],"replies":[{"embeddable":true,"href":"https:\/\/blog.espol.edu.ec\/karlac\/wp-json\/wp\/v2\/comments?post=81"}],"version-history":[{"count":1,"href":"https:\/\/blog.espol.edu.ec\/karlac\/wp-json\/wp\/v2\/pages\/81\/revisions"}],"predecessor-version":[{"id":82,"href":"https:\/\/blog.espol.edu.ec\/karlac\/wp-json\/wp\/v2\/pages\/81\/revisions\/82"}],"wp:attachment":[{"href":"https:\/\/blog.espol.edu.ec\/karlac\/wp-json\/wp\/v2\/media?parent=81"}],"curies":[{"name":"wp","href":"https:\/\/api.w.org\/{rel}","templated":true}]}}